{"id":11552,"date":"2021-07-02T20:41:18","date_gmt":"2021-07-03T01:41:18","guid":{"rendered":"https:\/\/teec.org.mx\/web\/?page_id=11552"},"modified":"2021-07-02T20:44:17","modified_gmt":"2021-07-03T01:44:17","slug":"dveg-2021","status":"publish","type":"page","link":"https:\/\/teec.org.mx\/web\/dveg-2021\/","title":{"rendered":"DVEG 2021"},"content":{"rendered":"\n<h4 class=\"has-text-align-center wp-block-heading\"><strong>Dictamen de c\u00f3mputo final de la elecci\u00f3n de gobernador del Estado de Campeche, declaraci\u00f3n de validez de la elecci\u00f3n y de gobernador electo<\/strong><\/h4>\n\n\n\n<p>&nbsp;<\/p>\n<p style=\"text-align: center;\"><div class=\"supsystic-table-loader la-ball-beat la-2x\" style=\"color:#000000\"><div><\/div><div><\/div><div><\/div><\/div><div id=\"supsystic-table-65_57898\" class=\"supsystic-tables-wrap pagination-medium\" style=\" width:100%; visibility: hidden; \" data-table-width-fixed=\"100%\" data-table-width-mobile=\"100%\" ><div class=\"supsystic-tables-features\"><\/div><table id=\"supsystic-table-65\" class=\"supsystic-table border cell-border\" data-id=\"65\" data-view-id=\"65_57898\" data-title=\"DVEG 2021\" data-currency-format=\"$1,000.00\" data-percent-format=\"10.00%\" data-date-format=\"DD.MM.YYYY\" data-time-format=\"HH:mm\" data-features=\"[&quot;info&quot;,&quot;paging&quot;,&quot;searching&quot;,&quot;after_table_loaded_script&quot;,&quot;import&quot;]\" data-search-value=\"\" data-head=\"on\" data-head-rows-count=\"1\" data-pagination-length=\"10,25,50,100,All\" data-auto-index=\"off\" data-searching-settings=\"{&quot;columnSearchPosition&quot;:&quot;bottom&quot;,&quot;minChars&quot;:&quot;0&quot;}\" data-lang=\"Spanish\" data-override=\"{&quot;emptyTable&quot;:&quot;&quot;,&quot;info&quot;:&quot;&quot;,&quot;infoEmpty&quot;:&quot;&quot;,&quot;infoFiltered&quot;:&quot;&quot;,&quot;lengthMenu&quot;:&quot;&quot;,&quot;search&quot;:&quot;&quot;,&quot;zeroRecords&quot;:&quot;&quot;,&quot;exportLabel&quot;:&quot;&quot;,&quot;file&quot;:&quot;Spanish&quot;}\" data-merged=\"[]\" data-responsive-mode=\"0\" data-from-history=\"0\" ><thead><tr><th data-cell-id=\"A1\" data-x=\"0\" data-y=\"1\" data-db-index=\"1\" class=\"htCenter bg-d49820 color-ffffff bold fsize-20\" data-cell-type=\"text\" data-original-value=\"Fecha y hora de notificaci\u00f3n\" data-order=\"Fecha y hora de notificaci\u00f3n\" style=\"min-width:35.3524%; \" >Fecha y hora de notificaci\u00f3n <\/th><th data-cell-id=\"B1\" data-x=\"1\" data-y=\"1\" data-db-index=\"1\" class=\"htCenter bg-d49820 color-ffffff bold fsize-20\" data-cell-type=\"text\" data-original-value=\"Interesados\" data-order=\"Interesados\" style=\"min-width:28.9648%; \" >Interesados <\/th><th data-cell-id=\"C1\" data-x=\"2\" data-y=\"1\" data-db-index=\"1\" class=\"htCenter bg-d49820 color-ffffff bold fsize-20\" data-cell-type=\"text\" data-original-value=\"Archivo\" data-order=\"Archivo\" style=\"min-width:35.6828%; \" >Archivo <\/th><\/tr><\/thead><tbody><tr style=\"height:px\" ><td data-cell-id=\"A2\" data-x=\"0\" data-y=\"2\" data-db-index=\"2\" class=\"fsize-18\" data-cell-type=\"text\" data-original-value=\"18 de agosto de 2021, a las 20:30 horas\" data-order=\"18 de agosto de 2021, a las 20:30 horas\" >18 de agosto de 2021, a las 20:30 horas <\/td><td data-cell-id=\"B2\" data-x=\"1\" data-y=\"2\" data-db-index=\"2\" class=\"fsize-18\" data-cell-type=\"text\" data-original-value=\"A los interesados\" data-order=\"A los interesados\" >A los interesados <\/td><td data-cell-id=\"C2\" data-x=\"2\" data-y=\"2\" data-db-index=\"2\" class=\"fsize-18\" data-cell-type=\"text\" data-original-value=\"&lt;a href=&quot;https:\/\/teec.org.mx\/web\/wp-content\/uploads\/2021\/08\/TEEC-DVEG-1-2021-18-08-2021.pdf&quot; target=&quot;_blank&quot;&gt;TEEC\/DVEG\/1\/2021 (Dictamen de c\u00f3mputo final)&lt;\/a&gt;\" data-order=\"&lt;a href=&quot;https:\/\/teec.org.mx\/web\/wp-content\/uploads\/2021\/08\/TEEC-DVEG-1-2021-18-08-2021.pdf&quot; target=&quot;_blank&quot;&gt;TEEC\/DVEG\/1\/2021 (Dictamen de c\u00f3mputo final)&lt;\/a&gt;\" ><a href=\"https:\/\/teec.org.mx\/web\/wp-content\/uploads\/2021\/08\/TEEC-DVEG-1-2021-18-08-2021.pdf\" target=\"_blank\">TEEC\/DVEG\/1\/2021 (Dictamen de c\u00f3mputo final)<\/a><\/td><\/tr><tr style=\"height:px\" ><td data-cell-id=\"A3\" data-x=\"0\" data-y=\"3\" data-db-index=\"3\" class=\"fsize-18\" data-cell-type=\"text\" data-original-value=\"17 de agosto de 2021, a las 02:00 horas\" data-order=\"17 de agosto de 2021, a las 02:00 horas\" >17 de agosto de 2021, a las 02:00 horas <\/td><td data-cell-id=\"B3\" data-x=\"1\" data-y=\"3\" data-db-index=\"3\" class=\"fsize-18\" data-cell-type=\"text\" data-original-value=\"A los interesados\" data-order=\"A los interesados\" >A los interesados <\/td><td data-cell-id=\"C3\" data-x=\"2\" data-y=\"3\" data-db-index=\"3\" class=\"fsize-18\" data-cell-type=\"text\" data-original-value=\"&lt;a href=&quot;https:\/\/teec.org.mx\/web\/wp-content\/uploads\/2021\/08\/TEEC-JIN-DVEG-1-2021-17-08-2021.pdf&quot; target=&quot;_blank&quot;&gt;TEEC\/DVEG\/1\/2021 (Cumplimiento de requerimiento y se fija fecha y hora para sesi\u00f3n)&lt;\/a&gt;\" data-order=\"&lt;a href=&quot;https:\/\/teec.org.mx\/web\/wp-content\/uploads\/2021\/08\/TEEC-JIN-DVEG-1-2021-17-08-2021.pdf&quot; target=&quot;_blank&quot;&gt;TEEC\/DVEG\/1\/2021 (Cumplimiento de requerimiento y se fija fecha y hora para sesi\u00f3n)&lt;\/a&gt;\" ><a href=\"https:\/\/teec.org.mx\/web\/wp-content\/uploads\/2021\/08\/TEEC-JIN-DVEG-1-2021-17-08-2021.pdf\" target=\"_blank\">TEEC\/DVEG\/1\/2021 (Cumplimiento de requerimiento y se fija fecha y hora para sesi\u00f3n)<\/a><\/td><\/tr><tr style=\"height:px\" ><td data-cell-id=\"A4\" data-x=\"0\" data-y=\"4\" data-db-index=\"4\" class=\"fsize-18\" data-cell-type=\"text\" data-original-value=\"14 de agosto de 2021, a las 14:30 horas\" data-order=\"14 de agosto de 2021, a las 14:30 horas\" >14 de agosto de 2021, a las 14:30 horas <\/td><td data-cell-id=\"B4\" data-x=\"1\" data-y=\"4\" data-db-index=\"4\" class=\"fsize-18\" data-cell-type=\"text\" data-original-value=\"A los interesados\" data-order=\"A los interesados\" >A los interesados <\/td><td data-cell-id=\"C4\" data-x=\"2\" data-y=\"4\" data-db-index=\"4\" class=\"fsize-18\" data-cell-type=\"text\" data-original-value=\"&lt;a href=&quot;https:\/\/teec.org.mx\/web\/wp-content\/uploads\/2021\/08\/TEEC-JIN-DVEG-1-2021-14-08-2021.pdf&quot; target=&quot;_blank&quot;&gt;TEEC\/DVEG\/1\/2021 (Acuerdo cumplimiento de requerimiento)&lt;\/a&gt;\" data-order=\"&lt;a href=&quot;https:\/\/teec.org.mx\/web\/wp-content\/uploads\/2021\/08\/TEEC-JIN-DVEG-1-2021-14-08-2021.pdf&quot; target=&quot;_blank&quot;&gt;TEEC\/DVEG\/1\/2021 (Acuerdo cumplimiento de requerimiento)&lt;\/a&gt;\" ><a href=\"https:\/\/teec.org.mx\/web\/wp-content\/uploads\/2021\/08\/TEEC-JIN-DVEG-1-2021-14-08-2021.pdf\" target=\"_blank\">TEEC\/DVEG\/1\/2021 (Acuerdo cumplimiento de requerimiento)<\/a><\/td><\/tr><tr style=\"height:px\" ><td data-cell-id=\"A5\" data-x=\"0\" data-y=\"5\" data-db-index=\"5\" class=\"fsize-18\" data-cell-type=\"text\" data-original-value=\"10 de agosto de 2021, a las 20:33 horas\" data-order=\"10 de agosto de 2021, a las 20:33 horas\" >10 de agosto de 2021, a las 20:33 horas <\/td><td data-cell-id=\"B5\" data-x=\"1\" data-y=\"5\" data-db-index=\"5\" class=\"fsize-18\" data-cell-type=\"text\" data-original-value=\"A los interesados\" data-order=\"A los interesados\" >A los interesados <\/td><td data-cell-id=\"C5\" data-x=\"2\" data-y=\"5\" data-db-index=\"5\" class=\"fsize-18\" data-cell-type=\"text\" data-original-value=\"&lt;a href=&quot;https:\/\/teec.org.mx\/web\/wp-content\/uploads\/2021\/08\/TEEC-DVEG-1-2021-10-08-2021.pdf&quot; target=&quot;_blank&quot;&gt;TEEC\/DVEG\/1\/2021 (Acumulaci\u00f3n de documentos y nuevo requerimiento)&lt;\/a&gt;\" data-order=\"&lt;a href=&quot;https:\/\/teec.org.mx\/web\/wp-content\/uploads\/2021\/08\/TEEC-DVEG-1-2021-10-08-2021.pdf&quot; target=&quot;_blank&quot;&gt;TEEC\/DVEG\/1\/2021 (Acumulaci\u00f3n de documentos y nuevo requerimiento)&lt;\/a&gt;\" ><a href=\"https:\/\/teec.org.mx\/web\/wp-content\/uploads\/2021\/08\/TEEC-DVEG-1-2021-10-08-2021.pdf\" target=\"_blank\">TEEC\/DVEG\/1\/2021 (Acumulaci\u00f3n de documentos y nuevo requerimiento)<\/a><\/td><\/tr><tr style=\"height:px\" ><td data-cell-id=\"A6\" data-x=\"0\" data-y=\"6\" data-db-index=\"6\" class=\"fsize-18\" data-cell-type=\"text\" data-original-value=\"08 de agosto de 2021, a las 14:30 horas\" data-order=\"08 de agosto de 2021, a las 14:30 horas\" >08 de agosto de 2021, a las 14:30 horas <\/td><td data-cell-id=\"B6\" data-x=\"1\" data-y=\"6\" data-db-index=\"6\" class=\"fsize-18\" data-cell-type=\"text\" data-original-value=\"A los interesados\" data-order=\"A los interesados\" >A los interesados <\/td><td data-cell-id=\"C6\" data-x=\"2\" data-y=\"6\" data-db-index=\"6\" class=\"fsize-18\" data-cell-type=\"text\" data-original-value=\"&lt;a href=&quot;https:\/\/teec.org.mx\/web\/wp-content\/uploads\/2021\/08\/TEEC-DVEG-1-2021-08-08-2021.pdf&quot; target=&quot;_blank&quot;&gt;TEEC\/DVEG\/1\/2021 (Acuerdo cumplimiento parcial de requerimiento)&lt;\/a&gt;\" data-order=\"&lt;a href=&quot;https:\/\/teec.org.mx\/web\/wp-content\/uploads\/2021\/08\/TEEC-DVEG-1-2021-08-08-2021.pdf&quot; target=&quot;_blank&quot;&gt;TEEC\/DVEG\/1\/2021 (Acuerdo cumplimiento parcial de requerimiento)&lt;\/a&gt;\" ><a href=\"https:\/\/teec.org.mx\/web\/wp-content\/uploads\/2021\/08\/TEEC-DVEG-1-2021-08-08-2021.pdf\" target=\"_blank\">TEEC\/DVEG\/1\/2021 (Acuerdo cumplimiento parcial de requerimiento)<\/a><\/td><\/tr><tr style=\"height:px\" ><td data-cell-id=\"A7\" data-x=\"0\" data-y=\"7\" data-db-index=\"7\" class=\"fsize-18\" data-cell-type=\"text\" data-original-value=\"27 de julio de 2021, a las 20:00 horas\" data-order=\"27 de julio de 2021, a las 20:00 horas\" >27 de julio de 2021, a las 20:00 horas <\/td><td data-cell-id=\"B7\" data-x=\"1\" data-y=\"7\" data-db-index=\"7\" class=\"fsize-18\" data-cell-type=\"text\" data-original-value=\"A los interesados\" data-order=\"A los interesados\" >A los interesados <\/td><td data-cell-id=\"C7\" data-x=\"2\" data-y=\"7\" data-db-index=\"7\" class=\"fsize-18\" data-cell-type=\"text\" data-original-value=\"&lt;a href=&quot;https:\/\/teec.org.mx\/web\/wp-content\/uploads\/2021\/07\/TEEC-DVEG-1-2021-27-07-2021.pdf&quot; target=&quot;_blank&quot;&gt;TEEC\/DVEG\/1\/2021 (Acuerdo parcial de requerimiento)&lt;\/a&gt;\" data-order=\"&lt;a href=&quot;https:\/\/teec.org.mx\/web\/wp-content\/uploads\/2021\/07\/TEEC-DVEG-1-2021-27-07-2021.pdf&quot; target=&quot;_blank&quot;&gt;TEEC\/DVEG\/1\/2021 (Acuerdo parcial de requerimiento)&lt;\/a&gt;\" ><a href=\"https:\/\/teec.org.mx\/web\/wp-content\/uploads\/2021\/07\/TEEC-DVEG-1-2021-27-07-2021.pdf\" target=\"_blank\">TEEC\/DVEG\/1\/2021 (Acuerdo parcial de requerimiento)<\/a><\/td><\/tr><tr style=\"height:px\" ><td data-cell-id=\"A8\" data-x=\"0\" data-y=\"8\" data-db-index=\"8\" class=\"fsize-18\" data-cell-type=\"text\" data-original-value=\"23 de julio de 2021, a las 20:20 horas\" data-order=\"23 de julio de 2021, a las 20:20 horas\" >23 de julio de 2021, a las 20:20 horas <\/td><td data-cell-id=\"B8\" data-x=\"1\" data-y=\"8\" data-db-index=\"8\" class=\"fsize-18\" data-cell-type=\"text\" data-original-value=\"A los interesados\" data-order=\"A los interesados\" >A los interesados <\/td><td data-cell-id=\"C8\" data-x=\"2\" data-y=\"8\" data-db-index=\"8\" class=\"fsize-18\" data-cell-type=\"text\" data-original-value=\"&lt;a href=&quot;https:\/\/teec.org.mx\/web\/wp-content\/uploads\/2021\/07\/TEEC-DVEG-1-2021-23-07-2021.pdf&quot; target=&quot;_blank&quot;&gt;TEEC\/DVEG\/1\/2021 (Acuerdo de requerimiento)&lt;\/a&gt;\" data-order=\"&lt;a href=&quot;https:\/\/teec.org.mx\/web\/wp-content\/uploads\/2021\/07\/TEEC-DVEG-1-2021-23-07-2021.pdf&quot; target=&quot;_blank&quot;&gt;TEEC\/DVEG\/1\/2021 (Acuerdo de requerimiento)&lt;\/a&gt;\" ><a href=\"https:\/\/teec.org.mx\/web\/wp-content\/uploads\/2021\/07\/TEEC-DVEG-1-2021-23-07-2021.pdf\" target=\"_blank\">TEEC\/DVEG\/1\/2021 (Acuerdo de requerimiento)<\/a><\/td><\/tr><tr style=\"height:px\" ><td data-cell-id=\"A9\" data-x=\"0\" data-y=\"9\" data-db-index=\"9\" class=\"fsize-18\" data-cell-type=\"text\" data-original-value=\"12 de julio de 2021, a las 23:20 horas\" data-order=\"12 de julio de 2021, a las 23:20 horas\" >12 de julio de 2021, a las 23:20 horas <\/td><td data-cell-id=\"B9\" data-x=\"1\" data-y=\"9\" data-db-index=\"9\" class=\"fsize-18\" data-cell-type=\"text\" data-original-value=\"A los interesados\" data-order=\"A los interesados\" >A los interesados <\/td><td data-cell-id=\"C9\" data-x=\"2\" data-y=\"9\" data-db-index=\"9\" class=\"fsize-18\" data-cell-type=\"text\" data-original-value=\"&lt;a href=&quot;https:\/\/teec.org.mx\/web\/wp-content\/uploads\/2021\/07\/TEEC-DVEG-1-2021-12-07-2021.pdf&quot; target=&quot;_blank&quot;&gt;TEEC\/DVEG\/1\/2021 (Acuerdo de cumplimiento de requerimiento)&lt;\/a&gt;\" data-order=\"&lt;a href=&quot;https:\/\/teec.org.mx\/web\/wp-content\/uploads\/2021\/07\/TEEC-DVEG-1-2021-12-07-2021.pdf&quot; target=&quot;_blank&quot;&gt;TEEC\/DVEG\/1\/2021 (Acuerdo de cumplimiento de requerimiento)&lt;\/a&gt;\" ><a href=\"https:\/\/teec.org.mx\/web\/wp-content\/uploads\/2021\/07\/TEEC-DVEG-1-2021-12-07-2021.pdf\" target=\"_blank\">TEEC\/DVEG\/1\/2021 (Acuerdo de cumplimiento de requerimiento)<\/a><\/td><\/tr><tr style=\"height:px\" ><td data-cell-id=\"A10\" data-x=\"0\" data-y=\"10\" data-db-index=\"10\" class=\"fsize-18\" data-cell-type=\"text\" data-original-value=\"09 de julio de 2021, a las 19:00 horas\" data-order=\"09 de julio de 2021, a las 19:00 horas\" >09 de julio de 2021, a las 19:00 horas <\/td><td data-cell-id=\"B10\" data-x=\"1\" data-y=\"10\" data-db-index=\"10\" class=\"fsize-18\" data-cell-type=\"text\" data-original-value=\"A los interesados\" data-order=\"A los interesados\" >A los interesados <\/td><td data-cell-id=\"C10\" data-x=\"2\" data-y=\"10\" data-db-index=\"10\" class=\"fsize-18\" data-cell-type=\"text\" data-original-value=\"&lt;a href=&quot;https:\/\/teec.org.mx\/web\/wp-content\/uploads\/2021\/07\/TEEC-DVEG-1-2021-09-07-2021.pdf&quot; target=&quot;_blank&quot;&gt;TEEC\/DVEG\/1\/2021 (Acuerdo de requerimiento)&lt;\/a&gt;\" data-order=\"&lt;a href=&quot;https:\/\/teec.org.mx\/web\/wp-content\/uploads\/2021\/07\/TEEC-DVEG-1-2021-09-07-2021.pdf&quot; target=&quot;_blank&quot;&gt;TEEC\/DVEG\/1\/2021 (Acuerdo de requerimiento)&lt;\/a&gt;\" ><a href=\"https:\/\/teec.org.mx\/web\/wp-content\/uploads\/2021\/07\/TEEC-DVEG-1-2021-09-07-2021.pdf\" target=\"_blank\">TEEC\/DVEG\/1\/2021 (Acuerdo de requerimiento)<\/a><\/td><\/tr><tr style=\"height:px\" ><td data-cell-id=\"A11\" data-x=\"0\" data-y=\"11\" data-db-index=\"11\" class=\"fsize-18\" data-cell-type=\"text\" data-original-value=\"05 de julio de 2021, a las 22:30 horas\" data-order=\"05 de julio de 2021, a las 22:30 horas\" >05 de julio de 2021, a las 22:30 horas <\/td><td data-cell-id=\"B11\" data-x=\"1\" data-y=\"11\" data-db-index=\"11\" class=\"fsize-18\" data-cell-type=\"text\" data-original-value=\"A los interesados\" data-order=\"A los interesados\" >A los interesados <\/td><td data-cell-id=\"C11\" data-x=\"2\" data-y=\"11\" data-db-index=\"11\" class=\"fsize-18\" data-cell-type=\"text\" data-original-value=\"&lt;a href=&quot;https:\/\/teec.org.mx\/web\/wp-content\/uploads\/2021\/07\/TEEC-DVEG-1-2021-05-07-2021.pdf&quot; target=&quot;_blank&quot;&gt;TEEC\/DVEG\/1\/2021 (Acuerdo de recepci\u00f3n y radicaci\u00f3n)&lt;\/a&gt;\" data-order=\"&lt;a href=&quot;https:\/\/teec.org.mx\/web\/wp-content\/uploads\/2021\/07\/TEEC-DVEG-1-2021-05-07-2021.pdf&quot; target=&quot;_blank&quot;&gt;TEEC\/DVEG\/1\/2021 (Acuerdo de recepci\u00f3n y radicaci\u00f3n)&lt;\/a&gt;\" ><a href=\"https:\/\/teec.org.mx\/web\/wp-content\/uploads\/2021\/07\/TEEC-DVEG-1-2021-05-07-2021.pdf\" target=\"_blank\">TEEC\/DVEG\/1\/2021 (Acuerdo de recepci\u00f3n y radicaci\u00f3n)<\/a><\/td><\/tr><tr style=\"height:px\" ><td data-cell-id=\"A12\" data-x=\"0\" data-y=\"12\" data-db-index=\"12\" class=\"fsize-18\" data-cell-type=\"text\" data-original-value=\"02 de julio de 2021, a las 17:30 horas\" data-order=\"02 de julio de 2021, a las 17:30 horas\" >02 de julio de 2021, a las 17:30 horas <\/td><td data-cell-id=\"B12\" data-x=\"1\" data-y=\"12\" data-db-index=\"12\" class=\"fsize-18\" data-cell-type=\"text\" data-original-value=\"A los interesados\" data-order=\"A los interesados\" >A los interesados <\/td><td data-cell-id=\"C12\" data-x=\"2\" data-y=\"12\" data-db-index=\"12\" class=\"fsize-18\" data-cell-type=\"text\" data-original-value=\"&lt;a href=&quot;https:\/\/teec.org.mx\/web\/wp-content\/uploads\/2021\/07\/TEEC-DVEG-1-2021-02-07-2021.pdf&quot; target=&quot;_blank&quot;&gt;TEEC\/DVEG\/1\/2021 (Acuerdo de turno)&lt;\/a&gt;\" data-order=\"&lt;a href=&quot;https:\/\/teec.org.mx\/web\/wp-content\/uploads\/2021\/07\/TEEC-DVEG-1-2021-02-07-2021.pdf&quot; target=&quot;_blank&quot;&gt;TEEC\/DVEG\/1\/2021 (Acuerdo de turno)&lt;\/a&gt;\" ><a href=\"https:\/\/teec.org.mx\/web\/wp-content\/uploads\/2021\/07\/TEEC-DVEG-1-2021-02-07-2021.pdf\" target=\"_blank\">TEEC\/DVEG\/1\/2021 (Acuerdo de turno)<\/a><\/td><\/tr><\/tbody><\/table><!-- \/#supsystic-table-65.supsystic-table --><div class=\"stbConditionsData\" ><\/div><\/div><!-- \/.supsystic-tables-wrap --><!-- Tables Generator by Supsystic --><!-- Version:1.10.47 --><!-- http:\/\/supsystic.com\/ --><a title=\"WordPress Responsive Table\" style=\"display:none;\" href=\"https:\/\/supsystic.com\/plugins\/wordpress-data-table-plugin\/?utm_medium=love_link\" target=\"_blank\">WordPress Responsive Table<\/a><\/p>\n<p>&nbsp;<\/p>\n\n\n\n<p><\/p>\n","protected":false},"excerpt":{"rendered":"<p>Dictamen de c\u00f3mputo final de la elecci\u00f3n de gobernador del Estado de Campeche, declaraci\u00f3n de validez de la elecci\u00f3n y de gobernador electo &nbsp; &nbsp;<\/p>\n","protected":false},"author":1,"featured_media":0,"parent":0,"menu_order":0,"comment_status":"closed","ping_status":"closed","template":"","meta":{"footnotes":""},"yst_prominent_words":[],"_links":{"self":[{"href":"https:\/\/teec.org.mx\/web\/wp-json\/wp\/v2\/pages\/11552"}],"collection":[{"href":"https:\/\/teec.org.mx\/web\/wp-json\/wp\/v2\/pages"}],"about":[{"href":"https:\/\/teec.org.mx\/web\/wp-json\/wp\/v2\/types\/page"}],"author":[{"embeddable":true,"href":"https:\/\/teec.org.mx\/web\/wp-json\/wp\/v2\/users\/1"}],"replies":[{"embeddable":true,"href":"https:\/\/teec.org.mx\/web\/wp-json\/wp\/v2\/comments?post=11552"}],"version-history":[{"count":3,"href":"https:\/\/teec.org.mx\/web\/wp-json\/wp\/v2\/pages\/11552\/revisions"}],"predecessor-version":[{"id":11556,"href":"https:\/\/teec.org.mx\/web\/wp-json\/wp\/v2\/pages\/11552\/revisions\/11556"}],"wp:attachment":[{"href":"https:\/\/teec.org.mx\/web\/wp-json\/wp\/v2\/media?parent=11552"}],"wp:term":[{"taxonomy":"yst_prominent_words","embeddable":true,"href":"https:\/\/teec.org.mx\/web\/wp-json\/wp\/v2\/yst_prominent_words?post=11552"}],"curies":[{"name":"wp","href":"https:\/\/api.w.org\/{rel}","templated":true}]}}