{"id":12476,"date":"2021-07-29T19:12:33","date_gmt":"2021-07-30T00:12:33","guid":{"rendered":"https:\/\/teec.org.mx\/web\/?page_id=12476"},"modified":"2021-07-29T19:31:45","modified_gmt":"2021-07-30T00:31:45","slug":"segundo-trimestre-2021-ldf","status":"publish","type":"page","link":"https:\/\/teec.org.mx\/web\/segundo-trimestre-2021-ldf\/","title":{"rendered":"Segundo trimestre 2021 ldf"},"content":{"rendered":"\n<h2 class=\"has-text-align-center wp-block-heading\">Segundo trimestre 2021<\/h2>\n\n\n\n<div class=\"wp-block-columns is-layout-flex wp-container-core-columns-layout-1 wp-block-columns-is-layout-flex\">\n<div class=\"wp-block-column is-layout-flow wp-block-column-is-layout-flow\" style=\"flex-basis:5%\"><\/div>\n\n\n\n<div class=\"wp-block-column is-layout-flow wp-block-column-is-layout-flow\" style=\"flex-basis:90%\">\n<p>&nbsp;<\/p>\n<table class=\" aligncenter\" style=\"height: 750px; width: 85%; border-collapse: collapse;\">\n<tbody>\n<tr style=\"height: 65px;\">\n<td style=\"width: 70.453%; height: 65px;\"><span style=\"font-size: 18pt;\">Estado de situaci\u00f3n financiera detallado<\/span><\/td>\n<td style=\"width: 12.0351%; height: 65px;\"><a href=\"https:\/\/teec.org.mx\/web\/wp-content\/uploads\/2021\/07\/1.-ESFD-2do-tri-2021.pdf\" target=\"_blank\" rel=\"noopener\"><span style=\"font-size: 18pt;\">PDF<\/span><\/a><\/td>\n<td style=\"width: 13.0644%; height: 65px;\"><a href=\"https:\/\/teec.org.mx\/web\/wp-content\/uploads\/2021\/07\/F1_ESF_3062021.xls\"><span style=\"font-size: 18pt;\">Excel<\/span><\/a><\/td>\n<\/tr>\n<tr style=\"height: 65px;\">\n<td style=\"width: 70.453%; height: 65px;\"><span style=\"font-size: 18pt;\">Informe anal\u00edtico de la deuda p\u00fablica y otros pasivos<\/span><\/td>\n<td style=\"width: 12.0351%; height: 65px;\"><a href=\"https:\/\/teec.org.mx\/web\/wp-content\/uploads\/2021\/07\/2.-IADPOP-2do-tri-2021.pdf\" target=\"_blank\" rel=\"noopener\"><span style=\"font-size: 18pt;\">PDF<\/span><\/a><\/td>\n<td style=\"width: 13.0644%; height: 65px;\"><a href=\"https:\/\/teec.org.mx\/web\/wp-content\/uploads\/2021\/07\/F2_IADPOP_3062021.xls\"><span style=\"font-size: 18pt;\">Excel<\/span><\/a><\/td>\n<\/tr>\n<tr style=\"height: 96px;\">\n<td style=\"width: 70.453%; height: 96px;\"><span style=\"font-size: 18pt;\">Informe anal\u00edtico de obligaciones diferentes de financiamientos&nbsp;<\/span><\/td>\n<td style=\"width: 12.0351%; height: 96px;\"><a href=\"https:\/\/teec.org.mx\/web\/wp-content\/uploads\/2021\/07\/3.-IAODF-2do-tri-2021.pdf\" target=\"_blank\" rel=\"noopener\"><span style=\"font-size: 18pt;\">PDF<\/span><\/a><\/td>\n<td style=\"width: 13.0644%; height: 96px;\"><a href=\"https:\/\/teec.org.mx\/web\/wp-content\/uploads\/2021\/07\/F3_IAODF_3062021.xls\"><span style=\"font-size: 18pt;\">Excel<\/span><\/a><\/td>\n<\/tr>\n<tr style=\"height: 34px;\">\n<td style=\"width: 70.453%; height: 34px;\"><span style=\"font-size: 18pt;\">Balance Presupuestario<\/span><\/td>\n<td style=\"width: 12.0351%; height: 34px;\"><a href=\"https:\/\/teec.org.mx\/web\/wp-content\/uploads\/2021\/07\/4.-BP-2do-tri-2021.pdf\" target=\"_blank\" rel=\"noopener\"><span style=\"font-size: 18pt;\">PDF<\/span><\/a><\/td>\n<td style=\"width: 13.0644%; height: 34px;\"><a href=\"https:\/\/teec.org.mx\/web\/wp-content\/uploads\/2021\/07\/F4_BP_3062021.xls\"><span style=\"font-size: 18pt;\">Excel<\/span><\/a><\/td>\n<\/tr>\n<tr style=\"height: 65px;\">\n<td style=\"width: 70.453%; height: 65px;\"><span style=\"font-size: 18pt;\">Estado anal\u00edtico de ingresos detallado<\/span><\/td>\n<td style=\"width: 12.0351%; height: 65px;\"><a href=\"https:\/\/teec.org.mx\/web\/wp-content\/uploads\/2021\/07\/5.-EAID-2do-tri-2021.pdf\" target=\"_blank\" rel=\"noopener\"><span style=\"font-size: 18pt;\">PDF<\/span><\/a><\/td>\n<td style=\"width: 13.0644%; height: 65px;\"><a href=\"https:\/\/teec.org.mx\/web\/wp-content\/uploads\/2021\/07\/F5_EAID_3062021.xls\"><span style=\"font-size: 18pt;\">Excel<\/span><\/a><\/td>\n<\/tr>\n<tr style=\"height: 96px;\">\n<td style=\"width: 70.453%; height: 96px;\"><span style=\"font-size: 18pt;\">Estado Anal\u00edtico del ejercicio del presupuesto de egresos detallado en su categor\u00eda:<\/span><\/td>\n<td style=\"width: 12.0351%; height: 96px;\">&nbsp;<\/td>\n<td style=\"width: 13.0644%; height: 96px;\">&nbsp;<\/td>\n<\/tr>\n<tr style=\"height: 10px;\">\n<td style=\"width: 70.453%; height: 10px;\">\n<ul>\n<li><span style=\"font-size: 18pt;\">Clasificaci\u00f3n por objeto del gasto<\/span><\/li>\n<\/ul>\n<\/td>\n<td style=\"width: 12.0351%; height: 10px;\"><a href=\"https:\/\/teec.org.mx\/web\/wp-content\/uploads\/2021\/07\/6a.-EAEPED-COG-2do-tri-2021.pdf\" target=\"_blank\" rel=\"noopener\"><span style=\"font-size: 18pt;\">PDF<\/span><\/a><\/td>\n<td style=\"width: 13.0644%; height: 10px;\"><a href=\"https:\/\/teec.org.mx\/web\/wp-content\/uploads\/2021\/07\/F6a_EAEPED_COG_3062021.xls\"><span style=\"font-size: 18pt;\">Excel<\/span><\/a><\/td>\n<\/tr>\n<tr style=\"height: 48px;\">\n<td style=\"width: 70.453%; height: 48px;\">\n<ul>\n<li><span style=\"font-size: 18pt;\">Clasificaci\u00f3n administrativa<\/span><\/li>\n<\/ul>\n<\/td>\n<td style=\"width: 12.0351%; height: 48px;\"><a href=\"https:\/\/teec.org.mx\/web\/wp-content\/uploads\/2021\/07\/6b.-EAEPED-CA-2do-tri-2021.pdf\" target=\"_blank\" rel=\"noopener\"><span style=\"font-size: 18pt;\">PDF<\/span><\/a><\/td>\n<td style=\"width: 13.0644%; height: 48px;\"><a href=\"https:\/\/teec.org.mx\/web\/wp-content\/uploads\/2021\/07\/F6b_EAEPED_CA_3062021.xls\"><span style=\"font-size: 18pt;\">Excel<\/span><\/a><\/td>\n<\/tr>\n<tr style=\"height: 45px;\">\n<td style=\"width: 70.453%; height: 45px;\">\n<ul>\n<li><span style=\"font-size: 18pt;\">Clasificaci\u00f3n funcional<\/span><\/li>\n<\/ul>\n<\/td>\n<td style=\"width: 12.0351%; height: 45px;\"><a href=\"https:\/\/teec.org.mx\/web\/wp-content\/uploads\/2021\/07\/6c.-EAEPED-CF-2do-tri-2021.pdf\" target=\"_blank\" rel=\"noopener\"><span style=\"font-size: 18pt;\">PDF<\/span><\/a><\/td>\n<td style=\"width: 13.0644%; height: 45px;\"><a href=\"https:\/\/teec.org.mx\/web\/wp-content\/uploads\/2021\/07\/F6c_EAEPED_CF_3062021.xls\"><span style=\"font-size: 18pt;\">Excel<\/span><\/a><\/td>\n<\/tr>\n<tr style=\"height: 10px;\">\n<td style=\"width: 70.453%; height: 10px;\">\n<ul>\n<li><span style=\"font-size: 18pt;\">Clasificaci\u00f3n de servicios personales por categor\u00eda<\/span><\/li>\n<\/ul>\n<\/td>\n<td style=\"width: 12.0351%; height: 10px;\"><a href=\"https:\/\/teec.org.mx\/web\/wp-content\/uploads\/2021\/07\/6d.-EAEPED-CSPC-2do-tri-2021.pdf\" target=\"_blank\" rel=\"noopener\"><span style=\"font-size: 18pt;\">PDF<\/span><\/a><\/td>\n<td style=\"width: 13.0644%; height: 10px;\"><a href=\"https:\/\/teec.org.mx\/web\/wp-content\/uploads\/2021\/07\/F6d_EAEPED_CSPC_3062021.xlsx\"><span style=\"font-size: 18pt;\">Excel<\/span><\/a><\/td>\n<\/tr>\n<\/tbody>\n<\/table>\n<p>&nbsp;<\/p>\n<\/div>\n<\/div>\n\n\n\n<p><\/p>\n","protected":false},"excerpt":{"rendered":"<p>Segundo trimestre 2021 &nbsp; Estado de situaci\u00f3n financiera detallado PDF Excel Informe anal\u00edtico de la deuda p\u00fablica y otros pasivos PDF Excel Informe anal\u00edtico de obligaciones diferentes de financiamientos&nbsp; PDF Excel Balance Presupuestario PDF Excel Estado anal\u00edtico de ingresos detallado PDF Excel Estado Anal\u00edtico del ejercicio del presupuesto de egresos detallado en su categor\u00eda: &nbsp; [&hellip;]<\/p>\n","protected":false},"author":1,"featured_media":0,"parent":0,"menu_order":0,"comment_status":"closed","ping_status":"closed","template":"","meta":{"footnotes":""},"yst_prominent_words":[268,284,269,279,282,280,283,281],"_links":{"self":[{"href":"https:\/\/teec.org.mx\/web\/wp-json\/wp\/v2\/pages\/12476"}],"collection":[{"href":"https:\/\/teec.org.mx\/web\/wp-json\/wp\/v2\/pages"}],"about":[{"href":"https:\/\/teec.org.mx\/web\/wp-json\/wp\/v2\/types\/page"}],"author":[{"embeddable":true,"href":"https:\/\/teec.org.mx\/web\/wp-json\/wp\/v2\/users\/1"}],"replies":[{"embeddable":true,"href":"https:\/\/teec.org.mx\/web\/wp-json\/wp\/v2\/comments?post=12476"}],"version-history":[{"count":38,"href":"https:\/\/teec.org.mx\/web\/wp-json\/wp\/v2\/pages\/12476\/revisions"}],"predecessor-version":[{"id":12543,"href":"https:\/\/teec.org.mx\/web\/wp-json\/wp\/v2\/pages\/12476\/revisions\/12543"}],"wp:attachment":[{"href":"https:\/\/teec.org.mx\/web\/wp-json\/wp\/v2\/media?parent=12476"}],"wp:term":[{"taxonomy":"yst_prominent_words","embeddable":true,"href":"https:\/\/teec.org.mx\/web\/wp-json\/wp\/v2\/yst_prominent_words?post=12476"}],"curies":[{"name":"wp","href":"https:\/\/api.w.org\/{rel}","templated":true}]}}