{"id":14345,"date":"2021-11-09T13:19:08","date_gmt":"2021-11-09T19:19:08","guid":{"rendered":"https:\/\/teec.org.mx\/web\/?page_id=14345"},"modified":"2021-11-09T13:22:27","modified_gmt":"2021-11-09T19:22:27","slug":"je-2021","status":"publish","type":"page","link":"https:\/\/teec.org.mx\/web\/je-2021\/","title":{"rendered":"JE 2021"},"content":{"rendered":"\n<h2 class=\"has-text-align-center wp-block-heading\">Juicios Electorales 2021<\/h2>\n\n\n\n<p>&nbsp;<\/p>\n<p style=\"text-align: center;\"><div class=\"supsystic-table-loader la-ball-beat la-2x\" style=\"color:#000000\"><div><\/div><div><\/div><div><\/div><\/div><div id=\"supsystic-table-67_3494\" class=\"supsystic-tables-wrap pagination-medium\" style=\" width:100%; visibility: hidden; \" data-table-width-fixed=\"100%\" data-table-width-mobile=\"100%\" ><div class=\"supsystic-tables-features\"><\/div><table id=\"supsystic-table-67\" class=\"supsystic-table border cell-border\" data-id=\"67\" data-view-id=\"67_3494\" data-title=\"JE 2021\" data-currency-format=\"$1,000.00\" data-percent-format=\"10.00%\" data-date-format=\"DD.MM.YYYY\" data-time-format=\"HH:mm\" data-features=\"[&quot;info&quot;,&quot;paging&quot;,&quot;searching&quot;,&quot;after_table_loaded_script&quot;,&quot;import&quot;]\" data-search-value=\"\" data-head=\"on\" data-head-rows-count=\"1\" data-pagination-length=\"10,25,50,100,All\" data-auto-index=\"off\" data-searching-settings=\"{&quot;columnSearchPosition&quot;:&quot;bottom&quot;,&quot;minChars&quot;:&quot;0&quot;}\" data-lang=\"Spanish\" data-override=\"{&quot;emptyTable&quot;:&quot;&quot;,&quot;info&quot;:&quot;&quot;,&quot;infoEmpty&quot;:&quot;&quot;,&quot;infoFiltered&quot;:&quot;&quot;,&quot;lengthMenu&quot;:&quot;&quot;,&quot;search&quot;:&quot;&quot;,&quot;zeroRecords&quot;:&quot;&quot;,&quot;exportLabel&quot;:&quot;&quot;,&quot;file&quot;:&quot;Spanish&quot;}\" data-merged=\"[]\" data-responsive-mode=\"0\" data-from-history=\"0\" ><thead><tr><th data-cell-id=\"A1\" data-x=\"0\" data-y=\"1\" data-db-index=\"1\" class=\"htCenter bg-d49820 color-ffffff bold fsize-19\" data-cell-type=\"text\" data-original-value=\"FECHA Y HORA DE NOTIFICACI\u00d3N\" data-order=\"FECHA Y HORA DE NOTIFICACI\u00d3N\" style=\"min-width:21.9534%; \" >FECHA Y HORA DE NOTIFICACI\u00d3N <\/th><th data-cell-id=\"B1\" data-x=\"1\" data-y=\"1\" data-db-index=\"1\" class=\"htCenter bg-d49820 color-ffffff bold fsize-19\" data-cell-type=\"text\" data-original-value=\"PROMOVENTE\" data-order=\"PROMOVENTE\" style=\"min-width:28.9427%; \" >PROMOVENTE <\/th><th data-cell-id=\"C1\" data-x=\"2\" data-y=\"1\" data-db-index=\"1\" class=\"htCenter bg-d49820 color-ffffff bold fsize-19\" data-cell-type=\"text\" data-original-value=\"AUTORIDAD RESPONSABLE\" data-order=\"AUTORIDAD RESPONSABLE\" style=\"min-width:22.8495%; \" >AUTORIDAD RESPONSABLE <\/th><th data-cell-id=\"D1\" data-x=\"3\" data-y=\"1\" data-db-index=\"1\" class=\"htCenter bg-d49820 color-ffffff bold fsize-19\" data-cell-type=\"text\" data-original-value=\"ARCHIVO\" data-order=\"ARCHIVO\" style=\"min-width:26.2545%; \" >ARCHIVO <\/th><\/tr><\/thead><tbody><tr style=\"height:px\" ><td data-cell-id=\"A2\" data-x=\"0\" data-y=\"2\" data-db-index=\"2\" class=\"fsize-18\" data-cell-type=\"text\" data-original-value=\"11 DE NOVIEMBRE DE 2021, A LAS 14:30 HORAS\" data-order=\"11 DE NOVIEMBRE DE 2021, A LAS 14:30 HORAS\" >11 DE NOVIEMBRE DE 2021, A LAS 14:30 HORAS <\/td><td data-cell-id=\"B2\" data-x=\"1\" data-y=\"2\" data-db-index=\"2\" class=\"fsize-18\" data-cell-type=\"text\" data-original-value=\"LETICIA BERNAL ZAMORA, QUIEN SE OSTENTA COMO SECRETARIA GENERAL DEL COMIT\u00c9 DIRECTIVO ESTATAL DEL PARTIDO POL\u00cdTICO FUERZA POR M\u00c9XICO\" data-order=\"LETICIA BERNAL ZAMORA, QUIEN SE OSTENTA COMO SECRETARIA GENERAL DEL COMIT\u00c9 DIRECTIVO ESTATAL DEL PARTIDO POL\u00cdTICO FUERZA POR M\u00c9XICO\" >LETICIA BERNAL ZAMORA, QUIEN SE OSTENTA COMO SECRETARIA GENERAL DEL COMIT\u00c9 DIRECTIVO ESTATAL DEL PARTIDO POL\u00cdTICO FUERZA POR M\u00c9XICO <\/td><td data-cell-id=\"C2\" data-x=\"2\" data-y=\"2\" data-db-index=\"2\" class=\"fsize-18\" data-cell-type=\"text\" data-original-value=\"CONSEJO GENERAL DEL INSTITUTO ELECTORAL DEL ESTADO DE CAMPECHE\" data-order=\"CONSEJO GENERAL DEL INSTITUTO ELECTORAL DEL ESTADO DE CAMPECHE\" >CONSEJO GENERAL DEL INSTITUTO ELECTORAL DEL ESTADO DE CAMPECHE <\/td><td data-cell-id=\"D2\" data-x=\"3\" data-y=\"2\" data-db-index=\"2\" class=\"fsize-18\" data-cell-type=\"text\" data-original-value=\"&lt;a href=&quot;https:\/\/teec.org.mx\/web\/wp-content\/uploads\/2021\/11\/TEEC-JE-1-2021-Acu.-Plenario-11-11-2021.pdf&quot; target=&quot;_blank&quot;&gt;TEEC\/JE\/1\/2021 (ACUERDO PLENARIO)&lt;\/a&gt;\" data-order=\"&lt;a href=&quot;https:\/\/teec.org.mx\/web\/wp-content\/uploads\/2021\/11\/TEEC-JE-1-2021-Acu.-Plenario-11-11-2021.pdf&quot; target=&quot;_blank&quot;&gt;TEEC\/JE\/1\/2021 (ACUERDO PLENARIO)&lt;\/a&gt;\" ><a href=\"https:\/\/teec.org.mx\/web\/wp-content\/uploads\/2021\/11\/TEEC-JE-1-2021-Acu.-Plenario-11-11-2021.pdf\" target=\"_blank\">TEEC\/JE\/1\/2021 (ACUERDO PLENARIO)<\/a><\/td><\/tr><tr style=\"height:px\" ><td data-cell-id=\"A3\" data-x=\"0\" data-y=\"3\" data-db-index=\"3\" class=\"fsize-18\" data-cell-type=\"text\" data-original-value=\"11 DE NOVIEMBRE DE 2021, A LAS 10:00 HORAS\" data-order=\"11 DE NOVIEMBRE DE 2021, A LAS 10:00 HORAS\" >11 DE NOVIEMBRE DE 2021, A LAS 10:00 HORAS <\/td><td data-cell-id=\"B3\" data-x=\"1\" data-y=\"3\" data-db-index=\"3\" class=\"fsize-18\" data-cell-type=\"text\" data-original-value=\"LETICIA BERNAL ZAMORA, QUIEN SE OSTENTA COMO SECRETARIA GENERAL DEL COMIT\u00c9 DIRECTIVO ESTATAL DEL PARTIDO POL\u00cdTICO FUERZA POR M\u00c9XICO\" data-order=\"LETICIA BERNAL ZAMORA, QUIEN SE OSTENTA COMO SECRETARIA GENERAL DEL COMIT\u00c9 DIRECTIVO ESTATAL DEL PARTIDO POL\u00cdTICO FUERZA POR M\u00c9XICO\" >LETICIA BERNAL ZAMORA, QUIEN SE OSTENTA COMO SECRETARIA GENERAL DEL COMIT\u00c9 DIRECTIVO ESTATAL DEL PARTIDO POL\u00cdTICO FUERZA POR M\u00c9XICO <\/td><td data-cell-id=\"C3\" data-x=\"2\" data-y=\"3\" data-db-index=\"3\" class=\"fsize-18\" data-cell-type=\"text\" data-original-value=\"CONSEJO GENERAL DEL INSTITUTO ELECTORAL DEL ESTADO DE CAMPECHE\" data-order=\"CONSEJO GENERAL DEL INSTITUTO ELECTORAL DEL ESTADO DE CAMPECHE\" >CONSEJO GENERAL DEL INSTITUTO ELECTORAL DEL ESTADO DE CAMPECHE <\/td><td data-cell-id=\"D3\" data-x=\"3\" data-y=\"3\" data-db-index=\"3\" class=\"fsize-18\" data-cell-type=\"text\" data-original-value=\"&lt;a href=&quot;https:\/\/teec.org.mx\/web\/wp-content\/uploads\/2021\/11\/TEEC-JE-1-2021-11-11-2021.pdf&quot; target=&quot;_blank&quot;&gt;TEEC\/JE\/1\/2021 (SE FIJA FECHA Y HORA PARA SESI\u00d3N PRIVADA)&lt;\/a&gt;\" data-order=\"&lt;a href=&quot;https:\/\/teec.org.mx\/web\/wp-content\/uploads\/2021\/11\/TEEC-JE-1-2021-11-11-2021.pdf&quot; target=&quot;_blank&quot;&gt;TEEC\/JE\/1\/2021 (SE FIJA FECHA Y HORA PARA SESI\u00d3N PRIVADA)&lt;\/a&gt;\" ><a href=\"https:\/\/teec.org.mx\/web\/wp-content\/uploads\/2021\/11\/TEEC-JE-1-2021-11-11-2021.pdf\" target=\"_blank\">TEEC\/JE\/1\/2021 (SE FIJA FECHA Y HORA PARA SESI\u00d3N PRIVADA)<\/a><\/td><\/tr><tr style=\"height:px\" ><td data-cell-id=\"A4\" data-x=\"0\" data-y=\"4\" data-db-index=\"4\" class=\"fsize-18 color-030303 htLeft\" data-cell-type=\"text\" data-original-value=\"09 DE NOVIEMBRE DE 2021, A LAS 10:24 HORAS\" data-order=\"09 DE NOVIEMBRE DE 2021, A LAS 10:24 HORAS\" >09 DE NOVIEMBRE DE 2021, A LAS 10:24 HORAS <\/td><td data-cell-id=\"B4\" data-x=\"1\" data-y=\"4\" data-db-index=\"4\" class=\"fsize-18 color-030303 htLeft\" data-cell-type=\"text\" data-original-value=\"LETICIA BERNAL ZAMORA, QUIEN SE OSTENTA COMO SECRETARIA GENERAL DEL COMIT\u00c9 DIRECTIVO ESTATAL DEL PARTIDO POL\u00cdTICO DENOMINADO FUERZA POR M\u00c9XICO\" data-order=\"LETICIA BERNAL ZAMORA, QUIEN SE OSTENTA COMO SECRETARIA GENERAL DEL COMIT\u00c9 DIRECTIVO ESTATAL DEL PARTIDO POL\u00cdTICO DENOMINADO FUERZA POR M\u00c9XICO\" >LETICIA BERNAL ZAMORA, QUIEN SE OSTENTA COMO SECRETARIA GENERAL DEL COMIT\u00c9 DIRECTIVO ESTATAL DEL PARTIDO POL\u00cdTICO DENOMINADO FUERZA POR M\u00c9XICO <\/td><td data-cell-id=\"C4\" data-x=\"2\" data-y=\"4\" data-db-index=\"4\" class=\"fsize-18 color-030303 htLeft\" data-cell-type=\"text\" data-original-value=\"CONSEJO GENERAL DEL INSTITUTO ELECTORAL DEL ESTADO DE CAMPECHE\" data-order=\"CONSEJO GENERAL DEL INSTITUTO ELECTORAL DEL ESTADO DE CAMPECHE\" >CONSEJO GENERAL DEL INSTITUTO ELECTORAL DEL ESTADO DE CAMPECHE <\/td><td data-cell-id=\"D4\" data-x=\"3\" data-y=\"4\" data-db-index=\"4\" class=\"fsize-18 color-030303 htLeft\" data-cell-type=\"text\" data-original-value=\"&lt;a href=&quot;https:\/\/teec.org.mx\/web\/wp-content\/uploads\/2021\/11\/TEEC-JE-1-2021-09-11-2021.pdf&quot; target=&quot;_blank&quot;&gt;TEEC\/JE\/1\/2021 (ACUERDO DE TURNO)&lt;\/a&gt;\" data-order=\"&lt;a href=&quot;https:\/\/teec.org.mx\/web\/wp-content\/uploads\/2021\/11\/TEEC-JE-1-2021-09-11-2021.pdf&quot; target=&quot;_blank&quot;&gt;TEEC\/JE\/1\/2021 (ACUERDO DE TURNO)&lt;\/a&gt;\" ><a href=\"https:\/\/teec.org.mx\/web\/wp-content\/uploads\/2021\/11\/TEEC-JE-1-2021-09-11-2021.pdf\" target=\"_blank\">TEEC\/JE\/1\/2021 (ACUERDO DE TURNO)<\/a><\/td><\/tr><\/tbody><\/table><!-- \/#supsystic-table-67.supsystic-table --><div class=\"stbConditionsData\" ><\/div><\/div><!-- \/.supsystic-tables-wrap --><!-- Tables Generator by Supsystic --><!-- Version:1.10.47 --><!-- http:\/\/supsystic.com\/ --><a title=\"WordPress Responsive Table\" style=\"display:none;\" href=\"https:\/\/supsystic.com\/plugins\/wordpress-data-table-plugin\/?utm_medium=love_link\" target=\"_blank\">WordPress Responsive Table<\/a><\/p>\n<p>&nbsp;<\/p>\n","protected":false},"excerpt":{"rendered":"<p>Juicios Electorales 2021 &nbsp; &nbsp;<\/p>\n","protected":false},"author":1,"featured_media":0,"parent":0,"menu_order":0,"comment_status":"closed","ping_status":"closed","template":"","meta":{"footnotes":""},"yst_prominent_words":[],"_links":{"self":[{"href":"https:\/\/teec.org.mx\/web\/wp-json\/wp\/v2\/pages\/14345"}],"collection":[{"href":"https:\/\/teec.org.mx\/web\/wp-json\/wp\/v2\/pages"}],"about":[{"href":"https:\/\/teec.org.mx\/web\/wp-json\/wp\/v2\/types\/page"}],"author":[{"embeddable":true,"href":"https:\/\/teec.org.mx\/web\/wp-json\/wp\/v2\/users\/1"}],"replies":[{"embeddable":true,"href":"https:\/\/teec.org.mx\/web\/wp-json\/wp\/v2\/comments?post=14345"}],"version-history":[{"count":1,"href":"https:\/\/teec.org.mx\/web\/wp-json\/wp\/v2\/pages\/14345\/revisions"}],"predecessor-version":[{"id":14346,"href":"https:\/\/teec.org.mx\/web\/wp-json\/wp\/v2\/pages\/14345\/revisions\/14346"}],"wp:attachment":[{"href":"https:\/\/teec.org.mx\/web\/wp-json\/wp\/v2\/media?parent=14345"}],"wp:term":[{"taxonomy":"yst_prominent_words","embeddable":true,"href":"https:\/\/teec.org.mx\/web\/wp-json\/wp\/v2\/yst_prominent_words?post=14345"}],"curies":[{"name":"wp","href":"https:\/\/api.w.org\/{rel}","templated":true}]}}