{"id":14689,"date":"2022-01-12T13:57:10","date_gmt":"2022-01-12T19:57:10","guid":{"rendered":"https:\/\/teec.org.mx\/web\/?page_id=14689"},"modified":"2024-05-16T15:04:22","modified_gmt":"2024-05-16T21:04:22","slug":"estrados-electronicos-2022","status":"publish","type":"page","link":"https:\/\/teec.org.mx\/web\/estrados-electronicos-2022\/","title":{"rendered":"Estrados Electr\u00f3nicos 2022"},"content":{"rendered":"\n<h2 class=\"wp-block-heading has-text-align-center\"><\/h2>\n\n\n\n<p>\u00a0<\/p>\n<p>\u00a0<\/p>\n<p>\u00a0<\/p>\n<h1 style=\"text-align: center;\">Estrados electr\u00f3nicos 2022<\/h1>\n<p>\u00a0<\/p>\n<table class=\" aligncenter\" style=\"width: 78.9358%; border-collapse: collapse; height: 495px;\">\n<tbody>\n<tr style=\"height: 27px;\">\n<td style=\"width: 81.6941%; height: 27px;\"><span style=\"font-size: 14pt;\">Recursos de Apelaci\u00f3n<\/span><\/td>\n<td style=\"width: 5.83587%; height: 27px;\"><a href=\"https:\/\/teec.org.mx\/web\/rap-2022\/\"><span style=\"font-size: 14pt;\">RAP<\/span><\/a><\/td>\n<\/tr>\n<tr style=\"height: 10px;\">\n<td style=\"width: 81.6941%; height: 10px;\"><span style=\"font-size: 14pt;\">Cuaderno Incidental<\/span><\/td>\n<td style=\"width: 5.83587%; height: 10px;\"><a href=\"https:\/\/teec.org.mx\/web\/inc-2022\/\"><span style=\"font-size: 14pt;\">INC<\/span><\/a><\/td>\n<\/tr>\n<tr style=\"height: 75px;\">\n<td style=\"width: 81.6941%; height: 75px;\"><span style=\"font-size: 14pt;\">Juicio para la Protecci\u00f3n de los Derechos Pol\u00edticos-Electorales de la Ciudadan\u00eda<\/span><\/td>\n<td style=\"width: 5.83587%; height: 75px;\"><a href=\"https:\/\/teec.org.mx\/web\/jdc-2022\/\"><span style=\"font-size: 14pt;\">JDC<\/span><\/a><\/td>\n<\/tr>\n<tr style=\"height: 27px;\">\n<td style=\"width: 81.6941%; height: 27px;\"><span style=\"font-size: 14pt;\">Asuntos Generales<\/span><\/td>\n<td style=\"width: 5.83587%; height: 27px;\"><a href=\"https:\/\/teec.org.mx\/web\/ag-2022\/\"><span style=\"font-size: 14pt;\">AG<\/span><\/a><\/td>\n<\/tr>\n<tr style=\"height: 27px;\">\n<td style=\"width: 81.6941%; height: 27px;\"><span style=\"font-size: 14pt;\">Expedientillos<\/span><\/td>\n<td style=\"width: 5.83587%; height: 27px;\"><a href=\"https:\/\/teec.org.mx\/web\/expedientillos-2022\/\"><span style=\"font-size: 14pt;\">EXP<\/span><\/a><\/td>\n<\/tr>\n<tr style=\"height: 35px;\">\n<td style=\"width: 81.6941%; height: 35px;\"><span style=\"font-size: 14pt;\">Procedimiento Especial Sancionador<\/span><\/td>\n<td style=\"width: 5.83587%; height: 35px;\"><a href=\"https:\/\/teec.org.mx\/web\/pes-2022\/\"><span style=\"font-size: 14pt;\">PES<\/span><\/a><\/td>\n<\/tr>\n<tr style=\"height: 51px;\">\n<td style=\"width: 81.6941%; height: 51px;\"><span style=\"font-size: 14pt;\">Impedimento para conocer de un determinado medio de impugnaci\u00f3n<\/span><\/td>\n<td style=\"width: 5.83587%; height: 51px;\"><span style=\"font-size: 14pt;\">IMP<\/span><\/td>\n<\/tr>\n<tr style=\"height: 27px;\">\n<td style=\"width: 81.6941%; height: 27px;\"><span style=\"font-size: 14pt;\">Juicio Electoral<\/span><\/td>\n<td style=\"width: 5.83587%; height: 27px;\"><span style=\"font-size: 14pt;\"><a href=\"https:\/\/teec.org.mx\/web\/je-2022\/\">JE<\/a><\/span><\/td>\n<\/tr>\n<tr>\n<td style=\"width: 81.6941%;\"><span style=\"font-size: 14pt;\">Actas Electorales<\/span><\/td>\n<td style=\"width: 5.83587%;\"><a href=\"https:\/\/teec.org.mx\/web\/actas-electorales-2022\/\"><span style=\"font-size: 14pt;\">Actas<\/span><\/a><\/td>\n<\/tr>\n<\/tbody>\n<\/table>\n","protected":false},"excerpt":{"rendered":"<p>\u00a0 \u00a0 \u00a0 Estrados electr\u00f3nicos 2022 \u00a0 Recursos de Apelaci\u00f3n RAP Cuaderno Incidental INC Juicio para la Protecci\u00f3n de los Derechos Pol\u00edticos-Electorales de la Ciudadan\u00eda JDC Asuntos Generales AG Expedientillos EXP Procedimiento Especial Sancionador PES Impedimento para conocer de un determinado medio de impugnaci\u00f3n IMP Juicio Electoral JE Actas Electorales Actas<\/p>\n","protected":false},"author":1,"featured_media":0,"parent":0,"menu_order":0,"comment_status":"closed","ping_status":"closed","template":"","meta":{"footnotes":""},"yst_prominent_words":[518,261],"_links":{"self":[{"href":"https:\/\/teec.org.mx\/web\/wp-json\/wp\/v2\/pages\/14689"}],"collection":[{"href":"https:\/\/teec.org.mx\/web\/wp-json\/wp\/v2\/pages"}],"about":[{"href":"https:\/\/teec.org.mx\/web\/wp-json\/wp\/v2\/types\/page"}],"author":[{"embeddable":true,"href":"https:\/\/teec.org.mx\/web\/wp-json\/wp\/v2\/users\/1"}],"replies":[{"embeddable":true,"href":"https:\/\/teec.org.mx\/web\/wp-json\/wp\/v2\/comments?post=14689"}],"version-history":[{"count":16,"href":"https:\/\/teec.org.mx\/web\/wp-json\/wp\/v2\/pages\/14689\/revisions"}],"predecessor-version":[{"id":21764,"href":"https:\/\/teec.org.mx\/web\/wp-json\/wp\/v2\/pages\/14689\/revisions\/21764"}],"wp:attachment":[{"href":"https:\/\/teec.org.mx\/web\/wp-json\/wp\/v2\/media?parent=14689"}],"wp:term":[{"taxonomy":"yst_prominent_words","embeddable":true,"href":"https:\/\/teec.org.mx\/web\/wp-json\/wp\/v2\/yst_prominent_words?post=14689"}],"curies":[{"name":"wp","href":"https:\/\/api.w.org\/{rel}","templated":true}]}}