{"id":14819,"date":"2022-01-18T17:00:02","date_gmt":"2022-01-18T23:00:02","guid":{"rendered":"https:\/\/teec.org.mx\/web\/?page_id=14819"},"modified":"2023-01-17T13:31:05","modified_gmt":"2023-01-17T19:31:05","slug":"sentencias-2022","status":"publish","type":"page","link":"https:\/\/teec.org.mx\/web\/sentencias-2022\/","title":{"rendered":"Sentencias 2022"},"content":{"rendered":"\n<h3 class=\"has-text-align-center wp-block-heading\">Sentencias 2022<\/h3>\n\n\n\n<p>&nbsp;<\/p>\n<table class=\" aligncenter\" style=\"height: 341px; width: 70.3924%; border-collapse: collapse;\">\n<tbody>\n<tr style=\"height: 23px;\">\n<td style=\"width: 89.0476%; height: 23px;\"><span style=\"font-size: 18pt;\">Recursos de Apelaci\u00f3n<\/span><\/td>\n<td style=\"width: 10.9524%; height: 23px;\"><a href=\"https:\/\/teec.org.mx\/web\/sentencias-rap-2022\/\"><span style=\"font-size: 18pt;\">RAP<\/span><\/a><\/td>\n<\/tr>\n<tr style=\"height: 23px;\">\n<td style=\"width: 89.0476%; height: 23px;\"><span style=\"font-size: 18pt;\">Cuaderno Incidental<\/span><\/td>\n<td style=\"width: 10.9524%; height: 23px;\"><a href=\"https:\/\/teec.org.mx\/web\/sentencias-inc-2022\/\"><span style=\"font-size: 18pt;\">INC<\/span><\/a><\/td>\n<\/tr>\n<tr style=\"height: 60px;\">\n<td style=\"width: 89.0476%; height: 60px;\"><span style=\"font-size: 18pt;\">Juicio para la Protecci\u00f3n de los Derechos Pol\u00edticos-Electorales de la Ciudadan\u00eda<\/span><\/td>\n<td style=\"width: 10.9524%; height: 60px;\"><a href=\"https:\/\/teec.org.mx\/web\/sentencias-jdc-2022\/\"><span style=\"font-size: 18pt;\">JDC<\/span><\/a><\/td>\n<\/tr>\n<tr style=\"height: 28px;\">\n<td style=\"width: 89.0476%; height: 28px;\"><span style=\"font-size: 18pt;\">Procedimiento Especial Sancionador<\/span><\/td>\n<td style=\"width: 10.9524%; height: 28px;\"><a href=\"https:\/\/teec.org.mx\/web\/sentencias-pes-2022\/\"><span style=\"font-size: 18pt;\">PES<\/span><\/a><\/td>\n<\/tr>\n<tr style=\"height: 23px;\">\n<td style=\"width: 89.0476%; height: 23px;\"><span style=\"font-size: 18pt;\">Juicio Electoral<\/span><\/td>\n<td style=\"width: 10.9524%; height: 23px;\"><a href=\"https:\/\/teec.org.mx\/web\/sentencias-je-2022\/\"><span style=\"font-size: 18pt;\">JE<\/span><\/a><\/td>\n<\/tr>\n<\/tbody>\n<\/table>\n<p>&nbsp;<\/p>\n<p style=\"text-align: center;\">&nbsp;<\/p>\n\n\n\n<p><\/p>\n","protected":false},"excerpt":{"rendered":"<p>Sentencias 2022 &nbsp; Recursos de Apelaci\u00f3n RAP Cuaderno Incidental INC Juicio para la Protecci\u00f3n de los Derechos Pol\u00edticos-Electorales de la Ciudadan\u00eda JDC Procedimiento Especial Sancionador PES Juicio Electoral JE &nbsp; &nbsp;<\/p>\n","protected":false},"author":1,"featured_media":0,"parent":0,"menu_order":0,"comment_status":"closed","ping_status":"closed","template":"","meta":{"footnotes":""},"yst_prominent_words":[261],"_links":{"self":[{"href":"https:\/\/teec.org.mx\/web\/wp-json\/wp\/v2\/pages\/14819"}],"collection":[{"href":"https:\/\/teec.org.mx\/web\/wp-json\/wp\/v2\/pages"}],"about":[{"href":"https:\/\/teec.org.mx\/web\/wp-json\/wp\/v2\/types\/page"}],"author":[{"embeddable":true,"href":"https:\/\/teec.org.mx\/web\/wp-json\/wp\/v2\/users\/1"}],"replies":[{"embeddable":true,"href":"https:\/\/teec.org.mx\/web\/wp-json\/wp\/v2\/comments?post=14819"}],"version-history":[{"count":4,"href":"https:\/\/teec.org.mx\/web\/wp-json\/wp\/v2\/pages\/14819\/revisions"}],"predecessor-version":[{"id":17281,"href":"https:\/\/teec.org.mx\/web\/wp-json\/wp\/v2\/pages\/14819\/revisions\/17281"}],"wp:attachment":[{"href":"https:\/\/teec.org.mx\/web\/wp-json\/wp\/v2\/media?parent=14819"}],"wp:term":[{"taxonomy":"yst_prominent_words","embeddable":true,"href":"https:\/\/teec.org.mx\/web\/wp-json\/wp\/v2\/yst_prominent_words?post=14819"}],"curies":[{"name":"wp","href":"https:\/\/api.w.org\/{rel}","templated":true}]}}