{"id":15,"date":"2020-02-07T05:07:50","date_gmt":"2020-02-07T05:07:50","guid":{"rendered":"http:\/\/teec.org.mx\/web\/?page_id=15"},"modified":"2024-12-23T11:16:23","modified_gmt":"2024-12-23T17:16:23","slug":"aviso-de-privacidad","status":"publish","type":"page","link":"https:\/\/teec.org.mx\/web\/aviso-de-privacidad\/","title":{"rendered":"Aviso de privacidad"},"content":{"rendered":"\n<p>\u00a0<\/p>\n<p>\u00a0<\/p>\n<p>\u00a0<\/p>\n<h3 style=\"text-align: center;\">Avisos de Privacidad<\/h3>\n<p>\u00a0<\/p>\n\n\n\n<div class=\"wp-block-columns is-layout-flex wp-container-core-columns-layout-1 wp-block-columns-is-layout-flex\">\n<div class=\"wp-block-column is-layout-flow wp-block-column-is-layout-flow\" style=\"flex-basis:15.67%\"><\/div>\n\n\n\n<div class=\"wp-block-column is-layout-flow wp-block-column-is-layout-flow\" style=\"flex-basis:41.67%\">\n<p><span style=\"font-size: 18pt;\">Secretar\u00eda General de Acuerdos<\/span><\/p>\n<ul>\n<li><span style=\"font-size: 18pt;\"><a href=\"https:\/\/teec.org.mx\/web\/wp-content\/uploads\/2021\/01\/Aviso-de-Privacidad-SGA-simplificado.pdf\" target=\"_blank\" rel=\"noopener noreferrer\">Simplificado<\/a><\/span><\/li>\n<li><span style=\"font-size: 18pt;\"><a href=\"https:\/\/teec.org.mx\/web\/wp-content\/uploads\/2021\/01\/Aviso-de-Privacidad-SGA-integral.pdf\" target=\"_blank\" rel=\"noopener noreferrer\">Integral<\/a><\/span><\/li>\n<\/ul>\n<p><span style=\"font-size: 18pt;\">\u00d3rgano Interno de Control<\/span><\/p>\n<ul>\n<li><span style=\"font-size: 18pt;\"><a href=\"https:\/\/teec.org.mx\/web\/wp-content\/uploads\/2021\/01\/Aviso-de-Privacidad-OIC-simplificado.pdf\" target=\"_blank\" rel=\"noopener noreferrer\">Simplificado<\/a><\/span><\/li>\n<li><span style=\"font-size: 18pt;\"><a href=\"https:\/\/teec.org.mx\/web\/wp-content\/uploads\/2021\/01\/Aviso-de-Privacidad-OIC-integral.pdf\" target=\"_blank\" rel=\"noopener noreferrer\">Integral<\/a><\/span><\/li>\n<\/ul>\n<\/div>\n\n\n\n<div class=\"wp-block-column is-layout-flow wp-block-column-is-layout-flow\" style=\"flex-basis:32.67%\">\n<p><span style=\"font-size: 18pt;\">Direcci\u00f3n Administrativa<\/span><\/p>\n<ul>\n<li><span style=\"font-size: 18pt;\"><a href=\"https:\/\/teec.org.mx\/web\/wp-content\/uploads\/2021\/01\/Aviso-Privacidad-Admon-simplificado.pdf\" target=\"_blank\" rel=\"noopener noreferrer\">Simplificado<\/a><\/span><\/li>\n<li><span style=\"font-size: 18pt;\"><a href=\"https:\/\/teec.org.mx\/web\/wp-content\/uploads\/2021\/01\/Aviso-de-Privacidad-para-el-Registro-de-Entradas-y-Salidas-del-TEEC-simplificado.pdf\" target=\"_blank\" rel=\"noopener noreferrer\">Simplificado (Registro de Entradas y Salidas del TEEC)<\/a><\/span><\/li>\n<li><span style=\"font-size: 18pt;\"><a href=\"https:\/\/teec.org.mx\/web\/wp-content\/uploads\/2021\/01\/Aviso-de-Privacidad-para-el-Registro-de-Entradas-y-Salidas-del-TEEC-integral.pdf\" target=\"_blank\" rel=\"noopener noreferrer\">Integral (Registro de Entradas y Salidas del TEEC)<\/a><\/span><\/li>\n<\/ul>\n<p><span style=\"font-size: 18pt;\">Transparencia<\/span><\/p>\n<ul>\n<li><span style=\"font-size: 18pt;\"><a href=\"https:\/\/teec.org.mx\/web\/wp-content\/uploads\/2021\/01\/Aviso-de-Privacidad-UT-simplificado.pdf\" target=\"_blank\" rel=\"noopener noreferrer\">Simplificado<\/a><\/span><\/li>\n<li><span style=\"font-size: 18pt;\"><a href=\"https:\/\/teec.org.mx\/web\/wp-content\/uploads\/2021\/01\/Aviso-de-Ptivacidad-UT-integral.pdf\" target=\"_blank\" rel=\"noopener noreferrer\">Integral<\/a><\/span><\/li>\n<\/ul>\n<\/div>\n\n\n\n<div class=\"wp-block-column is-layout-flow wp-block-column-is-layout-flow\" style=\"flex-basis:10%\"><\/div>\n<\/div>\n","protected":false},"excerpt":{"rendered":"<p>\u00a0 \u00a0 \u00a0 Avisos de Privacidad \u00a0 Secretar\u00eda General de Acuerdos Simplificado Integral \u00d3rgano Interno de Control Simplificado Integral Direcci\u00f3n Administrativa Simplificado Simplificado (Registro de Entradas y Salidas del TEEC) Integral (Registro de Entradas y Salidas del TEEC) Transparencia Simplificado Integral<\/p>\n","protected":false},"author":1,"featured_media":0,"parent":0,"menu_order":0,"comment_status":"closed","ping_status":"closed","template":"","meta":{"footnotes":""},"yst_prominent_words":[231,628,230,690],"_links":{"self":[{"href":"https:\/\/teec.org.mx\/web\/wp-json\/wp\/v2\/pages\/15"}],"collection":[{"href":"https:\/\/teec.org.mx\/web\/wp-json\/wp\/v2\/pages"}],"about":[{"href":"https:\/\/teec.org.mx\/web\/wp-json\/wp\/v2\/types\/page"}],"author":[{"embeddable":true,"href":"https:\/\/teec.org.mx\/web\/wp-json\/wp\/v2\/users\/1"}],"replies":[{"embeddable":true,"href":"https:\/\/teec.org.mx\/web\/wp-json\/wp\/v2\/comments?post=15"}],"version-history":[{"count":12,"href":"https:\/\/teec.org.mx\/web\/wp-json\/wp\/v2\/pages\/15\/revisions"}],"predecessor-version":[{"id":23140,"href":"https:\/\/teec.org.mx\/web\/wp-json\/wp\/v2\/pages\/15\/revisions\/23140"}],"wp:attachment":[{"href":"https:\/\/teec.org.mx\/web\/wp-json\/wp\/v2\/media?parent=15"}],"wp:term":[{"taxonomy":"yst_prominent_words","embeddable":true,"href":"https:\/\/teec.org.mx\/web\/wp-json\/wp\/v2\/yst_prominent_words?post=15"}],"curies":[{"name":"wp","href":"https:\/\/api.w.org\/{rel}","templated":true}]}}