{"id":16163,"date":"2022-06-22T14:24:29","date_gmt":"2022-06-22T19:24:29","guid":{"rendered":"https:\/\/teec.org.mx\/web\/?page_id=16163"},"modified":"2024-09-11T13:39:32","modified_gmt":"2024-09-11T19:39:32","slug":"actas-electorales-2022","status":"publish","type":"page","link":"https:\/\/teec.org.mx\/web\/actas-electorales-2022\/","title":{"rendered":"Actas Electorales 2022"},"content":{"rendered":"\n<h2 class=\"wp-block-heading has-text-align-center\"><\/h2>\n\n\n\n<p>\u00a0<\/p>\n<p>\u00a0<\/p>\n<h1 style=\"text-align: center;\">Actas Electorales 2022<\/h1>\n<p>\u00a0<\/p>\n<p style=\"text-align: center;\"><div class=\"supsystic-table-loader la-ball-beat la-2x\" style=\"color:#000000\"><div><\/div><div><\/div><div><\/div><\/div><div id=\"supsystic-table-82_47760\" class=\"supsystic-tables-wrap pagination-medium\" style=\" width:100%; visibility: hidden; \" data-table-width-fixed=\"100%\" data-table-width-mobile=\"100%\" ><div class=\"supsystic-tables-features\"><\/div><table id=\"supsystic-table-82\" class=\"supsystic-table border cell-border\" data-id=\"82\" data-view-id=\"82_47760\" data-title=\"Actas Electorales 2022\" data-currency-format=\"$1,000.00\" data-percent-format=\"10.00%\" data-date-format=\"DD.MM.YYYY\" data-time-format=\"HH:mm\" data-features=\"[&quot;info&quot;,&quot;paging&quot;,&quot;searching&quot;,&quot;after_table_loaded_script&quot;,&quot;import&quot;]\" data-search-value=\"\" data-head=\"on\" data-head-rows-count=\"1\" data-pagination-length=\"10,25,50,100,All\" data-auto-index=\"off\" data-searching-settings=\"{&quot;columnSearchPosition&quot;:&quot;bottom&quot;,&quot;minChars&quot;:&quot;0&quot;}\" data-lang=\"Spanish\" data-override=\"{&quot;emptyTable&quot;:&quot;&quot;,&quot;info&quot;:&quot;&quot;,&quot;infoEmpty&quot;:&quot;&quot;,&quot;infoFiltered&quot;:&quot;&quot;,&quot;lengthMenu&quot;:&quot;&quot;,&quot;search&quot;:&quot;&quot;,&quot;zeroRecords&quot;:&quot;&quot;,&quot;exportLabel&quot;:&quot;&quot;,&quot;file&quot;:&quot;Spanish&quot;}\" data-merged=\"[]\" data-responsive-mode=\"0\" data-from-history=\"0\" ><thead><tr><th data-cell-id=\"A1\" data-x=\"0\" data-y=\"1\" data-db-index=\"1\" class=\"htCenter bg-d49820 color-ffffff bold fsize-18\" data-cell-type=\"text\" data-original-value=\"FECHA Y HORA DE NOTIFICACI\u00d3N\" data-order=\"FECHA Y HORA DE NOTIFICACI\u00d3N\" style=\"min-width:18.2624%; \" >FECHA Y HORA DE NOTIFICACI\u00d3N <\/th><th data-cell-id=\"B1\" data-x=\"1\" data-y=\"1\" data-db-index=\"1\" class=\"htCenter bg-d49820 color-ffffff bold fsize-18\" data-cell-type=\"text\" data-original-value=\"ASUNTO\" data-order=\"ASUNTO\" style=\"min-width:33.7766%; \" >ASUNTO <\/th><th data-cell-id=\"C1\" data-x=\"2\" data-y=\"1\" data-db-index=\"1\" class=\"htCenter bg-d49820 color-ffffff bold fsize-18\" data-cell-type=\"text\" data-original-value=\"INTERESADOS\" data-order=\"INTERESADOS\" style=\"min-width:19.3262%; \" >INTERESADOS <\/th><th data-cell-id=\"D1\" data-x=\"3\" data-y=\"1\" data-db-index=\"1\" class=\"htCenter bg-d49820 color-ffffff bold fsize-18\" data-cell-type=\"text\" data-original-value=\"ARCHIVO\" data-order=\"ARCHIVO\" style=\"min-width:28.6348%; \" >ARCHIVO <\/th><\/tr><\/thead><tbody><tr style=\"height:px\" ><td data-cell-id=\"A2\" data-x=\"0\" data-y=\"2\" data-db-index=\"2\" class=\"fsize-18\" data-cell-type=\"text\" data-original-value=\"12 DE SEPTIEMBRE DE 2022, A LAS 13:00 HORAS\" data-order=\"12 DE SEPTIEMBRE DE 2022, A LAS 13:00 HORAS\" >12 DE SEPTIEMBRE DE 2022, A LAS 13:00 HORAS <\/td><td data-cell-id=\"B2\" data-x=\"1\" data-y=\"2\" data-db-index=\"2\" class=\"fsize-18\" data-cell-type=\"text\" data-original-value=\"SE APRUEBAN D\u00cdA INH\u00c1BIL Y SEGUNDO PERIODO VACACIONAL \" data-order=\"SE APRUEBAN D\u00cdA INH\u00c1BIL Y SEGUNDO PERIODO VACACIONAL \" >SE APRUEBAN D\u00cdA INH\u00c1BIL Y SEGUNDO PERIODO VACACIONAL <\/td><td data-cell-id=\"C2\" data-x=\"2\" data-y=\"2\" data-db-index=\"2\" class=\"fsize-18\" data-cell-type=\"text\" data-original-value=\"P\u00daBLICO EN GENERAL\" data-order=\"P\u00daBLICO EN GENERAL\" >P\u00daBLICO EN GENERAL <\/td><td data-cell-id=\"D2\" data-x=\"3\" data-y=\"2\" data-db-index=\"2\" class=\"fsize-18\" data-cell-type=\"text\" data-original-value=\"&lt;a href=&quot;https:\/\/teec.org.mx\/web\/wp-content\/uploads\/2022\/09\/Acta-19-2022-admin.-19-09-2022.pdf&quot; target=&quot;_blank&quot;&gt;ACTA 19\/2022 DE LA SESI\u00d3N PRIVADA ADMINISTRATIVA DE PLENO DEL TRIBUNAL ELECTORAL DEL ESTADO DE CAMPECHE&lt;\/a&gt;\" data-order=\"&lt;a href=&quot;https:\/\/teec.org.mx\/web\/wp-content\/uploads\/2022\/09\/Acta-19-2022-admin.-19-09-2022.pdf&quot; target=&quot;_blank&quot;&gt;ACTA 19\/2022 DE LA SESI\u00d3N PRIVADA ADMINISTRATIVA DE PLENO DEL TRIBUNAL ELECTORAL DEL ESTADO DE CAMPECHE&lt;\/a&gt;\" ><a href=\"https:\/\/teec.org.mx\/web\/wp-content\/uploads\/2022\/09\/Acta-19-2022-admin.-19-09-2022.pdf\" target=\"_blank\">ACTA 19\/2022 DE LA SESI\u00d3N PRIVADA ADMINISTRATIVA DE PLENO DEL TRIBUNAL ELECTORAL DEL ESTADO DE CAMPECHE<\/a><\/td><\/tr><tr style=\"height:px\" ><td data-cell-id=\"A3\" data-x=\"0\" data-y=\"3\" data-db-index=\"3\" class=\"fsize-18\" data-cell-type=\"text\" data-original-value=\"11 DE AGOSTO DE 2022, A LAS 12:30 HORAS\" data-order=\"11 DE AGOSTO DE 2022, A LAS 12:30 HORAS\" >11 DE AGOSTO DE 2022, A LAS 12:30 HORAS <\/td><td data-cell-id=\"B3\" data-x=\"1\" data-y=\"3\" data-db-index=\"3\" class=\"fsize-18\" data-cell-type=\"text\" data-original-value=\"\" data-order=\"\" ><\/td><td data-cell-id=\"C3\" data-x=\"2\" data-y=\"3\" data-db-index=\"3\" class=\"fsize-18\" data-cell-type=\"text\" data-original-value=\"P\u00daBLICO EN GENERAL\" data-order=\"P\u00daBLICO EN GENERAL\" >P\u00daBLICO EN GENERAL <\/td><td data-cell-id=\"D3\" data-x=\"3\" data-y=\"3\" data-db-index=\"3\" class=\"fsize-18\" data-cell-type=\"text\" data-original-value=\"&lt;a href=&quot;https:\/\/teec.org.mx\/web\/wp-content\/uploads\/2022\/08\/Acta-17-2022-administrativa-11-08-2022.pdf&quot; target=&quot;_blank&quot;&gt;ACTA 17\/2022 DE LA SESI\u00d3N PRIVADA ADMINISTRATIVA DE PLENO DEL TRIBUNAL ELECTORAL DEL ESTADO DE CAMPECHE&lt;\/a&gt;\" data-order=\"&lt;a href=&quot;https:\/\/teec.org.mx\/web\/wp-content\/uploads\/2022\/08\/Acta-17-2022-administrativa-11-08-2022.pdf&quot; target=&quot;_blank&quot;&gt;ACTA 17\/2022 DE LA SESI\u00d3N PRIVADA ADMINISTRATIVA DE PLENO DEL TRIBUNAL ELECTORAL DEL ESTADO DE CAMPECHE&lt;\/a&gt;\" ><a href=\"https:\/\/teec.org.mx\/web\/wp-content\/uploads\/2022\/08\/Acta-17-2022-administrativa-11-08-2022.pdf\" target=\"_blank\">ACTA 17\/2022 DE LA SESI\u00d3N PRIVADA ADMINISTRATIVA DE PLENO DEL TRIBUNAL ELECTORAL DEL ESTADO DE CAMPECHE<\/a><\/td><\/tr><tr style=\"height:px\" ><td data-cell-id=\"A4\" data-x=\"0\" data-y=\"4\" data-db-index=\"4\" class=\"fsize-18\" data-cell-type=\"text\" data-original-value=\"13 DE JULIO DE 2022, A LAS 12:00 HORAS\" data-order=\"13 DE JULIO DE 2022, A LAS 12:00 HORAS\" >13 DE JULIO DE 2022, A LAS 12:00 HORAS <\/td><td data-cell-id=\"B4\" data-x=\"1\" data-y=\"4\" data-db-index=\"4\" class=\"fsize-18\" data-cell-type=\"text\" data-original-value=\"SE APRUEBAN LOS \u201cLINEAMIENTOS PARA ESTABLECER EL COMIT\u00c9 DE \u00c9TICA Y DE PREVENCI\u00d3N DE CONFLICTOS DE INTER\u00c9S DEL TRIBUNAL ELECTORAL DEL ESTADO DE CAMPECHE\u201d, \u201cDIRECTRICES DE INTEGRIDAD DEL TRIBUNAL ELECTORAL DEL ESTADO DE CAMPECHE\u201d, \u201cPOL\u00cdTICAS DE INTEGRIDAD DEL TRIBUNAL ELECTORAL DEL ESTADO DE CAMPECHE\u201d Y \u201cCARTA COMPROMISO DEL PERSONAL DEL TRIBUNAL ELECTORAL DEL ESTADO DE CAMPECHE\u201d\" data-order=\"SE APRUEBAN LOS \u201cLINEAMIENTOS PARA ESTABLECER EL COMIT\u00c9 DE \u00c9TICA Y DE PREVENCI\u00d3N DE CONFLICTOS DE INTER\u00c9S DEL TRIBUNAL ELECTORAL DEL ESTADO DE CAMPECHE\u201d, \u201cDIRECTRICES DE INTEGRIDAD DEL TRIBUNAL ELECTORAL DEL ESTADO DE CAMPECHE\u201d, \u201cPOL\u00cdTICAS DE INTEGRIDAD DEL TRIBUNAL ELECTORAL DEL ESTADO DE CAMPECHE\u201d Y \u201cCARTA COMPROMISO DEL PERSONAL DEL TRIBUNAL ELECTORAL DEL ESTADO DE CAMPECHE\u201d\" >SE APRUEBAN LOS \u201cLINEAMIENTOS PARA ESTABLECER EL COMIT\u00c9 DE \u00c9TICA Y DE PREVENCI\u00d3N DE CONFLICTOS DE INTER\u00c9S DEL TRIBUNAL ELECTORAL DEL ESTADO DE CAMPECHE\u201d, \u201cDIRECTRICES DE INTEGRIDAD DEL TRIBUNAL ELECTORAL DEL ESTADO DE CAMPECHE\u201d, \u201cPOL\u00cdTICAS DE INTEGRIDAD DEL TRIBUNAL ELECTORAL DEL ESTADO DE CAMPECHE\u201d Y \u201cCARTA COMPROMISO DEL PERSONAL DEL TRIBUNAL ELECTORAL DEL ESTADO DE CAMPECHE\u201d <\/td><td data-cell-id=\"C4\" data-x=\"2\" data-y=\"4\" data-db-index=\"4\" class=\"fsize-18\" data-cell-type=\"text\" data-original-value=\"P\u00daBLICO EN GENERAL\" data-order=\"P\u00daBLICO EN GENERAL\" >P\u00daBLICO EN GENERAL <\/td><td data-cell-id=\"D4\" data-x=\"3\" data-y=\"4\" data-db-index=\"4\" class=\"fsize-18\" data-cell-type=\"text\" data-original-value=\"&lt;a href=&quot;https:\/\/teec.org.mx\/web\/wp-content\/uploads\/2022\/07\/Acta-15-2022-admin-13-07-2022.pdf&quot; target=&quot;_blank&quot;&gt;ACTA 15\/2022 DE LA SESI\u00d3N PRIVADA ADMINISTRATIVA DE PLENO DEL TRIBUNAL ELECTORAL DEL ESTADO DE CAMPECHE&lt;\/a&gt;\" data-order=\"&lt;a href=&quot;https:\/\/teec.org.mx\/web\/wp-content\/uploads\/2022\/07\/Acta-15-2022-admin-13-07-2022.pdf&quot; target=&quot;_blank&quot;&gt;ACTA 15\/2022 DE LA SESI\u00d3N PRIVADA ADMINISTRATIVA DE PLENO DEL TRIBUNAL ELECTORAL DEL ESTADO DE CAMPECHE&lt;\/a&gt;\" ><a href=\"https:\/\/teec.org.mx\/web\/wp-content\/uploads\/2022\/07\/Acta-15-2022-admin-13-07-2022.pdf\" target=\"_blank\">ACTA 15\/2022 DE LA SESI\u00d3N PRIVADA ADMINISTRATIVA DE PLENO DEL TRIBUNAL ELECTORAL DEL ESTADO DE CAMPECHE<\/a><\/td><\/tr><tr style=\"height:px\" ><td data-cell-id=\"A5\" data-x=\"0\" data-y=\"5\" data-db-index=\"5\" class=\"fsize-18\" data-cell-type=\"text\" data-original-value=\"23 DE JUNIO DE 2022, A LAS 12:30 HORAS\" data-order=\"23 DE JUNIO DE 2022, A LAS 12:30 HORAS\" >23 DE JUNIO DE 2022, A LAS 12:30 HORAS <\/td><td data-cell-id=\"B5\" data-x=\"1\" data-y=\"5\" data-db-index=\"5\" class=\"fsize-18\" data-cell-type=\"text\" data-original-value=\"SE ADICIONAN EL D\u00cdA MARTES ONCE Y LUNES TREINTA Y UNO DE OCTUBRE DE DOS MIL VEINTID\u00d3S, INSERT\u00c1NDOSE PARA TODOS LOS EFECTOS LEGALES CORRESPONDIENTES AL CALENDARIO OFICIAL DE LABORES 2022 DE ESTA AUTORIDAD JURISDICCIONAL ELECTORAL LOCAL\" data-order=\"SE ADICIONAN EL D\u00cdA MARTES ONCE Y LUNES TREINTA Y UNO DE OCTUBRE DE DOS MIL VEINTID\u00d3S, INSERT\u00c1NDOSE PARA TODOS LOS EFECTOS LEGALES CORRESPONDIENTES AL CALENDARIO OFICIAL DE LABORES 2022 DE ESTA AUTORIDAD JURISDICCIONAL ELECTORAL LOCAL\" >SE ADICIONAN EL D\u00cdA MARTES ONCE Y LUNES TREINTA Y UNO DE OCTUBRE DE DOS MIL VEINTID\u00d3S, INSERT\u00c1NDOSE PARA TODOS LOS EFECTOS LEGALES CORRESPONDIENTES AL CALENDARIO OFICIAL DE LABORES 2022 DE ESTA AUTORIDAD JURISDICCIONAL ELECTORAL LOCAL <\/td><td data-cell-id=\"C5\" data-x=\"2\" data-y=\"5\" data-db-index=\"5\" class=\"fsize-18\" data-cell-type=\"text\" data-original-value=\"P\u00daBLICO EN GENERAL\" data-order=\"P\u00daBLICO EN GENERAL\" >P\u00daBLICO EN GENERAL <\/td><td data-cell-id=\"D5\" data-x=\"3\" data-y=\"5\" data-db-index=\"5\" class=\"fsize-18\" data-cell-type=\"text\" data-original-value=\"&lt;a href=&quot;https:\/\/teec.org.mx\/web\/wp-content\/uploads\/2022\/06\/Acta-13-2022-admin.-23-06-2022.pdf&quot; target=&quot;_blank&quot;&gt;ACTA 13\/2022 DE LA SESI\u00d3N PRIVADA ADMINISTRATIVA DE PLENO DEL TRIBUNAL ELECTORAL DEL ESTADO DE CAMPECHE&lt;\/a&gt;\" data-order=\"&lt;a href=&quot;https:\/\/teec.org.mx\/web\/wp-content\/uploads\/2022\/06\/Acta-13-2022-admin.-23-06-2022.pdf&quot; target=&quot;_blank&quot;&gt;ACTA 13\/2022 DE LA SESI\u00d3N PRIVADA ADMINISTRATIVA DE PLENO DEL TRIBUNAL ELECTORAL DEL ESTADO DE CAMPECHE&lt;\/a&gt;\" ><a href=\"https:\/\/teec.org.mx\/web\/wp-content\/uploads\/2022\/06\/Acta-13-2022-admin.-23-06-2022.pdf\" target=\"_blank\">ACTA 13\/2022 DE LA SESI\u00d3N PRIVADA ADMINISTRATIVA DE PLENO DEL TRIBUNAL ELECTORAL DEL ESTADO DE CAMPECHE<\/a><\/td><\/tr><tr style=\"height:px\" ><td data-cell-id=\"A6\" data-x=\"0\" data-y=\"6\" data-db-index=\"6\" class=\"fsize-18\" data-cell-type=\"text\" data-original-value=\"22 DE JUNIO DE 2022, A LAS 12:30 HORAS\" data-order=\"22 DE JUNIO DE 2022, A LAS 12:30 HORAS\" >22 DE JUNIO DE 2022, A LAS 12:30 HORAS <\/td><td data-cell-id=\"B6\" data-x=\"1\" data-y=\"6\" data-db-index=\"6\" class=\"fsize-18\" data-cell-type=\"text\" data-original-value=\"SE APRUEBAN LOS \u201cLINEAMIENTOS PARA ADQUISICIONES, ARRENDAMIENTOS Y SERVICIOS RELACIONADOS CON BIENES MUEBLES E INMUEBLE A TRAV\u00c9S DE LICITACI\u00d3N P\u00daBLICA DEL TRIBUNAL ELECTORAL DEL ESTADO DE CAMPECHE\" data-order=\"SE APRUEBAN LOS \u201cLINEAMIENTOS PARA ADQUISICIONES, ARRENDAMIENTOS Y SERVICIOS RELACIONADOS CON BIENES MUEBLES E INMUEBLE A TRAV\u00c9S DE LICITACI\u00d3N P\u00daBLICA DEL TRIBUNAL ELECTORAL DEL ESTADO DE CAMPECHE\" >SE APRUEBAN LOS \u201cLINEAMIENTOS PARA ADQUISICIONES, ARRENDAMIENTOS Y SERVICIOS RELACIONADOS CON BIENES MUEBLES E INMUEBLE A TRAV\u00c9S DE LICITACI\u00d3N P\u00daBLICA DEL TRIBUNAL ELECTORAL DEL ESTADO DE CAMPECHE <\/td><td data-cell-id=\"C6\" data-x=\"2\" data-y=\"6\" data-db-index=\"6\" class=\"fsize-18\" data-cell-type=\"text\" data-original-value=\"P\u00daBLICO EN GENERAL\" data-order=\"P\u00daBLICO EN GENERAL\" >P\u00daBLICO EN GENERAL <\/td><td data-cell-id=\"D6\" data-x=\"3\" data-y=\"6\" data-db-index=\"6\" class=\"fsize-18\" data-cell-type=\"text\" data-original-value=\"&lt;a href=&quot;https:\/\/teec.org.mx\/web\/wp-content\/uploads\/2022\/06\/Acta-12-2022-admin.-22-06-2022.pdf&quot; target=&quot;_blank&quot;&gt;ACTA 12\/2022 DE LA SESI\u00d3N PRIVADA DE PLENO DEL TRIBUNAL ELECTORAL DEL ESTADO DE CAMPECHE&lt;\/a&gt;\" data-order=\"&lt;a href=&quot;https:\/\/teec.org.mx\/web\/wp-content\/uploads\/2022\/06\/Acta-12-2022-admin.-22-06-2022.pdf&quot; target=&quot;_blank&quot;&gt;ACTA 12\/2022 DE LA SESI\u00d3N PRIVADA DE PLENO DEL TRIBUNAL ELECTORAL DEL ESTADO DE CAMPECHE&lt;\/a&gt;\" ><a href=\"https:\/\/teec.org.mx\/web\/wp-content\/uploads\/2022\/06\/Acta-12-2022-admin.-22-06-2022.pdf\" target=\"_blank\">ACTA 12\/2022 DE LA SESI\u00d3N PRIVADA DE PLENO DEL TRIBUNAL ELECTORAL DEL ESTADO DE CAMPECHE<\/a><\/td><\/tr><\/tbody><\/table><!-- \/#supsystic-table-82.supsystic-table --><div class=\"stbConditionsData\" ><\/div><\/div><!-- \/.supsystic-tables-wrap --><!-- Tables Generator by Supsystic --><!-- Version:1.10.47 --><!-- http:\/\/supsystic.com\/ --><a title=\"WordPress Responsive Table\" style=\"display:none;\" href=\"https:\/\/supsystic.com\/plugins\/wordpress-data-table-plugin\/?utm_medium=love_link\" target=\"_blank\">WordPress Responsive Table<\/a><\/p>\n<p>\u00a0<\/p>\n","protected":false},"excerpt":{"rendered":"<p>\u00a0 \u00a0 Actas Electorales 2022 \u00a0 \u00a0<\/p>\n","protected":false},"author":1,"featured_media":0,"parent":0,"menu_order":0,"comment_status":"closed","ping_status":"closed","template":"","meta":{"footnotes":""},"yst_prominent_words":[],"_links":{"self":[{"href":"https:\/\/teec.org.mx\/web\/wp-json\/wp\/v2\/pages\/16163"}],"collection":[{"href":"https:\/\/teec.org.mx\/web\/wp-json\/wp\/v2\/pages"}],"about":[{"href":"https:\/\/teec.org.mx\/web\/wp-json\/wp\/v2\/types\/page"}],"author":[{"embeddable":true,"href":"https:\/\/teec.org.mx\/web\/wp-json\/wp\/v2\/users\/1"}],"replies":[{"embeddable":true,"href":"https:\/\/teec.org.mx\/web\/wp-json\/wp\/v2\/comments?post=16163"}],"version-history":[{"count":4,"href":"https:\/\/teec.org.mx\/web\/wp-json\/wp\/v2\/pages\/16163\/revisions"}],"predecessor-version":[{"id":22646,"href":"https:\/\/teec.org.mx\/web\/wp-json\/wp\/v2\/pages\/16163\/revisions\/22646"}],"wp:attachment":[{"href":"https:\/\/teec.org.mx\/web\/wp-json\/wp\/v2\/media?parent=16163"}],"wp:term":[{"taxonomy":"yst_prominent_words","embeddable":true,"href":"https:\/\/teec.org.mx\/web\/wp-json\/wp\/v2\/yst_prominent_words?post=16163"}],"curies":[{"name":"wp","href":"https:\/\/api.w.org\/{rel}","templated":true}]}}