{"id":16272,"date":"2022-07-18T13:39:26","date_gmt":"2022-07-18T18:39:26","guid":{"rendered":"https:\/\/teec.org.mx\/web\/?page_id=16272"},"modified":"2022-07-27T12:38:07","modified_gmt":"2022-07-27T17:38:07","slug":"segundo-trimestre-2022-ldf","status":"publish","type":"page","link":"https:\/\/teec.org.mx\/web\/segundo-trimestre-2022-ldf\/","title":{"rendered":"Segundo trimestre 2022 ldf"},"content":{"rendered":"\n<h2 class=\"has-text-align-center wp-block-heading\"> Segundo trimestre 2022<\/h2>\n\n\n\n<p>&nbsp;<\/p>\n<table class=\" aligncenter\" style=\"width: 71.5581%; border-collapse: collapse; height: 768px;\">\n<tbody>\n<tr style=\"height: 83px;\">\n<td style=\"width: 75.4515%; height: 83px;\"><span style=\"font-size: 18pt;\">Estado de situaci\u00f3n financiera detallado<\/span><\/td>\n<td style=\"width: 11.9047%; height: 83px;\"><a href=\"https:\/\/teec.org.mx\/web\/wp-content\/uploads\/2022\/07\/1.-ESFD-2do-tri-2022.pdf\" target=\"_blank\" rel=\"noopener\"><span style=\"font-size: 18pt;\">PDF<\/span><\/a><\/td>\n<td style=\"width: 12.6437%; height: 83px;\"><a href=\"https:\/\/teec.org.mx\/web\/wp-content\/uploads\/2022\/07\/F1_ESF_3062022.xls\"><span style=\"font-size: 18pt;\">Excel<\/span><\/a><\/td>\n<\/tr>\n<tr style=\"height: 23px;\">\n<td style=\"width: 75.4515%; height: 23px;\"><span style=\"font-size: 18pt;\">Informe anal\u00edtico de la deuda p\u00fablica y otros pasivos<\/span><\/td>\n<td style=\"width: 11.9047%; height: 23px;\"><a href=\"https:\/\/teec.org.mx\/web\/wp-content\/uploads\/2022\/07\/2.-IADPOP-2do-tri-2022.pdf\" target=\"_blank\" rel=\"noopener\"><span style=\"font-size: 18pt;\">PDF<\/span><\/a><\/td>\n<td style=\"width: 12.6437%; height: 23px;\"><a href=\"https:\/\/teec.org.mx\/web\/wp-content\/uploads\/2022\/07\/F2_IADPOP_3062022.xls\"><span style=\"font-size: 18pt;\">Excel<\/span><\/a><\/td>\n<\/tr>\n<tr style=\"height: 23px;\">\n<td style=\"width: 75.4515%; height: 23px;\"><span style=\"font-size: 18pt;\">Informe anal\u00edtico de obligaciones diferentes de financiamientos&nbsp;<\/span><\/td>\n<td style=\"width: 11.9047%; height: 23px;\"><a href=\"https:\/\/teec.org.mx\/web\/wp-content\/uploads\/2022\/07\/3.-IAODF-2do-tri-2022.pdf\" target=\"_blank\" rel=\"noopener\"><span style=\"font-size: 18pt;\">PDF<\/span><\/a><\/td>\n<td style=\"width: 12.6437%; height: 23px;\"><a href=\"https:\/\/teec.org.mx\/web\/wp-content\/uploads\/2022\/07\/F3_IAODF_3062022.xls\"><span style=\"font-size: 18pt;\">Excel<\/span><\/a><\/td>\n<\/tr>\n<tr style=\"height: 23px;\">\n<td style=\"width: 75.4515%; height: 23px;\"><span style=\"font-size: 18pt;\">Balance Presupuestario<\/span><\/td>\n<td style=\"width: 11.9047%; height: 23px;\"><a href=\"https:\/\/teec.org.mx\/web\/wp-content\/uploads\/2022\/07\/4.-BP-2do-tri-2022.pdf\" target=\"_blank\" rel=\"noopener\"><span style=\"font-size: 18pt;\">PDF<\/span><\/a><\/td>\n<td style=\"width: 12.6437%; height: 23px;\"><a href=\"https:\/\/teec.org.mx\/web\/wp-content\/uploads\/2022\/07\/F4_BP_3062022.xls\"><span style=\"font-size: 18pt;\">Excel<\/span><\/a><\/td>\n<\/tr>\n<tr style=\"height: 23px;\">\n<td style=\"width: 75.4515%; height: 23px;\"><span style=\"font-size: 18pt;\">Estado anal\u00edtico de ingresos detallado<\/span><\/td>\n<td style=\"width: 11.9047%; height: 23px;\"><a href=\"https:\/\/teec.org.mx\/web\/wp-content\/uploads\/2022\/07\/5.-EAID-2do-tri-2022.pdf\" target=\"_blank\" rel=\"noopener\"><span style=\"font-size: 18pt;\">PDF<\/span><\/a><\/td>\n<td style=\"width: 12.6437%; height: 23px;\"><a href=\"https:\/\/teec.org.mx\/web\/wp-content\/uploads\/2022\/07\/F5_EAID_3062022.xls\"><span style=\"font-size: 18pt;\">Excel<\/span><\/a><\/td>\n<\/tr>\n<tr style=\"height: 23px;\">\n<td style=\"width: 75.4515%; height: 23px;\"><span style=\"font-size: 18pt;\">Estado Anal\u00edtico del ejercicio del presupuesto de egresos detallado en su categor\u00eda:<\/span><\/td>\n<td style=\"width: 11.9047%; height: 23px;\">&nbsp;<\/td>\n<td style=\"width: 12.6437%; height: 23px;\">&nbsp;<\/td>\n<\/tr>\n<tr style=\"height: 23px;\">\n<td style=\"width: 75.4515%; height: 23px;\">\n<ul>\n<li><span style=\"font-size: 18pt;\">Clasificaci\u00f3n por objeto del gasto<\/span><\/li>\n<\/ul>\n<\/td>\n<td style=\"width: 11.9047%; height: 23px;\"><a href=\"https:\/\/teec.org.mx\/web\/wp-content\/uploads\/2022\/07\/6a.-EAEPED-COG-2do-tri-2022.pdf\" target=\"_blank\" rel=\"noopener\"><span style=\"font-size: 18pt;\">PDF<\/span><\/a><\/td>\n<td style=\"width: 12.6437%; height: 23px;\"><a href=\"https:\/\/teec.org.mx\/web\/wp-content\/uploads\/2022\/07\/F6a_EAEPED_COG_3062022.xls\"><span style=\"font-size: 18pt;\">Excel<\/span><\/a><\/td>\n<\/tr>\n<tr style=\"height: 23px;\">\n<td style=\"width: 75.4515%; height: 23px;\">\n<ul>\n<li><span style=\"font-size: 18pt;\">Clasificaci\u00f3n Administrativa<\/span><\/li>\n<\/ul>\n<\/td>\n<td style=\"width: 11.9047%; height: 23px;\"><a href=\"https:\/\/teec.org.mx\/web\/wp-content\/uploads\/2022\/07\/6b.-EAEPED-CA-2do-tri-2022.pdf\" target=\"_blank\" rel=\"noopener\"><span style=\"font-size: 18pt;\">PDF<\/span><\/a><\/td>\n<td style=\"width: 12.6437%; height: 23px;\"><a href=\"https:\/\/teec.org.mx\/web\/wp-content\/uploads\/2022\/07\/F6b_EAEPED_CA_3062022.xls\"><span style=\"font-size: 18pt;\">Excel<\/span><\/a><\/td>\n<\/tr>\n<tr style=\"height: 23px;\">\n<td style=\"width: 75.4515%; height: 23px;\">\n<ul>\n<li><span style=\"font-size: 18pt;\">Clasificaci\u00f3n funcional<\/span><\/li>\n<\/ul>\n<\/td>\n<td style=\"width: 11.9047%; height: 23px;\"><a href=\"https:\/\/teec.org.mx\/web\/wp-content\/uploads\/2022\/07\/6c.-EAEPED-CF-2do-tri-2022.pdf\" target=\"_blank\" rel=\"noopener\"><span style=\"font-size: 18pt;\">PDF<\/span><\/a><\/td>\n<td style=\"width: 12.6437%; height: 23px;\"><a href=\"https:\/\/teec.org.mx\/web\/wp-content\/uploads\/2022\/07\/F6c_EAEPED_CF_3062022.xls\"><span style=\"font-size: 18pt;\">Excel<\/span><\/a><\/td>\n<\/tr>\n<tr style=\"height: 23px;\">\n<td style=\"width: 75.4515%; height: 23px;\">\n<ul>\n<li><span style=\"font-size: 18pt;\">Clasificaci\u00f3n de servicios personales por categor\u00eda<\/span><\/li>\n<\/ul>\n<\/td>\n<td style=\"width: 11.9047%; height: 23px;\"><a href=\"https:\/\/teec.org.mx\/web\/wp-content\/uploads\/2022\/07\/6d.-EAEPED-CSPC-2do-tri-2022.pdf\" target=\"_blank\" rel=\"noopener\"><span style=\"font-size: 18pt;\">PDF<\/span><\/a><\/td>\n<td style=\"width: 12.6437%; height: 23px;\"><a href=\"https:\/\/teec.org.mx\/web\/wp-content\/uploads\/2022\/07\/F6d_EAEPED_CSPC_3062022.xlsx\"><span style=\"font-size: 18pt;\">Excel<\/span><\/a><\/td>\n<\/tr>\n<\/tbody>\n<\/table>\n<p>&nbsp;<\/p>\n","protected":false},"excerpt":{"rendered":"<p>Segundo trimestre 2022 &nbsp; Estado de situaci\u00f3n financiera detallado PDF Excel Informe anal\u00edtico de la deuda p\u00fablica y otros pasivos PDF Excel Informe anal\u00edtico de obligaciones diferentes de financiamientos&nbsp; PDF Excel Balance Presupuestario PDF Excel Estado anal\u00edtico de ingresos detallado PDF Excel Estado Anal\u00edtico del ejercicio del presupuesto de egresos detallado en su categor\u00eda: &nbsp; [&hellip;]<\/p>\n","protected":false},"author":1,"featured_media":0,"parent":0,"menu_order":0,"comment_status":"closed","ping_status":"closed","template":"","meta":{"footnotes":""},"yst_prominent_words":[268,284,269,279,282,280,283,281],"_links":{"self":[{"href":"https:\/\/teec.org.mx\/web\/wp-json\/wp\/v2\/pages\/16272"}],"collection":[{"href":"https:\/\/teec.org.mx\/web\/wp-json\/wp\/v2\/pages"}],"about":[{"href":"https:\/\/teec.org.mx\/web\/wp-json\/wp\/v2\/types\/page"}],"author":[{"embeddable":true,"href":"https:\/\/teec.org.mx\/web\/wp-json\/wp\/v2\/users\/1"}],"replies":[{"embeddable":true,"href":"https:\/\/teec.org.mx\/web\/wp-json\/wp\/v2\/comments?post=16272"}],"version-history":[{"count":4,"href":"https:\/\/teec.org.mx\/web\/wp-json\/wp\/v2\/pages\/16272\/revisions"}],"predecessor-version":[{"id":16355,"href":"https:\/\/teec.org.mx\/web\/wp-json\/wp\/v2\/pages\/16272\/revisions\/16355"}],"wp:attachment":[{"href":"https:\/\/teec.org.mx\/web\/wp-json\/wp\/v2\/media?parent=16272"}],"wp:term":[{"taxonomy":"yst_prominent_words","embeddable":true,"href":"https:\/\/teec.org.mx\/web\/wp-json\/wp\/v2\/yst_prominent_words?post=16272"}],"curies":[{"name":"wp","href":"https:\/\/api.w.org\/{rel}","templated":true}]}}