{"id":16278,"date":"2022-07-18T13:42:13","date_gmt":"2022-07-18T18:42:13","guid":{"rendered":"https:\/\/teec.org.mx\/web\/?page_id=16278"},"modified":"2022-07-27T12:41:30","modified_gmt":"2022-07-27T17:41:30","slug":"segundo-trimestre-2022-conac","status":"publish","type":"page","link":"https:\/\/teec.org.mx\/web\/segundo-trimestre-2022-conac\/","title":{"rendered":"Segundo trimestre 2022 conac"},"content":{"rendered":"\n<h2 class=\"has-text-align-center wp-block-heading\">Segundo trimestre 2022<\/h2>\n\n\n\n<div class=\"wp-block-columns is-layout-flex wp-container-core-columns-layout-1 wp-block-columns-is-layout-flex\">\n<div class=\"wp-block-column is-layout-flow wp-block-column-is-layout-flow\" style=\"flex-basis:10%\"><\/div>\n\n\n\n<div class=\"wp-block-column is-layout-flow wp-block-column-is-layout-flow\" style=\"flex-basis:90%\">\n<p>&nbsp;<\/p>\n<ol>\n<li><a href=\"https:\/\/teec.org.mx\/web\/wp-content\/uploads\/2022\/07\/1.-NEEIMPAS-2do-tri-2022.pdf\" target=\"_blank\" rel=\"noopener\"><span style=\"font-size: 18pt;\">Norma para establecer la estructura de informaci\u00f3n de montos pagados por ayudas y subsidios<\/span><\/a><\/li>\n<li><span style=\"font-size: 18pt;\"><a href=\"https:\/\/teec.org.mx\/web\/wp-content\/uploads\/2022\/07\/2.-NEEFRBCPEP-2do-tri-2022.pdf\" target=\"_blank\" rel=\"noopener\">Norma para establecer la estructura del formato de la relaci\u00f3n de bienes que componen el patrimonio del ente p\u00fablico&nbsp;<\/a>&nbsp;<\/span><\/li>\n<\/ol>\n<p>&nbsp;<\/p>\n<\/div>\n<\/div>\n","protected":false},"excerpt":{"rendered":"<p>Segundo trimestre 2022 &nbsp; Norma para establecer la estructura de informaci\u00f3n de montos pagados por ayudas y subsidios Norma para establecer la estructura del formato de la relaci\u00f3n de bienes que componen el patrimonio del ente p\u00fablico&nbsp;&nbsp; &nbsp;<\/p>\n","protected":false},"author":1,"featured_media":0,"parent":0,"menu_order":0,"comment_status":"closed","ping_status":"closed","template":"","meta":{"footnotes":""},"yst_prominent_words":[289,287,290,288,286,285],"_links":{"self":[{"href":"https:\/\/teec.org.mx\/web\/wp-json\/wp\/v2\/pages\/16278"}],"collection":[{"href":"https:\/\/teec.org.mx\/web\/wp-json\/wp\/v2\/pages"}],"about":[{"href":"https:\/\/teec.org.mx\/web\/wp-json\/wp\/v2\/types\/page"}],"author":[{"embeddable":true,"href":"https:\/\/teec.org.mx\/web\/wp-json\/wp\/v2\/users\/1"}],"replies":[{"embeddable":true,"href":"https:\/\/teec.org.mx\/web\/wp-json\/wp\/v2\/comments?post=16278"}],"version-history":[{"count":2,"href":"https:\/\/teec.org.mx\/web\/wp-json\/wp\/v2\/pages\/16278\/revisions"}],"predecessor-version":[{"id":16360,"href":"https:\/\/teec.org.mx\/web\/wp-json\/wp\/v2\/pages\/16278\/revisions\/16360"}],"wp:attachment":[{"href":"https:\/\/teec.org.mx\/web\/wp-json\/wp\/v2\/media?parent=16278"}],"wp:term":[{"taxonomy":"yst_prominent_words","embeddable":true,"href":"https:\/\/teec.org.mx\/web\/wp-json\/wp\/v2\/yst_prominent_words?post=16278"}],"curies":[{"name":"wp","href":"https:\/\/api.w.org\/{rel}","templated":true}]}}