{"id":166,"date":"2020-02-07T22:36:14","date_gmt":"2020-02-07T22:36:14","guid":{"rendered":"http:\/\/teec.org.mx\/web\/?page_id=166"},"modified":"2026-03-02T11:54:25","modified_gmt":"2026-03-02T17:54:25","slug":"quienes-somos-2","status":"publish","type":"page","link":"https:\/\/teec.org.mx\/web\/quienes-somos-2\/","title":{"rendered":"\u00bfQui\u00e9nes somos?"},"content":{"rendered":"\n<div class=\"wp-block-columns is-layout-flex wp-container-core-columns-layout-1 wp-block-columns-is-layout-flex\">\n<div class=\"wp-block-column is-layout-flow wp-block-column-is-layout-flow\" style=\"flex-basis:10%\"><\/div>\n\n\n\n<div class=\"wp-block-column is-layout-flow wp-block-column-is-layout-flow\" style=\"flex-basis:80%\">\n<h3>&nbsp;<\/h3>\n<h3>&nbsp;<\/h3>\n<h3 style=\"text-align: center;\">Antecedentes<\/h3>\n<h4>&nbsp;<\/h4>\n<p style=\"text-align: justify;\"><span style=\"font-size: 18pt;\">El 10 de febrero de 2014 fue publicada en el Diario Oficial de la Federaci\u00f3n la reforma efectuada a la Constituci\u00f3n Pol\u00edtica de los Estados Unidos Mexicanos en materia pol\u00edtico\u2013electoral, en la que se contempla una importante amalgama de instituciones y temas de gran transcendencia para el Estado Mexicano en su conjunto, pero principalmente en materia electoral, entre ellas, la instauraci\u00f3n de \u00f3rganos jurisdiccionales electorales locales.<\/span><\/p>\n<p style=\"text-align: justify;\"><span style=\"font-size: 18pt;\">La LXI Legislatura del Congreso del Estado de Campeche, para armonizar nuestra Constituci\u00f3n local con la Federal, mediante Decreto n\u00famero 139, publicado en el Peri\u00f3dico Oficial del Estado n\u00famero 5511, de fecha 24 de junio de 2014, adicion\u00f3 la misma, y establece en su art\u00edculo 88\u20131 que: \u201c<em>La Autoridad Electoral Jurisdiccional del Estado de Campeche es el \u00f3rgano especializado en materia electoral , el cu\u00e1l gozar\u00e1 de autonom\u00eda t\u00e9cnica y de gesti\u00f3n en su funcionamiento e independencia en sus decisiones . . .<\/em>\u201d.<\/span><\/p>\n<p style=\"text-align: justify;\"><span style=\"font-size: 18pt;\">As\u00ed mismo, mediante Decreto n\u00famero 154, publicado en el Peri\u00f3dico Oficial del Estado n\u00famero 5515, de fecha 28 de junio de 2014 se crea la Ley de Instituciones y Procedimientos Electorales del Estado de Campeche, en la que en su art\u00edculo 621 establece que \u201c<em>El Tribunal Electoral de Campeche, en t\u00e9rminos de los art\u00edculos 105 de la Ley General y 88\u20131 de la Constituci\u00f3n local, ser\u00e1 la autoridad jurisdiccional local especializada en materia electoral, que gozar\u00e1 de autonom\u00eda t\u00e9cnica y de gesti\u00f3n en su funcionamiento, e independencia en sus decisiones; el cual tendr\u00e1 a su cargo la sustanciaci\u00f3n y resoluci\u00f3n de los medios de impugnaci\u00f3n impuestos en contra de todos los actos y resoluciones electorales locales, conforme se previene por esta Ley. . .<\/em>\u201d.<\/span><\/p>\n<p>&nbsp;<\/p>\n\n\n\n<h3 class=\"wp-block-heading has-text-align-center\">Principios rectores<\/h3>\n\n\n\n<p>&nbsp;<\/p>\n<p style=\"text-align: justify;\"><span style=\"font-size: 18pt;\">En el ejercicio de su funci\u00f3n deber\u00e1 actuar bajo los principios de certeza, imparcialidad, independencia, legalidad, m\u00e1xima publicidad, objetividad y probidad.<\/span><\/p>\n<p>&nbsp;<\/p>\n\n\n\n<h4 class=\"wp-block-heading has-text-align-center\">Medios de impugnaci\u00f3n y procedimientos en los que tiene competencia el Tribunal Electoral del Estado de Campeche<\/h4>\n\n\n\n<p>\u00a0<\/p>\n<p style=\"text-align: justify;\"><span style=\"font-size: 18pt;\">El Recurso de Apelaci\u00f3n, el Juicio de Inconformidad, el Juicio para la Protecci\u00f3n de los Derechos Pol\u00edticos Electorales de la Ciudadan\u00eda, y los procedimientos sancionadores.<\/span><\/p>\n<p>\u00a0<\/p>\n<p><img loading=\"lazy\" decoding=\"async\" class=\"alignnone  wp-image-23640\" src=\"https:\/\/teec.org.mx\/web\/wp-content\/uploads\/2024\/07\/giphy-3.gif\" alt=\"\" width=\"45\" height=\"45\" \/><img loading=\"lazy\" decoding=\"async\" class=\"alignnone  wp-image-23647\" src=\"https:\/\/teec.org.mx\/web\/wp-content\/uploads\/2024\/07\/giphy-6.gif\" alt=\"\" width=\"74\" height=\"74\" \/><img loading=\"lazy\" decoding=\"async\" class=\"alignnone  wp-image-32901\" src=\"https:\/\/teec.org.mx\/web\/wp-content\/uploads\/2026\/03\/MARFIPOSDAS-1-300x255.png\" alt=\"\" width=\"62\" height=\"53\" srcset=\"https:\/\/teec.org.mx\/web\/wp-content\/uploads\/2026\/03\/MARFIPOSDAS-1-300x255.png 300w, https:\/\/teec.org.mx\/web\/wp-content\/uploads\/2026\/03\/MARFIPOSDAS-1-1024x870.png 1024w, https:\/\/teec.org.mx\/web\/wp-content\/uploads\/2026\/03\/MARFIPOSDAS-1-768x653.png 768w, https:\/\/teec.org.mx\/web\/wp-content\/uploads\/2026\/03\/MARFIPOSDAS-1.png 1478w\" sizes=\"(max-width: 62px) 100vw, 62px\" \/><img loading=\"lazy\" decoding=\"async\" class=\"wp-image-23645 alignright\" src=\"https:\/\/teec.org.mx\/web\/wp-content\/uploads\/2024\/07\/giphy-4.gif\" alt=\"\" width=\"84\" height=\"84\" \/><\/p>\n\n\n\n<figure class=\"wp-block-gallery has-nested-images columns-default is-cropped wp-block-gallery-1 is-layout-flex wp-block-gallery-is-layout-flex\"><\/figure>\n<\/div>\n\n\n\n<div class=\"wp-block-column is-layout-flow wp-block-column-is-layout-flow\" style=\"flex-basis:10%\"><\/div>\n<\/div>\n","protected":false},"excerpt":{"rendered":"<p>&nbsp; &nbsp; Antecedentes &nbsp; El 10 de febrero de 2014 fue publicada en el Diario Oficial de la Federaci\u00f3n la reforma efectuada a la Constituci\u00f3n Pol\u00edtica de los Estados Unidos Mexicanos en materia pol\u00edtico\u2013electoral, en la que se contempla una importante amalgama de instituciones y temas de gran transcendencia para el Estado Mexicano en su [&hellip;]<\/p>\n","protected":false},"author":1,"featured_media":0,"parent":0,"menu_order":0,"comment_status":"closed","ping_status":"closed","template":"","meta":{"footnotes":""},"yst_prominent_words":[60,48,61,56,57,43,55,52,54,49,53,45,36,58,50,47,51,25],"_links":{"self":[{"href":"https:\/\/teec.org.mx\/web\/wp-json\/wp\/v2\/pages\/166"}],"collection":[{"href":"https:\/\/teec.org.mx\/web\/wp-json\/wp\/v2\/pages"}],"about":[{"href":"https:\/\/teec.org.mx\/web\/wp-json\/wp\/v2\/types\/page"}],"author":[{"embeddable":true,"href":"https:\/\/teec.org.mx\/web\/wp-json\/wp\/v2\/users\/1"}],"replies":[{"embeddable":true,"href":"https:\/\/teec.org.mx\/web\/wp-json\/wp\/v2\/comments?post=166"}],"version-history":[{"count":32,"href":"https:\/\/teec.org.mx\/web\/wp-json\/wp\/v2\/pages\/166\/revisions"}],"predecessor-version":[{"id":32902,"href":"https:\/\/teec.org.mx\/web\/wp-json\/wp\/v2\/pages\/166\/revisions\/32902"}],"wp:attachment":[{"href":"https:\/\/teec.org.mx\/web\/wp-json\/wp\/v2\/media?parent=166"}],"wp:term":[{"taxonomy":"yst_prominent_words","embeddable":true,"href":"https:\/\/teec.org.mx\/web\/wp-json\/wp\/v2\/yst_prominent_words?post=166"}],"curies":[{"name":"wp","href":"https:\/\/api.w.org\/{rel}","templated":true}]}}