{"id":17217,"date":"2023-01-16T11:10:16","date_gmt":"2023-01-16T17:10:16","guid":{"rendered":"https:\/\/teec.org.mx\/web\/?page_id=17217"},"modified":"2024-05-16T15:07:44","modified_gmt":"2024-05-16T21:07:44","slug":"resoluciones-2023","status":"publish","type":"page","link":"https:\/\/teec.org.mx\/web\/resoluciones-2023\/","title":{"rendered":"Estrados Electr\u00f3nicos 2023"},"content":{"rendered":"\n<h2 class=\"wp-block-heading has-text-align-center\"><\/h2>\n\n\n\n<p>\u00a0<\/p>\n<p>\u00a0<\/p>\n<p>\u00a0<\/p>\n<h1 style=\"text-align: center;\">Estrados Electr\u00f3nicos 2023<\/h1>\n<p>\u00a0<\/p>\n<table class=\" aligncenter\" style=\"width: 76.6738%; border-collapse: collapse; height: 502px;\">\n<tbody>\n<tr style=\"height: 27px;\">\n<td style=\"width: 78.3582%; height: 27px;\"><span style=\"font-size: 14pt;\">Recursos de Apelaci\u00f3n<\/span><\/td>\n<td style=\"width: 6.28039%; height: 27px;\"><a href=\"https:\/\/teec.org.mx\/web\/rap-2023\/\"><span style=\"font-size: 14pt;\">RAP<\/span><\/a><\/td>\n<\/tr>\n<tr style=\"height: 10px;\">\n<td style=\"width: 78.3582%; height: 10px;\"><span style=\"font-size: 14pt;\">Cuaderno Incidental<\/span><\/td>\n<td style=\"width: 6.28039%; height: 10px;\"><a href=\"https:\/\/teec.org.mx\/web\/inc-2023\/\"><span style=\"font-size: 14pt;\">INC<\/span><\/a><\/td>\n<\/tr>\n<tr style=\"height: 75px;\">\n<td style=\"width: 78.3582%; height: 75px;\"><span style=\"font-size: 14pt;\">Juicio para la Protecci\u00f3n de los Derechos Pol\u00edticos-Electorales de la Ciudadan\u00eda<\/span><\/td>\n<td style=\"width: 6.28039%; height: 75px;\"><a href=\"https:\/\/teec.org.mx\/web\/jdc-2023\/\"><span style=\"font-size: 14pt;\">JDC<\/span><\/a><\/td>\n<\/tr>\n<tr style=\"height: 27px;\">\n<td style=\"width: 78.3582%; height: 27px;\"><span style=\"font-size: 14pt;\">Asuntos Generales<\/span><\/td>\n<td style=\"width: 6.28039%; height: 27px;\"><a href=\"https:\/\/teec.org.mx\/web\/ag-2023\/\"><span style=\"font-size: 14pt;\">AG<\/span><\/a><\/td>\n<\/tr>\n<tr style=\"height: 27px;\">\n<td style=\"width: 78.3582%; height: 27px;\"><span style=\"font-size: 14pt;\">Expedientillos<\/span><\/td>\n<td style=\"width: 6.28039%; height: 27px;\"><a href=\"https:\/\/teec.org.mx\/web\/expedientillos-2023\/\"><span style=\"font-size: 14pt;\">EXP<\/span><\/a><\/td>\n<\/tr>\n<tr style=\"height: 35px;\">\n<td style=\"width: 78.3582%; height: 35px;\"><span style=\"font-size: 14pt;\">Procedimiento Especial Sancionador<\/span><\/td>\n<td style=\"width: 6.28039%; height: 35px;\"><a href=\"https:\/\/teec.org.mx\/web\/pes-2023\/\"><span style=\"font-size: 14pt;\">PES<\/span><\/a><\/td>\n<\/tr>\n<tr style=\"height: 51px;\">\n<td style=\"width: 78.3582%; height: 51px;\"><span style=\"font-size: 14pt;\">Impedimento para conocer de un determinado medio de impugnaci\u00f3n<\/span><\/td>\n<td style=\"width: 6.28039%; height: 51px;\"><a href=\"https:\/\/teec.org.mx\/web\/imp-2023\/\"><span style=\"font-size: 14pt;\">IMP<\/span><\/a><\/td>\n<\/tr>\n<tr style=\"height: 27px;\">\n<td style=\"width: 78.3582%; height: 27px;\"><span style=\"font-size: 14pt;\">Juicio Electoral<\/span><\/td>\n<td style=\"width: 6.28039%; height: 27px;\"><a href=\"https:\/\/teec.org.mx\/web\/je-2023\/\"><span style=\"font-size: 14pt;\">JE<\/span><\/a><\/td>\n<\/tr>\n<tr>\n<td style=\"width: 78.3582%;\"><span style=\"font-size: 14pt;\">Actas Electorales<\/span><\/td>\n<td style=\"width: 6.28039%;\"><a href=\"https:\/\/teec.org.mx\/web\/actas-electorales-2023\/\"><span style=\"font-size: 14pt;\">Actas<\/span><\/a><\/td>\n<\/tr>\n<\/tbody>\n<\/table>\n<p>\u00a0<\/p>\n","protected":false},"excerpt":{"rendered":"<p>\u00a0 \u00a0 \u00a0 Estrados Electr\u00f3nicos 2023 \u00a0 Recursos de Apelaci\u00f3n RAP Cuaderno Incidental INC Juicio para la Protecci\u00f3n de los Derechos Pol\u00edticos-Electorales de la Ciudadan\u00eda JDC Asuntos Generales AG Expedientillos EXP Procedimiento Especial Sancionador PES Impedimento para conocer de un determinado medio de impugnaci\u00f3n IMP Juicio Electoral JE Actas Electorales Actas \u00a0<\/p>\n","protected":false},"author":1,"featured_media":0,"parent":0,"menu_order":0,"comment_status":"closed","ping_status":"closed","template":"","meta":{"footnotes":""},"yst_prominent_words":[518,261],"_links":{"self":[{"href":"https:\/\/teec.org.mx\/web\/wp-json\/wp\/v2\/pages\/17217"}],"collection":[{"href":"https:\/\/teec.org.mx\/web\/wp-json\/wp\/v2\/pages"}],"about":[{"href":"https:\/\/teec.org.mx\/web\/wp-json\/wp\/v2\/types\/page"}],"author":[{"embeddable":true,"href":"https:\/\/teec.org.mx\/web\/wp-json\/wp\/v2\/users\/1"}],"replies":[{"embeddable":true,"href":"https:\/\/teec.org.mx\/web\/wp-json\/wp\/v2\/comments?post=17217"}],"version-history":[{"count":17,"href":"https:\/\/teec.org.mx\/web\/wp-json\/wp\/v2\/pages\/17217\/revisions"}],"predecessor-version":[{"id":27246,"href":"https:\/\/teec.org.mx\/web\/wp-json\/wp\/v2\/pages\/17217\/revisions\/27246"}],"wp:attachment":[{"href":"https:\/\/teec.org.mx\/web\/wp-json\/wp\/v2\/media?parent=17217"}],"wp:term":[{"taxonomy":"yst_prominent_words","embeddable":true,"href":"https:\/\/teec.org.mx\/web\/wp-json\/wp\/v2\/yst_prominent_words?post=17217"}],"curies":[{"name":"wp","href":"https:\/\/api.w.org\/{rel}","templated":true}]}}