{"id":17236,"date":"2023-01-16T13:07:35","date_gmt":"2023-01-16T19:07:35","guid":{"rendered":"https:\/\/teec.org.mx\/web\/?page_id=17236"},"modified":"2024-05-06T12:52:14","modified_gmt":"2024-05-06T18:52:14","slug":"imp-2023","status":"publish","type":"page","link":"https:\/\/teec.org.mx\/web\/imp-2023\/","title":{"rendered":"IMP 2023"},"content":{"rendered":"\n<h3 class=\"wp-block-heading has-text-align-center\"><strong>Impedimento para conocer de un determinado medio de impugnaci\u00f3n<\/strong> <strong>2023<\/strong><\/h3>\n\n\n<\/p>\n<p style=\"text-align: center;\"><div class=\"supsystic-table-loader la-ball-beat la-2x\" style=\"color:#000000\"><div><\/div><div><\/div><div><\/div><\/div><div id=\"supsystic-table-89_68511\" class=\"supsystic-tables-wrap pagination-medium\" style=\" width:100%; visibility: hidden; \" data-table-width-fixed=\"100%\" data-table-width-mobile=\"100%\" ><div class=\"supsystic-tables-features\"><\/div><table id=\"supsystic-table-89\" class=\"supsystic-table border cell-border\" data-id=\"89\" data-view-id=\"89_68511\" data-title=\"IMP 2023\" data-currency-format=\"$1,000.00\" data-percent-format=\"10.00%\" data-date-format=\"DD.MM.YYYY\" data-time-format=\"HH:mm\" data-features=\"[&quot;info&quot;,&quot;paging&quot;,&quot;searching&quot;,&quot;after_table_loaded_script&quot;]\" data-search-value=\"\" data-head=\"on\" data-head-rows-count=\"1\" data-pagination-length=\"10,25,50,100,All\" data-auto-index=\"off\" data-searching-settings=\"{&quot;columnSearchPosition&quot;:&quot;bottom&quot;,&quot;minChars&quot;:&quot;0&quot;}\" data-lang=\"Spanish\" data-override=\"{&quot;emptyTable&quot;:&quot;&quot;,&quot;info&quot;:&quot;&quot;,&quot;infoEmpty&quot;:&quot;&quot;,&quot;infoFiltered&quot;:&quot;&quot;,&quot;lengthMenu&quot;:&quot;&quot;,&quot;search&quot;:&quot;&quot;,&quot;previous&quot;:&quot;&quot;,&quot;next&quot;:&quot;&quot;,&quot;zeroRecords&quot;:&quot;&quot;,&quot;exportLabel&quot;:&quot;&quot;,&quot;file&quot;:&quot;Spanish&quot;}\" data-merged=\"[]\" data-responsive-mode=\"0\" data-from-history=\"0\" ><thead><tr><th data-cell-id=\"A1\" data-x=\"0\" data-y=\"1\" data-db-index=\"1\" class=\"htCenter bg-d49820 color-ffffff bold fsize-18\" data-cell-type=\"text\" data-original-value=\"Fecha\" data-order=\"Fecha\" style=\"min-width:21.8549%; \" >Fecha <\/th><th data-cell-id=\"B1\" data-x=\"1\" data-y=\"1\" data-db-index=\"1\" class=\"htCenter bg-d49820 color-ffffff bold fsize-18\" data-cell-type=\"text\" data-original-value=\"Promovente\" data-order=\"Promovente\" style=\"min-width:21.8549%; \" >Promovente <\/th><th data-cell-id=\"C1\" data-x=\"2\" data-y=\"1\" data-db-index=\"1\" class=\"htCenter bg-d49820 color-ffffff bold fsize-18\" data-cell-type=\"text\" data-original-value=\"Autoridad Responsable\" data-order=\"Autoridad Responsable\" style=\"min-width:30.303%; \" >Autoridad Responsable <\/th><th data-cell-id=\"D1\" data-x=\"3\" data-y=\"1\" data-db-index=\"1\" class=\"htCenter bg-d49820 color-ffffff bold fsize-18\" data-cell-type=\"text\" data-original-value=\"Archivo\" data-order=\"Archivo\" style=\"min-width:25.9871%; \" >Archivo <\/th><\/tr><\/thead><tbody><tr style=\"height:px\" ><td data-cell-id=\"A2\" data-x=\"0\" data-y=\"2\" data-db-index=\"2\" class=\"fsize-18\" data-cell-type=\"text\" data-original-value=\"16 DE OCTUBRE DE 2023, A LAS 15:24 HORAS\" data-order=\"16 DE OCTUBRE DE 2023, A LAS 15:24 HORAS\" >16 DE OCTUBRE DE 2023, A LAS 15:24 HORAS <\/td><td data-cell-id=\"B2\" data-x=\"1\" data-y=\"2\" data-db-index=\"2\" class=\"fsize-18\" data-cell-type=\"text\" data-original-value=\"BRENDA NOEMY DOM\u00cdNGUEZ AK\u00c9, MAGISTRADA PRESIDENTA DEL TRIBUNAL ELECTORAL DEL ESTADO DE CAMPECHE\" data-order=\"BRENDA NOEMY DOM\u00cdNGUEZ AK\u00c9, MAGISTRADA PRESIDENTA DEL TRIBUNAL ELECTORAL DEL ESTADO DE CAMPECHE\" >BRENDA NOEMY DOM\u00cdNGUEZ AK\u00c9, MAGISTRADA PRESIDENTA DEL TRIBUNAL ELECTORAL DEL ESTADO DE CAMPECHE <\/td><td data-cell-id=\"C2\" data-x=\"2\" data-y=\"2\" data-db-index=\"2\" class=\"fsize-18\" data-cell-type=\"text\" data-original-value=\"PRESIDENTA DEL TRIBUNAL ELECTORAL DEL ESTADO DE CAMPECHE\" data-order=\"PRESIDENTA DEL TRIBUNAL ELECTORAL DEL ESTADO DE CAMPECHE\" >PRESIDENTA DEL TRIBUNAL ELECTORAL DEL ESTADO DE CAMPECHE <\/td><td data-cell-id=\"D2\" data-x=\"3\" data-y=\"2\" data-db-index=\"2\" class=\"fsize-18\" data-cell-type=\"text\" data-original-value=\"&lt;a href=&quot;https:\/\/teec.org.mx\/web\/wp-content\/uploads\/2023\/10\/TEEC-IMP-1-2023-Acuerdo-Plenario-16-10-2023.pdf&quot; target=&quot;_blank&quot;&gt;TEEC\/IMP\/1\/2023 (ACUERDO PLENARIO)&lt;\/a&gt;\" data-order=\"&lt;a href=&quot;https:\/\/teec.org.mx\/web\/wp-content\/uploads\/2023\/10\/TEEC-IMP-1-2023-Acuerdo-Plenario-16-10-2023.pdf&quot; target=&quot;_blank&quot;&gt;TEEC\/IMP\/1\/2023 (ACUERDO PLENARIO)&lt;\/a&gt;\" ><a href=\"https:\/\/teec.org.mx\/web\/wp-content\/uploads\/2023\/10\/TEEC-IMP-1-2023-Acuerdo-Plenario-16-10-2023.pdf\" target=\"_blank\">TEEC\/IMP\/1\/2023 (ACUERDO PLENARIO)<\/a><\/td><\/tr><tr style=\"height:px\" ><td data-cell-id=\"A3\" data-x=\"0\" data-y=\"3\" data-db-index=\"3\" class=\"fsize-18\" data-cell-type=\"text\" data-original-value=\"16 DE OCTUBRE DE 2023, A LAS 11:10 HORA\" data-order=\"16 DE OCTUBRE DE 2023, A LAS 11:10 HORA\" >16 DE OCTUBRE DE 2023, A LAS 11:10 HORA <\/td><td data-cell-id=\"B3\" data-x=\"1\" data-y=\"3\" data-db-index=\"3\" class=\"fsize-18\" data-cell-type=\"text\" data-original-value=\"BRENDA NOEMY DOM\u00cdNGUEZ AK\u00c9, MAGISTRADA PRESIDENTA DEL TRIBUNAL ELECTORAL DEL ESTADO DE CAMPECHE\" data-order=\"BRENDA NOEMY DOM\u00cdNGUEZ AK\u00c9, MAGISTRADA PRESIDENTA DEL TRIBUNAL ELECTORAL DEL ESTADO DE CAMPECHE\" >BRENDA NOEMY DOM\u00cdNGUEZ AK\u00c9, MAGISTRADA PRESIDENTA DEL TRIBUNAL ELECTORAL DEL ESTADO DE CAMPECHE <\/td><td data-cell-id=\"C3\" data-x=\"2\" data-y=\"3\" data-db-index=\"3\" class=\"fsize-18\" data-cell-type=\"text\" data-original-value=\"PRESIDENTA DEL TRIBUNAL ELECTORAL DEL ESTADO DE CAMPECHE\" data-order=\"PRESIDENTA DEL TRIBUNAL ELECTORAL DEL ESTADO DE CAMPECHE\" >PRESIDENTA DEL TRIBUNAL ELECTORAL DEL ESTADO DE CAMPECHE <\/td><td data-cell-id=\"D3\" data-x=\"3\" data-y=\"3\" data-db-index=\"3\" class=\"fsize-18\" data-cell-type=\"text\" data-original-value=\"&lt;a href=&quot;https:\/\/teec.org.mx\/web\/wp-content\/uploads\/2023\/10\/TEEC-IMP-1-2023-3er-acu-16-10-2023.pdf&quot; target=&quot;_blank&quot;&gt;TEEC\/IMP\/1\/2023 (SE FIJA FECHA Y HORA PARA SESI\u00d3N PRIVADA)&lt;\/a&gt;\" data-order=\"&lt;a href=&quot;https:\/\/teec.org.mx\/web\/wp-content\/uploads\/2023\/10\/TEEC-IMP-1-2023-3er-acu-16-10-2023.pdf&quot; target=&quot;_blank&quot;&gt;TEEC\/IMP\/1\/2023 (SE FIJA FECHA Y HORA PARA SESI\u00d3N PRIVADA)&lt;\/a&gt;\" ><a href=\"https:\/\/teec.org.mx\/web\/wp-content\/uploads\/2023\/10\/TEEC-IMP-1-2023-3er-acu-16-10-2023.pdf\" target=\"_blank\">TEEC\/IMP\/1\/2023 (SE FIJA FECHA Y HORA PARA SESI\u00d3N PRIVADA)<\/a><\/td><\/tr><tr style=\"height:px\" ><td data-cell-id=\"A4\" data-x=\"0\" data-y=\"4\" data-db-index=\"4\" class=\"fsize-18\" data-cell-type=\"text\" data-original-value=\"16 DE OCTUBRE DE 2023, A LAS 10:05 HORAS\" data-order=\"16 DE OCTUBRE DE 2023, A LAS 10:05 HORAS\" >16 DE OCTUBRE DE 2023, A LAS 10:05 HORAS <\/td><td data-cell-id=\"B4\" data-x=\"1\" data-y=\"4\" data-db-index=\"4\" class=\"fsize-18\" data-cell-type=\"text\" data-original-value=\"BRENDA NOEMY DOM\u00cdNGUEZ AK\u00c9, MAGISTRADA PRESIDENTA DEL TRIBUNAL ELECTORAL DEL ESTADO DE CAMPECHE\" data-order=\"BRENDA NOEMY DOM\u00cdNGUEZ AK\u00c9, MAGISTRADA PRESIDENTA DEL TRIBUNAL ELECTORAL DEL ESTADO DE CAMPECHE\" >BRENDA NOEMY DOM\u00cdNGUEZ AK\u00c9, MAGISTRADA PRESIDENTA DEL TRIBUNAL ELECTORAL DEL ESTADO DE CAMPECHE <\/td><td data-cell-id=\"C4\" data-x=\"2\" data-y=\"4\" data-db-index=\"4\" class=\"fsize-18\" data-cell-type=\"text\" data-original-value=\"PRESIDENTA DEL TRIBUNAL ELECTORAL DEL ESTADO DE CAMPECHE\" data-order=\"PRESIDENTA DEL TRIBUNAL ELECTORAL DEL ESTADO DE CAMPECHE\" >PRESIDENTA DEL TRIBUNAL ELECTORAL DEL ESTADO DE CAMPECHE <\/td><td data-cell-id=\"D4\" data-x=\"3\" data-y=\"4\" data-db-index=\"4\" class=\"fsize-18\" data-cell-type=\"text\" data-original-value=\"&lt;a href=&quot;https:\/\/teec.org.mx\/web\/wp-content\/uploads\/2023\/10\/TEEC-IMP-1-2023-2do-acu-16-10-2023.pdf&quot; target=&quot;_blank&quot;&gt;TEEC\/IMP\/1\/2023 (ACUERDO DE RECEPCI\u00d3N, RADICACI\u00d3N, ACUMULACI\u00d3N, SOL. DE FECHA Y HORA PARA SESI\u00d3N PRIVADA)&lt;\/a&gt;\" data-order=\"&lt;a href=&quot;https:\/\/teec.org.mx\/web\/wp-content\/uploads\/2023\/10\/TEEC-IMP-1-2023-2do-acu-16-10-2023.pdf&quot; target=&quot;_blank&quot;&gt;TEEC\/IMP\/1\/2023 (ACUERDO DE RECEPCI\u00d3N, RADICACI\u00d3N, ACUMULACI\u00d3N, SOL. DE FECHA Y HORA PARA SESI\u00d3N PRIVADA)&lt;\/a&gt;\" ><a href=\"https:\/\/teec.org.mx\/web\/wp-content\/uploads\/2023\/10\/TEEC-IMP-1-2023-2do-acu-16-10-2023.pdf\" target=\"_blank\">TEEC\/IMP\/1\/2023 (ACUERDO DE RECEPCI\u00d3N, RADICACI\u00d3N, ACUMULACI\u00d3N, SOL. DE FECHA Y HORA PARA SESI\u00d3N PRIVADA)<\/a><\/td><\/tr><tr style=\"height:px\" ><td data-cell-id=\"A5\" data-x=\"0\" data-y=\"5\" data-db-index=\"5\" class=\"fsize-18\" data-cell-type=\"text\" data-original-value=\"16 DE OCTUBRE DE 2023, A LAS 8:30 HORAS\" data-order=\"16 DE OCTUBRE DE 2023, A LAS 8:30 HORAS\" >16 DE OCTUBRE DE 2023, A LAS 8:30 HORAS <\/td><td data-cell-id=\"B5\" data-x=\"1\" data-y=\"5\" data-db-index=\"5\" class=\"fsize-18 color-000000\" data-cell-type=\"text\" data-original-value=\"BRENDA NOEMY DOM\u00cdNGUEZ AK\u00c9, MAGISTRADA PRESIDENTA DEL TRIBUNAL ELECTORAL DEL ESTADO DE CAMPECHE\" data-order=\"BRENDA NOEMY DOM\u00cdNGUEZ AK\u00c9, MAGISTRADA PRESIDENTA DEL TRIBUNAL ELECTORAL DEL ESTADO DE CAMPECHE\" >BRENDA NOEMY DOM\u00cdNGUEZ AK\u00c9, MAGISTRADA PRESIDENTA DEL TRIBUNAL ELECTORAL DEL ESTADO DE CAMPECHE <\/td><td data-cell-id=\"C5\" data-x=\"2\" data-y=\"5\" data-db-index=\"5\" class=\"fsize-18\" data-cell-type=\"text\" data-original-value=\"PRESIDENTA DEL TRIBUNAL ELECTORAL DEL ESTADO DE CAMPECHE\" data-order=\"PRESIDENTA DEL TRIBUNAL ELECTORAL DEL ESTADO DE CAMPECHE\" >PRESIDENTA DEL TRIBUNAL ELECTORAL DEL ESTADO DE CAMPECHE <\/td><td data-cell-id=\"D5\" data-x=\"3\" data-y=\"5\" data-db-index=\"5\" class=\"fsize-18\" data-cell-type=\"text\" data-original-value=\"&lt;a href=&quot;https:\/\/teec.org.mx\/web\/wp-content\/uploads\/2023\/10\/TEEC-IMP-1-2023-1er-acu-16-10-2023.pdf&quot; target=&quot;_blank&quot;&gt;TEEC\/IMP\/1\/2023 (ACUERDO DE TURNO)&lt;\/a&gt;\" data-order=\"&lt;a href=&quot;https:\/\/teec.org.mx\/web\/wp-content\/uploads\/2023\/10\/TEEC-IMP-1-2023-1er-acu-16-10-2023.pdf&quot; target=&quot;_blank&quot;&gt;TEEC\/IMP\/1\/2023 (ACUERDO DE TURNO)&lt;\/a&gt;\" ><a href=\"https:\/\/teec.org.mx\/web\/wp-content\/uploads\/2023\/10\/TEEC-IMP-1-2023-1er-acu-16-10-2023.pdf\" target=\"_blank\">TEEC\/IMP\/1\/2023 (ACUERDO DE TURNO)<\/a><\/td><\/tr><\/tbody><\/table><!-- \/#supsystic-table-89.supsystic-table --><div class=\"stbConditionsData\" ><\/div><\/div><!-- \/.supsystic-tables-wrap --><!-- Tables Generator by Supsystic --><!-- Version:1.10.47 --><!-- http:\/\/supsystic.com\/ --><a title=\"WordPress Responsive Table\" style=\"display:none;\" href=\"https:\/\/supsystic.com\/plugins\/wordpress-data-table-plugin\/?utm_medium=love_link\" target=\"_blank\">WordPress Responsive Table<\/a><\/p>\n<\/p>","protected":false},"excerpt":{"rendered":"<p>Impedimento para conocer de un determinado medio de impugnaci\u00f3n 2023<\/p>\n","protected":false},"author":1,"featured_media":0,"parent":0,"menu_order":0,"comment_status":"closed","ping_status":"closed","template":"","meta":{"footnotes":""},"yst_prominent_words":[],"_links":{"self":[{"href":"https:\/\/teec.org.mx\/web\/wp-json\/wp\/v2\/pages\/17236"}],"collection":[{"href":"https:\/\/teec.org.mx\/web\/wp-json\/wp\/v2\/pages"}],"about":[{"href":"https:\/\/teec.org.mx\/web\/wp-json\/wp\/v2\/types\/page"}],"author":[{"embeddable":true,"href":"https:\/\/teec.org.mx\/web\/wp-json\/wp\/v2\/users\/1"}],"replies":[{"embeddable":true,"href":"https:\/\/teec.org.mx\/web\/wp-json\/wp\/v2\/comments?post=17236"}],"version-history":[{"count":3,"href":"https:\/\/teec.org.mx\/web\/wp-json\/wp\/v2\/pages\/17236\/revisions"}],"predecessor-version":[{"id":21377,"href":"https:\/\/teec.org.mx\/web\/wp-json\/wp\/v2\/pages\/17236\/revisions\/21377"}],"wp:attachment":[{"href":"https:\/\/teec.org.mx\/web\/wp-json\/wp\/v2\/media?parent=17236"}],"wp:term":[{"taxonomy":"yst_prominent_words","embeddable":true,"href":"https:\/\/teec.org.mx\/web\/wp-json\/wp\/v2\/yst_prominent_words?post=17236"}],"curies":[{"name":"wp","href":"https:\/\/api.w.org\/{rel}","templated":true}]}}