{"id":17251,"date":"2023-01-17T11:02:09","date_gmt":"2023-01-17T17:02:09","guid":{"rendered":"https:\/\/teec.org.mx\/web\/?page_id=17251"},"modified":"2024-01-05T10:51:15","modified_gmt":"2024-01-05T16:51:15","slug":"sentencias-2023","status":"publish","type":"page","link":"https:\/\/teec.org.mx\/web\/sentencias-2023\/","title":{"rendered":"Sentencias 2023"},"content":{"rendered":"\n<h3 class=\"wp-block-heading has-text-align-center\">Sentencias 2023<\/h3>\n\n\n<table class=\" aligncenter\" style=\"height: 403px; width: 70.3924%; border-collapse: collapse;\">\n<tbody>\n<tr style=\"height: 23px;\">\n<td style=\"width: 89.0476%; height: 23px;\"><span style=\"font-size: 18pt;\">Recursos de Apelaci\u00f3n<\/span><\/td>\n<td style=\"width: 10.9524%; height: 23px;\"><a href=\"https:\/\/teec.org.mx\/web\/sentencias-rap-2023\/\"><span style=\"font-size: 18pt;\">RAP<\/span><\/a><\/td>\n<\/tr>\n<tr style=\"height: 23px;\">\n<td style=\"width: 89.0476%; height: 23px;\"><span style=\"font-size: 18pt;\">Cuaderno Incidental<\/span><\/td>\n<td style=\"width: 10.9524%; height: 23px;\"><a href=\"https:\/\/teec.org.mx\/web\/sentencias-inc-2023\/\"><span style=\"font-size: 18pt;\">INC<\/span><\/a><\/td>\n<\/tr>\n<tr style=\"height: 60px;\">\n<td style=\"width: 89.0476%; height: 60px;\"><span style=\"font-size: 18pt;\">Juicio para la Protecci\u00f3n de los Derechos Pol\u00edticos-Electorales de la Ciudadan\u00eda<\/span><\/td>\n<td style=\"width: 10.9524%; height: 60px;\"><a href=\"https:\/\/teec.org.mx\/web\/sentencias-jdc-2023\/\"><span style=\"font-size: 18pt;\">JDC<\/span><\/a><\/td>\n<\/tr>\n<tr style=\"height: 28px;\">\n<td style=\"width: 89.0476%; height: 28px;\"><span style=\"font-size: 18pt;\">Procedimiento Especial Sancionador<\/span><\/td>\n<td style=\"width: 10.9524%; height: 28px;\"><a href=\"https:\/\/teec.org.mx\/web\/sentencias-pes-2023\/\" target=\"_blank\" rel=\"noopener\"><span style=\"font-size: 18pt;\">PES<\/span><\/a><\/td>\n<\/tr>\n<tr style=\"height: 23px;\">\n<td style=\"width: 89.0476%; height: 23px;\"><span style=\"font-size: 18pt;\">Juicio Electoral<\/span><\/td>\n<td style=\"width: 10.9524%; height: 23px;\"><a href=\"https:\/\/teec.org.mx\/web\/sentencias-je-2023\/\"><span style=\"font-size: 18pt;\">JE<\/span><\/a><\/td>\n<\/tr>\n<tr>\n<td style=\"width: 89.0476%;\"><span style=\"font-size: 18pt;\">Impedimento para conocer de un determinado medio de impugnaci\u00f3n<br \/><\/span><\/td>\n<td style=\"width: 10.9524%;\"><a href=\"https:\/\/teec.org.mx\/web\/sentencias-imp-2023\/\"><span style=\"font-size: 18pt;\">IMP<\/span><\/a><\/td>\n<\/tr>\n<\/tbody>\n<\/table>","protected":false},"excerpt":{"rendered":"<p>Sentencias 2023 Recursos de Apelaci\u00f3n RAP Cuaderno Incidental INC Juicio para la Protecci\u00f3n de los Derechos Pol\u00edticos-Electorales de la Ciudadan\u00eda JDC Procedimiento Especial Sancionador PES Juicio Electoral JE Impedimento para conocer de un determinado medio de impugnaci\u00f3n IMP<\/p>\n","protected":false},"author":1,"featured_media":0,"parent":0,"menu_order":0,"comment_status":"closed","ping_status":"closed","template":"","meta":{"footnotes":""},"yst_prominent_words":[261],"_links":{"self":[{"href":"https:\/\/teec.org.mx\/web\/wp-json\/wp\/v2\/pages\/17251"}],"collection":[{"href":"https:\/\/teec.org.mx\/web\/wp-json\/wp\/v2\/pages"}],"about":[{"href":"https:\/\/teec.org.mx\/web\/wp-json\/wp\/v2\/types\/page"}],"author":[{"embeddable":true,"href":"https:\/\/teec.org.mx\/web\/wp-json\/wp\/v2\/users\/1"}],"replies":[{"embeddable":true,"href":"https:\/\/teec.org.mx\/web\/wp-json\/wp\/v2\/comments?post=17251"}],"version-history":[{"count":11,"href":"https:\/\/teec.org.mx\/web\/wp-json\/wp\/v2\/pages\/17251\/revisions"}],"predecessor-version":[{"id":19447,"href":"https:\/\/teec.org.mx\/web\/wp-json\/wp\/v2\/pages\/17251\/revisions\/19447"}],"wp:attachment":[{"href":"https:\/\/teec.org.mx\/web\/wp-json\/wp\/v2\/media?parent=17251"}],"wp:term":[{"taxonomy":"yst_prominent_words","embeddable":true,"href":"https:\/\/teec.org.mx\/web\/wp-json\/wp\/v2\/yst_prominent_words?post=17251"}],"curies":[{"name":"wp","href":"https:\/\/api.w.org\/{rel}","templated":true}]}}