{"id":17275,"date":"2023-01-17T13:13:06","date_gmt":"2023-01-17T19:13:06","guid":{"rendered":"https:\/\/teec.org.mx\/web\/?page_id=17275"},"modified":"2023-01-17T13:13:09","modified_gmt":"2023-01-17T19:13:09","slug":"sentencias-jdc-2022","status":"publish","type":"page","link":"https:\/\/teec.org.mx\/web\/sentencias-jdc-2022\/","title":{"rendered":"Sentencias JDC 2022"},"content":{"rendered":"\n<h3 class=\"has-text-align-center wp-block-heading\">Sentencias 2022<\/h3>\n\n\n\n<h3 class=\"has-text-align-center wp-block-heading\">Juicio para la protecci\u00f3n de los derechos pol\u00edticos-electorales de la ciudadan\u00eda<\/h3>\n\n\n<p>&nbsp;<\/p>\n<p style=\"text-align: center;\"><div class=\"supsystic-table-loader la-ball-beat la-2x\" style=\"color:#000000\"><div><\/div><div><\/div><div><\/div><\/div><div id=\"supsystic-table-98_15865\" class=\"supsystic-tables-wrap pagination-medium\" style=\" width:100%; visibility: hidden; \" data-table-width-fixed=\"100%\" data-table-width-mobile=\"100%\" ><div class=\"supsystic-tables-features\"><\/div><table id=\"supsystic-table-98\" class=\"supsystic-table border cell-border\" data-id=\"98\" data-view-id=\"98_15865\" data-title=\"Sentencias JDC 2022\" data-currency-format=\"$1,000.00\" data-percent-format=\"10.00%\" data-date-format=\"DD.MM.YYYY\" data-time-format=\"HH:mm\" data-features=\"[&quot;info&quot;,&quot;paging&quot;,&quot;searching&quot;,&quot;after_table_loaded_script&quot;,&quot;import&quot;]\" data-search-value=\"\" data-head=\"on\" data-head-rows-count=\"1\" data-pagination-length=\"10,25,50,100,All\" data-auto-index=\"off\" data-searching-settings=\"{&quot;columnSearchPosition&quot;:&quot;bottom&quot;,&quot;minChars&quot;:&quot;0&quot;}\" data-lang=\"Spanish\" data-override=\"{&quot;emptyTable&quot;:&quot;&quot;,&quot;info&quot;:&quot;&quot;,&quot;infoEmpty&quot;:&quot;&quot;,&quot;infoFiltered&quot;:&quot;&quot;,&quot;lengthMenu&quot;:&quot;&quot;,&quot;search&quot;:&quot;&quot;,&quot;zeroRecords&quot;:&quot;&quot;,&quot;exportLabel&quot;:&quot;&quot;,&quot;file&quot;:&quot;Spanish&quot;}\" data-merged=\"[]\" data-responsive-mode=\"0\" data-from-history=\"0\" ><thead><tr><th data-cell-id=\"A1\" data-x=\"0\" data-y=\"1\" data-db-index=\"1\" class=\"htCenter bg-d49820 color-ffffff bold fsize-18\" data-cell-type=\"text\" data-original-value=\"Fecha\" data-order=\"Fecha\" style=\"min-width:43.6853%; \" >Fecha <\/th><th data-cell-id=\"B1\" data-x=\"1\" data-y=\"1\" data-db-index=\"1\" class=\"htCenter bg-d49820 color-ffffff bold fsize-18\" data-cell-type=\"text\" data-original-value=\"Archivo\" data-order=\"Archivo\" style=\"min-width:56.3147%; \" >Archivo <\/th><\/tr><\/thead><tbody><tr style=\"height:px\" ><td data-cell-id=\"A2\" data-x=\"0\" data-y=\"2\" data-db-index=\"2\" class=\"fsize-18\" data-cell-type=\"text\" data-original-value=\"13\/12\/2022\" data-order=\"13\/12\/2022\" >13\/12\/2022 <\/td><td data-cell-id=\"B2\" data-x=\"1\" data-y=\"2\" data-db-index=\"2\" class=\"fsize-18\" data-cell-type=\"text\" data-original-value=\"&lt;a href=&quot;https:\/\/teec.org.mx\/web\/wp-content\/uploads\/2022\/12\/TEEC-JDC-8-2022-vp-acu.-plenario-13-12-2022.pdf&quot; target=&quot;_blank&quot;&gt;TEEC\/JDC\/8\/2022 (Acuerdo Plenario)&lt;\/a&gt;\" data-order=\"&lt;a href=&quot;https:\/\/teec.org.mx\/web\/wp-content\/uploads\/2022\/12\/TEEC-JDC-8-2022-vp-acu.-plenario-13-12-2022.pdf&quot; target=&quot;_blank&quot;&gt;TEEC\/JDC\/8\/2022 (Acuerdo Plenario)&lt;\/a&gt;\" ><a href=\"https:\/\/teec.org.mx\/web\/wp-content\/uploads\/2022\/12\/TEEC-JDC-8-2022-vp-acu.-plenario-13-12-2022.pdf\" target=\"_blank\">TEEC\/JDC\/8\/2022 (Acuerdo Plenario)<\/a><\/td><\/tr><tr style=\"height:px\" ><td data-cell-id=\"A3\" data-x=\"0\" data-y=\"3\" data-db-index=\"3\" class=\"fsize-18\" data-cell-type=\"text\" data-original-value=\"19\/10\/2022\" data-order=\"19\/10\/2022\" >19\/10\/2022 <\/td><td data-cell-id=\"B3\" data-x=\"1\" data-y=\"3\" data-db-index=\"3\" class=\"fsize-18\" data-cell-type=\"text\" data-original-value=\"&lt;a href=&quot;https:\/\/teec.org.mx\/web\/wp-content\/uploads\/2022\/10\/TEEC-JDC-6-2022-sent.-19-10-2022.pdf&quot; target=&quot;_blank&quot;&gt;TEEC\/JDC\/6\/2022 (Sentencia)&lt;\/a&gt;\" data-order=\"&lt;a href=&quot;https:\/\/teec.org.mx\/web\/wp-content\/uploads\/2022\/10\/TEEC-JDC-6-2022-sent.-19-10-2022.pdf&quot; target=&quot;_blank&quot;&gt;TEEC\/JDC\/6\/2022 (Sentencia)&lt;\/a&gt;\" ><a href=\"https:\/\/teec.org.mx\/web\/wp-content\/uploads\/2022\/10\/TEEC-JDC-6-2022-sent.-19-10-2022.pdf\" target=\"_blank\">TEEC\/JDC\/6\/2022 (Sentencia)<\/a><\/td><\/tr><tr style=\"height:px\" ><td data-cell-id=\"A4\" data-x=\"0\" data-y=\"4\" data-db-index=\"4\" class=\"fsize-18\" data-cell-type=\"text\" data-original-value=\"19\/09\/2022\" data-order=\"19\/09\/2022\" >19\/09\/2022 <\/td><td data-cell-id=\"B4\" data-x=\"1\" data-y=\"4\" data-db-index=\"4\" class=\"fsize-18\" data-cell-type=\"text\" data-original-value=\"&lt;a href=&quot;https:\/\/teec.org.mx\/web\/wp-content\/uploads\/2022\/09\/TEEC-JDC-7-2022-sent.-19-09-2022.pdf&quot; target=&quot;_blank&quot;&gt;TEEC\/JDC\/7\/2022 (Sentencia)&lt;\/a&gt;\" data-order=\"&lt;a href=&quot;https:\/\/teec.org.mx\/web\/wp-content\/uploads\/2022\/09\/TEEC-JDC-7-2022-sent.-19-09-2022.pdf&quot; target=&quot;_blank&quot;&gt;TEEC\/JDC\/7\/2022 (Sentencia)&lt;\/a&gt;\" ><a href=\"https:\/\/teec.org.mx\/web\/wp-content\/uploads\/2022\/09\/TEEC-JDC-7-2022-sent.-19-09-2022.pdf\" target=\"_blank\">TEEC\/JDC\/7\/2022 (Sentencia)<\/a><\/td><\/tr><tr style=\"height:px\" ><td data-cell-id=\"A5\" data-x=\"0\" data-y=\"5\" data-db-index=\"5\" class=\"fsize-18\" data-cell-type=\"text\" data-original-value=\"19\/09\/2022\" data-order=\"19\/09\/2022\" >19\/09\/2022 <\/td><td data-cell-id=\"B5\" data-x=\"1\" data-y=\"5\" data-db-index=\"5\" class=\"fsize-18\" data-cell-type=\"text\" data-original-value=\"&lt;a href=&quot;https:\/\/teec.org.mx\/web\/wp-content\/uploads\/2022\/09\/TEEC-JDC-5-2022-sent.-19-09-2022.pdf&quot; target=&quot;_blank&quot;&gt;TEEC\/JDC\/5\/2022 (Sentencia)&lt;\/a&gt;\" data-order=\"&lt;a href=&quot;https:\/\/teec.org.mx\/web\/wp-content\/uploads\/2022\/09\/TEEC-JDC-5-2022-sent.-19-09-2022.pdf&quot; target=&quot;_blank&quot;&gt;TEEC\/JDC\/5\/2022 (Sentencia)&lt;\/a&gt;\" ><a href=\"https:\/\/teec.org.mx\/web\/wp-content\/uploads\/2022\/09\/TEEC-JDC-5-2022-sent.-19-09-2022.pdf\" target=\"_blank\">TEEC\/JDC\/5\/2022 (Sentencia)<\/a><\/td><\/tr><tr style=\"height:px\" ><td data-cell-id=\"A6\" data-x=\"0\" data-y=\"6\" data-db-index=\"6\" class=\"fsize-18\" data-cell-type=\"text\" data-original-value=\"02\/09\/2022\" data-order=\"02\/09\/2022\" >02\/09\/2022 <\/td><td data-cell-id=\"B6\" data-x=\"1\" data-y=\"6\" data-db-index=\"6\" class=\"fsize-18\" data-cell-type=\"text\" data-original-value=\"&lt;a href=&quot;https:\/\/teec.org.mx\/web\/wp-content\/uploads\/2022\/09\/TEEC-JDC-6-2022-Acuerdo-Plenario-02-09-2022.pdf&quot; target=&quot;_blank&quot;&gt;TEEC\/JDC\/6\/2022 (Acuerdo Plenario)&lt;\/a&gt;\" data-order=\"&lt;a href=&quot;https:\/\/teec.org.mx\/web\/wp-content\/uploads\/2022\/09\/TEEC-JDC-6-2022-Acuerdo-Plenario-02-09-2022.pdf&quot; target=&quot;_blank&quot;&gt;TEEC\/JDC\/6\/2022 (Acuerdo Plenario)&lt;\/a&gt;\" ><a href=\"https:\/\/teec.org.mx\/web\/wp-content\/uploads\/2022\/09\/TEEC-JDC-6-2022-Acuerdo-Plenario-02-09-2022.pdf\" target=\"_blank\">TEEC\/JDC\/6\/2022 (Acuerdo Plenario)<\/a><\/td><\/tr><tr style=\"height:px\" ><td data-cell-id=\"A7\" data-x=\"0\" data-y=\"7\" data-db-index=\"7\" class=\"fsize-18\" data-cell-type=\"text\" data-original-value=\"24\/08\/2022\" data-order=\"24\/08\/2022\" >24\/08\/2022 <\/td><td data-cell-id=\"B7\" data-x=\"1\" data-y=\"7\" data-db-index=\"7\" class=\"fsize-18\" data-cell-type=\"text\" data-original-value=\"&lt;a href=&quot;https:\/\/teec.org.mx\/web\/wp-content\/uploads\/2022\/08\/TEEC-JDC-4-2022-sent.-24-08-2022.pdf&quot; target=&quot;_blank&quot;&gt;TEEC\/JDC\/4\/2022 (Sentencia)&lt;\/a&gt;\" data-order=\"&lt;a href=&quot;https:\/\/teec.org.mx\/web\/wp-content\/uploads\/2022\/08\/TEEC-JDC-4-2022-sent.-24-08-2022.pdf&quot; target=&quot;_blank&quot;&gt;TEEC\/JDC\/4\/2022 (Sentencia)&lt;\/a&gt;\" ><a href=\"https:\/\/teec.org.mx\/web\/wp-content\/uploads\/2022\/08\/TEEC-JDC-4-2022-sent.-24-08-2022.pdf\" target=\"_blank\">TEEC\/JDC\/4\/2022 (Sentencia)<\/a><\/td><\/tr><tr style=\"height:px\" ><td data-cell-id=\"A8\" data-x=\"0\" data-y=\"8\" data-db-index=\"8\" class=\"fsize-18\" data-cell-type=\"text\" data-original-value=\"23\/08\/2022\" data-order=\"23\/08\/2022\" >23\/08\/2022 <\/td><td data-cell-id=\"B8\" data-x=\"1\" data-y=\"8\" data-db-index=\"8\" class=\"fsize-18\" data-cell-type=\"text\" data-original-value=\"&lt;a href=&quot;https:\/\/teec.org.mx\/web\/wp-content\/uploads\/2022\/08\/TEEC-JDC-3-2022-Acuerdo-Plenario-23-08-2022.pdf&quot; target=&quot;_blank&quot;&gt;TEEC\/JDC\/3\/2022 (Acuerdo Plenario)&lt;\/a&gt;\" data-order=\"&lt;a href=&quot;https:\/\/teec.org.mx\/web\/wp-content\/uploads\/2022\/08\/TEEC-JDC-3-2022-Acuerdo-Plenario-23-08-2022.pdf&quot; target=&quot;_blank&quot;&gt;TEEC\/JDC\/3\/2022 (Acuerdo Plenario)&lt;\/a&gt;\" ><a href=\"https:\/\/teec.org.mx\/web\/wp-content\/uploads\/2022\/08\/TEEC-JDC-3-2022-Acuerdo-Plenario-23-08-2022.pdf\" target=\"_blank\">TEEC\/JDC\/3\/2022 (Acuerdo Plenario)<\/a><\/td><\/tr><tr style=\"height:px\" ><td data-cell-id=\"A9\" data-x=\"0\" data-y=\"9\" data-db-index=\"9\" class=\"fsize-18\" data-cell-type=\"text\" data-original-value=\"11\/02\/2022\" data-order=\"11\/02\/2022\" >11\/02\/2022 <\/td><td data-cell-id=\"B9\" data-x=\"1\" data-y=\"9\" data-db-index=\"9\" class=\"fsize-18\" data-cell-type=\"text\" data-original-value=\"&lt;a href=&quot;https:\/\/teec.org.mx\/web\/wp-content\/uploads\/2022\/04\/TEEC-JDC-2-2022-sent.-11-feb-2022.pdf&quot; target=&quot;_blank&quot;&gt;TEEC\/JDC\/2\/2022 (Sentencia)&lt;\/a&gt;\" data-order=\"&lt;a href=&quot;https:\/\/teec.org.mx\/web\/wp-content\/uploads\/2022\/04\/TEEC-JDC-2-2022-sent.-11-feb-2022.pdf&quot; target=&quot;_blank&quot;&gt;TEEC\/JDC\/2\/2022 (Sentencia)&lt;\/a&gt;\" ><a href=\"https:\/\/teec.org.mx\/web\/wp-content\/uploads\/2022\/04\/TEEC-JDC-2-2022-sent.-11-feb-2022.pdf\" target=\"_blank\">TEEC\/JDC\/2\/2022 (Sentencia)<\/a><\/td><\/tr><tr style=\"height:px\" ><td data-cell-id=\"A10\" data-x=\"0\" data-y=\"10\" data-db-index=\"10\" class=\"fsize-18\" data-cell-type=\"text\" data-original-value=\"04\/02\/2022\" data-order=\"04\/02\/2022\" >04\/02\/2022 <\/td><td data-cell-id=\"B10\" data-x=\"1\" data-y=\"10\" data-db-index=\"10\" class=\"fsize-18\" data-cell-type=\"text\" data-original-value=\"&lt;a href=&quot;https:\/\/teec.org.mx\/web\/wp-content\/uploads\/2022\/02\/TEEC-JDC-28-2021-sent.-04-02-2022.pdf&quot; target=&quot;_blank&quot;&gt;TEEC\/JDC\/28\/2021 (Sentencia)&lt;\/a&gt;\" data-order=\"&lt;a href=&quot;https:\/\/teec.org.mx\/web\/wp-content\/uploads\/2022\/02\/TEEC-JDC-28-2021-sent.-04-02-2022.pdf&quot; target=&quot;_blank&quot;&gt;TEEC\/JDC\/28\/2021 (Sentencia)&lt;\/a&gt;\" ><a href=\"https:\/\/teec.org.mx\/web\/wp-content\/uploads\/2022\/02\/TEEC-JDC-28-2021-sent.-04-02-2022.pdf\" target=\"_blank\">TEEC\/JDC\/28\/2021 (Sentencia)<\/a><\/td><\/tr><tr style=\"height:px\" ><td data-cell-id=\"A11\" data-x=\"0\" data-y=\"11\" data-db-index=\"11\" class=\"fsize-18\" data-cell-type=\"text\" data-original-value=\"04\/02\/2022\" data-order=\"04\/02\/2022\" >04\/02\/2022 <\/td><td data-cell-id=\"B11\" data-x=\"1\" data-y=\"11\" data-db-index=\"11\" class=\"fsize-18\" data-cell-type=\"text\" data-original-value=\"&lt;a href=&quot;https:\/\/teec.org.mx\/web\/wp-content\/uploads\/2022\/02\/TEEC-JDC-1-2022-sent.-04-02-2022.pdf&quot; target=&quot;_blank&quot;&gt;TEEC\/JDC\/1\/2022 (Sentencia)&lt;\/a&gt;\" data-order=\"&lt;a href=&quot;https:\/\/teec.org.mx\/web\/wp-content\/uploads\/2022\/02\/TEEC-JDC-1-2022-sent.-04-02-2022.pdf&quot; target=&quot;_blank&quot;&gt;TEEC\/JDC\/1\/2022 (Sentencia)&lt;\/a&gt;\" ><a href=\"https:\/\/teec.org.mx\/web\/wp-content\/uploads\/2022\/02\/TEEC-JDC-1-2022-sent.-04-02-2022.pdf\" target=\"_blank\">TEEC\/JDC\/1\/2022 (Sentencia)<\/a><\/td><\/tr><tr style=\"height:px\" ><td data-cell-id=\"A12\" data-x=\"0\" data-y=\"12\" data-db-index=\"12\" class=\"fsize-18\" data-cell-type=\"text\" data-original-value=\"19\/01\/2022\" data-order=\"19\/01\/2022\" >19\/01\/2022 <\/td><td data-cell-id=\"B12\" data-x=\"1\" data-y=\"12\" data-db-index=\"12\" class=\"fsize-18\" data-cell-type=\"text\" data-original-value=\"&lt;a href=&quot;https:\/\/teec.org.mx\/web\/wp-content\/uploads\/2022\/01\/TEEC-JDC-30-2021-sent.-19-01-2022.pdf&quot; target=&quot;_blank&quot;&gt;TEEC\/JDC\/30\/2021 (Sentencia)&lt;\/a&gt;\" data-order=\"&lt;a href=&quot;https:\/\/teec.org.mx\/web\/wp-content\/uploads\/2022\/01\/TEEC-JDC-30-2021-sent.-19-01-2022.pdf&quot; target=&quot;_blank&quot;&gt;TEEC\/JDC\/30\/2021 (Sentencia)&lt;\/a&gt;\" ><a href=\"https:\/\/teec.org.mx\/web\/wp-content\/uploads\/2022\/01\/TEEC-JDC-30-2021-sent.-19-01-2022.pdf\" target=\"_blank\">TEEC\/JDC\/30\/2021 (Sentencia)<\/a><\/td><\/tr><tr style=\"height:px\" ><td data-cell-id=\"A13\" data-x=\"0\" data-y=\"13\" data-db-index=\"13\" class=\"fsize-18\" data-cell-type=\"text\" data-original-value=\"19\/01\/2022\" data-order=\"19\/01\/2022\" >19\/01\/2022 <\/td><td data-cell-id=\"B13\" data-x=\"1\" data-y=\"13\" data-db-index=\"13\" class=\"fsize-18\" data-cell-type=\"text\" data-original-value=\"&lt;a href=&quot;https:\/\/teec.org.mx\/web\/wp-content\/uploads\/2022\/01\/TEEC-JDC-27-2021-sent.-19-01-2022.pdf&quot; target=&quot;_blank&quot;&gt;TEEC\/JDC\/27\/2021 (Sentencia)&lt;\/a&gt;\" data-order=\"&lt;a href=&quot;https:\/\/teec.org.mx\/web\/wp-content\/uploads\/2022\/01\/TEEC-JDC-27-2021-sent.-19-01-2022.pdf&quot; target=&quot;_blank&quot;&gt;TEEC\/JDC\/27\/2021 (Sentencia)&lt;\/a&gt;\" ><a href=\"https:\/\/teec.org.mx\/web\/wp-content\/uploads\/2022\/01\/TEEC-JDC-27-2021-sent.-19-01-2022.pdf\" target=\"_blank\">TEEC\/JDC\/27\/2021 (Sentencia)<\/a><\/td><\/tr><tr style=\"height:px\" ><td data-cell-id=\"A14\" data-x=\"0\" data-y=\"14\" data-db-index=\"14\" class=\"fsize-18\" data-cell-type=\"text\" data-original-value=\"18\/01\/2022\" data-order=\"18\/01\/2022\" >18\/01\/2022 <\/td><td data-cell-id=\"B14\" data-x=\"1\" data-y=\"14\" data-db-index=\"14\" class=\"fsize-18\" data-cell-type=\"text\" data-original-value=\"&lt;a href=&quot;https:\/\/teec.org.mx\/web\/wp-content\/uploads\/2022\/01\/TEEC-JDC-29-2021-sent.-18-01-2022.pdf&quot; target=&quot;_blank&quot;&gt;TEEC\/JDC\/29\/2021 (Sentencia)&lt;\/a&gt;\" data-order=\"&lt;a href=&quot;https:\/\/teec.org.mx\/web\/wp-content\/uploads\/2022\/01\/TEEC-JDC-29-2021-sent.-18-01-2022.pdf&quot; target=&quot;_blank&quot;&gt;TEEC\/JDC\/29\/2021 (Sentencia)&lt;\/a&gt;\" ><a href=\"https:\/\/teec.org.mx\/web\/wp-content\/uploads\/2022\/01\/TEEC-JDC-29-2021-sent.-18-01-2022.pdf\" target=\"_blank\">TEEC\/JDC\/29\/2021 (Sentencia)<\/a><\/td><\/tr><\/tbody><\/table><!-- \/#supsystic-table-98.supsystic-table --><div class=\"stbConditionsData\" ><\/div><\/div><!-- \/.supsystic-tables-wrap --><!-- Tables Generator by Supsystic --><!-- Version:1.10.47 --><!-- http:\/\/supsystic.com\/ --><a title=\"WordPress Responsive Table\" style=\"display:none;\" href=\"https:\/\/supsystic.com\/plugins\/wordpress-data-table-plugin\/?utm_medium=love_link\" target=\"_blank\">WordPress Responsive Table<\/a><\/p>\n<p>&nbsp;<\/p>","protected":false},"excerpt":{"rendered":"<p>Sentencias 2022 Juicio para la protecci\u00f3n de los derechos pol\u00edticos-electorales de la ciudadan\u00eda &nbsp; &nbsp;<\/p>\n","protected":false},"author":1,"featured_media":0,"parent":0,"menu_order":0,"comment_status":"closed","ping_status":"closed","template":"","meta":{"footnotes":""},"yst_prominent_words":[],"_links":{"self":[{"href":"https:\/\/teec.org.mx\/web\/wp-json\/wp\/v2\/pages\/17275"}],"collection":[{"href":"https:\/\/teec.org.mx\/web\/wp-json\/wp\/v2\/pages"}],"about":[{"href":"https:\/\/teec.org.mx\/web\/wp-json\/wp\/v2\/types\/page"}],"author":[{"embeddable":true,"href":"https:\/\/teec.org.mx\/web\/wp-json\/wp\/v2\/users\/1"}],"replies":[{"embeddable":true,"href":"https:\/\/teec.org.mx\/web\/wp-json\/wp\/v2\/comments?post=17275"}],"version-history":[{"count":1,"href":"https:\/\/teec.org.mx\/web\/wp-json\/wp\/v2\/pages\/17275\/revisions"}],"predecessor-version":[{"id":17276,"href":"https:\/\/teec.org.mx\/web\/wp-json\/wp\/v2\/pages\/17275\/revisions\/17276"}],"wp:attachment":[{"href":"https:\/\/teec.org.mx\/web\/wp-json\/wp\/v2\/media?parent=17275"}],"wp:term":[{"taxonomy":"yst_prominent_words","embeddable":true,"href":"https:\/\/teec.org.mx\/web\/wp-json\/wp\/v2\/yst_prominent_words?post=17275"}],"curies":[{"name":"wp","href":"https:\/\/api.w.org\/{rel}","templated":true}]}}