{"id":17343,"date":"2023-01-20T12:33:28","date_gmt":"2023-01-20T18:33:28","guid":{"rendered":"https:\/\/teec.org.mx\/web\/?page_id=17343"},"modified":"2024-01-18T15:07:49","modified_gmt":"2024-01-18T21:07:49","slug":"cuarto-trimestre-2022-ldf","status":"publish","type":"page","link":"https:\/\/teec.org.mx\/web\/cuarto-trimestre-2022-ldf\/","title":{"rendered":"Cuarto trimestre 2022 ldf"},"content":{"rendered":"\n<h3 class=\"wp-block-heading has-text-align-center\">Cuarto trimestre 2022<\/h3>\n\n\n<p>\u00a0<\/p>\n<p>\u00a0<\/p>\n<table class=\" aligncenter\" style=\"width: 74.9531%; border-collapse: collapse; height: 845px;\">\n<tbody>\n<tr style=\"height: 83px;\">\n<td style=\"width: 75.4515%; height: 83px;\"><span style=\"font-size: 18pt;\">Estado de situaci\u00f3n financiera detallado<\/span><\/td>\n<td style=\"width: 11.9047%; height: 83px;\"><a href=\"https:\/\/teec.org.mx\/web\/wp-content\/uploads\/2023\/01\/1.-ESFD-4to-tri-2022.pdf\" target=\"_blank\" rel=\"noopener\"><span style=\"font-size: 18pt;\">PDF<\/span><\/a><\/td>\n<td style=\"width: 12.6437%; height: 83px;\"><a href=\"https:\/\/teec.org.mx\/web\/wp-content\/uploads\/2023\/01\/F1_ESF_31122022.xls\"><span style=\"font-size: 18pt;\">Excel<\/span><\/a><\/td>\n<\/tr>\n<tr style=\"height: 23px;\">\n<td style=\"width: 75.4515%; height: 23px;\"><span style=\"font-size: 18pt;\">Informe anal\u00edtico de la deuda p\u00fablica y otros pasivos<\/span><\/td>\n<td style=\"width: 11.9047%; height: 23px;\"><a href=\"https:\/\/teec.org.mx\/web\/wp-content\/uploads\/2023\/01\/2.-IADPOP-4to-tri-2022.pdf\" target=\"_blank\" rel=\"noopener\"><span style=\"font-size: 18pt;\">PDF<\/span><\/a><\/td>\n<td style=\"width: 12.6437%; height: 23px;\"><a href=\"https:\/\/teec.org.mx\/web\/wp-content\/uploads\/2023\/01\/F2_IADPOP_31122022.xls\"><span style=\"font-size: 18pt;\">Excel<\/span><\/a><\/td>\n<\/tr>\n<tr style=\"height: 23px;\">\n<td style=\"width: 75.4515%; height: 23px;\"><span style=\"font-size: 18pt;\">Informe anal\u00edtico de obligaciones diferentes de financiamientos\u00a0<\/span><\/td>\n<td style=\"width: 11.9047%; height: 23px;\"><a href=\"https:\/\/teec.org.mx\/web\/wp-content\/uploads\/2023\/01\/3.-IAODF-4to-tri-2022.pdf\" target=\"_blank\" rel=\"noopener\"><span style=\"font-size: 18pt;\">PDF<\/span><\/a><\/td>\n<td style=\"width: 12.6437%; height: 23px;\"><a href=\"https:\/\/teec.org.mx\/web\/wp-content\/uploads\/2023\/01\/F3_IAODF_31122022.xls\"><span style=\"font-size: 18pt;\">Excel<\/span><\/a><\/td>\n<\/tr>\n<tr style=\"height: 23px;\">\n<td style=\"width: 75.4515%; height: 23px;\"><span style=\"font-size: 18pt;\">Balance Presupuestario<\/span><\/td>\n<td style=\"width: 11.9047%; height: 23px;\"><a href=\"https:\/\/teec.org.mx\/web\/wp-content\/uploads\/2023\/01\/4.-BP-4to-tri-2022.pdf\" target=\"_blank\" rel=\"noopener\"><span style=\"font-size: 18pt;\">PDF<\/span><\/a><\/td>\n<td style=\"width: 12.6437%; height: 23px;\"><a href=\"https:\/\/teec.org.mx\/web\/wp-content\/uploads\/2023\/01\/F4_BP_31122022.xls\"><span style=\"font-size: 18pt;\">Excel<\/span><\/a><\/td>\n<\/tr>\n<tr style=\"height: 23px;\">\n<td style=\"width: 75.4515%; height: 23px;\"><span style=\"font-size: 18pt;\">Estado anal\u00edtico de ingresos detallado<\/span><\/td>\n<td style=\"width: 11.9047%; height: 23px;\"><a href=\"https:\/\/teec.org.mx\/web\/wp-content\/uploads\/2023\/01\/5.-EAID-4to-tri-2022.pdf\" target=\"_blank\" rel=\"noopener\"><span style=\"font-size: 18pt;\">PDF<\/span><\/a><\/td>\n<td style=\"width: 12.6437%; height: 23px;\"><a href=\"https:\/\/teec.org.mx\/web\/wp-content\/uploads\/2023\/01\/F5_EAID_31122022.xls\"><span style=\"font-size: 18pt;\">Excel<\/span><\/a><\/td>\n<\/tr>\n<tr style=\"height: 23px;\">\n<td style=\"width: 75.4515%; height: 23px;\"><span style=\"font-size: 18pt;\">Estado Anal\u00edtico del ejercicio del presupuesto de egresos detallado en su categor\u00eda:<\/span><\/td>\n<td style=\"width: 11.9047%; height: 23px;\">\u00a0<\/td>\n<td style=\"width: 12.6437%; height: 23px;\">\u00a0<\/td>\n<\/tr>\n<tr style=\"height: 23px;\">\n<td style=\"width: 75.4515%; height: 23px;\">\n<ul>\n<li><span style=\"font-size: 18pt;\">Clasificaci\u00f3n por objeto del gasto<\/span><\/li>\n<\/ul>\n<\/td>\n<td style=\"width: 11.9047%; height: 23px;\"><a href=\"https:\/\/teec.org.mx\/web\/wp-content\/uploads\/2023\/01\/6a.-EAEPED-COG-4to-tri-2022.pdf\" target=\"_blank\" rel=\"noopener\"><span style=\"font-size: 18pt;\">PDF<\/span><\/a><\/td>\n<td style=\"width: 12.6437%; height: 23px;\"><a href=\"https:\/\/teec.org.mx\/web\/wp-content\/uploads\/2023\/01\/F6a_EAEPED_COG_31122022.xls\"><span style=\"font-size: 18pt;\">Excel<\/span><\/a><\/td>\n<\/tr>\n<tr style=\"height: 23px;\">\n<td style=\"width: 75.4515%; height: 23px;\">\n<ul>\n<li><span style=\"font-size: 18pt;\">Clasificaci\u00f3n Administrativa<\/span><\/li>\n<\/ul>\n<\/td>\n<td style=\"width: 11.9047%; height: 23px;\"><a href=\"https:\/\/teec.org.mx\/web\/wp-content\/uploads\/2023\/01\/6b.-EAEPED-CA-4to-tri-2022.pdf\" target=\"_blank\" rel=\"noopener\"><span style=\"font-size: 18pt;\">PDF<\/span><\/a><\/td>\n<td style=\"width: 12.6437%; height: 23px;\"><a href=\"https:\/\/teec.org.mx\/web\/wp-content\/uploads\/2023\/01\/F6b_EAEPED_CA_31122022.xls\"><span style=\"font-size: 18pt;\">Excel<\/span><\/a><\/td>\n<\/tr>\n<tr style=\"height: 23px;\">\n<td style=\"width: 75.4515%; height: 23px;\">\n<ul>\n<li><span style=\"font-size: 18pt;\">Clasificaci\u00f3n funcional<\/span><\/li>\n<\/ul>\n<\/td>\n<td style=\"width: 11.9047%; height: 23px;\"><a href=\"https:\/\/teec.org.mx\/web\/wp-content\/uploads\/2023\/01\/6c.-EAEPED-CF-4to-tri-2022.pdf\" target=\"_blank\" rel=\"noopener\"><span style=\"font-size: 18pt;\">PDF<\/span><\/a><\/td>\n<td style=\"width: 12.6437%; height: 23px;\"><a href=\"https:\/\/teec.org.mx\/web\/wp-content\/uploads\/2023\/01\/F6c_EAEPED_CF_31122022.xls\"><span style=\"font-size: 18pt;\">Excel<\/span><\/a><\/td>\n<\/tr>\n<tr style=\"height: 23px;\">\n<td style=\"width: 75.4515%; height: 23px;\">\n<ul>\n<li><span style=\"font-size: 18pt;\">Clasificaci\u00f3n de servicios personales por categor\u00eda<\/span><\/li>\n<\/ul>\n<\/td>\n<td style=\"width: 11.9047%; height: 23px;\"><a href=\"https:\/\/teec.org.mx\/web\/wp-content\/uploads\/2023\/01\/6d.-EAEPED-CSPC-4to-tri-2022.pdf\" target=\"_blank\" rel=\"noopener\"><span style=\"font-size: 18pt;\">PDF<\/span><\/a><\/td>\n<td style=\"width: 12.6437%; height: 23px;\"><a href=\"https:\/\/teec.org.mx\/web\/wp-content\/uploads\/2023\/01\/F6d_EAEPED_CSPC_31122022.xlsx\"><span style=\"font-size: 18pt;\">Excel<\/span><\/a><\/td>\n<\/tr>\n<tr style=\"height: 83px;\">\n<td style=\"width: 75.4515%; height: 64px;\"><span style=\"font-size: 18pt;\">Gu\u00eda de cumplimiento de la Ley de Disciplina Financiera<\/span><\/td>\n<td style=\"width: 11.9047%; height: 64px;\"><a href=\"https:\/\/teec.org.mx\/web\/wp-content\/uploads\/2023\/01\/7.-GCLDFEFM-4to-tri-2022.pdf\" target=\"_blank\" rel=\"noopener\"><span style=\"font-size: 18pt;\">PDF<\/span><\/a><\/td>\n<td style=\"width: 12.6437%; height: 64px;\"><a href=\"https:\/\/teec.org.mx\/web\/wp-content\/uploads\/2023\/01\/GuiaCumplimientoLDF_31122022.xls\"><span style=\"font-size: 18pt;\">Excel<\/span><\/a><\/td>\n<\/tr>\n<\/tbody>\n<\/table>\n<p>\u00a0<\/p>","protected":false},"excerpt":{"rendered":"<p>Cuarto trimestre 2022 \u00a0 \u00a0 Estado de situaci\u00f3n financiera detallado PDF Excel Informe anal\u00edtico de la deuda p\u00fablica y otros pasivos PDF Excel Informe anal\u00edtico de obligaciones diferentes de financiamientos\u00a0 PDF Excel Balance Presupuestario PDF Excel Estado anal\u00edtico de ingresos detallado PDF Excel Estado Anal\u00edtico del ejercicio del presupuesto de egresos detallado en su categor\u00eda: [&hellip;]<\/p>\n","protected":false},"author":1,"featured_media":0,"parent":0,"menu_order":0,"comment_status":"closed","ping_status":"closed","template":"","meta":{"footnotes":""},"yst_prominent_words":[268,284,269,279,282,198,280,283,281],"_links":{"self":[{"href":"https:\/\/teec.org.mx\/web\/wp-json\/wp\/v2\/pages\/17343"}],"collection":[{"href":"https:\/\/teec.org.mx\/web\/wp-json\/wp\/v2\/pages"}],"about":[{"href":"https:\/\/teec.org.mx\/web\/wp-json\/wp\/v2\/types\/page"}],"author":[{"embeddable":true,"href":"https:\/\/teec.org.mx\/web\/wp-json\/wp\/v2\/users\/1"}],"replies":[{"embeddable":true,"href":"https:\/\/teec.org.mx\/web\/wp-json\/wp\/v2\/comments?post=17343"}],"version-history":[{"count":8,"href":"https:\/\/teec.org.mx\/web\/wp-json\/wp\/v2\/pages\/17343\/revisions"}],"predecessor-version":[{"id":20334,"href":"https:\/\/teec.org.mx\/web\/wp-json\/wp\/v2\/pages\/17343\/revisions\/20334"}],"wp:attachment":[{"href":"https:\/\/teec.org.mx\/web\/wp-json\/wp\/v2\/media?parent=17343"}],"wp:term":[{"taxonomy":"yst_prominent_words","embeddable":true,"href":"https:\/\/teec.org.mx\/web\/wp-json\/wp\/v2\/yst_prominent_words?post=17343"}],"curies":[{"name":"wp","href":"https:\/\/api.w.org\/{rel}","templated":true}]}}