{"id":17350,"date":"2023-01-20T12:37:29","date_gmt":"2023-01-20T18:37:29","guid":{"rendered":"https:\/\/teec.org.mx\/web\/?page_id=17350"},"modified":"2024-01-18T14:52:34","modified_gmt":"2024-01-18T20:52:34","slug":"cuarto-trimestre-2022-conac","status":"publish","type":"page","link":"https:\/\/teec.org.mx\/web\/cuarto-trimestre-2022-conac\/","title":{"rendered":"Cuarto trimestre 2022 conac"},"content":{"rendered":"\n<h3 class=\"wp-block-heading has-text-align-center\">Cuarto trimestre 2022<\/h3>\n\n\n\n<div class=\"wp-block-columns is-layout-flex wp-container-core-columns-layout-1 wp-block-columns-is-layout-flex\">\n<div class=\"wp-block-column is-layout-flow wp-block-column-is-layout-flow\" style=\"flex-basis:10%\"><\/div>\n\n\n\n<div class=\"wp-block-column is-layout-flow wp-block-column-is-layout-flow\" style=\"flex-basis:90%\">\n<p>\u00a0<\/p>\n<ol>\n<li style=\"text-align: justify;\"><a href=\"https:\/\/teec.org.mx\/web\/wp-content\/uploads\/2023\/01\/1.-NEEIMPAS-4to-tri-2022.pdf\" target=\"_blank\" rel=\"noopener\"><span style=\"font-size: 18pt;\">Norma para establecer la estructura de informaci\u00f3n de montos pagados por ayudas y subsidios<\/span><\/a><\/li>\n<li style=\"text-align: justify;\"><a href=\"https:\/\/teec.org.mx\/web\/wp-content\/uploads\/2023\/01\/2.-NEEFRBCPEP-4to-tri-2022.pdf\" target=\"_blank\" rel=\"noopener\"><span style=\"font-size: 18pt;\">Norma para establecer la estructura del formato de la relaci\u00f3n de bienes que componen el patrimonio del ente p\u00fablico<\/span><\/a><\/li>\n<\/ol>\n<p>\u00a0<\/p>\n<\/div>\n<\/div>\n","protected":false},"excerpt":{"rendered":"<p>Cuarto trimestre 2022 \u00a0 Norma para establecer la estructura de informaci\u00f3n de montos pagados por ayudas y subsidios Norma para establecer la estructura del formato de la relaci\u00f3n de bienes que componen el patrimonio del ente p\u00fablico \u00a0<\/p>\n","protected":false},"author":1,"featured_media":0,"parent":0,"menu_order":0,"comment_status":"closed","ping_status":"closed","template":"","meta":{"footnotes":""},"yst_prominent_words":[289,287,290,288,286,285],"_links":{"self":[{"href":"https:\/\/teec.org.mx\/web\/wp-json\/wp\/v2\/pages\/17350"}],"collection":[{"href":"https:\/\/teec.org.mx\/web\/wp-json\/wp\/v2\/pages"}],"about":[{"href":"https:\/\/teec.org.mx\/web\/wp-json\/wp\/v2\/types\/page"}],"author":[{"embeddable":true,"href":"https:\/\/teec.org.mx\/web\/wp-json\/wp\/v2\/users\/1"}],"replies":[{"embeddable":true,"href":"https:\/\/teec.org.mx\/web\/wp-json\/wp\/v2\/comments?post=17350"}],"version-history":[{"count":3,"href":"https:\/\/teec.org.mx\/web\/wp-json\/wp\/v2\/pages\/17350\/revisions"}],"predecessor-version":[{"id":20326,"href":"https:\/\/teec.org.mx\/web\/wp-json\/wp\/v2\/pages\/17350\/revisions\/20326"}],"wp:attachment":[{"href":"https:\/\/teec.org.mx\/web\/wp-json\/wp\/v2\/media?parent=17350"}],"wp:term":[{"taxonomy":"yst_prominent_words","embeddable":true,"href":"https:\/\/teec.org.mx\/web\/wp-json\/wp\/v2\/yst_prominent_words?post=17350"}],"curies":[{"name":"wp","href":"https:\/\/api.w.org\/{rel}","templated":true}]}}