{"id":17631,"date":"2023-02-15T13:24:11","date_gmt":"2023-02-15T19:24:11","guid":{"rendered":"https:\/\/teec.org.mx\/web\/?page_id=17631"},"modified":"2024-01-05T11:12:35","modified_gmt":"2024-01-05T17:12:35","slug":"sentencias-jdc-2023","status":"publish","type":"page","link":"https:\/\/teec.org.mx\/web\/sentencias-jdc-2023\/","title":{"rendered":"Sentencias JDC 2023"},"content":{"rendered":"\n<h3 class=\"wp-block-heading has-text-align-center\">Sentencias 2023<\/h3>\n\n\n\n<h3 class=\"wp-block-heading has-text-align-center\">Juicio para la protecci\u00f3n de los derechos pol\u00edticos-electorales de la ciudadan\u00eda<\/h3>\n\n\n<p>&nbsp;<\/p>\n<div class=\"supsystic-table-loader la-ball-beat la-2x\" style=\"color:#000000\"><div><\/div><div><\/div><div><\/div><\/div><div id=\"supsystic-table-103_97432\" class=\"supsystic-tables-wrap pagination-medium\" style=\" width:100%; visibility: hidden; \" data-table-width-fixed=\"100%\" data-table-width-mobile=\"100%\" ><div class=\"supsystic-tables-features\"><\/div><table id=\"supsystic-table-103\" class=\"supsystic-table border cell-border\" data-id=\"103\" data-view-id=\"103_97432\" data-title=\"Sentencias JDC 2023\" data-currency-format=\"$1,000.00\" data-percent-format=\"10.00%\" data-date-format=\"DD.MM.YYYY\" data-time-format=\"HH:mm\" data-features=\"[&quot;info&quot;,&quot;paging&quot;,&quot;searching&quot;,&quot;after_table_loaded_script&quot;]\" data-search-value=\"\" data-head=\"on\" data-head-rows-count=\"1\" data-pagination-length=\"10,25,50,100,All\" data-auto-index=\"off\" data-searching-settings=\"{&quot;columnSearchPosition&quot;:&quot;bottom&quot;,&quot;minChars&quot;:&quot;0&quot;}\" data-lang=\"Spanish\" data-override=\"{&quot;emptyTable&quot;:&quot;&quot;,&quot;info&quot;:&quot;&quot;,&quot;infoEmpty&quot;:&quot;&quot;,&quot;infoFiltered&quot;:&quot;&quot;,&quot;lengthMenu&quot;:&quot;&quot;,&quot;search&quot;:&quot;&quot;,&quot;zeroRecords&quot;:&quot;&quot;,&quot;exportLabel&quot;:&quot;&quot;,&quot;file&quot;:&quot;Spanish&quot;}\" data-merged=\"[]\" data-responsive-mode=\"0\" data-from-history=\"0\" ><thead><tr><th data-cell-id=\"A1\" data-x=\"0\" data-y=\"1\" data-db-index=\"1\" class=\"htCenter bg-d49820 color-ffffff bold fsize-18\" data-cell-type=\"text\" data-original-value=\"Fecha\" data-order=\"Fecha\" style=\"min-width:43.6853%; \" >Fecha <\/th><th data-cell-id=\"B1\" data-x=\"1\" data-y=\"1\" data-db-index=\"1\" class=\"htCenter bg-d49820 color-ffffff bold fsize-18\" data-cell-type=\"text\" data-original-value=\"Archivo\" data-order=\"Archivo\" style=\"min-width:56.3147%; \" >Archivo <\/th><\/tr><\/thead><tbody><tr style=\"height:px\" ><td data-cell-id=\"A2\" data-x=\"0\" data-y=\"2\" data-db-index=\"2\" class=\"fsize-18\" data-cell-type=\"text\" data-original-value=\"13\/12\/2023\" data-order=\"13\/12\/2023\" >13\/12\/2023 <\/td><td data-cell-id=\"B2\" data-x=\"1\" data-y=\"2\" data-db-index=\"2\" class=\"fsize-18\" data-cell-type=\"text\" data-original-value=\"&lt;a href=&quot;https:\/\/teec.org.mx\/web\/wp-content\/uploads\/2023\/12\/TEEC-JDC-26-2023-y-acum-sent.-13-12-2023.pdf&quot; target=&quot;_blank&quot;&gt;TEEC\/JDC\/26\/2023 y su acumulado TEEC\/JDC\/27\/2023&lt;\/a&gt;\" data-order=\"&lt;a href=&quot;https:\/\/teec.org.mx\/web\/wp-content\/uploads\/2023\/12\/TEEC-JDC-26-2023-y-acum-sent.-13-12-2023.pdf&quot; target=&quot;_blank&quot;&gt;TEEC\/JDC\/26\/2023 y su acumulado TEEC\/JDC\/27\/2023&lt;\/a&gt;\" ><a href=\"https:\/\/teec.org.mx\/web\/wp-content\/uploads\/2023\/12\/TEEC-JDC-26-2023-y-acum-sent.-13-12-2023.pdf\" target=\"_blank\">TEEC\/JDC\/26\/2023 y su acumulado TEEC\/JDC\/27\/2023<\/a><\/td><\/tr><tr style=\"height:px\" ><td data-cell-id=\"A3\" data-x=\"0\" data-y=\"3\" data-db-index=\"3\" class=\"fsize-18\" data-cell-type=\"text\" data-original-value=\"17\/11\/2023\" data-order=\"17\/11\/2023\" >17\/11\/2023 <\/td><td data-cell-id=\"B3\" data-x=\"1\" data-y=\"3\" data-db-index=\"3\" class=\"fsize-18\" data-cell-type=\"text\" data-original-value=\"&lt;a href=&quot;https:\/\/teec.org.mx\/web\/wp-content\/uploads\/2023\/11\/TEEC-JDC-24-2023-y-acum-sent.-17-11-2023.pdf&quot; target=&quot;_blank&quot;&gt;TEEC\/JDC\/24\/2023 y su acumulado TEEC\/JDC\/25\/2023 (Sentencia)&lt;\/a&gt;\" data-order=\"&lt;a href=&quot;https:\/\/teec.org.mx\/web\/wp-content\/uploads\/2023\/11\/TEEC-JDC-24-2023-y-acum-sent.-17-11-2023.pdf&quot; target=&quot;_blank&quot;&gt;TEEC\/JDC\/24\/2023 y su acumulado TEEC\/JDC\/25\/2023 (Sentencia)&lt;\/a&gt;\" ><a href=\"https:\/\/teec.org.mx\/web\/wp-content\/uploads\/2023\/11\/TEEC-JDC-24-2023-y-acum-sent.-17-11-2023.pdf\" target=\"_blank\">TEEC\/JDC\/24\/2023 y su acumulado TEEC\/JDC\/25\/2023 (Sentencia)<\/a><\/td><\/tr><tr style=\"height:px\" ><td data-cell-id=\"A4\" data-x=\"0\" data-y=\"4\" data-db-index=\"4\" class=\"fsize-18\" data-cell-type=\"text\" data-original-value=\"17\/11\/2023\" data-order=\"17\/11\/2023\" >17\/11\/2023 <\/td><td data-cell-id=\"B4\" data-x=\"1\" data-y=\"4\" data-db-index=\"4\" class=\"fsize-18\" data-cell-type=\"text\" data-original-value=\"&lt;a href=&quot;https:\/\/teec.org.mx\/web\/wp-content\/uploads\/2023\/11\/TEEC-JDC-23-2023-sent.-17-11-2023.pdf&quot; target=&quot;_blank&quot;&gt;TEEC\/JDC\/23\/2023 (Sentencia)&lt;\/a&gt;\" data-order=\"&lt;a href=&quot;https:\/\/teec.org.mx\/web\/wp-content\/uploads\/2023\/11\/TEEC-JDC-23-2023-sent.-17-11-2023.pdf&quot; target=&quot;_blank&quot;&gt;TEEC\/JDC\/23\/2023 (Sentencia)&lt;\/a&gt;\" ><a href=\"https:\/\/teec.org.mx\/web\/wp-content\/uploads\/2023\/11\/TEEC-JDC-23-2023-sent.-17-11-2023.pdf\" target=\"_blank\">TEEC\/JDC\/23\/2023 (Sentencia)<\/a><\/td><\/tr><tr style=\"height:px\" ><td data-cell-id=\"A5\" data-x=\"0\" data-y=\"5\" data-db-index=\"5\" class=\"fsize-18\" data-cell-type=\"text\" data-original-value=\"27\/10\/2023\" data-order=\"27\/10\/2023\" >27\/10\/2023 <\/td><td data-cell-id=\"B5\" data-x=\"1\" data-y=\"5\" data-db-index=\"5\" class=\"fsize-18\" data-cell-type=\"text\" data-original-value=\"&lt;a href=&quot;https:\/\/teec.org.mx\/web\/wp-content\/uploads\/2023\/10\/TEEC-JDC-22-2023-sent.-27-10-20-2023.pdf&quot; target=&quot;_blank&quot;&gt;TEEC\/JDC\/22\/2023 (Sentencia)&lt;\/a&gt;\" data-order=\"&lt;a href=&quot;https:\/\/teec.org.mx\/web\/wp-content\/uploads\/2023\/10\/TEEC-JDC-22-2023-sent.-27-10-20-2023.pdf&quot; target=&quot;_blank&quot;&gt;TEEC\/JDC\/22\/2023 (Sentencia)&lt;\/a&gt;\" ><a href=\"https:\/\/teec.org.mx\/web\/wp-content\/uploads\/2023\/10\/TEEC-JDC-22-2023-sent.-27-10-20-2023.pdf\" target=\"_blank\">TEEC\/JDC\/22\/2023 (Sentencia)<\/a><\/td><\/tr><tr style=\"height:px\" ><td data-cell-id=\"A6\" data-x=\"0\" data-y=\"6\" data-db-index=\"6\" class=\"fsize-18\" data-cell-type=\"text\" data-original-value=\"17\/10\/2023\" data-order=\"17\/10\/2023\" >17\/10\/2023 <\/td><td data-cell-id=\"B6\" data-x=\"1\" data-y=\"6\" data-db-index=\"6\" class=\"fsize-18\" data-cell-type=\"text\" data-original-value=\"&lt;a href=&quot;https:\/\/teec.org.mx\/web\/wp-content\/uploads\/2023\/10\/TEEC-JDC-21-2023-sent.-17-10-2023.pdf&quot; target=&quot;_blank&quot;&gt;TEEC\/JDC\/21\/2023 (Sentencia)&lt;\/a&gt;\" data-order=\"&lt;a href=&quot;https:\/\/teec.org.mx\/web\/wp-content\/uploads\/2023\/10\/TEEC-JDC-21-2023-sent.-17-10-2023.pdf&quot; target=&quot;_blank&quot;&gt;TEEC\/JDC\/21\/2023 (Sentencia)&lt;\/a&gt;\" ><a href=\"https:\/\/teec.org.mx\/web\/wp-content\/uploads\/2023\/10\/TEEC-JDC-21-2023-sent.-17-10-2023.pdf\" target=\"_blank\">TEEC\/JDC\/21\/2023 (Sentencia)<\/a><\/td><\/tr><tr style=\"height:px\" ><td data-cell-id=\"A7\" data-x=\"0\" data-y=\"7\" data-db-index=\"7\" class=\"fsize-18\" data-cell-type=\"text\" data-original-value=\"12\/09\/2023\" data-order=\"12\/09\/2023\" >12\/09\/2023 <\/td><td data-cell-id=\"B7\" data-x=\"1\" data-y=\"7\" data-db-index=\"7\" class=\"fsize-18\" data-cell-type=\"text\" data-original-value=\"&lt;a href=&quot;https:\/\/teec.org.mx\/web\/wp-content\/uploads\/2023\/09\/TEEC-JDC-18-2023-Acu.-Plenario-12-09-2023.pdf&quot; target=&quot;_blank&quot;&gt;TEEC\/JDC\/18\/2023 (Acuerdo Plenario)&lt;\/a&gt;\" data-order=\"&lt;a href=&quot;https:\/\/teec.org.mx\/web\/wp-content\/uploads\/2023\/09\/TEEC-JDC-18-2023-Acu.-Plenario-12-09-2023.pdf&quot; target=&quot;_blank&quot;&gt;TEEC\/JDC\/18\/2023 (Acuerdo Plenario)&lt;\/a&gt;\" ><a href=\"https:\/\/teec.org.mx\/web\/wp-content\/uploads\/2023\/09\/TEEC-JDC-18-2023-Acu.-Plenario-12-09-2023.pdf\" target=\"_blank\">TEEC\/JDC\/18\/2023 (Acuerdo Plenario)<\/a><\/td><\/tr><tr style=\"height:px\" ><td data-cell-id=\"A8\" data-x=\"0\" data-y=\"8\" data-db-index=\"8\" class=\"fsize-18\" data-cell-type=\"text\" data-original-value=\"05\/09\/2023\" data-order=\"05\/09\/2023\" >05\/09\/2023 <\/td><td data-cell-id=\"B8\" data-x=\"1\" data-y=\"8\" data-db-index=\"8\" class=\"fsize-18\" data-cell-type=\"text\" data-original-value=\"&lt;a href=&quot;https:\/\/teec.org.mx\/web\/wp-content\/uploads\/2023\/09\/TEEC-JDC-20-2023-y-acum.-Acu.-Plenario-05-09-2023.pdf&quot; target=&quot;_blank&quot;&gt;TEEC\/JDC\/20\/2023 y su acumulado TEEC\/RAP\/22\/2023 (Acuerdo Plenario de Reencauzamiento y Acumulaci\u00f3n)&lt;\/a&gt;\" data-order=\"&lt;a href=&quot;https:\/\/teec.org.mx\/web\/wp-content\/uploads\/2023\/09\/TEEC-JDC-20-2023-y-acum.-Acu.-Plenario-05-09-2023.pdf&quot; target=&quot;_blank&quot;&gt;TEEC\/JDC\/20\/2023 y su acumulado TEEC\/RAP\/22\/2023 (Acuerdo Plenario de Reencauzamiento y Acumulaci\u00f3n)&lt;\/a&gt;\" ><a href=\"https:\/\/teec.org.mx\/web\/wp-content\/uploads\/2023\/09\/TEEC-JDC-20-2023-y-acum.-Acu.-Plenario-05-09-2023.pdf\" target=\"_blank\">TEEC\/JDC\/20\/2023 y su acumulado TEEC\/RAP\/22\/2023 (Acuerdo Plenario de Reencauzamiento y Acumulaci\u00f3n)<\/a><\/td><\/tr><tr style=\"height:px\" ><td data-cell-id=\"A9\" data-x=\"0\" data-y=\"9\" data-db-index=\"9\" class=\"fsize-18\" data-cell-type=\"text\" data-original-value=\"05\/09\/2023\" data-order=\"05\/09\/2023\" >05\/09\/2023 <\/td><td data-cell-id=\"B9\" data-x=\"1\" data-y=\"9\" data-db-index=\"9\" class=\"fsize-18\" data-cell-type=\"text\" data-original-value=\"&lt;a href=&quot;https:\/\/teec.org.mx\/web\/wp-content\/uploads\/2023\/09\/TEEC-JDC-19-2023-y-acum.-Acu.-Plenario-05-09-2023.pdf&quot; target=&quot;_blank&quot;&gt;TEEC\/JDC\/19\/2023 y su acumulado TEEC\/RAP\/21\/2023 (Acuerdo Plenario de Reencauzamiento y Acumulaci\u00f3n)&lt;\/a&gt;\" data-order=\"&lt;a href=&quot;https:\/\/teec.org.mx\/web\/wp-content\/uploads\/2023\/09\/TEEC-JDC-19-2023-y-acum.-Acu.-Plenario-05-09-2023.pdf&quot; target=&quot;_blank&quot;&gt;TEEC\/JDC\/19\/2023 y su acumulado TEEC\/RAP\/21\/2023 (Acuerdo Plenario de Reencauzamiento y Acumulaci\u00f3n)&lt;\/a&gt;\" ><a href=\"https:\/\/teec.org.mx\/web\/wp-content\/uploads\/2023\/09\/TEEC-JDC-19-2023-y-acum.-Acu.-Plenario-05-09-2023.pdf\" target=\"_blank\">TEEC\/JDC\/19\/2023 y su acumulado TEEC\/RAP\/21\/2023 (Acuerdo Plenario de Reencauzamiento y Acumulaci\u00f3n)<\/a><\/td><\/tr><tr style=\"height:px\" ><td data-cell-id=\"A10\" data-x=\"0\" data-y=\"10\" data-db-index=\"10\" class=\"fsize-18\" data-cell-type=\"text\" data-original-value=\"04\/09\/2023\" data-order=\"04\/09\/2023\" >04\/09\/2023 <\/td><td data-cell-id=\"B10\" data-x=\"1\" data-y=\"10\" data-db-index=\"10\" class=\"fsize-18\" data-cell-type=\"text\" data-original-value=\"&lt;a href=&quot;https:\/\/teec.org.mx\/web\/wp-content\/uploads\/2023\/09\/TEEC-JDC-18-2023-sent.-04-09-2023.pdf&quot; target=&quot;_blank&quot;&gt;TEEC\/JDC\/18\/2023 (Sentencia)&lt;\/a&gt;\" data-order=\"&lt;a href=&quot;https:\/\/teec.org.mx\/web\/wp-content\/uploads\/2023\/09\/TEEC-JDC-18-2023-sent.-04-09-2023.pdf&quot; target=&quot;_blank&quot;&gt;TEEC\/JDC\/18\/2023 (Sentencia)&lt;\/a&gt;\" ><a href=\"https:\/\/teec.org.mx\/web\/wp-content\/uploads\/2023\/09\/TEEC-JDC-18-2023-sent.-04-09-2023.pdf\" target=\"_blank\">TEEC\/JDC\/18\/2023 (Sentencia)<\/a><\/td><\/tr><tr style=\"height:px\" ><td data-cell-id=\"A11\" data-x=\"0\" data-y=\"11\" data-db-index=\"11\" class=\"fsize-18\" data-cell-type=\"text\" data-original-value=\"07\/07\/2023\" data-order=\"07\/07\/2023\" >07\/07\/2023 <\/td><td data-cell-id=\"B11\" data-x=\"1\" data-y=\"11\" data-db-index=\"11\" class=\"fsize-18\" data-cell-type=\"text\" data-original-value=\"&lt;a href=&quot;https:\/\/teec.org.mx\/web\/wp-content\/uploads\/2023\/07\/TEEC-JDC-17-2023-Acu.-Plenario-07-07-2023.pdf&quot; target=&quot;_blank&quot;&gt;TEEC\/JDC\/17\/2023 (Acuerdo Plenario de Reencauzamiento)&lt;\/a&gt;\" data-order=\"&lt;a href=&quot;https:\/\/teec.org.mx\/web\/wp-content\/uploads\/2023\/07\/TEEC-JDC-17-2023-Acu.-Plenario-07-07-2023.pdf&quot; target=&quot;_blank&quot;&gt;TEEC\/JDC\/17\/2023 (Acuerdo Plenario de Reencauzamiento)&lt;\/a&gt;\" ><a href=\"https:\/\/teec.org.mx\/web\/wp-content\/uploads\/2023\/07\/TEEC-JDC-17-2023-Acu.-Plenario-07-07-2023.pdf\" target=\"_blank\">TEEC\/JDC\/17\/2023 (Acuerdo Plenario de Reencauzamiento)<\/a><\/td><\/tr><tr style=\"height:px\" ><td data-cell-id=\"A12\" data-x=\"0\" data-y=\"12\" data-db-index=\"12\" class=\"fsize-18\" data-cell-type=\"text\" data-original-value=\"23\/06\/2023\" data-order=\"23\/06\/2023\" >23\/06\/2023 <\/td><td data-cell-id=\"B12\" data-x=\"1\" data-y=\"12\" data-db-index=\"12\" class=\"fsize-18\" data-cell-type=\"text\" data-original-value=\"&lt;a href=&quot;https:\/\/teec.org.mx\/web\/wp-content\/uploads\/2023\/06\/TEEC-JDC-16-2023-Acu.-Plenario-23-06-2023.pdf&quot; target=&quot;_blank&quot;&gt;TEEC\/JDC\/16\/2023 (Acuerdo Plenario)&lt;\/a&gt;\" data-order=\"&lt;a href=&quot;https:\/\/teec.org.mx\/web\/wp-content\/uploads\/2023\/06\/TEEC-JDC-16-2023-Acu.-Plenario-23-06-2023.pdf&quot; target=&quot;_blank&quot;&gt;TEEC\/JDC\/16\/2023 (Acuerdo Plenario)&lt;\/a&gt;\" ><a href=\"https:\/\/teec.org.mx\/web\/wp-content\/uploads\/2023\/06\/TEEC-JDC-16-2023-Acu.-Plenario-23-06-2023.pdf\" target=\"_blank\">TEEC\/JDC\/16\/2023 (Acuerdo Plenario)<\/a><\/td><\/tr><tr style=\"height:px\" ><td data-cell-id=\"A13\" data-x=\"0\" data-y=\"13\" data-db-index=\"13\" class=\"fsize-18\" data-cell-type=\"text\" data-original-value=\"23\/06\/2023\" data-order=\"23\/06\/2023\" >23\/06\/2023 <\/td><td data-cell-id=\"B13\" data-x=\"1\" data-y=\"13\" data-db-index=\"13\" class=\"fsize-18\" data-cell-type=\"text\" data-original-value=\"&lt;a href=&quot;https:\/\/teec.org.mx\/web\/wp-content\/uploads\/2023\/06\/TEEC-JDC-15-2023-Acu.-Plenario-23-06-2023.pdf&quot; target=&quot;_blank&quot;&gt;TEEC\/JDC\/15\/2023 (Acuerdo Plenario)&lt;\/a&gt;\" data-order=\"&lt;a href=&quot;https:\/\/teec.org.mx\/web\/wp-content\/uploads\/2023\/06\/TEEC-JDC-15-2023-Acu.-Plenario-23-06-2023.pdf&quot; target=&quot;_blank&quot;&gt;TEEC\/JDC\/15\/2023 (Acuerdo Plenario)&lt;\/a&gt;\" ><a href=\"https:\/\/teec.org.mx\/web\/wp-content\/uploads\/2023\/06\/TEEC-JDC-15-2023-Acu.-Plenario-23-06-2023.pdf\" target=\"_blank\">TEEC\/JDC\/15\/2023 (Acuerdo Plenario)<\/a><\/td><\/tr><tr style=\"height:px\" ><td data-cell-id=\"A14\" data-x=\"0\" data-y=\"14\" data-db-index=\"14\" class=\"fsize-18\" data-cell-type=\"text\" data-original-value=\"09\/06\/2023\" data-order=\"09\/06\/2023\" >09\/06\/2023 <\/td><td data-cell-id=\"B14\" data-x=\"1\" data-y=\"14\" data-db-index=\"14\" class=\"fsize-18\" data-cell-type=\"text\" data-original-value=\"&lt;a href=&quot;https:\/\/teec.org.mx\/web\/wp-content\/uploads\/2023\/07\/TEEC-JDC-14-2023-Acu.-Plenario-09-06-2023.pdf&quot; target=&quot;_blank&quot;&gt;TEEC\/JDC\/14\/2023 (Acuerdo Plenario)&lt;\/a&gt;\" data-order=\"&lt;a href=&quot;https:\/\/teec.org.mx\/web\/wp-content\/uploads\/2023\/07\/TEEC-JDC-14-2023-Acu.-Plenario-09-06-2023.pdf&quot; target=&quot;_blank&quot;&gt;TEEC\/JDC\/14\/2023 (Acuerdo Plenario)&lt;\/a&gt;\" ><a href=\"https:\/\/teec.org.mx\/web\/wp-content\/uploads\/2023\/07\/TEEC-JDC-14-2023-Acu.-Plenario-09-06-2023.pdf\" target=\"_blank\">TEEC\/JDC\/14\/2023 (Acuerdo Plenario)<\/a><\/td><\/tr><tr style=\"height:px\" ><td data-cell-id=\"A15\" data-x=\"0\" data-y=\"15\" data-db-index=\"15\" class=\"fsize-18\" data-cell-type=\"text\" data-original-value=\"17\/05\/2023\" data-order=\"17\/05\/2023\" >17\/05\/2023 <\/td><td data-cell-id=\"B15\" data-x=\"1\" data-y=\"15\" data-db-index=\"15\" class=\"fsize-18\" data-cell-type=\"text\" data-original-value=\"&lt;a href=&quot;https:\/\/teec.org.mx\/web\/wp-content\/uploads\/2023\/05\/TEEC-JDC-13-2023-sent.-17-05-2023.pdf&quot; target=&quot;_blank&quot;&gt;TEEC\/JDC\/13\/2023 (Sentencia)&lt;\/a&gt;\" data-order=\"&lt;a href=&quot;https:\/\/teec.org.mx\/web\/wp-content\/uploads\/2023\/05\/TEEC-JDC-13-2023-sent.-17-05-2023.pdf&quot; target=&quot;_blank&quot;&gt;TEEC\/JDC\/13\/2023 (Sentencia)&lt;\/a&gt;\" ><a href=\"https:\/\/teec.org.mx\/web\/wp-content\/uploads\/2023\/05\/TEEC-JDC-13-2023-sent.-17-05-2023.pdf\" target=\"_blank\">TEEC\/JDC\/13\/2023 (Sentencia)<\/a><\/td><\/tr><tr style=\"height:px\" ><td data-cell-id=\"A16\" data-x=\"0\" data-y=\"16\" data-db-index=\"16\" class=\"fsize-18\" data-cell-type=\"text\" data-original-value=\"11\/05\/2023\" data-order=\"11\/05\/2023\" >11\/05\/2023 <\/td><td data-cell-id=\"B16\" data-x=\"1\" data-y=\"16\" data-db-index=\"16\" class=\"fsize-18\" data-cell-type=\"text\" data-original-value=\"&lt;a href=&quot;https:\/\/teec.org.mx\/web\/wp-content\/uploads\/2023\/05\/TEEC-JDC-12-2023-sent.-11-05-2023.pdf&quot; target=&quot;_blank&quot;&gt;TEEC\/JDC\/12\/2023 (Sentencia)&lt;\/a&gt;\" data-order=\"&lt;a href=&quot;https:\/\/teec.org.mx\/web\/wp-content\/uploads\/2023\/05\/TEEC-JDC-12-2023-sent.-11-05-2023.pdf&quot; target=&quot;_blank&quot;&gt;TEEC\/JDC\/12\/2023 (Sentencia)&lt;\/a&gt;\" ><a href=\"https:\/\/teec.org.mx\/web\/wp-content\/uploads\/2023\/05\/TEEC-JDC-12-2023-sent.-11-05-2023.pdf\" target=\"_blank\">TEEC\/JDC\/12\/2023 (Sentencia)<\/a><\/td><\/tr><tr style=\"height:px\" ><td data-cell-id=\"A17\" data-x=\"0\" data-y=\"17\" data-db-index=\"17\" class=\"fsize-18\" data-cell-type=\"text\" data-original-value=\"06\/03\/2023\" data-order=\"06\/03\/2023\" >06\/03\/2023 <\/td><td data-cell-id=\"B17\" data-x=\"1\" data-y=\"17\" data-db-index=\"17\" class=\"fsize-18\" data-cell-type=\"text\" data-original-value=\"&lt;a href=&quot;https:\/\/teec.org.mx\/web\/wp-content\/uploads\/2023\/03\/TEEC-JDC-3-2023-y-sus-acum.-acu.-plenario-06-03-2023.pdf&quot; target=&quot;_blank&quot;&gt;TEEC\/JDC\/3\/2023 y sus acumulados TEEC\/JDC\/4\/2023, TEEC\/JDC\/5\/2023, TEEC\/JDC\/6\/2023, TEEC\/JDC\/7\/2023, TEEC\/JDC\/8\/2023, TEEC\/JDC\/9\/2023, TEEC\/JDC\/10\/2023 y TEEC\/JDC\/11\/2023 (Acuerdo Plenario)&lt;\/a&gt;\" data-order=\"&lt;a href=&quot;https:\/\/teec.org.mx\/web\/wp-content\/uploads\/2023\/03\/TEEC-JDC-3-2023-y-sus-acum.-acu.-plenario-06-03-2023.pdf&quot; target=&quot;_blank&quot;&gt;TEEC\/JDC\/3\/2023 y sus acumulados TEEC\/JDC\/4\/2023, TEEC\/JDC\/5\/2023, TEEC\/JDC\/6\/2023, TEEC\/JDC\/7\/2023, TEEC\/JDC\/8\/2023, TEEC\/JDC\/9\/2023, TEEC\/JDC\/10\/2023 y TEEC\/JDC\/11\/2023 (Acuerdo Plenario)&lt;\/a&gt;\" ><a href=\"https:\/\/teec.org.mx\/web\/wp-content\/uploads\/2023\/03\/TEEC-JDC-3-2023-y-sus-acum.-acu.-plenario-06-03-2023.pdf\" target=\"_blank\">TEEC\/JDC\/3\/2023 y sus acumulados TEEC\/JDC\/4\/2023, TEEC\/JDC\/5\/2023, TEEC\/JDC\/6\/2023, TEEC\/JDC\/7\/2023, TEEC\/JDC\/8\/2023, TEEC\/JDC\/9\/2023, TEEC\/JDC\/10\/2023 y TEEC\/JDC\/11\/2023 (Acuerdo Plenario)<\/a><\/td><\/tr><tr style=\"height:px\" ><td data-cell-id=\"A18\" data-x=\"0\" data-y=\"18\" data-db-index=\"18\" class=\"fsize-18\" data-cell-type=\"text\" data-original-value=\"15\/02\/2023\" data-order=\"15\/02\/2023\" >15\/02\/2023 <\/td><td data-cell-id=\"B18\" data-x=\"1\" data-y=\"18\" data-db-index=\"18\" class=\"fsize-18\" data-cell-type=\"text\" data-original-value=\"&lt;a href=&quot;https:\/\/teec.org.mx\/web\/wp-content\/uploads\/2023\/02\/TEEC-JDC-2-2023-acu.-plenario-16-02-2023.pdf&quot; target=&quot;_blank&quot;&gt;TEEC\/JDC\/2\/2023 (Acuerdo Plenario)&lt;\/a&gt;\" data-order=\"&lt;a href=&quot;https:\/\/teec.org.mx\/web\/wp-content\/uploads\/2023\/02\/TEEC-JDC-2-2023-acu.-plenario-16-02-2023.pdf&quot; target=&quot;_blank&quot;&gt;TEEC\/JDC\/2\/2023 (Acuerdo Plenario)&lt;\/a&gt;\" ><a href=\"https:\/\/teec.org.mx\/web\/wp-content\/uploads\/2023\/02\/TEEC-JDC-2-2023-acu.-plenario-16-02-2023.pdf\" target=\"_blank\">TEEC\/JDC\/2\/2023 (Acuerdo Plenario)<\/a><\/td><\/tr><tr style=\"height:px\" ><td data-cell-id=\"A19\" data-x=\"0\" data-y=\"19\" data-db-index=\"19\" class=\"fsize-18\" data-cell-type=\"text\" data-original-value=\"15\/02\/2023\" data-order=\"15\/02\/2023\" >15\/02\/2023 <\/td><td data-cell-id=\"B19\" data-x=\"1\" data-y=\"19\" data-db-index=\"19\" class=\"fsize-18\" data-cell-type=\"text\" data-original-value=\"&lt;a href=&quot;https:\/\/teec.org.mx\/web\/wp-content\/uploads\/2023\/02\/TEEC-JDC-1-2023-sent.-15-02-2023.pdf&quot; target=&quot;_blank&quot;&gt;TEEC\/JDC\/1\/2023 (Sentencia)&lt;\/a&gt;\" data-order=\"&lt;a href=&quot;https:\/\/teec.org.mx\/web\/wp-content\/uploads\/2023\/02\/TEEC-JDC-1-2023-sent.-15-02-2023.pdf&quot; target=&quot;_blank&quot;&gt;TEEC\/JDC\/1\/2023 (Sentencia)&lt;\/a&gt;\" ><a href=\"https:\/\/teec.org.mx\/web\/wp-content\/uploads\/2023\/02\/TEEC-JDC-1-2023-sent.-15-02-2023.pdf\" target=\"_blank\">TEEC\/JDC\/1\/2023 (Sentencia)<\/a><\/td><\/tr><\/tbody><\/table><!-- \/#supsystic-table-103.supsystic-table --><div class=\"stbConditionsData\" ><\/div><\/div><!-- \/.supsystic-tables-wrap --><!-- Tables Generator by Supsystic --><!-- Version:1.10.47 --><!-- http:\/\/supsystic.com\/ --><a title=\"WordPress Responsive Table\" style=\"display:none;\" href=\"https:\/\/supsystic.com\/plugins\/wordpress-data-table-plugin\/?utm_medium=love_link\" target=\"_blank\">WordPress Responsive Table<\/a>\n<p>&nbsp;<\/p>","protected":false},"excerpt":{"rendered":"<p>Sentencias 2023 Juicio para la protecci\u00f3n de los derechos pol\u00edticos-electorales de la ciudadan\u00eda &nbsp; &nbsp;<\/p>\n","protected":false},"author":1,"featured_media":0,"parent":0,"menu_order":0,"comment_status":"closed","ping_status":"closed","template":"","meta":{"footnotes":""},"yst_prominent_words":[],"_links":{"self":[{"href":"https:\/\/teec.org.mx\/web\/wp-json\/wp\/v2\/pages\/17631"}],"collection":[{"href":"https:\/\/teec.org.mx\/web\/wp-json\/wp\/v2\/pages"}],"about":[{"href":"https:\/\/teec.org.mx\/web\/wp-json\/wp\/v2\/types\/page"}],"author":[{"embeddable":true,"href":"https:\/\/teec.org.mx\/web\/wp-json\/wp\/v2\/users\/1"}],"replies":[{"embeddable":true,"href":"https:\/\/teec.org.mx\/web\/wp-json\/wp\/v2\/comments?post=17631"}],"version-history":[{"count":2,"href":"https:\/\/teec.org.mx\/web\/wp-json\/wp\/v2\/pages\/17631\/revisions"}],"predecessor-version":[{"id":20214,"href":"https:\/\/teec.org.mx\/web\/wp-json\/wp\/v2\/pages\/17631\/revisions\/20214"}],"wp:attachment":[{"href":"https:\/\/teec.org.mx\/web\/wp-json\/wp\/v2\/media?parent=17631"}],"wp:term":[{"taxonomy":"yst_prominent_words","embeddable":true,"href":"https:\/\/teec.org.mx\/web\/wp-json\/wp\/v2\/yst_prominent_words?post=17631"}],"curies":[{"name":"wp","href":"https:\/\/api.w.org\/{rel}","templated":true}]}}