{"id":18234,"date":"2023-05-12T13:30:56","date_gmt":"2023-05-12T19:30:56","guid":{"rendered":"https:\/\/teec.org.mx\/web\/?page_id=18234"},"modified":"2025-04-10T12:22:14","modified_gmt":"2025-04-10T18:22:14","slug":"fraccion-xxib-2023","status":"publish","type":"page","link":"https:\/\/teec.org.mx\/web\/fraccion-xxib-2023\/","title":{"rendered":"Fracci\u00f3n XXIb 2023"},"content":{"rendered":"\n<div class=\"wp-block-columns is-layout-flex wp-container-core-columns-layout-1 wp-block-columns-is-layout-flex\">\n<div class=\"wp-block-column is-layout-flow wp-block-column-is-layout-flow\" style=\"flex-basis:15%\"><\/div>\n\n\n\n<div class=\"wp-block-column is-layout-flow wp-block-column-is-layout-flow\" style=\"flex-basis:60%\">\n<p>\u00a0<\/p>\n<h3>Fracci\u00f3n XXIb<\/h3>\n<p>\u00a0<\/p>\n<h3 style=\"text-align: center;\">Ejercicio 2023<\/h3>\n<p>\u00a0<\/p>\n<table style=\"border-collapse: collapse; width: 104.749%; height: 115px;\">\n<tbody>\n<tr style=\"height: 23px;\">\n<td style=\"width: 50.5734%; height: 23px; text-align: center;\"><strong><span style=\"font-size: 18pt;\">Estado Anal\u00edtico del Ejercicio del Presupuesto de Egresos<\/span><\/strong><\/td>\n<td style=\"width: 54.3217%; height: 23px; text-align: center;\" colspan=\"4\"><span style=\"font-size: 18pt;\"><strong>Trimestre<\/strong><\/span><\/td>\n<\/tr>\n<tr style=\"height: 23px;\">\n<td style=\"width: 50.5734%; height: 23px;\"><span style=\"font-size: 14pt;\">Clasificaci\u00f3n Administrativa<\/span><\/td>\n<td style=\"width: 12.69%; height: 23px; text-align: center;\"><a href=\"https:\/\/teec.org.mx\/web\/wp-content\/uploads\/2023\/04\/2a.-EAEPE-CA-1er-tri-2023.pdf\" target=\"_blank\" rel=\"noopener\"><span style=\"font-size: 14pt;\">1<\/span><span style=\"font-size: 14pt;\">er<\/span><\/a><\/td>\n<td style=\"width: 13.422%; height: 23px; text-align: center;\"><a href=\"https:\/\/teec.org.mx\/web\/wp-content\/uploads\/2023\/07\/2a.-EAEPE-CA-2do-tri-2023.pdf\" target=\"_blank\" rel=\"noopener\"><span style=\"font-size: 14pt;\">2do<\/span><\/a><\/td>\n<td style=\"width: 12.3892%; height: 23px; text-align: center;\"><a href=\"https:\/\/teec.org.mx\/web\/wp-content\/uploads\/2023\/10\/2a.-EAEPE-CA-3er-tri-2023.pdf\" target=\"_blank\" rel=\"noopener\"><span style=\"font-size: 14pt;\">3er<\/span><\/a><\/td>\n<td style=\"width: 15.8205%; height: 23px; text-align: center;\"><a href=\"https:\/\/teec.org.mx\/web\/wp-content\/uploads\/2024\/01\/2a.-EAEPE-CA-4to-tri-2023.pdf\" target=\"_blank\" rel=\"noopener\"><span style=\"font-size: 14pt;\">4to<\/span><\/a><\/td>\n<\/tr>\n<tr style=\"height: 23px;\">\n<td style=\"width: 50.5734%; height: 23px;\"><span style=\"font-size: 14pt;\">Clasificaci\u00f3n Econ\u00f3mica<\/span><\/td>\n<td style=\"width: 12.69%; height: 23px; text-align: center;\"><a href=\"https:\/\/teec.org.mx\/web\/wp-content\/uploads\/2023\/04\/2b.-EAEPE-CE-1er-tri-2023.pdf\" target=\"_blank\" rel=\"noopener\"><span style=\"font-size: 14pt;\">1er<\/span><\/a><\/td>\n<td style=\"width: 13.422%; height: 23px; text-align: center;\"><a href=\"https:\/\/teec.org.mx\/web\/wp-content\/uploads\/2023\/07\/2b.-EAEPE-CE-2do-tri-2023.pdf\" target=\"_blank\" rel=\"noopener\"><span style=\"font-size: 14pt;\">2do<\/span><\/a><\/td>\n<td style=\"width: 12.3892%; height: 23px; text-align: center;\"><a href=\"https:\/\/teec.org.mx\/web\/wp-content\/uploads\/2023\/10\/2b.-EAEPE-CE-3er-tri-2023.pdf\" target=\"_blank\" rel=\"noopener\"><span style=\"font-size: 14pt;\">3er<\/span><\/a><\/td>\n<td style=\"width: 15.8205%; height: 23px; text-align: center;\"><a href=\"https:\/\/teec.org.mx\/web\/wp-content\/uploads\/2024\/01\/2b.-EAEPE-CE-4to-tri-2023.pdf\" target=\"_blank\" rel=\"noopener\"><span style=\"font-size: 14pt;\">4to<\/span><\/a><\/td>\n<\/tr>\n<tr style=\"height: 23px;\">\n<td style=\"width: 50.5734%; height: 23px;\"><span style=\"font-size: 14pt;\">Clasificaci\u00f3n Funcional<\/span><\/td>\n<td style=\"width: 12.69%; height: 23px; text-align: center;\"><a href=\"https:\/\/teec.org.mx\/web\/wp-content\/uploads\/2023\/04\/2c.-EAEPE-CF-1er-tri-2023.pdf\" target=\"_blank\" rel=\"noopener\"><span style=\"font-size: 14pt;\">1er<\/span><\/a><\/td>\n<td style=\"width: 13.422%; height: 23px; text-align: center;\"><a href=\"https:\/\/teec.org.mx\/web\/wp-content\/uploads\/2023\/07\/2c.-EAEPE-CF-2do-tri-2023.pdf\" target=\"_blank\" rel=\"noopener\"><span style=\"font-size: 14pt;\">2do<\/span><\/a><\/td>\n<td style=\"width: 12.3892%; height: 23px; text-align: center;\"><a href=\"https:\/\/teec.org.mx\/web\/wp-content\/uploads\/2023\/10\/2c.-EAEPE-CF-3er-tri-2023.pdf\" target=\"_blank\" rel=\"noopener\"><span style=\"font-size: 14pt;\">3er<\/span><\/a><\/td>\n<td style=\"width: 15.8205%; height: 23px; text-align: center;\"><a href=\"https:\/\/teec.org.mx\/web\/wp-content\/uploads\/2024\/01\/2c.-EAEPE-CF-4to-tri-2023.pdf\" target=\"_blank\" rel=\"noopener\"><span style=\"font-size: 14pt;\">4to<\/span><\/a><\/td>\n<\/tr>\n<tr style=\"height: 23px;\">\n<td style=\"width: 50.5734%; height: 23px;\"><span style=\"font-size: 14pt;\">Clasificaci\u00f3n por Objeto del Gasto<\/span><\/td>\n<td style=\"width: 12.69%; height: 23px; text-align: center;\"><a href=\"https:\/\/teec.org.mx\/web\/wp-content\/uploads\/2023\/04\/2d.-EAEPE-COG-1er-tri-2023.pdf\" target=\"_blank\" rel=\"noopener\"><span style=\"font-size: 14pt;\">1er<\/span><\/a><\/td>\n<td style=\"width: 13.422%; height: 23px; text-align: center;\"><a href=\"https:\/\/teec.org.mx\/web\/wp-content\/uploads\/2023\/07\/2d.-EAEPE-COG-2do-tri-2023.pdf\" target=\"_blank\" rel=\"noopener\"><span style=\"font-size: 14pt;\">2do<\/span><\/a><\/td>\n<td style=\"width: 12.3892%; height: 23px; text-align: center;\"><a href=\"https:\/\/teec.org.mx\/web\/wp-content\/uploads\/2023\/10\/2d.-EAEPE-COG-3er-tri-2023.pdf\" target=\"_blank\" rel=\"noopener\"><span style=\"font-size: 14pt;\">3er<\/span><\/a><\/td>\n<td style=\"width: 15.8205%; height: 23px; text-align: center;\"><a href=\"https:\/\/teec.org.mx\/web\/wp-content\/uploads\/2024\/01\/2d.-EAEPE-COG-4to-tri-2023.pdf\" target=\"_blank\" rel=\"noopener\"><span style=\"font-size: 14pt;\">4to<\/span><\/a><\/td>\n<\/tr>\n<\/tbody>\n<\/table>\n<p>\u00a0<\/p>\n<\/div>\n\n\n\n<div class=\"wp-block-column is-layout-flow wp-block-column-is-layout-flow\" style=\"flex-basis:15%\"><\/div>\n<\/div>\n","protected":false},"excerpt":{"rendered":"<p>\u00a0 Fracci\u00f3n XXIb \u00a0 Ejercicio 2023 \u00a0 Estado Anal\u00edtico del Ejercicio del Presupuesto de Egresos Trimestre Clasificaci\u00f3n Administrativa 1er 2do 3er 4to Clasificaci\u00f3n Econ\u00f3mica 1er 2do 3er 4to Clasificaci\u00f3n Funcional 1er 2do 3er 4to Clasificaci\u00f3n por Objeto del Gasto 1er 2do 3er 4to \u00a0<\/p>\n","protected":false},"author":1,"featured_media":0,"parent":0,"menu_order":0,"comment_status":"closed","ping_status":"closed","template":"","meta":{"footnotes":""},"yst_prominent_words":[168,167,933,934,269,419],"_links":{"self":[{"href":"https:\/\/teec.org.mx\/web\/wp-json\/wp\/v2\/pages\/18234"}],"collection":[{"href":"https:\/\/teec.org.mx\/web\/wp-json\/wp\/v2\/pages"}],"about":[{"href":"https:\/\/teec.org.mx\/web\/wp-json\/wp\/v2\/types\/page"}],"author":[{"embeddable":true,"href":"https:\/\/teec.org.mx\/web\/wp-json\/wp\/v2\/users\/1"}],"replies":[{"embeddable":true,"href":"https:\/\/teec.org.mx\/web\/wp-json\/wp\/v2\/comments?post=18234"}],"version-history":[{"count":5,"href":"https:\/\/teec.org.mx\/web\/wp-json\/wp\/v2\/pages\/18234\/revisions"}],"predecessor-version":[{"id":28636,"href":"https:\/\/teec.org.mx\/web\/wp-json\/wp\/v2\/pages\/18234\/revisions\/28636"}],"wp:attachment":[{"href":"https:\/\/teec.org.mx\/web\/wp-json\/wp\/v2\/media?parent=18234"}],"wp:term":[{"taxonomy":"yst_prominent_words","embeddable":true,"href":"https:\/\/teec.org.mx\/web\/wp-json\/wp\/v2\/yst_prominent_words?post=18234"}],"curies":[{"name":"wp","href":"https:\/\/api.w.org\/{rel}","templated":true}]}}