{"id":18245,"date":"2023-05-12T14:09:12","date_gmt":"2023-05-12T20:09:12","guid":{"rendered":"https:\/\/teec.org.mx\/web\/?page_id=18245"},"modified":"2025-04-14T13:40:59","modified_gmt":"2025-04-14T19:40:59","slug":"fraccion-xxxib-2023","status":"publish","type":"page","link":"https:\/\/teec.org.mx\/web\/fraccion-xxxib-2023\/","title":{"rendered":"Fracci\u00f3n XXXIb 2023"},"content":{"rendered":"\n<div class=\"wp-block-columns is-layout-flex wp-container-core-columns-layout-1 wp-block-columns-is-layout-flex\">\n<div class=\"wp-block-column is-layout-flow wp-block-column-is-layout-flow\" style=\"flex-basis:10px\"><\/div>\n\n\n\n<div class=\"wp-block-column is-layout-flow wp-block-column-is-layout-flow\">\n<p>\u00a0<\/p>\n<p>\u00a0<\/p>\n<h3>Fracci\u00f3n XXXIb 2023<\/h3>\n<h4>\u00a0<\/h4>\n<h4 style=\"text-align: center;\">Informe financieros contables, presupuestales y program\u00e1ticos<\/h4>\n<p>\u00a0<\/p>\n<table style=\"border-collapse: collapse; width: 102.027%; height: 834px;\">\n<tbody>\n<tr style=\"height: 22px;\">\n<td style=\"width: 102.392%; height: 22px; background-color: #020b43;\" colspan=\"5\">\n<h3 style=\"text-align: center;\"><span style=\"color: #ffffff; font-size: 18pt;\">Ejercicio 2023<\/span><\/h3>\n<\/td>\n<\/tr>\n<tr style=\"height: 62px;\">\n<td style=\"width: 31.2748%; height: 62px;\">\u00a0<\/td>\n<td style=\"width: 16.1722%; height: 62px; text-align: center;\"><span style=\"font-size: 14pt;\"><strong>1er trimestre<\/strong><\/span><\/td>\n<td style=\"width: 16.7364%; height: 62px; text-align: center;\"><span style=\"font-size: 14pt;\"><strong>2do trimestre<\/strong><\/span><\/td>\n<td style=\"width: 17.2508%; height: 62px; text-align: center;\"><span style=\"font-size: 14pt;\"><strong>3er trimestre<\/strong><\/span><\/td>\n<td style=\"width: 20.9579%; height: 62px; text-align: center;\"><span style=\"font-size: 14pt;\"><strong>4to trimestre<\/strong><\/span><\/td>\n<\/tr>\n<tr style=\"height: 22px;\">\n<td style=\"width: 31.2748%; height: 17px; text-align: center;\"><span style=\"font-size: 14pt;\"><strong>Informaci\u00f3n contable<\/strong><\/span><\/td>\n<td style=\"width: 16.1722%; height: 17px;\">\u00a0<\/td>\n<td style=\"width: 16.7364%; height: 17px;\">\u00a0<\/td>\n<td style=\"width: 17.2508%; height: 17px;\">\u00a0<\/td>\n<td style=\"width: 20.9579%; height: 17px;\">\u00a0<\/td>\n<\/tr>\n<tr style=\"height: 22px;\">\n<td style=\"width: 31.2748%; height: 10px;\">Estado de Situaci\u00f3n Financiera<\/td>\n<td style=\"width: 16.1722%; height: 10px; text-align: center;\"><a href=\"https:\/\/teec.org.mx\/web\/wp-content\/uploads\/2023\/04\/1.-ESF-1er-tri-2023.pdf\" target=\"_blank\" rel=\"noopener\">PDF<\/a><\/td>\n<td style=\"width: 16.7364%; height: 10px; text-align: center;\"><a href=\"https:\/\/teec.org.mx\/web\/wp-content\/uploads\/2023\/07\/1.-ESF-2do-tri-2023.pdf\" target=\"_blank\" rel=\"noopener\">PDF<\/a><\/td>\n<td style=\"width: 17.2508%; height: 10px; text-align: center;\"><a href=\"https:\/\/teec.org.mx\/web\/wp-content\/uploads\/2023\/10\/1.-ESF-3er-tri-2023.pdf\" target=\"_blank\" rel=\"noopener\">PDF<\/a><\/td>\n<td style=\"width: 20.9579%; height: 10px; text-align: center;\"><a href=\"https:\/\/teec.org.mx\/web\/wp-content\/uploads\/2024\/01\/1.-ESF-4to-tri-2023.pdf\" target=\"_blank\" rel=\"noopener\">PDF<\/a><\/td>\n<\/tr>\n<tr style=\"height: 22px;\">\n<td style=\"width: 31.2748%; height: 10px;\">Estado de Actividades<\/td>\n<td style=\"width: 16.1722%; height: 10px; text-align: center;\"><a href=\"https:\/\/teec.org.mx\/web\/wp-content\/uploads\/2023\/04\/2.-EA-1er-tri-2023.pdf\" target=\"_blank\" rel=\"noopener\">PDF<\/a><\/td>\n<td style=\"width: 16.7364%; height: 10px; text-align: center;\"><a href=\"https:\/\/teec.org.mx\/web\/wp-content\/uploads\/2023\/07\/2.-EA-2do-tri-2023.pdf\" target=\"_blank\" rel=\"noopener\">PDF<\/a><\/td>\n<td style=\"width: 17.2508%; height: 10px; text-align: center;\"><a href=\"https:\/\/teec.org.mx\/web\/wp-content\/uploads\/2023\/10\/2.-EA-3er-tri-2023.pdf\" target=\"_blank\" rel=\"noopener\">PDF<\/a><\/td>\n<td style=\"width: 20.9579%; height: 10px; text-align: center;\"><a href=\"https:\/\/teec.org.mx\/web\/wp-content\/uploads\/2024\/01\/2.-EA-4to-tri-2023.pdf\" target=\"_blank\" rel=\"noopener\">PDF<\/a><\/td>\n<\/tr>\n<tr style=\"height: 22px;\">\n<td style=\"width: 31.2748%; height: 10px;\">Estado de Flujos de Efectivo<\/td>\n<td style=\"width: 16.1722%; height: 10px; text-align: center;\"><a href=\"https:\/\/teec.org.mx\/web\/wp-content\/uploads\/2023\/04\/3.-EFE-1er-tri-2023.pdf\" target=\"_blank\" rel=\"noopener\">PDF<\/a><\/td>\n<td style=\"width: 16.7364%; height: 10px; text-align: center;\"><a href=\"https:\/\/teec.org.mx\/web\/wp-content\/uploads\/2023\/07\/3.-EFE-2do-tri-2023.pdf\" target=\"_blank\" rel=\"noopener\">PDF<\/a><\/td>\n<td style=\"width: 17.2508%; height: 10px; text-align: center;\"><a href=\"https:\/\/teec.org.mx\/web\/wp-content\/uploads\/2023\/10\/3.-EFE-3er-tri-2023.pdf\" target=\"_blank\" rel=\"noopener\">PDF<\/a><\/td>\n<td style=\"width: 20.9579%; height: 10px; text-align: center;\"><a href=\"https:\/\/teec.org.mx\/web\/wp-content\/uploads\/2024\/01\/3.-EFE-4to-tri-2023.pdf\" target=\"_blank\" rel=\"noopener\">PDF<\/a><\/td>\n<\/tr>\n<tr style=\"height: 22px;\">\n<td style=\"width: 31.2748%; height: 10px;\">Estado de Variaci\u00f3n en la Hacienda P\u00fablica<\/td>\n<td style=\"width: 16.1722%; height: 10px; text-align: center;\"><a href=\"https:\/\/teec.org.mx\/web\/wp-content\/uploads\/2023\/04\/4.-EVHP-1er-tri-2023.pdf\" target=\"_blank\" rel=\"noopener\">PDF<\/a><\/td>\n<td style=\"width: 16.7364%; height: 10px; text-align: center;\"><a href=\"https:\/\/teec.org.mx\/web\/wp-content\/uploads\/2023\/07\/4.-EVHP-2do-tri-2023.pdf\" target=\"_blank\" rel=\"noopener\">PDF<\/a><\/td>\n<td style=\"width: 17.2508%; height: 10px; text-align: center;\"><a href=\"https:\/\/teec.org.mx\/web\/wp-content\/uploads\/2023\/10\/4.-EVHP-3er-tri-2023.pdf\" target=\"_blank\" rel=\"noopener\">PDF<\/a><\/td>\n<td style=\"width: 20.9579%; height: 10px; text-align: center;\"><a href=\"https:\/\/teec.org.mx\/web\/wp-content\/uploads\/2024\/01\/4.-EVHP-4to-tri-2023.pdf\" target=\"_blank\" rel=\"noopener\">PDF<\/a><\/td>\n<\/tr>\n<tr style=\"height: 22px;\">\n<td style=\"width: 31.2748%; height: 10px;\">Estado de Cambios en la Situaci\u00f3n Financiera<\/td>\n<td style=\"width: 16.1722%; height: 10px; text-align: center;\"><a href=\"https:\/\/teec.org.mx\/web\/wp-content\/uploads\/2023\/04\/5.-ECSF-1er-tri-2023.pdf\" target=\"_blank\" rel=\"noopener\">PDF<\/a><\/td>\n<td style=\"width: 16.7364%; height: 10px; text-align: center;\"><a href=\"https:\/\/teec.org.mx\/web\/wp-content\/uploads\/2023\/07\/5.-ECSF-2do-tri-2023.pdf\" target=\"_blank\" rel=\"noopener\">PDF<\/a><\/td>\n<td style=\"width: 17.2508%; height: 10px; text-align: center;\"><a href=\"https:\/\/teec.org.mx\/web\/wp-content\/uploads\/2023\/10\/5.-ECSF-3er-tri-2023.pdf\" target=\"_blank\" rel=\"noopener\">PDF<\/a><\/td>\n<td style=\"width: 20.9579%; height: 10px; text-align: center;\"><a href=\"https:\/\/teec.org.mx\/web\/wp-content\/uploads\/2024\/01\/5.-ECSF-4to-tri-2023.pdf\" target=\"_blank\" rel=\"noopener\">PDF<\/a><\/td>\n<\/tr>\n<tr style=\"height: 22px;\">\n<td style=\"width: 31.2748%; height: 10px;\">Informe de Pasivos Contingentes<\/td>\n<td style=\"width: 16.1722%; height: 10px; text-align: center;\"><a href=\"https:\/\/teec.org.mx\/web\/wp-content\/uploads\/2023\/04\/6.-IPC-1er-tri-2023.pdf\" target=\"_blank\" rel=\"noopener\">PDF<\/a><\/td>\n<td style=\"width: 16.7364%; height: 10px; text-align: center;\"><a href=\"https:\/\/teec.org.mx\/web\/wp-content\/uploads\/2023\/07\/6.-IPC-2do-tri-2023.pdf\" target=\"_blank\" rel=\"noopener\">PDF<\/a><\/td>\n<td style=\"width: 17.2508%; height: 10px; text-align: center;\"><a href=\"https:\/\/teec.org.mx\/web\/wp-content\/uploads\/2023\/10\/6.-IPC-3er-tri-2023.pdf\" target=\"_blank\" rel=\"noopener\">PDF<\/a><\/td>\n<td style=\"width: 20.9579%; height: 10px; text-align: center;\"><a href=\"https:\/\/teec.org.mx\/web\/wp-content\/uploads\/2024\/01\/6.-IPC-4to-tri-2023.pdf\" target=\"_blank\" rel=\"noopener\">PDF<\/a><\/td>\n<\/tr>\n<tr style=\"height: 22px;\">\n<td style=\"width: 31.2748%; height: 10px;\">Notas a los Estados Financieros<\/td>\n<td style=\"width: 16.1722%; height: 10px; text-align: center;\"><a href=\"https:\/\/teec.org.mx\/web\/wp-content\/uploads\/2023\/04\/7.-NEF-1er-tri-2023.pdf\" target=\"_blank\" rel=\"noopener\">PDF<\/a><\/td>\n<td style=\"width: 16.7364%; height: 10px; text-align: center;\"><a href=\"https:\/\/teec.org.mx\/web\/wp-content\/uploads\/2023\/07\/7.-NEF-2do-tri-2023.pdf\" target=\"_blank\" rel=\"noopener\">PDF<\/a><\/td>\n<td style=\"width: 17.2508%; height: 10px; text-align: center;\"><a href=\"https:\/\/teec.org.mx\/web\/wp-content\/uploads\/2023\/10\/7.-NEF-3er-tri-2023.pdf\" target=\"_blank\" rel=\"noopener\">PDF<\/a><\/td>\n<td style=\"width: 20.9579%; height: 10px; text-align: center;\"><a href=\"https:\/\/teec.org.mx\/web\/wp-content\/uploads\/2024\/01\/7.-NEF-4to-tri-2023.pdf\" target=\"_blank\" rel=\"noopener\">PDF<\/a><\/td>\n<\/tr>\n<tr style=\"height: 33px;\">\n<td style=\"width: 31.2748%; height: 22px;\">Estado Anal\u00edtico del Activo<\/td>\n<td style=\"width: 16.1722%; height: 22px; text-align: center;\"><a href=\"https:\/\/teec.org.mx\/web\/wp-content\/uploads\/2023\/04\/8.-EAA-1er-tri-2023.pdf\" target=\"_blank\" rel=\"noopener\">PDF<\/a><\/td>\n<td style=\"width: 16.7364%; height: 22px; text-align: center;\"><a href=\"https:\/\/teec.org.mx\/web\/wp-content\/uploads\/2023\/07\/8.-EAA-2do-tri-2023.pdf\" target=\"_blank\" rel=\"noopener\">PDF<\/a><\/td>\n<td style=\"width: 17.2508%; height: 22px; text-align: center;\"><a href=\"https:\/\/teec.org.mx\/web\/wp-content\/uploads\/2023\/10\/8.-EAA-3er-tri-2023.pdf\" target=\"_blank\" rel=\"noopener\">PDF<\/a><\/td>\n<td style=\"width: 20.9579%; height: 22px; text-align: center;\"><a href=\"https:\/\/teec.org.mx\/web\/wp-content\/uploads\/2024\/01\/8.-EAA-4to-tri-2023.pdf\" target=\"_blank\" rel=\"noopener\">PDF<\/a><\/td>\n<\/tr>\n<tr style=\"height: 49px;\">\n<td style=\"width: 31.2748%; height: 33px;\">Estado Anal\u00edtico de la Deuda y otros Pasivos<\/td>\n<td style=\"width: 16.1722%; height: 33px; text-align: center;\"><a href=\"https:\/\/teec.org.mx\/web\/wp-content\/uploads\/2023\/04\/9.-EADOP-1er-tri-2023.pdf\" target=\"_blank\" rel=\"noopener\">PDF<\/a><\/td>\n<td style=\"width: 16.7364%; height: 33px; text-align: center;\"><a href=\"https:\/\/teec.org.mx\/web\/wp-content\/uploads\/2023\/07\/9.-EADOP-2do-tri-2023.pdf\" target=\"_blank\" rel=\"noopener\">PDF<\/a><\/td>\n<td style=\"width: 17.2508%; height: 33px; text-align: center;\"><a href=\"https:\/\/teec.org.mx\/web\/wp-content\/uploads\/2023\/10\/9.-EADOP-3er-tri-2023.pdf\" target=\"_blank\" rel=\"noopener\">PDF<\/a><\/td>\n<td style=\"width: 20.9579%; height: 33px; text-align: center;\"><a href=\"https:\/\/teec.org.mx\/web\/wp-content\/uploads\/2024\/01\/9.-EADOP-4to-tri-2023.pdf\" target=\"_blank\" rel=\"noopener\">PDF<\/a><\/td>\n<\/tr>\n<tr style=\"height: 23px;\">\n<td style=\"width: 31.2748%; height: 10px; text-align: center;\"><span style=\"font-size: 14pt;\"><strong>Informaci\u00f3n Presupuestal<\/strong><\/span><\/td>\n<td style=\"width: 16.1722%; height: 10px; text-align: center;\">\u00a0<\/td>\n<td style=\"width: 16.7364%; height: 10px; text-align: center;\">\u00a0<\/td>\n<td style=\"width: 17.2508%; height: 10px; text-align: center;\">\u00a0<\/td>\n<td style=\"width: 20.9579%; height: 10px; text-align: center;\">\u00a0<\/td>\n<\/tr>\n<tr style=\"height: 23px;\">\n<td style=\"width: 31.2748%; height: 10px;\">Estado Anal\u00edtico del Ejercicio del Presupuesto de Egresos Clasificaci\u00f3n Administrativa<\/td>\n<td style=\"width: 16.1722%; height: 10px; text-align: center;\"><a href=\"https:\/\/teec.org.mx\/web\/wp-content\/uploads\/2023\/04\/2a.-EAEPE-CA-1er-tri-2023.pdf\" target=\"_blank\" rel=\"noopener\">PDF<\/a><\/td>\n<td style=\"width: 16.7364%; height: 10px; text-align: center;\"><a href=\"https:\/\/teec.org.mx\/web\/wp-content\/uploads\/2023\/07\/2a.-EAEPE-CA-2do-tri-2023.pdf\" target=\"_blank\" rel=\"noopener\">PDF<\/a><\/td>\n<td style=\"width: 17.2508%; height: 10px; text-align: center;\"><a href=\"https:\/\/teec.org.mx\/web\/wp-content\/uploads\/2023\/10\/2a.-EAEPE-CA-3er-tri-2023.pdf\" target=\"_blank\" rel=\"noopener\">PDF<\/a><\/td>\n<td style=\"width: 20.9579%; height: 10px; text-align: center;\"><a href=\"https:\/\/teec.org.mx\/web\/wp-content\/uploads\/2024\/01\/2a.-EAEPE-CA-4to-tri-2023.pdf\" target=\"_blank\" rel=\"noopener\">PDF<\/a><\/td>\n<\/tr>\n<tr style=\"height: 10px;\">\n<td style=\"width: 31.2748%; height: 11px;\">Estado Anal\u00edtico del Ejercicio del Presupuesto de Egresos Clasificaci\u00f3n Econ\u00f3mica<\/td>\n<td style=\"width: 16.1722%; height: 11px; text-align: center;\"><a href=\"https:\/\/teec.org.mx\/web\/wp-content\/uploads\/2023\/04\/2b.-EAEPE-CE-1er-tri-2023.pdf\" target=\"_blank\" rel=\"noopener\">PDF<\/a><\/td>\n<td style=\"width: 16.7364%; height: 11px; text-align: center;\"><a href=\"https:\/\/teec.org.mx\/web\/wp-content\/uploads\/2023\/07\/2b.-EAEPE-CE-2do-tri-2023.pdf\" target=\"_blank\" rel=\"noopener\">PDF<\/a><\/td>\n<td style=\"width: 17.2508%; height: 11px; text-align: center;\"><a href=\"https:\/\/teec.org.mx\/web\/wp-content\/uploads\/2023\/10\/2b.-EAEPE-CE-3er-tri-2023.pdf\" target=\"_blank\" rel=\"noopener\">PDF<\/a><\/td>\n<td style=\"width: 20.9579%; height: 11px; text-align: center;\"><a href=\"https:\/\/teec.org.mx\/web\/wp-content\/uploads\/2024\/01\/2b.-EAEPE-CE-4to-tri-2023.pdf\" target=\"_blank\" rel=\"noopener\">PDF<\/a><\/td>\n<\/tr>\n<tr style=\"height: 16px;\">\n<td style=\"width: 31.2748%; height: 10px;\">Estado Anal\u00edtico del Ejercicio del Presupuesto de Egresos Clasificaci\u00f3n Funcional<\/td>\n<td style=\"width: 16.1722%; height: 10px; text-align: center;\"><a href=\"https:\/\/teec.org.mx\/web\/wp-content\/uploads\/2023\/04\/2c.-EAEPE-CF-1er-tri-2023.pdf\" target=\"_blank\" rel=\"noopener\">PDF<\/a><\/td>\n<td style=\"width: 16.7364%; height: 10px; text-align: center;\"><a href=\"https:\/\/teec.org.mx\/web\/wp-content\/uploads\/2023\/07\/2c.-EAEPE-CF-2do-tri-2023.pdf\" target=\"_blank\" rel=\"noopener\">PDF<\/a><\/td>\n<td style=\"width: 17.2508%; height: 10px; text-align: center;\"><a href=\"https:\/\/teec.org.mx\/web\/wp-content\/uploads\/2023\/10\/2c.-EAEPE-CF-3er-tri-2023.pdf\" target=\"_blank\" rel=\"noopener\">PDF<\/a><\/td>\n<td style=\"width: 20.9579%; height: 10px; text-align: center;\"><a href=\"https:\/\/teec.org.mx\/web\/wp-content\/uploads\/2024\/01\/2c.-EAEPE-CF-4to-tri-2023.pdf\" target=\"_blank\" rel=\"noopener\">PDF<\/a><\/td>\n<\/tr>\n<tr style=\"height: 10px;\">\n<td style=\"width: 31.2748%; height: 10px;\">Estado Anal\u00edtico del Ejercicio del Presupuesto de Egresos Clasificaci\u00f3n por Objeto del Gasto<\/td>\n<td style=\"width: 16.1722%; height: 10px; text-align: center;\"><a href=\"https:\/\/teec.org.mx\/web\/wp-content\/uploads\/2023\/04\/2d.-EAEPE-COG-1er-tri-2023.pdf\" target=\"_blank\" rel=\"noopener\">PDF<\/a><\/td>\n<td style=\"width: 16.7364%; height: 10px; text-align: center;\"><a href=\"https:\/\/teec.org.mx\/web\/wp-content\/uploads\/2023\/07\/2d.-EAEPE-COG-2do-tri-2023.pdf\" target=\"_blank\" rel=\"noopener\">PDF<\/a><\/td>\n<td style=\"width: 17.2508%; height: 10px; text-align: center;\"><a href=\"https:\/\/teec.org.mx\/web\/wp-content\/uploads\/2023\/10\/2d.-EAEPE-COG-3er-tri-2023.pdf\" target=\"_blank\" rel=\"noopener\">PDF<\/a><\/td>\n<td style=\"width: 20.9579%; height: 10px; text-align: center;\"><a href=\"https:\/\/teec.org.mx\/web\/wp-content\/uploads\/2024\/01\/2d.-EAEPE-COG-4to-tri-2023.pdf\" target=\"_blank\" rel=\"noopener\">PDF<\/a><\/td>\n<\/tr>\n<tr style=\"height: 34px;\">\n<td style=\"width: 31.2748%; height: 25px; text-align: center;\"><span style=\"font-size: 14pt;\"><strong>Informaci\u00f3n Program\u00e1tica<\/strong><\/span><\/td>\n<td style=\"width: 16.1722%; height: 25px; text-align: center;\">\u00a0<\/td>\n<td style=\"width: 16.7364%; height: 25px; text-align: center;\">\u00a0<\/td>\n<td style=\"width: 17.2508%; height: 25px; text-align: center;\">\u00a0<\/td>\n<td style=\"width: 20.9579%; height: 25px; text-align: center;\">\u00a0<\/td>\n<\/tr>\n<tr style=\"height: 29px;\">\n<td style=\"width: 31.2748%; height: 16px;\">Gasto por Categor\u00eda Program\u00e1tica<\/td>\n<td style=\"width: 16.1722%; height: 16px; text-align: center;\"><a href=\"https:\/\/teec.org.mx\/web\/wp-content\/uploads\/2023\/04\/1.-GCP-1er-tri-2023.pdf\" target=\"_blank\" rel=\"noopener\">PDF<\/a><\/td>\n<td style=\"width: 16.7364%; height: 16px; text-align: center;\"><a href=\"https:\/\/teec.org.mx\/web\/wp-content\/uploads\/2023\/07\/1.-GCP-2do-tri-2023.pdf\" target=\"_blank\" rel=\"noopener\">PDF<\/a><\/td>\n<td style=\"width: 17.2508%; height: 16px; text-align: center;\"><a href=\"https:\/\/teec.org.mx\/web\/wp-content\/uploads\/2023\/10\/1.-GCP-3er-tri-2023.pdf\" target=\"_blank\" rel=\"noopener\">PDF<\/a><\/td>\n<td style=\"width: 20.9579%; height: 16px; text-align: center;\"><a href=\"https:\/\/teec.org.mx\/web\/wp-content\/uploads\/2024\/01\/1.-GCP-4to-tri-2023.pdf\" target=\"_blank\" rel=\"noopener\">PDF<\/a><\/td>\n<\/tr>\n<tr style=\"height: 24px;\">\n<td style=\"width: 31.2748%; height: 10px;\">Programa y Proyectos de Inversi\u00f3n<\/td>\n<td style=\"width: 16.1722%; height: 10px; text-align: center;\"><a href=\"https:\/\/teec.org.mx\/web\/wp-content\/uploads\/2023\/04\/2.-PPI-1er-tri-2023.pdf\" target=\"_blank\" rel=\"noopener\">PDF<\/a><\/td>\n<td style=\"width: 16.7364%; height: 10px; text-align: center;\"><a href=\"https:\/\/teec.org.mx\/web\/wp-content\/uploads\/2023\/07\/2.-PPI-2do-tri-2023.pdf\" target=\"_blank\" rel=\"noopener\">PDF<\/a><\/td>\n<td style=\"width: 17.2508%; height: 10px; text-align: center;\"><a href=\"https:\/\/teec.org.mx\/web\/wp-content\/uploads\/2023\/10\/2.-PPI-3er-tri-2023.pdf\" target=\"_blank\" rel=\"noopener\">PDF<\/a><\/td>\n<td style=\"width: 20.9579%; height: 10px; text-align: center;\"><a href=\"https:\/\/teec.org.mx\/web\/wp-content\/uploads\/2024\/01\/2.-PPI-4to-tri-2023.pdf\" target=\"_blank\" rel=\"noopener\">PDF<\/a><\/td>\n<\/tr>\n<tr style=\"height: 183px;\">\n<td style=\"width: 31.2748%; height: 183px;\">\n<p>Indicadores para Resultados<\/p>\n<p style=\"text-align: justify;\"><span style=\"font-size: 10pt;\">(A partir del 3er trimestre de 2023 todos los indicadores se unificaron en un solo formato)<\/span><\/p>\n<\/td>\n<td style=\"width: 16.1722%; text-align: center; height: 183px;\">\u00a0<\/td>\n<td style=\"width: 16.7364%; text-align: center; height: 183px;\">\u00a0<\/td>\n<td style=\"width: 17.2508%; text-align: center; height: 183px;\"><a href=\"https:\/\/teec.org.mx\/web\/wp-content\/uploads\/2023\/10\/3.-IR-3er-tri-2023.pdf\" target=\"_blank\" rel=\"noopener\">PDF<\/a><\/td>\n<td style=\"width: 20.9579%; text-align: center; height: 183px;\"><a href=\"https:\/\/teec.org.mx\/web\/wp-content\/uploads\/2024\/01\/3.-IR-4to-tri-2023.pdf\" target=\"_blank\" rel=\"noopener\">PDF<\/a><\/td>\n<\/tr>\n<tr style=\"height: 69px;\">\n<td style=\"width: 31.2748%; height: 46px;\">Indicadores para Resultados Proporci\u00f3n Gasto Programable<\/td>\n<td style=\"width: 16.1722%; height: 46px; text-align: center;\"><a href=\"https:\/\/teec.org.mx\/web\/wp-content\/uploads\/2023\/04\/3a.-PGP-1er-tri-2023.pdf\" target=\"_blank\" rel=\"noopener\">PDF<\/a><\/td>\n<td style=\"width: 16.7364%; height: 46px; text-align: center;\"><a href=\"https:\/\/teec.org.mx\/web\/wp-content\/uploads\/2023\/07\/3a.-PGP-2do-tri-2023.pdf\">PDF<\/a><\/td>\n<td style=\"width: 17.2508%; height: 46px; text-align: center;\">\u00a0<\/td>\n<td style=\"width: 20.9579%; height: 46px; text-align: center;\">\u00a0<\/td>\n<\/tr>\n<tr style=\"height: 81px;\">\n<td style=\"width: 31.2748%; height: 61px;\">Indicadores para Resultados Proporci\u00f3n Gasto de Operaci\u00f3n<\/td>\n<td style=\"width: 16.1722%; height: 61px; text-align: center;\"><a href=\"https:\/\/teec.org.mx\/web\/wp-content\/uploads\/2023\/04\/3b.-PGO-1er-tri-2023.pdf\" target=\"_blank\" rel=\"noopener\">PDF<\/a><\/td>\n<td style=\"width: 16.7364%; height: 61px; text-align: center;\"><a href=\"https:\/\/teec.org.mx\/web\/wp-content\/uploads\/2023\/07\/3b.-PGO-2do-tri-2023.pdf\" target=\"_blank\" rel=\"noopener\">PDF<\/a><\/td>\n<td style=\"width: 17.2508%; height: 61px; text-align: center;\">\u00a0<\/td>\n<td style=\"width: 20.9579%; height: 61px; text-align: center;\">\u00a0<\/td>\n<\/tr>\n<tr style=\"height: 74px;\">\n<td style=\"width: 31.2748%; height: 58px;\">Indicadores para Resultados Proporci\u00f3n Gasto de Inversi\u00f3n<\/td>\n<td style=\"width: 16.1722%; height: 58px; text-align: center;\"><a href=\"https:\/\/teec.org.mx\/web\/wp-content\/uploads\/2023\/04\/3c.-PGIC-1er-tri-2023.pdf\" target=\"_blank\" rel=\"noopener\">PDF<\/a><\/td>\n<td style=\"width: 16.7364%; height: 58px; text-align: center;\"><a href=\"https:\/\/teec.org.mx\/web\/wp-content\/uploads\/2023\/07\/3c.-PGIC-2do-tri-2023.pdf\" target=\"_blank\" rel=\"noopener\">PDF<\/a><\/td>\n<td style=\"width: 17.2508%; height: 58px; text-align: center;\">\u00a0<\/td>\n<td style=\"width: 20.9579%; height: 58px; text-align: center;\">\u00a0<\/td>\n<\/tr>\n<tr style=\"height: 118px;\">\n<td style=\"width: 31.2748%; height: 99px;\">Indicadores para Resultados Servicios Personales en el Gasto de Operaci\u00f3n<\/td>\n<td style=\"width: 16.1722%; height: 99px; text-align: center;\"><a href=\"https:\/\/teec.org.mx\/web\/wp-content\/uploads\/2023\/04\/3d.-SPGO-1er-tri-2023.pdf\" target=\"_blank\" rel=\"noopener\">PDF<\/a><\/td>\n<td style=\"width: 16.7364%; height: 99px; text-align: center;\"><a href=\"https:\/\/teec.org.mx\/web\/wp-content\/uploads\/2023\/07\/3d.-SPGO-2do-tri-2023.pdf\" target=\"_blank\" rel=\"noopener\">PDF<\/a><\/td>\n<td style=\"width: 17.2508%; height: 99px; text-align: center;\">\u00a0<\/td>\n<td style=\"width: 20.9579%; height: 99px; text-align: center;\">\u00a0<\/td>\n<\/tr>\n<tr style=\"height: 76px;\">\n<td style=\"width: 31.2748%; height: 59px;\">Indicadores para Resultados Proporci\u00f3n de los Servicios Personales<\/td>\n<td style=\"width: 16.1722%; height: 59px; text-align: center;\"><a href=\"https:\/\/teec.org.mx\/web\/wp-content\/uploads\/2023\/04\/3e.-PSP-1er-tri-2023.pdf\" target=\"_blank\" rel=\"noopener\">PDF<\/a><\/td>\n<td style=\"width: 16.7364%; height: 59px; text-align: center;\"><a href=\"https:\/\/teec.org.mx\/web\/wp-content\/uploads\/2023\/07\/3e.-PSP-2do-tri-2023.pdf\">PDF<\/a><\/td>\n<td style=\"width: 17.2508%; height: 59px; text-align: center;\">\u00a0<\/td>\n<td style=\"width: 20.9579%; height: 59px; text-align: center;\">\u00a0<\/td>\n<\/tr>\n<\/tbody>\n<\/table>\n<p>\u00a0<\/p>\n<\/div>\n\n\n\n<div class=\"wp-block-column is-layout-flow wp-block-column-is-layout-flow\" style=\"flex-basis:10px\"><\/div>\n<\/div>\n","protected":false},"excerpt":{"rendered":"<p>\u00a0 \u00a0 Fracci\u00f3n XXXIb 2023 \u00a0 Informe financieros contables, presupuestales y program\u00e1ticos \u00a0 Ejercicio 2023 \u00a0 1er trimestre 2do trimestre 3er trimestre 4to trimestre Informaci\u00f3n contable \u00a0 \u00a0 \u00a0 \u00a0 Estado de Situaci\u00f3n Financiera PDF PDF PDF PDF Estado de Actividades PDF PDF PDF PDF Estado de Flujos de Efectivo PDF PDF PDF PDF Estado [&hellip;]<\/p>\n","protected":false},"author":1,"featured_media":0,"parent":0,"menu_order":0,"comment_status":"closed","ping_status":"closed","template":"","meta":{"footnotes":""},"yst_prominent_words":[268,465,297,732,731,298,267,264,274,736,734,733,493,730,263,737,735,266,265],"_links":{"self":[{"href":"https:\/\/teec.org.mx\/web\/wp-json\/wp\/v2\/pages\/18245"}],"collection":[{"href":"https:\/\/teec.org.mx\/web\/wp-json\/wp\/v2\/pages"}],"about":[{"href":"https:\/\/teec.org.mx\/web\/wp-json\/wp\/v2\/types\/page"}],"author":[{"embeddable":true,"href":"https:\/\/teec.org.mx\/web\/wp-json\/wp\/v2\/users\/1"}],"replies":[{"embeddable":true,"href":"https:\/\/teec.org.mx\/web\/wp-json\/wp\/v2\/comments?post=18245"}],"version-history":[{"count":19,"href":"https:\/\/teec.org.mx\/web\/wp-json\/wp\/v2\/pages\/18245\/revisions"}],"predecessor-version":[{"id":28721,"href":"https:\/\/teec.org.mx\/web\/wp-json\/wp\/v2\/pages\/18245\/revisions\/28721"}],"wp:attachment":[{"href":"https:\/\/teec.org.mx\/web\/wp-json\/wp\/v2\/media?parent=18245"}],"wp:term":[{"taxonomy":"yst_prominent_words","embeddable":true,"href":"https:\/\/teec.org.mx\/web\/wp-json\/wp\/v2\/yst_prominent_words?post=18245"}],"curies":[{"name":"wp","href":"https:\/\/api.w.org\/{rel}","templated":true}]}}