{"id":186,"date":"2020-02-08T00:37:48","date_gmt":"2020-02-08T00:37:48","guid":{"rendered":"http:\/\/teec.org.mx\/web\/?page_id=186"},"modified":"2025-04-15T13:12:02","modified_gmt":"2025-04-15T19:12:02","slug":"directorio","status":"publish","type":"page","link":"https:\/\/teec.org.mx\/web\/directorio\/","title":{"rendered":"Directorio"},"content":{"rendered":"\n<p>\u00a0<\/p>\n<p>\u00a0<\/p>\n<h3 style=\"text-align: center;\">Directorio<\/h3>\n\n\n\n<figure class=\"wp-block-table is-style-regular\"><table><thead><tr><th class=\"has-text-align-center\" data-align=\"center\">Nombre<\/th><th class=\"has-text-align-center\" data-align=\"center\"> <strong>Cargo<\/strong> <\/th><th class=\"has-text-align-center\" data-align=\"center\"> <strong>Correo electr\u00f3nico<\/strong> <\/th><th class=\"has-text-align-center\" data-align=\"center\"> <strong>Tel\u00e9fono<\/strong> <\/th><th class=\"has-text-align-center\" data-align=\"center\"> <strong>Extensi<\/strong>ones<\/th><\/tr><\/thead><tbody><tr><td class=\"has-text-align-center\" data-align=\"center\"> Dr. Francisco Javier Ac Ord\u00f3\u00f1ez<\/td><td class=\"has-text-align-center\" data-align=\"center\"> Magistrado Presidente<\/td><td class=\"has-text-align-center\" data-align=\"center\">fjac@teec.mx <\/td><td class=\"has-text-align-center\" data-align=\"center\">  981 8113202, 03, 04  <\/td><td class=\"has-text-align-center\" data-align=\"center\">107<\/td><\/tr><tr><td class=\"has-text-align-center\" data-align=\"center\">Mtra. Mar\u00eda Eugenia Villa Torres<\/td><td class=\"has-text-align-center\" data-align=\"center\">Magistrada<\/td><td class=\"has-text-align-center\" data-align=\"center\">mvilla@teec.mx <\/td><td class=\"has-text-align-center\" data-align=\"center\">981 8113202, 03, 04<\/td><td class=\"has-text-align-center\" data-align=\"center\">103<\/td><\/tr><tr><td class=\"has-text-align-center\" data-align=\"center\">Dra. Ingrid Ren\u00e9e P\u00e9rez Campos<\/td><td class=\"has-text-align-center\" data-align=\"center\">  Magistrada<\/td><td class=\"has-text-align-center\" data-align=\"center\">  iperez@teec.mx<\/td><td class=\"has-text-align-center\" data-align=\"center\">981 8113202, 03, 04 <\/td><td class=\"has-text-align-center\" data-align=\"center\"> 105<\/td><\/tr><tr><td class=\"has-text-align-center\" data-align=\"center\"> Mtro. David Antonio Hern\u00e1ndez Flores<\/td><td class=\"has-text-align-center\" data-align=\"center\"> Secretario General de Acuerdos<\/td><td class=\"has-text-align-center\" data-align=\"center\">sga@teec.mx <\/td><td class=\"has-text-align-center\" data-align=\"center\">  981 8113202, 03, 04   <\/td><td class=\"has-text-align-center\" data-align=\"center\">109<\/td><\/tr><tr><td class=\"has-text-align-center\" data-align=\"center\"> C. P. Mar\u00eda del Pilar Bastos Serrano <\/td><td class=\"has-text-align-center\" data-align=\"center\"> Contralor Interno <\/td><td class=\"has-text-align-center\" data-align=\"center\">contraloria@teec.mx <\/td><td class=\"has-text-align-center\" data-align=\"center\"> &nbsp;981 8113202, 03, 04 <\/td><td class=\"has-text-align-center\" data-align=\"center\">108<\/td><\/tr><tr><td class=\"has-text-align-center\" data-align=\"center\">  Mtra. Rosa Elena Arredondo Cervera<\/td><td class=\"has-text-align-center\" data-align=\"center\">Directora de Administraci\u00f3n<br>  <\/td><td class=\"has-text-align-center\" data-align=\"center\"><br>  <\/td><td class=\"has-text-align-center\" data-align=\"center\"> 981 8113202, 03, 04 <\/td><td class=\"has-text-align-center\" data-align=\"center\">111<\/td><\/tr><tr><td class=\"has-text-align-center\" data-align=\"center\">Lic. Juan Luis Renedo Mart\u00ednez<\/td><td class=\"has-text-align-center\" data-align=\"center\"> Responsable de la Unidad de Transparencia<\/td><td class=\"has-text-align-center\" data-align=\"center\"> jrenedo@teec.mx<\/td><td class=\"has-text-align-center\" data-align=\"center\"> 981 8113202, 03, 04 <\/td><td class=\"has-text-align-center\" data-align=\"center\">101<\/td><\/tr><tr><td class=\"has-text-align-center\" data-align=\"center\"> Ing. Paola Celeste Borges C\u00e1mara <\/td><td class=\"has-text-align-center\" data-align=\"center\"> Titular del \u00c1rea de Inform\u00e1tica <\/td><td class=\"has-text-align-center\" data-align=\"center\"> pborges@teec.mx <\/td><td class=\"has-text-align-center\" data-align=\"center\"> 981 8113202, 03, 04 <\/td><td class=\"has-text-align-center\" data-align=\"center\">110<\/td><\/tr><\/tbody><\/table><\/figure>\n","protected":false},"excerpt":{"rendered":"<p>\u00a0 \u00a0 Directorio Nombre Cargo Correo electr\u00f3nico Tel\u00e9fono Extensiones Dr. Francisco Javier Ac Ord\u00f3\u00f1ez Magistrado Presidente fjac@teec.mx 981 8113202, 03, 04 107 Mtra. Mar\u00eda Eugenia Villa Torres Magistrada mvilla@teec.mx 981 8113202, 03, 04 103 Dra. Ingrid Ren\u00e9e P\u00e9rez Campos Magistrada iperez@teec.mx 981 8113202, 03, 04 105 Mtro. David Antonio Hern\u00e1ndez Flores Secretario General de Acuerdos [&hellip;]<\/p>\n","protected":false},"author":1,"featured_media":0,"parent":0,"menu_order":0,"comment_status":"closed","ping_status":"closed","template":"","meta":{"footnotes":""},"yst_prominent_words":[120,117,121,119,111,97,118,110,96,90,125,124],"_links":{"self":[{"href":"https:\/\/teec.org.mx\/web\/wp-json\/wp\/v2\/pages\/186"}],"collection":[{"href":"https:\/\/teec.org.mx\/web\/wp-json\/wp\/v2\/pages"}],"about":[{"href":"https:\/\/teec.org.mx\/web\/wp-json\/wp\/v2\/types\/page"}],"author":[{"embeddable":true,"href":"https:\/\/teec.org.mx\/web\/wp-json\/wp\/v2\/users\/1"}],"replies":[{"embeddable":true,"href":"https:\/\/teec.org.mx\/web\/wp-json\/wp\/v2\/comments?post=186"}],"version-history":[{"count":42,"href":"https:\/\/teec.org.mx\/web\/wp-json\/wp\/v2\/pages\/186\/revisions"}],"predecessor-version":[{"id":28748,"href":"https:\/\/teec.org.mx\/web\/wp-json\/wp\/v2\/pages\/186\/revisions\/28748"}],"wp:attachment":[{"href":"https:\/\/teec.org.mx\/web\/wp-json\/wp\/v2\/media?parent=186"}],"wp:term":[{"taxonomy":"yst_prominent_words","embeddable":true,"href":"https:\/\/teec.org.mx\/web\/wp-json\/wp\/v2\/yst_prominent_words?post=186"}],"curies":[{"name":"wp","href":"https:\/\/api.w.org\/{rel}","templated":true}]}}