{"id":18751,"date":"2023-07-25T13:14:06","date_gmt":"2023-07-25T19:14:06","guid":{"rendered":"https:\/\/teec.org.mx\/web\/?page_id=18751"},"modified":"2023-08-08T13:51:41","modified_gmt":"2023-08-08T19:51:41","slug":"segundo-trimestre-2023-conac","status":"publish","type":"page","link":"https:\/\/teec.org.mx\/web\/segundo-trimestre-2023-conac\/","title":{"rendered":"Segundo trimestre 2023 conac"},"content":{"rendered":"\n<h3 class=\"wp-block-heading has-text-align-center\">Segundo trimestre 2023<\/h3>\n\n\n\n<div class=\"wp-block-columns is-layout-flex wp-container-core-columns-layout-1 wp-block-columns-is-layout-flex\">\n<div class=\"wp-block-column is-layout-flow wp-block-column-is-layout-flow\" style=\"flex-basis:10%\"><\/div>\n\n\n\n<div class=\"wp-block-column is-layout-flow wp-block-column-is-layout-flow\" style=\"flex-basis:90%\">\n<p>&nbsp;<\/p>\n<ol>\n<li><a href=\"https:\/\/teec.org.mx\/web\/wp-content\/uploads\/2023\/07\/1.-NEEIMPAS-2do-tri-2023.pdf\" target=\"_blank\" rel=\"noopener\"><span style=\"font-size: 18pt;\">Norma para establecer la estructura de informaci\u00f3n de montos pagados por ayudas y subsidios<\/span><\/a><\/li>\n<li><a href=\"https:\/\/teec.org.mx\/web\/wp-content\/uploads\/2023\/07\/2.-NEEFRBCPEP-2do-tri-2023.pdf\" target=\"_blank\" rel=\"noopener\"><span style=\"font-size: 18pt;\">Norma para establecer la estructura del formato de la relaci\u00f3n de bienes que componen el patrimonio del ente p\u00fablico<\/span><\/a><\/li>\n<\/ol>\n<\/div>\n<\/div>\n","protected":false},"excerpt":{"rendered":"<p>Segundo trimestre 2023 &nbsp; Norma para establecer la estructura de informaci\u00f3n de montos pagados por ayudas y subsidios Norma para establecer la estructura del formato de la relaci\u00f3n de bienes que componen el patrimonio del ente p\u00fablico<\/p>\n","protected":false},"author":1,"featured_media":0,"parent":0,"menu_order":0,"comment_status":"closed","ping_status":"closed","template":"","meta":{"footnotes":""},"yst_prominent_words":[289,287,290,288,286,285],"_links":{"self":[{"href":"https:\/\/teec.org.mx\/web\/wp-json\/wp\/v2\/pages\/18751"}],"collection":[{"href":"https:\/\/teec.org.mx\/web\/wp-json\/wp\/v2\/pages"}],"about":[{"href":"https:\/\/teec.org.mx\/web\/wp-json\/wp\/v2\/types\/page"}],"author":[{"embeddable":true,"href":"https:\/\/teec.org.mx\/web\/wp-json\/wp\/v2\/users\/1"}],"replies":[{"embeddable":true,"href":"https:\/\/teec.org.mx\/web\/wp-json\/wp\/v2\/comments?post=18751"}],"version-history":[{"count":2,"href":"https:\/\/teec.org.mx\/web\/wp-json\/wp\/v2\/pages\/18751\/revisions"}],"predecessor-version":[{"id":18873,"href":"https:\/\/teec.org.mx\/web\/wp-json\/wp\/v2\/pages\/18751\/revisions\/18873"}],"wp:attachment":[{"href":"https:\/\/teec.org.mx\/web\/wp-json\/wp\/v2\/media?parent=18751"}],"wp:term":[{"taxonomy":"yst_prominent_words","embeddable":true,"href":"https:\/\/teec.org.mx\/web\/wp-json\/wp\/v2\/yst_prominent_words?post=18751"}],"curies":[{"name":"wp","href":"https:\/\/api.w.org\/{rel}","templated":true}]}}