{"id":20200,"date":"2024-01-05T10:53:46","date_gmt":"2024-01-05T16:53:46","guid":{"rendered":"https:\/\/teec.org.mx\/web\/?page_id=20200"},"modified":"2025-01-08T21:38:35","modified_gmt":"2025-01-09T03:38:35","slug":"sentencias-2024","status":"publish","type":"page","link":"https:\/\/teec.org.mx\/web\/sentencias-2024\/","title":{"rendered":"Sentencias 2024"},"content":{"rendered":"\n<p>\u00a0<\/p>\n<p>\u00a0<\/p>\n<h3 style=\"text-align: center;\">Sentencias 2024<\/h3>\n<p>\u00a0<\/p>\n<table class=\" aligncenter\" style=\"width: 79.0029%; height: 443px;\">\n<tbody>\n<tr>\n<td style=\"width: 89.8662%;\"><span style=\"font-size: 18pt;\">Recursos de Apelaci\u00f3n<\/span><\/td>\n<td style=\"width: 7.11784%;\"><a href=\"https:\/\/teec.org.mx\/web\/sentencias-rap-2024\/\"><span style=\"font-size: 18pt;\">RAP<\/span><\/a><\/td>\n<\/tr>\n<tr>\n<td style=\"width: 89.8662%;\"><span style=\"font-size: 18pt;\">Juicio de Inconformidad<\/span><\/td>\n<td style=\"width: 7.11784%;\"><a href=\"https:\/\/teec.org.mx\/web\/sentencias-jin-2024\/\"><span style=\"font-size: 18pt;\">JIN<\/span><\/a><\/td>\n<\/tr>\n<tr>\n<td style=\"width: 89.8662%;\"><span style=\"font-size: 18pt;\">Cuaderno Incidental<\/span><\/td>\n<td style=\"width: 7.11784%;\"><a href=\"https:\/\/teec.org.mx\/web\/sentencias-inc-2024\/\"><span style=\"font-size: 18pt;\">INC<\/span><\/a><\/td>\n<\/tr>\n<tr>\n<td style=\"width: 89.8662%;\"><span style=\"font-size: 18pt;\">Juicio para la Protecci\u00f3n de los Derechos Pol\u00edticos-Electorales de la Ciudadan\u00eda<\/span><\/td>\n<td style=\"width: 7.11784%;\"><a href=\"https:\/\/teec.org.mx\/web\/sentencias-jdc-2024\/\"><span style=\"font-size: 18pt;\">JDC<\/span><\/a><\/td>\n<\/tr>\n<tr>\n<td style=\"width: 89.8662%;\"><span style=\"font-size: 18pt;\">Procedimiento Especial Sancionador<\/span><\/td>\n<td style=\"width: 7.11784%;\"><a href=\"https:\/\/teec.org.mx\/web\/sentencias-pes-2024\/\"><span style=\"font-size: 18pt;\">PES<\/span><\/a><\/td>\n<\/tr>\n<tr>\n<td style=\"width: 89.8662%;\"><span style=\"font-size: 18pt;\">Juicio Electoral<\/span><\/td>\n<td style=\"width: 7.11784%;\"><a href=\"https:\/\/teec.org.mx\/web\/sentencias-je-2024\/\"><span style=\"font-size: 18pt;\">JE<\/span><\/a><\/td>\n<\/tr>\n<tr>\n<td style=\"width: 89.8662%;\"><span style=\"font-size: 18pt;\">Impedimento para conocer de un determinado medio de impugnaci\u00f3n<\/span><\/td>\n<td style=\"width: 7.11784%;\"><a href=\"https:\/\/teec.org.mx\/web\/sentencias-imp-2024\/\"><span style=\"font-size: 18pt;\">IMP<\/span><\/a><\/td>\n<\/tr>\n<\/tbody>\n<\/table>\n<p>\u00a0<\/p>\n","protected":false},"excerpt":{"rendered":"<p>\u00a0 \u00a0 Sentencias 2024 \u00a0 Recursos de Apelaci\u00f3n RAP Juicio de Inconformidad JIN Cuaderno Incidental INC Juicio para la Protecci\u00f3n de los Derechos Pol\u00edticos-Electorales de la Ciudadan\u00eda JDC Procedimiento Especial Sancionador PES Juicio Electoral JE Impedimento para conocer de un determinado medio de impugnaci\u00f3n IMP \u00a0<\/p>\n","protected":false},"author":1,"featured_media":0,"parent":0,"menu_order":0,"comment_status":"closed","ping_status":"closed","template":"","meta":{"footnotes":""},"yst_prominent_words":[261],"_links":{"self":[{"href":"https:\/\/teec.org.mx\/web\/wp-json\/wp\/v2\/pages\/20200"}],"collection":[{"href":"https:\/\/teec.org.mx\/web\/wp-json\/wp\/v2\/pages"}],"about":[{"href":"https:\/\/teec.org.mx\/web\/wp-json\/wp\/v2\/types\/page"}],"author":[{"embeddable":true,"href":"https:\/\/teec.org.mx\/web\/wp-json\/wp\/v2\/users\/1"}],"replies":[{"embeddable":true,"href":"https:\/\/teec.org.mx\/web\/wp-json\/wp\/v2\/comments?post=20200"}],"version-history":[{"count":14,"href":"https:\/\/teec.org.mx\/web\/wp-json\/wp\/v2\/pages\/20200\/revisions"}],"predecessor-version":[{"id":27414,"href":"https:\/\/teec.org.mx\/web\/wp-json\/wp\/v2\/pages\/20200\/revisions\/27414"}],"wp:attachment":[{"href":"https:\/\/teec.org.mx\/web\/wp-json\/wp\/v2\/media?parent=20200"}],"wp:term":[{"taxonomy":"yst_prominent_words","embeddable":true,"href":"https:\/\/teec.org.mx\/web\/wp-json\/wp\/v2\/yst_prominent_words?post=20200"}],"curies":[{"name":"wp","href":"https:\/\/api.w.org\/{rel}","templated":true}]}}