{"id":221,"date":"2020-02-08T17:15:38","date_gmt":"2020-02-08T17:15:38","guid":{"rendered":"http:\/\/teec.org.mx\/web\/?page_id=221"},"modified":"2020-12-02T17:56:41","modified_gmt":"2020-12-02T23:56:41","slug":"vision-y-mision","status":"publish","type":"page","link":"https:\/\/teec.org.mx\/web\/vision-y-mision\/","title":{"rendered":"Visi\u00f3n y misi\u00f3n"},"content":{"rendered":"\n<div class=\"wp-block-columns is-layout-flex wp-container-core-columns-layout-1 wp-block-columns-is-layout-flex\">\n<div class=\"wp-block-column is-layout-flow wp-block-column-is-layout-flow\" style=\"flex-basis:15%\"><\/div>\n\n\n\n<div class=\"wp-block-column is-layout-flow wp-block-column-is-layout-flow\" style=\"flex-basis:70%\">\n<p>&nbsp;<\/p>\n<p style=\"text-align: justify;\"><span style=\"font-size: 14pt;\"><img loading=\"lazy\" decoding=\"async\" class=\"alignleft wp-image-7920\" src=\"https:\/\/teec.org.mx\/web\/wp-content\/uploads\/2020\/12\/boton-vision-1-300x293.png\" alt=\"\" width=\"250\" height=\"244\"><\/span><\/p>\n<p style=\"text-align: justify;\"><span style=\"font-size: 14pt;\"><span style=\"font-size: 18pt;\">Tiene como visi\u00f3n ser un \u00f3rgano jurisdiccional que est\u00e9 siempre actualizado para impartir justicia en materia electoral bajo los principios de certeza, imparcialidad, independencia, legalidad, m\u00e1xima publicidad, objetividad y probidad as\u00ed como ser promotor de la cultura jur\u00eddica\u2013electoral.<\/span><\/span><\/p>\n<p>&nbsp;<\/p>\n<p>&nbsp;<\/p>\n<p><img loading=\"lazy\" decoding=\"async\" class=\"alignright wp-image-7922\" src=\"https:\/\/teec.org.mx\/web\/wp-content\/uploads\/2020\/12\/boton-Mision-1-300x292.png\" alt=\"\" width=\"250\" height=\"243\"><\/p>\n<p style=\"text-align: justify;\"><span style=\"font-size: 18pt;\">Tiene la finalidad de actuar como autoridad jurisdiccional, local especializada en materia electoral, para garantizar que todos los actos y resoluciones electorales que emitan diferentes instancias se sujeten a los principio de constitucionalidad, legalidad, certeza y definitividad.<\/span><\/p>\n<p>&nbsp;<\/p>\n<\/div>\n\n\n\n<div class=\"wp-block-column is-layout-flow wp-block-column-is-layout-flow\" style=\"flex-basis:15%\"><\/div>\n<\/div>\n","protected":false},"excerpt":{"rendered":"<p>&nbsp; Tiene como visi\u00f3n ser un \u00f3rgano jurisdiccional que est\u00e9 siempre actualizado para impartir justicia en materia electoral bajo los principios de certeza, imparcialidad, independencia, legalidad, m\u00e1xima publicidad, objetividad y probidad as\u00ed como ser promotor de la cultura jur\u00eddica\u2013electoral. &nbsp; &nbsp; Tiene la finalidad de actuar como autoridad jurisdiccional, local especializada en materia electoral, para [&hellip;]<\/p>\n","protected":false},"author":1,"featured_media":0,"parent":0,"menu_order":0,"comment_status":"closed","ping_status":"closed","template":"","meta":{"footnotes":""},"yst_prominent_words":[43,529,46,45],"_links":{"self":[{"href":"https:\/\/teec.org.mx\/web\/wp-json\/wp\/v2\/pages\/221"}],"collection":[{"href":"https:\/\/teec.org.mx\/web\/wp-json\/wp\/v2\/pages"}],"about":[{"href":"https:\/\/teec.org.mx\/web\/wp-json\/wp\/v2\/types\/page"}],"author":[{"embeddable":true,"href":"https:\/\/teec.org.mx\/web\/wp-json\/wp\/v2\/users\/1"}],"replies":[{"embeddable":true,"href":"https:\/\/teec.org.mx\/web\/wp-json\/wp\/v2\/comments?post=221"}],"version-history":[{"count":5,"href":"https:\/\/teec.org.mx\/web\/wp-json\/wp\/v2\/pages\/221\/revisions"}],"predecessor-version":[{"id":7923,"href":"https:\/\/teec.org.mx\/web\/wp-json\/wp\/v2\/pages\/221\/revisions\/7923"}],"wp:attachment":[{"href":"https:\/\/teec.org.mx\/web\/wp-json\/wp\/v2\/media?parent=221"}],"wp:term":[{"taxonomy":"yst_prominent_words","embeddable":true,"href":"https:\/\/teec.org.mx\/web\/wp-json\/wp\/v2\/yst_prominent_words?post=221"}],"curies":[{"name":"wp","href":"https:\/\/api.w.org\/{rel}","templated":true}]}}