{"id":2310,"date":"2020-02-17T09:33:36","date_gmt":"2020-02-17T15:33:36","guid":{"rendered":"https:\/\/teec.org.mx\/web\/?page_id=2310"},"modified":"2026-01-29T14:31:52","modified_gmt":"2026-01-29T20:31:52","slug":"documentos-basicos","status":"publish","type":"page","link":"https:\/\/teec.org.mx\/web\/documentos-basicos\/","title":{"rendered":"Documentos b\u00e1sicos"},"content":{"rendered":"\n<div class=\"wp-block-columns is-layout-flex wp-container-core-columns-layout-1 wp-block-columns-is-layout-flex\">\n<div class=\"wp-block-column is-layout-flow wp-block-column-is-layout-flow\" style=\"flex-basis:8%\"><\/div>\n\n\n\n<div class=\"wp-block-column is-layout-flow wp-block-column-is-layout-flow\" style=\"flex-basis:92%\">\n<p>\u00a0<\/p>\n<p>\u00a0<\/p>\n<p>\u00a0<\/p>\n<h3 style=\"text-align: center;\">Documentos b\u00e1sicos<\/h3>\n<p>\u00a0<\/p>\n<ul>\n<li><a href=\"https:\/\/teec.org.mx\/web\/wp-content\/uploads\/2026\/01\/PADA-2026.pdf\" target=\"_blank\" rel=\"noopener\"><span style=\"font-size: 18pt;\">Plan anual de desarrollo archiv\u00edstico (PADA) del TEEC para el ejercicio 2026<\/span><\/a><\/li>\n<li><a href=\"https:\/\/teec.org.mx\/web\/wp-content\/uploads\/2026\/01\/ACA-1-2026.pdf\" target=\"_blank\" rel=\"noopener\"><span style=\"font-size: 18pt;\">Informe anual de cumplimiento del Plan anual de desarrollo archiv\u00edstico (PADA) 2026<\/span><\/a><\/li>\n<li><a href=\"https:\/\/teec.org.mx\/web\/wp-content\/uploads\/2020\/02\/Cuadro-General-de-Clasificacion-Archivistica-TEEC.pdf\" target=\"_blank\" rel=\"noopener\"><span style=\"font-size: 18pt;\">Cuadro General de Clasificaci\u00f3n Archiv\u00edstica<\/span><\/a><\/li>\n<li><a href=\"https:\/\/teec.org.mx\/web\/wp-content\/uploads\/2020\/02\/Catalogo-de-Disposicion-Documental.pdf\" target=\"_blank\" rel=\"noopener\"><span style=\"font-size: 18pt;\">Cat\u00e1logo de Disposici\u00f3n Documental<\/span><\/a><\/li>\n<li><a href=\"https:\/\/teec.org.mx\/web\/wp-content\/uploads\/2020\/02\/Guia-Simple-de-Archivo.pdf\" target=\"_blank\" rel=\"noopener\"><span style=\"font-size: 14pt;\"><span style=\"font-size: 18pt;\">Gu\u00eda Simple de Archivos<\/span><\/span><\/a><\/li>\n<\/ul>\n<p>\u00a0<\/p>\n<\/div>\n<\/div>\n","protected":false},"excerpt":{"rendered":"<p>\u00a0 \u00a0 \u00a0 Documentos b\u00e1sicos \u00a0 Plan anual de desarrollo archiv\u00edstico (PADA) del TEEC para el ejercicio 2026 Informe anual de cumplimiento del Plan anual de desarrollo archiv\u00edstico (PADA) 2026 Cuadro General de Clasificaci\u00f3n Archiv\u00edstica Cat\u00e1logo de Disposici\u00f3n Documental Gu\u00eda Simple de Archivos \u00a0<\/p>\n","protected":false},"author":1,"featured_media":0,"parent":0,"menu_order":0,"comment_status":"closed","ping_status":"closed","template":"","meta":{"footnotes":""},"yst_prominent_words":[383,379,377,375,386,382,385,381,378,387,384,380,376,374],"_links":{"self":[{"href":"https:\/\/teec.org.mx\/web\/wp-json\/wp\/v2\/pages\/2310"}],"collection":[{"href":"https:\/\/teec.org.mx\/web\/wp-json\/wp\/v2\/pages"}],"about":[{"href":"https:\/\/teec.org.mx\/web\/wp-json\/wp\/v2\/types\/page"}],"author":[{"embeddable":true,"href":"https:\/\/teec.org.mx\/web\/wp-json\/wp\/v2\/users\/1"}],"replies":[{"embeddable":true,"href":"https:\/\/teec.org.mx\/web\/wp-json\/wp\/v2\/comments?post=2310"}],"version-history":[{"count":29,"href":"https:\/\/teec.org.mx\/web\/wp-json\/wp\/v2\/pages\/2310\/revisions"}],"predecessor-version":[{"id":32522,"href":"https:\/\/teec.org.mx\/web\/wp-json\/wp\/v2\/pages\/2310\/revisions\/32522"}],"wp:attachment":[{"href":"https:\/\/teec.org.mx\/web\/wp-json\/wp\/v2\/media?parent=2310"}],"wp:term":[{"taxonomy":"yst_prominent_words","embeddable":true,"href":"https:\/\/teec.org.mx\/web\/wp-json\/wp\/v2\/yst_prominent_words?post=2310"}],"curies":[{"name":"wp","href":"https:\/\/api.w.org\/{rel}","templated":true}]}}