{"id":23851,"date":"2024-07-29T16:10:15","date_gmt":"2024-07-29T22:10:15","guid":{"rendered":"https:\/\/teec.org.mx\/web\/?page_id=23851"},"modified":"2025-07-25T09:39:53","modified_gmt":"2025-07-25T15:39:53","slug":"segundo-trimestre-2024-conac","status":"publish","type":"page","link":"https:\/\/teec.org.mx\/web\/segundo-trimestre-2024-conac\/","title":{"rendered":"Segundo trimestre 2024 conac"},"content":{"rendered":"\n<p>\u00a0<\/p>\n<p>\u00a0<\/p>\n<p>\u00a0<\/p>\n<h3 style=\"text-align: center;\">Segundo trimestre 2024<\/h3>\n\n\n\n<div class=\"wp-block-columns is-layout-flex wp-container-core-columns-layout-1 wp-block-columns-is-layout-flex\">\n<div class=\"wp-block-column is-layout-flow wp-block-column-is-layout-flow\" style=\"flex-basis:15%\"><\/div>\n\n\n\n<div class=\"wp-block-column is-layout-flow wp-block-column-is-layout-flow\" style=\"flex-basis:90%\">\n<p>\u00a0<\/p>\n<ol>\n<li style=\"text-align: justify;\"><a href=\"https:\/\/teec.org.mx\/web\/wp-content\/uploads\/2024\/07\/1.-NEEIMPAS-2do-tri-2024.pdf\" target=\"_blank\" rel=\"noopener\"><span style=\"font-size: 18pt;\">Norma para establecer la estructura de informaci\u00f3n de montos pagados por ayudas y subsidios<\/span><\/a><\/li>\n<li style=\"text-align: justify;\"><a href=\"https:\/\/teec.org.mx\/web\/wp-content\/uploads\/2024\/07\/2.-NEEFRBCPEP-2doo-tri-2024.pdf\" target=\"_blank\" rel=\"noopener\"><span style=\"font-size: 18pt;\">Norma para establecer la estructura del formato de la relaci\u00f3n de bienes que componen el patrimonio del ente p\u00fablico<\/span><\/a><\/li>\n<\/ol>\n<p>\u00a0<\/p>\n<\/div>\n<\/div>\n","protected":false},"excerpt":{"rendered":"<p>\u00a0 \u00a0 \u00a0 Segundo trimestre 2024 \u00a0 Norma para establecer la estructura de informaci\u00f3n de montos pagados por ayudas y subsidios Norma para establecer la estructura del formato de la relaci\u00f3n de bienes que componen el patrimonio del ente p\u00fablico \u00a0<\/p>\n","protected":false},"author":1,"featured_media":0,"parent":0,"menu_order":0,"comment_status":"closed","ping_status":"closed","template":"","meta":{"footnotes":""},"yst_prominent_words":[289,287,290,288,286,285],"_links":{"self":[{"href":"https:\/\/teec.org.mx\/web\/wp-json\/wp\/v2\/pages\/23851"}],"collection":[{"href":"https:\/\/teec.org.mx\/web\/wp-json\/wp\/v2\/pages"}],"about":[{"href":"https:\/\/teec.org.mx\/web\/wp-json\/wp\/v2\/types\/page"}],"author":[{"embeddable":true,"href":"https:\/\/teec.org.mx\/web\/wp-json\/wp\/v2\/users\/1"}],"replies":[{"embeddable":true,"href":"https:\/\/teec.org.mx\/web\/wp-json\/wp\/v2\/comments?post=23851"}],"version-history":[{"count":8,"href":"https:\/\/teec.org.mx\/web\/wp-json\/wp\/v2\/pages\/23851\/revisions"}],"predecessor-version":[{"id":30589,"href":"https:\/\/teec.org.mx\/web\/wp-json\/wp\/v2\/pages\/23851\/revisions\/30589"}],"wp:attachment":[{"href":"https:\/\/teec.org.mx\/web\/wp-json\/wp\/v2\/media?parent=23851"}],"wp:term":[{"taxonomy":"yst_prominent_words","embeddable":true,"href":"https:\/\/teec.org.mx\/web\/wp-json\/wp\/v2\/yst_prominent_words?post=23851"}],"curies":[{"name":"wp","href":"https:\/\/api.w.org\/{rel}","templated":true}]}}