{"id":27385,"date":"2025-01-08T21:30:26","date_gmt":"2025-01-09T03:30:26","guid":{"rendered":"https:\/\/teec.org.mx\/web\/?page_id=27385"},"modified":"2026-01-26T14:13:30","modified_gmt":"2026-01-26T20:13:30","slug":"sentencias-2025","status":"publish","type":"page","link":"https:\/\/teec.org.mx\/web\/sentencias-2025\/","title":{"rendered":"Sentencias 2025"},"content":{"rendered":"\n<p>\u00a0<\/p>\n<h3>\u00a0<\/h3>\n<h3 style=\"text-align: center;\">Sentencias 2025<\/h3>\n<p>\u00a0<\/p>\n<table class=\" aligncenter\" style=\"height: 424px; width: 75.6569%; border-collapse: collapse;\">\n<tbody>\n<tr style=\"height: 31px;\">\n<td style=\"width: 95.0574%; height: 31px;\"><span style=\"font-size: 18pt;\">Recursos de Apelaci\u00f3n<\/span><\/td>\n<td style=\"width: 5.46058%; height: 31px;\"><a href=\"https:\/\/teec.org.mx\/web\/sentencias-rap-2025\/\"><span style=\"font-size: 18pt;\">RAP<\/span><\/a><\/td>\n<\/tr>\n<tr style=\"height: 31px;\">\n<td style=\"width: 95.0574%; height: 31px;\"><span style=\"font-size: 18pt;\">Cuaderno Incidental<\/span><\/td>\n<td style=\"width: 5.46058%; height: 31px;\"><a href=\"https:\/\/teec.org.mx\/web\/sentencias-inc-2025\/\"><span style=\"font-size: 18pt;\">INC<\/span><\/a><\/td>\n<\/tr>\n<tr style=\"height: 23px;\">\n<td style=\"width: 95.0574%; height: 23px;\"><span style=\"font-size: 18pt;\">Juicio para la Protecci\u00f3n de los Derechos Pol\u00edticos-Electorales de la Ciudadan\u00eda<\/span><\/td>\n<td style=\"width: 5.46058%; height: 23px;\"><a href=\"https:\/\/teec.org.mx\/web\/sentencias-jdc-2025\/\"><span style=\"font-size: 18pt;\">JDC<\/span><\/a><\/td>\n<\/tr>\n<tr style=\"height: 23px;\">\n<td style=\"width: 95.0574%; height: 23px;\"><span style=\"font-size: 18pt;\">Procedimiento Especial Sancionador<\/span><\/td>\n<td style=\"width: 5.46058%; height: 23px;\"><a href=\"https:\/\/teec.org.mx\/web\/sentencias-pes-2025\/\"><span style=\"font-size: 18pt;\">PES<\/span><\/a><\/td>\n<\/tr>\n<tr style=\"height: 23px;\">\n<td style=\"width: 95.0574%; height: 23px;\"><span style=\"font-size: 18pt;\">Juicio Electoral<\/span><\/td>\n<td style=\"width: 5.46058%; height: 23px;\"><a href=\"https:\/\/teec.org.mx\/web\/sentencias-je-2025\/\"><span style=\"font-size: 18pt;\">JE<\/span><\/a><\/td>\n<\/tr>\n<tr style=\"height: 31px;\">\n<td style=\"width: 95.0574%; height: 31px;\"><span style=\"font-size: 18pt;\">Juicio General<\/span><\/td>\n<td style=\"width: 5.46058%; height: 31px;\"><a href=\"https:\/\/teec.org.mx\/web\/sentencias-jg-2025\/\"><span style=\"font-size: 18pt;\">JG<\/span><\/a><\/td>\n<\/tr>\n<tr style=\"height: 62px;\">\n<td style=\"width: 95.0574%; height: 62px;\"><span style=\"font-size: 18pt;\">Impedimento para conocer de un determinado medio de impugnaci\u00f3n<\/span><\/td>\n<td style=\"width: 5.46058%; height: 62px;\"><a href=\"https:\/\/teec.org.mx\/web\/sentencias-imp-2025\/\"><span style=\"font-size: 18pt;\">IMP<\/span><\/a><\/td>\n<\/tr>\n<\/tbody>\n<\/table>\n<p>\u00a0<\/p>\n<p>\u00a0<\/p>\n","protected":false},"excerpt":{"rendered":"<p>\u00a0 \u00a0 Sentencias 2025 \u00a0 Recursos de Apelaci\u00f3n RAP Cuaderno Incidental INC Juicio para la Protecci\u00f3n de los Derechos Pol\u00edticos-Electorales de la Ciudadan\u00eda JDC Procedimiento Especial Sancionador PES Juicio Electoral JE Juicio General JG Impedimento para conocer de un determinado medio de impugnaci\u00f3n IMP \u00a0 \u00a0<\/p>\n","protected":false},"author":1,"featured_media":0,"parent":0,"menu_order":0,"comment_status":"closed","ping_status":"closed","template":"","meta":{"footnotes":""},"yst_prominent_words":[261],"_links":{"self":[{"href":"https:\/\/teec.org.mx\/web\/wp-json\/wp\/v2\/pages\/27385"}],"collection":[{"href":"https:\/\/teec.org.mx\/web\/wp-json\/wp\/v2\/pages"}],"about":[{"href":"https:\/\/teec.org.mx\/web\/wp-json\/wp\/v2\/types\/page"}],"author":[{"embeddable":true,"href":"https:\/\/teec.org.mx\/web\/wp-json\/wp\/v2\/users\/1"}],"replies":[{"embeddable":true,"href":"https:\/\/teec.org.mx\/web\/wp-json\/wp\/v2\/comments?post=27385"}],"version-history":[{"count":24,"href":"https:\/\/teec.org.mx\/web\/wp-json\/wp\/v2\/pages\/27385\/revisions"}],"predecessor-version":[{"id":31170,"href":"https:\/\/teec.org.mx\/web\/wp-json\/wp\/v2\/pages\/27385\/revisions\/31170"}],"wp:attachment":[{"href":"https:\/\/teec.org.mx\/web\/wp-json\/wp\/v2\/media?parent=27385"}],"wp:term":[{"taxonomy":"yst_prominent_words","embeddable":true,"href":"https:\/\/teec.org.mx\/web\/wp-json\/wp\/v2\/yst_prominent_words?post=27385"}],"curies":[{"name":"wp","href":"https:\/\/api.w.org\/{rel}","templated":true}]}}