{"id":28683,"date":"2025-04-14T09:02:05","date_gmt":"2025-04-14T15:02:05","guid":{"rendered":"https:\/\/teec.org.mx\/web\/?page_id=28683"},"modified":"2025-04-14T09:03:31","modified_gmt":"2025-04-14T15:03:31","slug":"etica-judicial","status":"publish","type":"page","link":"https:\/\/teec.org.mx\/web\/etica-judicial\/","title":{"rendered":"\u00c9tica judicial"},"content":{"rendered":"\n<div class=\"wp-block-columns is-layout-flex wp-container-core-columns-layout-1 wp-block-columns-is-layout-flex\">\n<div class=\"wp-block-column is-layout-flow wp-block-column-is-layout-flow\" style=\"flex-basis:5%\"><\/div>\n\n\n\n<div class=\"wp-block-column is-layout-flow wp-block-column-is-layout-flow\" style=\"flex-basis:90%\">\n<p>\u00a0<\/p>\n<p><\/p>\n<h3 style=\"text-align: center;\">\u00c9tica judicial<\/h3>\n<p>\u00a0<\/p>\n<ul>\n<li style=\"text-align: justify;\"><span style=\"font-size: 18pt;\"><a href=\"https:\/\/teec.org.mx\/web\/wp-content\/uploads\/2023\/02\/Codigo-de-Etica-TEEC-04-11-2020.pdf\" target=\"_blank\" rel=\"noopener\">C\u00f3digo de \u00c9tica del Tribunal Electoral del Estado de Campeche<\/a><\/span><\/li>\n<li style=\"text-align: justify;\"><span style=\"font-size: 18pt;\"><a href=\"https:\/\/teec.org.mx\/web\/wp-content\/uploads\/2023\/11\/Protocolo-de-quejas-y-denuncias-TEEC-nov-2023.pdf\" target=\"_blank\" rel=\"noopener\">Protocolo para la atenci\u00f3n de quejas y denuncias ante el Comit\u00e9 de \u00c9tica y Prevenci\u00f3n de Conflicto de Inter\u00e9s del Tribunal Electoral del Estado de Campeche<\/a><\/span><\/li>\n<li style=\"text-align: justify;\"><span style=\"font-size: 18pt;\"><a href=\"https:\/\/teec.org.mx\/web\/wp-content\/uploads\/2023\/02\/Codigo-de-Conducta-TEEC-04-11-2020.pdf\" target=\"_blank\" rel=\"noopener\">C\u00f3digo de Conducta del Tribunal Electoral del Estado de Campeche<\/a><\/span><\/li>\n<\/ul>\n<p>\u00a0<\/p>\n<p><\/p>\n<\/div>\n\n\n\n<div class=\"wp-block-column is-layout-flow wp-block-column-is-layout-flow\" style=\"flex-basis:5%\"><\/div>\n<\/div>\n","protected":false},"excerpt":{"rendered":"<p>\u00c9tica judicial \u00a0 C\u00f3digo de \u00c9tica del Tribunal Electoral del Estado de Campeche Protocolo para la atenci\u00f3n de quejas y denuncias ante el Comit\u00e9 de \u00c9tica y Prevenci\u00f3n de Conflicto de Inter\u00e9s del Tribunal Electoral del Estado de Campeche C\u00f3digo de Conducta del Tribunal Electoral del Estado de Campeche \u00a0<\/p>\n","protected":false},"author":1,"featured_media":0,"parent":0,"menu_order":0,"comment_status":"closed","ping_status":"closed","template":"","meta":{"footnotes":""},"yst_prominent_words":[61,43,63,25],"_links":{"self":[{"href":"https:\/\/teec.org.mx\/web\/wp-json\/wp\/v2\/pages\/28683"}],"collection":[{"href":"https:\/\/teec.org.mx\/web\/wp-json\/wp\/v2\/pages"}],"about":[{"href":"https:\/\/teec.org.mx\/web\/wp-json\/wp\/v2\/types\/page"}],"author":[{"embeddable":true,"href":"https:\/\/teec.org.mx\/web\/wp-json\/wp\/v2\/users\/1"}],"replies":[{"embeddable":true,"href":"https:\/\/teec.org.mx\/web\/wp-json\/wp\/v2\/comments?post=28683"}],"version-history":[{"count":2,"href":"https:\/\/teec.org.mx\/web\/wp-json\/wp\/v2\/pages\/28683\/revisions"}],"predecessor-version":[{"id":28685,"href":"https:\/\/teec.org.mx\/web\/wp-json\/wp\/v2\/pages\/28683\/revisions\/28685"}],"wp:attachment":[{"href":"https:\/\/teec.org.mx\/web\/wp-json\/wp\/v2\/media?parent=28683"}],"wp:term":[{"taxonomy":"yst_prominent_words","embeddable":true,"href":"https:\/\/teec.org.mx\/web\/wp-json\/wp\/v2\/yst_prominent_words?post=28683"}],"curies":[{"name":"wp","href":"https:\/\/api.w.org\/{rel}","templated":true}]}}