{"id":314,"date":"2020-02-09T16:03:36","date_gmt":"2020-02-09T16:03:36","guid":{"rendered":"http:\/\/teec.org.mx\/web\/?page_id=314"},"modified":"2024-05-16T14:59:48","modified_gmt":"2024-05-16T20:59:48","slug":"estrados-electronicos-2019","status":"publish","type":"page","link":"https:\/\/teec.org.mx\/web\/estrados-electronicos-2019\/","title":{"rendered":"Estrados Electr\u00f3nicos 2019"},"content":{"rendered":"\n<h3 class=\"wp-block-heading has-text-align-center\"><\/h3>\n\n\n\n<p>\u00a0<\/p>\n<p>\u00a0<\/p>\n<p>\u00a0<\/p>\n<h1 style=\"text-align: center;\">Estrados electr\u00f3nicos 2019<\/h1>\n<p>\u00a0<\/p>\n<table class=\" aligncenter\" style=\"width: 70%; border-collapse: collapse;\">\n<tbody>\n<tr style=\"height: 27px;\">\n<td style=\"width: 82.0197%; height: 27px;\"><span style=\"font-size: 14pt;\">Recurso de Apelaci\u00f3n<\/span><\/td>\n<td style=\"width: 17.9803%; height: 27px;\"><a href=\"https:\/\/teec.org.mx\/web\/rap-2019\/\"><span style=\"font-size: 14pt;\">RAP<\/span><\/a><\/td>\n<\/tr>\n<tr style=\"height: 27px;\">\n<td style=\"width: 82.0197%; height: 27px;\"><span style=\"font-size: 14pt;\">Juicio de Inconformidad<\/span><\/td>\n<td style=\"width: 17.9803%; height: 27px;\"><span style=\"font-size: 14pt;\">JIN<\/span><\/td>\n<\/tr>\n<tr style=\"height: 75px;\">\n<td style=\"width: 82.0197%; height: 75px;\"><span style=\"font-size: 14pt;\">Juicio para la Protecci\u00f3n de los Derechos Pol\u00edticos-Electorales del Ciudadano<\/span><\/td>\n<td style=\"width: 17.9803%; height: 75px;\"><a href=\"https:\/\/teec.org.mx\/web\/jdc-2019\/\"><span style=\"font-size: 14pt;\">JDC<\/span><\/a><\/td>\n<\/tr>\n<tr style=\"height: 27px;\">\n<td style=\"width: 82.0197%; height: 27px;\"><span style=\"font-size: 14pt;\">Asuntos Generales<\/span><\/td>\n<td style=\"width: 17.9803%; height: 27px;\"><a href=\"https:\/\/teec.org.mx\/web\/ag-2019\/\"><span style=\"font-size: 14pt;\">AG<\/span><\/a><\/td>\n<\/tr>\n<tr style=\"height: 27px;\">\n<td style=\"width: 82.0197%; height: 27px;\"><span style=\"font-size: 14pt;\">Expedientillos<\/span><\/td>\n<td style=\"width: 17.9803%; height: 27px;\"><a href=\"https:\/\/teec.org.mx\/web\/expedientillos-2019\/\"><span style=\"font-size: 14pt;\">AE<\/span><\/a><\/td>\n<\/tr>\n<tr style=\"height: 51px;\">\n<td style=\"width: 82.0197%; height: 51px;\"><span style=\"font-size: 14pt;\">Procedimiento Especial Sancionador<\/span><\/td>\n<td style=\"width: 17.9803%; height: 51px;\"><a href=\"https:\/\/teec.org.mx\/web\/pes-2019\/\"><span style=\"font-size: 14pt;\">PES<\/span><\/a><\/td>\n<\/tr>\n<\/tbody>\n<\/table>\n<p>\u00a0<\/p>\n","protected":false},"excerpt":{"rendered":"<p>\u00a0 \u00a0 \u00a0 Estrados electr\u00f3nicos 2019 \u00a0 Recurso de Apelaci\u00f3n RAP Juicio de Inconformidad JIN Juicio para la Protecci\u00f3n de los Derechos Pol\u00edticos-Electorales del Ciudadano JDC Asuntos Generales AG Expedientillos AE Procedimiento Especial Sancionador PES \u00a0<\/p>\n","protected":false},"author":1,"featured_media":0,"parent":0,"menu_order":0,"comment_status":"closed","ping_status":"closed","template":"","meta":{"footnotes":""},"yst_prominent_words":[261],"_links":{"self":[{"href":"https:\/\/teec.org.mx\/web\/wp-json\/wp\/v2\/pages\/314"}],"collection":[{"href":"https:\/\/teec.org.mx\/web\/wp-json\/wp\/v2\/pages"}],"about":[{"href":"https:\/\/teec.org.mx\/web\/wp-json\/wp\/v2\/types\/page"}],"author":[{"embeddable":true,"href":"https:\/\/teec.org.mx\/web\/wp-json\/wp\/v2\/users\/1"}],"replies":[{"embeddable":true,"href":"https:\/\/teec.org.mx\/web\/wp-json\/wp\/v2\/comments?post=314"}],"version-history":[{"count":38,"href":"https:\/\/teec.org.mx\/web\/wp-json\/wp\/v2\/pages\/314\/revisions"}],"predecessor-version":[{"id":21753,"href":"https:\/\/teec.org.mx\/web\/wp-json\/wp\/v2\/pages\/314\/revisions\/21753"}],"wp:attachment":[{"href":"https:\/\/teec.org.mx\/web\/wp-json\/wp\/v2\/media?parent=314"}],"wp:term":[{"taxonomy":"yst_prominent_words","embeddable":true,"href":"https:\/\/teec.org.mx\/web\/wp-json\/wp\/v2\/yst_prominent_words?post=314"}],"curies":[{"name":"wp","href":"https:\/\/api.w.org\/{rel}","templated":true}]}}