{"id":32124,"date":"2026-01-13T12:36:12","date_gmt":"2026-01-13T18:36:12","guid":{"rendered":"https:\/\/teec.org.mx\/web\/?page_id=32124"},"modified":"2026-02-12T15:36:25","modified_gmt":"2026-02-12T21:36:25","slug":"estrados-electronicos-2026","status":"publish","type":"page","link":"https:\/\/teec.org.mx\/web\/estrados-electronicos-2026\/","title":{"rendered":"Estrados Electr\u00f3nicos 2026"},"content":{"rendered":"\n<p>\u00a0<\/p>\n<h1 style=\"text-align: center;\">Estrados Electr\u00f3nicos 2026<\/h1>\n<p>\u00a0<\/p>\n<table class=\" aligncenter\" style=\"width: 90.3958%; border-collapse: collapse; height: 667px;\">\n<tbody>\n<tr style=\"height: 27px;\">\n<td style=\"width: 81.6941%; height: 27px;\"><span style=\"font-size: 24pt;\">Recursos de Apelaci\u00f3n<\/span><\/td>\n<td style=\"width: 5.83587%; height: 27px;\"><a href=\"https:\/\/teec.org.mx\/web\/rap-2026\/\"><span style=\"font-size: 24pt;\">RAP<\/span><\/a><\/td>\n<\/tr>\n<tr style=\"height: 10px;\">\n<td style=\"width: 81.6941%; height: 10px;\"><span style=\"font-size: 24pt;\">Cuaderno Incidental<\/span><\/td>\n<td style=\"width: 5.83587%; height: 10px;\"><a href=\"https:\/\/teec.org.mx\/web\/inc-2026\/\"><span style=\"font-size: 24pt;\">INC<\/span><\/a><\/td>\n<\/tr>\n<tr style=\"height: 75px;\">\n<td style=\"width: 81.6941%; height: 75px;\"><span style=\"font-size: 24pt;\">Juicio para la Protecci\u00f3n de los Derechos Pol\u00edticos-Electorales de la Ciudadan\u00eda<\/span><\/td>\n<td style=\"width: 5.83587%; height: 75px;\"><a href=\"https:\/\/teec.org.mx\/web\/jdc-2026\/\"><span style=\"font-size: 24pt;\">JDC<\/span><\/a><\/td>\n<\/tr>\n<tr style=\"height: 27px;\">\n<td style=\"width: 81.6941%; height: 27px;\"><span style=\"font-size: 24pt;\">Asuntos Generales<\/span><\/td>\n<td style=\"width: 5.83587%; height: 27px;\"><a href=\"https:\/\/teec.org.mx\/web\/ag-2026\/\"><span style=\"font-size: 24pt;\">AG<\/span><\/a><\/td>\n<\/tr>\n<tr style=\"height: 27px;\">\n<td style=\"width: 81.6941%; height: 27px;\"><span style=\"font-size: 24pt;\">Expedientillos<\/span><\/td>\n<td style=\"width: 5.83587%; height: 27px;\"><a href=\"https:\/\/teec.org.mx\/web\/expedientillos-2026\/\"><span style=\"font-size: 24pt;\">EXP<\/span><\/a><\/td>\n<\/tr>\n<tr style=\"height: 35px;\">\n<td style=\"width: 81.6941%; height: 35px;\"><span style=\"font-size: 24pt;\">Procedimiento Especial Sancionador<\/span><\/td>\n<td style=\"width: 5.83587%; height: 35px;\"><a href=\"https:\/\/teec.org.mx\/web\/pes-2026\/\"><span style=\"font-size: 24pt;\">PES<\/span><\/a><\/td>\n<\/tr>\n<tr style=\"height: 51px;\">\n<td style=\"width: 81.6941%; height: 51px;\"><span style=\"font-size: 24pt;\">Impedimento para conocer medios de impugnaci\u00f3n<\/span><\/td>\n<td style=\"width: 5.83587%; height: 51px;\"><a href=\"https:\/\/teec.org.mx\/web\/imp-2026\/\"><span style=\"font-size: 24pt;\">IMP<\/span><\/a><\/td>\n<\/tr>\n<tr>\n<td style=\"width: 81.6941%;\"><span style=\"font-size: 24pt;\">Juicio General<\/span><\/td>\n<td style=\"width: 5.83587%;\"><a href=\"https:\/\/teec.org.mx\/web\/jg-2026\/\"><span style=\"font-size: 24pt;\">JG<\/span><\/a><\/td>\n<\/tr>\n<tr>\n<td style=\"width: 81.6941%;\"><span style=\"font-size: 24pt;\">Juicio Electoral<\/span><\/td>\n<td style=\"width: 5.83587%;\"><a href=\"https:\/\/teec.org.mx\/web\/je-2026\/\"><span style=\"font-size: 24pt;\">JE<\/span><\/a><\/td>\n<\/tr>\n<\/tbody>\n<\/table>\n<p>\u00a0<\/p>\n","protected":false},"excerpt":{"rendered":"<p>\u00a0 Estrados Electr\u00f3nicos 2026 \u00a0 Recursos de Apelaci\u00f3n RAP Cuaderno Incidental INC Juicio para la Protecci\u00f3n de los Derechos Pol\u00edticos-Electorales de la Ciudadan\u00eda JDC Asuntos Generales AG Expedientillos EXP Procedimiento Especial Sancionador PES Impedimento para conocer medios de impugnaci\u00f3n IMP Juicio General JG Juicio Electoral JE \u00a0<\/p>\n","protected":false},"author":1,"featured_media":0,"parent":0,"menu_order":0,"comment_status":"closed","ping_status":"closed","template":"","meta":{"footnotes":""},"yst_prominent_words":[261],"_links":{"self":[{"href":"https:\/\/teec.org.mx\/web\/wp-json\/wp\/v2\/pages\/32124"}],"collection":[{"href":"https:\/\/teec.org.mx\/web\/wp-json\/wp\/v2\/pages"}],"about":[{"href":"https:\/\/teec.org.mx\/web\/wp-json\/wp\/v2\/types\/page"}],"author":[{"embeddable":true,"href":"https:\/\/teec.org.mx\/web\/wp-json\/wp\/v2\/users\/1"}],"replies":[{"embeddable":true,"href":"https:\/\/teec.org.mx\/web\/wp-json\/wp\/v2\/comments?post=32124"}],"version-history":[{"count":16,"href":"https:\/\/teec.org.mx\/web\/wp-json\/wp\/v2\/pages\/32124\/revisions"}],"predecessor-version":[{"id":32767,"href":"https:\/\/teec.org.mx\/web\/wp-json\/wp\/v2\/pages\/32124\/revisions\/32767"}],"wp:attachment":[{"href":"https:\/\/teec.org.mx\/web\/wp-json\/wp\/v2\/media?parent=32124"}],"wp:term":[{"taxonomy":"yst_prominent_words","embeddable":true,"href":"https:\/\/teec.org.mx\/web\/wp-json\/wp\/v2\/yst_prominent_words?post=32124"}],"curies":[{"name":"wp","href":"https:\/\/api.w.org\/{rel}","templated":true}]}}