{"id":32150,"date":"2026-01-13T13:08:45","date_gmt":"2026-01-13T19:08:45","guid":{"rendered":"https:\/\/teec.org.mx\/web\/?page_id=32150"},"modified":"2026-01-13T13:09:51","modified_gmt":"2026-01-13T19:09:51","slug":"expedientillos-2026","status":"publish","type":"page","link":"https:\/\/teec.org.mx\/web\/expedientillos-2026\/","title":{"rendered":"Expedientillos 2026"},"content":{"rendered":"\n<p>\u00a0<\/p>\n<h3 style=\"text-align: center;\">Expedientillos 2026<\/h3>\n<p>\u00a0<\/p>\n<p style=\"text-align: center;\"><div class=\"supsystic-table-loader la-ball-beat la-2x\" style=\"color:#000000\"><div><\/div><div><\/div><div><\/div><\/div><div id=\"supsystic-table-170_50419\" class=\"supsystic-tables-wrap pagination-small\" style=\" width:100%; visibility: hidden; \" data-table-width-fixed=\"100%\" data-table-width-mobile=\"100%\" ><div class=\"supsystic-tables-features\"><\/div><table id=\"supsystic-table-170\" class=\"supsystic-table border cell-border\" data-id=\"170\" data-view-id=\"170_50419\" data-title=\"Expedientillos 2026\" data-currency-format=\"$1,000.00\" data-percent-format=\"10.00%\" data-date-format=\"DD.MM.YYYY\" data-time-format=\"HH:mm\" data-features=\"[&quot;info&quot;,&quot;paging&quot;,&quot;searching&quot;,&quot;after_table_loaded_script&quot;,&quot;import&quot;]\" data-search-value=\"\" data-head=\"on\" data-head-rows-count=\"1\" data-pagination-length=\"10,25,50,100,All\" data-auto-index=\"off\" data-searching-settings=\"{&quot;columnSearchPosition&quot;:&quot;bottom&quot;,&quot;minChars&quot;:&quot;0&quot;}\" data-lang=\"Spanish\" data-override=\"{&quot;emptyTable&quot;:&quot;&quot;,&quot;info&quot;:&quot;&quot;,&quot;infoEmpty&quot;:&quot;&quot;,&quot;infoFiltered&quot;:&quot;&quot;,&quot;lengthMenu&quot;:&quot;&quot;,&quot;search&quot;:&quot;&quot;,&quot;previous&quot;:&quot;&quot;,&quot;next&quot;:&quot;&quot;,&quot;zeroRecords&quot;:&quot;&quot;,&quot;exportLabel&quot;:&quot;&quot;,&quot;file&quot;:&quot;Spanish&quot;}\" data-merged=\"[]\" data-responsive-mode=\"0\" data-from-history=\"0\" ><thead><tr><th data-cell-id=\"A1\" data-x=\"0\" data-y=\"1\" data-db-index=\"1\" class=\"bg-d49820 bold htCenter color-f7f4f7 fsize-18\" data-cell-type=\"text\" data-original-value=\"FECHA Y HORA DE NOTIFICACI\u00d3N\" data-order=\"FECHA Y HORA DE NOTIFICACI\u00d3N\" style=\"min-width:26.0077%; \" >FECHA Y HORA DE NOTIFICACI\u00d3N <\/th><th data-cell-id=\"B1\" data-x=\"1\" data-y=\"1\" data-db-index=\"1\" class=\"bg-d49820 bold htCenter color-f7f4f7 fsize-18\" data-cell-type=\"text\" data-original-value=\"PROMOVENTE Y\/O DENUNCIANTE\" data-order=\"PROMOVENTE Y\/O DENUNCIANTE\" style=\"min-width:40.9789%; \" >PROMOVENTE Y\/O DENUNCIANTE <\/th><th data-cell-id=\"C1\" data-x=\"2\" data-y=\"1\" data-db-index=\"1\" class=\"bg-d49820 bold htCenter color-f7f4f7 fsize-18\" data-cell-type=\"text\" data-original-value=\"ARCHIVO\" data-order=\"ARCHIVO\" style=\"min-width:33.0134%; \" >ARCHIVO <\/th><\/tr><\/thead><tbody><tr style=\"height:px\" ><td data-cell-id=\"A2\" data-x=\"0\" data-y=\"2\" data-db-index=\"2\" class=\"fsize-18\" data-cell-type=\"text\" data-original-value=\"13 DE ABRIL DE 2026, A LAS 9:35 HORAS\" data-order=\"13 DE ABRIL DE 2026, A LAS 9:35 HORAS\" >13 DE ABRIL DE 2026, A LAS 9:35 HORAS <\/td><td data-cell-id=\"B2\" data-x=\"1\" data-y=\"2\" data-db-index=\"2\" class=\"fsize-18\" data-cell-type=\"text\" data-original-value=\"ANGEL FRANCISCO HERRERA VILLANUEVA, QUIEN SE OSTENTA COMO APODERADO GENERAL PARA PLEITOS Y COBRANZAS Y ACTOS ADMINISTRATIVOS DE BIBY KAREN RABELO DE LA TORRE\" data-order=\"ANGEL FRANCISCO HERRERA VILLANUEVA, QUIEN SE OSTENTA COMO APODERADO GENERAL PARA PLEITOS Y COBRANZAS Y ACTOS ADMINISTRATIVOS DE BIBY KAREN RABELO DE LA TORRE\" >ANGEL FRANCISCO HERRERA VILLANUEVA, QUIEN SE OSTENTA COMO APODERADO GENERAL PARA PLEITOS Y COBRANZAS Y ACTOS ADMINISTRATIVOS DE BIBY KAREN RABELO DE LA TORRE <\/td><td data-cell-id=\"C2\" data-x=\"2\" data-y=\"2\" data-db-index=\"2\" class=\"fsize-18\" data-cell-type=\"text\" data-original-value=\"&lt;a href=&quot;https:\/\/teec.org.mx\/web\/wp-content\/uploads\/2026\/04\/TEEC-EXP-8-2026-13-04-26.pdf&quot; target=&quot;_blank&quot;&gt;TEEC\/EXP\/8\/2026 (ACUERDO DE RECEPCI\u00d3N Y DE TR\u00c1MITE)&lt;\/a&gt;\" data-order=\"&lt;a href=&quot;https:\/\/teec.org.mx\/web\/wp-content\/uploads\/2026\/04\/TEEC-EXP-8-2026-13-04-26.pdf&quot; target=&quot;_blank&quot;&gt;TEEC\/EXP\/8\/2026 (ACUERDO DE RECEPCI\u00d3N Y DE TR\u00c1MITE)&lt;\/a&gt;\" ><a href=\"https:\/\/teec.org.mx\/web\/wp-content\/uploads\/2026\/04\/TEEC-EXP-8-2026-13-04-26.pdf\" target=\"_blank\">TEEC\/EXP\/8\/2026 (ACUERDO DE RECEPCI\u00d3N Y DE TR\u00c1MITE)<\/a><\/td><\/tr><tr style=\"height:px\" ><td data-cell-id=\"A3\" data-x=\"0\" data-y=\"3\" data-db-index=\"3\" class=\"fsize-18\" data-cell-type=\"text\" data-original-value=\"6 DE ABRIL DE 2026, A LAS 11:00 HORAS\" data-order=\"6 DE ABRIL DE 2026, A LAS 11:00 HORAS\" >6 DE ABRIL DE 2026, A LAS 11:00 HORAS <\/td><td data-cell-id=\"B3\" data-x=\"1\" data-y=\"3\" data-db-index=\"3\" class=\"fsize-18\" data-cell-type=\"text\" data-original-value=\"GLADYS SOF\u00cdA RIVERA L\u00d3PEZ, QUIEN SE OSTENTA COMO MILITANTE Y DIPUTADA LOCAL DEL PARTIDO MOVIMIENTO REGENERACI\u00d3N NACIONAL\" data-order=\"GLADYS SOF\u00cdA RIVERA L\u00d3PEZ, QUIEN SE OSTENTA COMO MILITANTE Y DIPUTADA LOCAL DEL PARTIDO MOVIMIENTO REGENERACI\u00d3N NACIONAL\" >GLADYS SOF\u00cdA RIVERA L\u00d3PEZ, QUIEN SE OSTENTA COMO MILITANTE Y DIPUTADA LOCAL DEL PARTIDO MOVIMIENTO REGENERACI\u00d3N NACIONAL <\/td><td data-cell-id=\"C3\" data-x=\"2\" data-y=\"3\" data-db-index=\"3\" class=\"fsize-18\" data-cell-type=\"text\" data-original-value=\"&lt;a href=&quot;https:\/\/teec.org.mx\/web\/wp-content\/uploads\/2026\/04\/ESTRADOS-ELECTRONICOS-TEEC-EXP-7-2026-6-04-26.pdf&quot; target=&quot;_blank&quot;&gt;TEEC\/EXP\/7\/2026 (ACUERDO DE RECEPCI\u00d3N Y DE TR\u00c1MITE)&lt;\/a&gt;\" data-order=\"&lt;a href=&quot;https:\/\/teec.org.mx\/web\/wp-content\/uploads\/2026\/04\/ESTRADOS-ELECTRONICOS-TEEC-EXP-7-2026-6-04-26.pdf&quot; target=&quot;_blank&quot;&gt;TEEC\/EXP\/7\/2026 (ACUERDO DE RECEPCI\u00d3N Y DE TR\u00c1MITE)&lt;\/a&gt;\" ><a href=\"https:\/\/teec.org.mx\/web\/wp-content\/uploads\/2026\/04\/ESTRADOS-ELECTRONICOS-TEEC-EXP-7-2026-6-04-26.pdf\" target=\"_blank\">TEEC\/EXP\/7\/2026 (ACUERDO DE RECEPCI\u00d3N Y DE TR\u00c1MITE)<\/a><\/td><\/tr><tr style=\"height:px\" ><td data-cell-id=\"A4\" data-x=\"0\" data-y=\"4\" data-db-index=\"4\" class=\"fsize-18\" data-cell-type=\"text\" data-original-value=\"31 DE MARZO DE 2026, A LAS 12:00 HORAS.\" data-order=\"31 DE MARZO DE 2026, A LAS 12:00 HORAS.\" >31 DE MARZO DE 2026, A LAS 12:00 HORAS. <\/td><td data-cell-id=\"B4\" data-x=\"1\" data-y=\"4\" data-db-index=\"4\" class=\"fsize-18\" data-cell-type=\"text\" data-original-value=\"SILVIA ELIZABETH GARC\u00cdA MENDOZA Y OTROS\" data-order=\"SILVIA ELIZABETH GARC\u00cdA MENDOZA Y OTROS\" >SILVIA ELIZABETH GARC\u00cdA MENDOZA Y OTROS <\/td><td data-cell-id=\"C4\" data-x=\"2\" data-y=\"4\" data-db-index=\"4\" class=\"fsize-18\" data-cell-type=\"text\" data-original-value=\"&lt;a href=&quot;https:\/\/teec.org.mx\/web\/wp-content\/uploads\/2026\/03\/ESTRADOS-ELECTRONICOS-TEEC-EXP-6-2026-31-03-26.pdf&quot; target=&quot;_blank&quot;&gt;TEEC\/EXP\/6\/2026 (ACUERDO DE RECEPCION Y TRAMITE)&lt;\/a&gt;\" data-order=\"&lt;a href=&quot;https:\/\/teec.org.mx\/web\/wp-content\/uploads\/2026\/03\/ESTRADOS-ELECTRONICOS-TEEC-EXP-6-2026-31-03-26.pdf&quot; target=&quot;_blank&quot;&gt;TEEC\/EXP\/6\/2026 (ACUERDO DE RECEPCION Y TRAMITE)&lt;\/a&gt;\" ><a href=\"https:\/\/teec.org.mx\/web\/wp-content\/uploads\/2026\/03\/ESTRADOS-ELECTRONICOS-TEEC-EXP-6-2026-31-03-26.pdf\" target=\"_blank\">TEEC\/EXP\/6\/2026 (ACUERDO DE RECEPCION Y TRAMITE)<\/a><\/td><\/tr><tr style=\"height:px\" ><td data-cell-id=\"A5\" data-x=\"0\" data-y=\"5\" data-db-index=\"5\" class=\"fsize-18\" data-cell-type=\"text\" data-original-value=\"30 DE MARZO DE 2026, A LAS 8:50 HORAS\" data-order=\"30 DE MARZO DE 2026, A LAS 8:50 HORAS\" >30 DE MARZO DE 2026, A LAS 8:50 HORAS <\/td><td data-cell-id=\"B5\" data-x=\"1\" data-y=\"5\" data-db-index=\"5\" class=\"fsize-18\" data-cell-type=\"text\" data-original-value=\"SILVIA ELIZABETH GARC\u00cdA MENDOZA Y OTROS\" data-order=\"SILVIA ELIZABETH GARC\u00cdA MENDOZA Y OTROS\" >SILVIA ELIZABETH GARC\u00cdA MENDOZA Y OTROS <\/td><td data-cell-id=\"C5\" data-x=\"2\" data-y=\"5\" data-db-index=\"5\" class=\"fsize-18\" data-cell-type=\"text\" data-original-value=\"&lt;a href=&quot;https:\/\/teec.org.mx\/web\/wp-content\/uploads\/2026\/03\/TEEC-EXP-6-2026-30-03-26.pdf&quot; target=&quot;_blank&quot;&gt;TEEC\/EXP\/6\/2026 (ACUERDO DE RECEPCI\u00d3N Y TR\u00c1MITE)&lt;\/a&gt;\" data-order=\"&lt;a href=&quot;https:\/\/teec.org.mx\/web\/wp-content\/uploads\/2026\/03\/TEEC-EXP-6-2026-30-03-26.pdf&quot; target=&quot;_blank&quot;&gt;TEEC\/EXP\/6\/2026 (ACUERDO DE RECEPCI\u00d3N Y TR\u00c1MITE)&lt;\/a&gt;\" ><a href=\"https:\/\/teec.org.mx\/web\/wp-content\/uploads\/2026\/03\/TEEC-EXP-6-2026-30-03-26.pdf\" target=\"_blank\">TEEC\/EXP\/6\/2026 (ACUERDO DE RECEPCI\u00d3N Y TR\u00c1MITE)<\/a><\/td><\/tr><tr style=\"height:px\" ><td data-cell-id=\"A6\" data-x=\"0\" data-y=\"6\" data-db-index=\"6\" class=\"fsize-18\" data-cell-type=\"text\" data-original-value=\"23 DE MARZO DE 2026, A LAS 13:00 HORAS\" data-order=\"23 DE MARZO DE 2026, A LAS 13:00 HORAS\" >23 DE MARZO DE 2026, A LAS 13:00 HORAS <\/td><td data-cell-id=\"B6\" data-x=\"1\" data-y=\"6\" data-db-index=\"6\" class=\"fsize-18\" data-cell-type=\"text\" data-original-value=\"SILVIA ELIZABETH GARC\u00cdA MENDOZA Y OTROS\" data-order=\"SILVIA ELIZABETH GARC\u00cdA MENDOZA Y OTROS\" >SILVIA ELIZABETH GARC\u00cdA MENDOZA Y OTROS <\/td><td data-cell-id=\"C6\" data-x=\"2\" data-y=\"6\" data-db-index=\"6\" class=\"fsize-18\" data-cell-type=\"text\" data-original-value=\"&lt;a href=&quot;https:\/\/teec.org.mx\/web\/wp-content\/uploads\/2026\/03\/TEEC-EXP-5-2026-23-03-26.pdf&quot; target=&quot;_blank&quot;&gt;TEEC\/EXP\/5\/2026 (ACUERDO DE RECEPCI\u00d3N Y TR\u00c1MITE)&lt;\/a&gt;\" data-order=\"&lt;a href=&quot;https:\/\/teec.org.mx\/web\/wp-content\/uploads\/2026\/03\/TEEC-EXP-5-2026-23-03-26.pdf&quot; target=&quot;_blank&quot;&gt;TEEC\/EXP\/5\/2026 (ACUERDO DE RECEPCI\u00d3N Y TR\u00c1MITE)&lt;\/a&gt;\" ><a href=\"https:\/\/teec.org.mx\/web\/wp-content\/uploads\/2026\/03\/TEEC-EXP-5-2026-23-03-26.pdf\" target=\"_blank\">TEEC\/EXP\/5\/2026 (ACUERDO DE RECEPCI\u00d3N Y TR\u00c1MITE)<\/a><\/td><\/tr><tr style=\"height:px\" ><td data-cell-id=\"A7\" data-x=\"0\" data-y=\"7\" data-db-index=\"7\" class=\"fsize-18\" data-cell-type=\"text\" data-original-value=\"13 DE MARZO DE 2026, A LAS 8:05 HORAS\" data-order=\"13 DE MARZO DE 2026, A LAS 8:05 HORAS\" >13 DE MARZO DE 2026, A LAS 8:05 HORAS <\/td><td data-cell-id=\"B7\" data-x=\"1\" data-y=\"7\" data-db-index=\"7\" class=\"fsize-18\" data-cell-type=\"text\" data-original-value=\"SILVIA ELIZABETH GARC\u00cdA MENDOZA, CELIA DEL CARMEN HUCHIN COBOS, SUGEHY GUADALUPE ALPUCHE CONTRERAS, ENRIQUETA DEL CARMEN UC ORDO\u00d1EZ, ANA ROSA \u00c1VILA MAAS, YARA LUISA CARAVEO CERVERA Y MARCIAL AUGUSTO FARFAN OJEDA\" data-order=\"SILVIA ELIZABETH GARC\u00cdA MENDOZA, CELIA DEL CARMEN HUCHIN COBOS, SUGEHY GUADALUPE ALPUCHE CONTRERAS, ENRIQUETA DEL CARMEN UC ORDO\u00d1EZ, ANA ROSA \u00c1VILA MAAS, YARA LUISA CARAVEO CERVERA Y MARCIAL AUGUSTO FARFAN OJEDA\" >SILVIA ELIZABETH GARC\u00cdA MENDOZA, CELIA DEL CARMEN HUCHIN COBOS, SUGEHY GUADALUPE ALPUCHE CONTRERAS, ENRIQUETA DEL CARMEN UC ORDO\u00d1EZ, ANA ROSA \u00c1VILA MAAS, YARA LUISA CARAVEO CERVERA Y MARCIAL AUGUSTO FARFAN OJEDA <\/td><td data-cell-id=\"C7\" data-x=\"2\" data-y=\"7\" data-db-index=\"7\" class=\"fsize-18\" data-cell-type=\"text\" data-original-value=\"&lt;a href=&quot;https:\/\/teec.org.mx\/web\/wp-content\/uploads\/2026\/03\/TEEC-EXP-3-2026-13-03-26.pdf&quot; target=&quot;_blank&quot;&gt;TEEC\/EXP\/3\/2026 (ACUERDO DE ACUMULACI\u00d3N Y DE TR\u00c1MITE)&lt;\/a&gt;\" data-order=\"&lt;a href=&quot;https:\/\/teec.org.mx\/web\/wp-content\/uploads\/2026\/03\/TEEC-EXP-3-2026-13-03-26.pdf&quot; target=&quot;_blank&quot;&gt;TEEC\/EXP\/3\/2026 (ACUERDO DE ACUMULACI\u00d3N Y DE TR\u00c1MITE)&lt;\/a&gt;\" ><a href=\"https:\/\/teec.org.mx\/web\/wp-content\/uploads\/2026\/03\/TEEC-EXP-3-2026-13-03-26.pdf\" target=\"_blank\">TEEC\/EXP\/3\/2026 (ACUERDO DE ACUMULACI\u00d3N Y DE TR\u00c1MITE)<\/a><\/td><\/tr><tr style=\"height:px\" ><td data-cell-id=\"A8\" data-x=\"0\" data-y=\"8\" data-db-index=\"8\" class=\"fsize-18\" data-cell-type=\"text\" data-original-value=\"10 DE MARZO DE 2026, A LAS 13:50 HORAS\" data-order=\"10 DE MARZO DE 2026, A LAS 13:50 HORAS\" >10 DE MARZO DE 2026, A LAS 13:50 HORAS <\/td><td data-cell-id=\"B8\" data-x=\"1\" data-y=\"8\" data-db-index=\"8\" class=\"fsize-18\" data-cell-type=\"text\" data-original-value=\"V\u00cdCTOR RAM\u00d3N CASTRO FUENTES\" data-order=\"V\u00cdCTOR RAM\u00d3N CASTRO FUENTES\" >V\u00cdCTOR RAM\u00d3N CASTRO FUENTES <\/td><td data-cell-id=\"C8\" data-x=\"2\" data-y=\"8\" data-db-index=\"8\" class=\"fsize-18\" data-cell-type=\"text\" data-original-value=\"&lt;a href=&quot;https:\/\/teec.org.mx\/web\/wp-content\/uploads\/2026\/03\/ESTRADOS-ELECTRONICOS-TEEC-EXP-4-2026.pdf&quot; target=&quot;_blank&quot;&gt;TEEC\/EXP\/4\/2026 (ACUERDO DE RECEPCI\u00d3N Y DE TR\u00c1MITE)&lt;\/a&gt;\" data-order=\"&lt;a href=&quot;https:\/\/teec.org.mx\/web\/wp-content\/uploads\/2026\/03\/ESTRADOS-ELECTRONICOS-TEEC-EXP-4-2026.pdf&quot; target=&quot;_blank&quot;&gt;TEEC\/EXP\/4\/2026 (ACUERDO DE RECEPCI\u00d3N Y DE TR\u00c1MITE)&lt;\/a&gt;\" ><a href=\"https:\/\/teec.org.mx\/web\/wp-content\/uploads\/2026\/03\/ESTRADOS-ELECTRONICOS-TEEC-EXP-4-2026.pdf\" target=\"_blank\">TEEC\/EXP\/4\/2026 (ACUERDO DE RECEPCI\u00d3N Y DE TR\u00c1MITE)<\/a><\/td><\/tr><tr style=\"height:px\" ><td data-cell-id=\"A9\" data-x=\"0\" data-y=\"9\" data-db-index=\"9\" class=\"fsize-18\" data-cell-type=\"text\" data-original-value=\"9 DE MARZO DE 2026, A LAS 13:20 HORAS\" data-order=\"9 DE MARZO DE 2026, A LAS 13:20 HORAS\" >9 DE MARZO DE 2026, A LAS 13:20 HORAS <\/td><td data-cell-id=\"B9\" data-x=\"1\" data-y=\"9\" data-db-index=\"9\" class=\"fsize-18\" data-cell-type=\"text\" data-original-value=\"SILVIA ELIZABETH GARC\u00cdA MENDOZA, CELIA DEL CARMEN HUCHIN COBOS, SUGEHY GUADALUPE ALPUCHE CONTRERAS, ENRIQUETA DEL CARMEN UC ORDO\u00d1EZ, ANA ROSA \u00c1VILA MAAS, YARA LUISA CARAVEO CERVERA Y MARCIAL AUGUSTO FARFAN OJEDA\" data-order=\"SILVIA ELIZABETH GARC\u00cdA MENDOZA, CELIA DEL CARMEN HUCHIN COBOS, SUGEHY GUADALUPE ALPUCHE CONTRERAS, ENRIQUETA DEL CARMEN UC ORDO\u00d1EZ, ANA ROSA \u00c1VILA MAAS, YARA LUISA CARAVEO CERVERA Y MARCIAL AUGUSTO FARFAN OJEDA\" >SILVIA ELIZABETH GARC\u00cdA MENDOZA, CELIA DEL CARMEN HUCHIN COBOS, SUGEHY GUADALUPE ALPUCHE CONTRERAS, ENRIQUETA DEL CARMEN UC ORDO\u00d1EZ, ANA ROSA \u00c1VILA MAAS, YARA LUISA CARAVEO CERVERA Y MARCIAL AUGUSTO FARFAN OJEDA <\/td><td data-cell-id=\"C9\" data-x=\"2\" data-y=\"9\" data-db-index=\"9\" class=\"fsize-18\" data-cell-type=\"text\" data-original-value=\"&lt;a href=&quot;https:\/\/teec.org.mx\/web\/wp-content\/uploads\/2026\/03\/ESTRADOS-ELECTRONICOS-TEEC-EXP-3-2026.pdf&quot; target=&quot;_blank&quot;&gt;TEEC\/EXP\/3\/2026 (ACUERDO DE RECEPCI\u00d3N Y DE TR\u00c1MITE)&lt;\/a&gt;\" data-order=\"&lt;a href=&quot;https:\/\/teec.org.mx\/web\/wp-content\/uploads\/2026\/03\/ESTRADOS-ELECTRONICOS-TEEC-EXP-3-2026.pdf&quot; target=&quot;_blank&quot;&gt;TEEC\/EXP\/3\/2026 (ACUERDO DE RECEPCI\u00d3N Y DE TR\u00c1MITE)&lt;\/a&gt;\" ><a href=\"https:\/\/teec.org.mx\/web\/wp-content\/uploads\/2026\/03\/ESTRADOS-ELECTRONICOS-TEEC-EXP-3-2026.pdf\" target=\"_blank\">TEEC\/EXP\/3\/2026 (ACUERDO DE RECEPCI\u00d3N Y DE TR\u00c1MITE)<\/a><\/td><\/tr><tr style=\"height:px\" ><td data-cell-id=\"A10\" data-x=\"0\" data-y=\"10\" data-db-index=\"10\" class=\"fsize-18\" data-cell-type=\"text\" data-original-value=\"5 DE MARZO DE 2026, A LAS 9:05 HORAS\" data-order=\"5 DE MARZO DE 2026, A LAS 9:05 HORAS\" >5 DE MARZO DE 2026, A LAS 9:05 HORAS <\/td><td data-cell-id=\"B10\" data-x=\"1\" data-y=\"10\" data-db-index=\"10\" class=\"fsize-18\" data-cell-type=\"text\" data-original-value=\"CINDY GUADALUPE PUGA REYES\" data-order=\"CINDY GUADALUPE PUGA REYES\" >CINDY GUADALUPE PUGA REYES <\/td><td data-cell-id=\"C10\" data-x=\"2\" data-y=\"10\" data-db-index=\"10\" class=\"fsize-18\" data-cell-type=\"text\" data-original-value=\"&lt;a href=&quot;https:\/\/teec.org.mx\/web\/wp-content\/uploads\/2026\/03\/TEEC-EXP-2-2026-05-03-26.pdf&quot; target=&quot;_blank&quot;&gt;TEEC\/EXP\/2\/2026 (ACUERDO DE RECEPCI\u00d3N Y TR\u00c1MITE)&lt;\/a&gt;\" data-order=\"&lt;a href=&quot;https:\/\/teec.org.mx\/web\/wp-content\/uploads\/2026\/03\/TEEC-EXP-2-2026-05-03-26.pdf&quot; target=&quot;_blank&quot;&gt;TEEC\/EXP\/2\/2026 (ACUERDO DE RECEPCI\u00d3N Y TR\u00c1MITE)&lt;\/a&gt;\" ><a href=\"https:\/\/teec.org.mx\/web\/wp-content\/uploads\/2026\/03\/TEEC-EXP-2-2026-05-03-26.pdf\" target=\"_blank\">TEEC\/EXP\/2\/2026 (ACUERDO DE RECEPCI\u00d3N Y TR\u00c1MITE)<\/a><\/td><\/tr><tr style=\"height:px\" ><td data-cell-id=\"A11\" data-x=\"0\" data-y=\"11\" data-db-index=\"11\" class=\"fsize-18\" data-cell-type=\"text\" data-original-value=\"23 DE ENERO DE 2026, A LAS 11:00 HORAS\" data-order=\"23 DE ENERO DE 2026, A LAS 11:00 HORAS\" >23 DE ENERO DE 2026, A LAS 11:00 HORAS <\/td><td data-cell-id=\"B11\" data-x=\"1\" data-y=\"11\" data-db-index=\"11\" class=\"fsize-18\" data-cell-type=\"text\" data-original-value=\"MAR\u00cdA JOS\u00c9 GARMA UC, WENDY ELIZABETH DEL VALLE JIM\u00c9NEZ, JULIA DEL SOCORRO TUZ COLL\u00cd Y ELVIS DEL JES\u00daS DZUL MENDEZ\" data-order=\"MAR\u00cdA JOS\u00c9 GARMA UC, WENDY ELIZABETH DEL VALLE JIM\u00c9NEZ, JULIA DEL SOCORRO TUZ COLL\u00cd Y ELVIS DEL JES\u00daS DZUL MENDEZ\" >MAR\u00cdA JOS\u00c9 GARMA UC, WENDY ELIZABETH DEL VALLE JIM\u00c9NEZ, JULIA DEL SOCORRO TUZ COLL\u00cd Y ELVIS DEL JES\u00daS DZUL MENDEZ <\/td><td data-cell-id=\"C11\" data-x=\"2\" data-y=\"11\" data-db-index=\"11\" class=\"fsize-18\" data-cell-type=\"text\" data-original-value=\"&lt;a href=&quot;https:\/\/teec.org.mx\/web\/wp-content\/uploads\/2026\/01\/TEEC-EXP-1-2026-23-01-26.pdf&quot; target=&quot;_blank&quot;&gt;TEEC\/EXP\/1\/2026 (ACUERDO DE ACUMULACI\u00d3N Y TR\u00c1MITE)&lt;\/a&gt;\" data-order=\"&lt;a href=&quot;https:\/\/teec.org.mx\/web\/wp-content\/uploads\/2026\/01\/TEEC-EXP-1-2026-23-01-26.pdf&quot; target=&quot;_blank&quot;&gt;TEEC\/EXP\/1\/2026 (ACUERDO DE ACUMULACI\u00d3N Y TR\u00c1MITE)&lt;\/a&gt;\" ><a href=\"https:\/\/teec.org.mx\/web\/wp-content\/uploads\/2026\/01\/TEEC-EXP-1-2026-23-01-26.pdf\" target=\"_blank\">TEEC\/EXP\/1\/2026 (ACUERDO DE ACUMULACI\u00d3N Y TR\u00c1MITE)<\/a><\/td><\/tr><tr style=\"height:px\" ><td data-cell-id=\"A12\" data-x=\"0\" data-y=\"12\" data-db-index=\"12\" class=\"fsize-18\" data-cell-type=\"text\" data-original-value=\"19 DE ENERO DE 2026, A LAS 13:55 HORAS\" data-order=\"19 DE ENERO DE 2026, A LAS 13:55 HORAS\" >19 DE ENERO DE 2026, A LAS 13:55 HORAS <\/td><td data-cell-id=\"B12\" data-x=\"1\" data-y=\"12\" data-db-index=\"12\" class=\"fsize-18\" data-cell-type=\"text\" data-original-value=\"MAR\u00cdA JOS\u00c9 GARMA UC, WENDY ELIZABETH DEL VALLE JIM\u00c9NEZ, JULIA DEL SOCORRO TUZ COLL\u00cd Y ELVIS DEL JES\u00daS DZUL MENDEZ\" data-order=\"MAR\u00cdA JOS\u00c9 GARMA UC, WENDY ELIZABETH DEL VALLE JIM\u00c9NEZ, JULIA DEL SOCORRO TUZ COLL\u00cd Y ELVIS DEL JES\u00daS DZUL MENDEZ\" >MAR\u00cdA JOS\u00c9 GARMA UC, WENDY ELIZABETH DEL VALLE JIM\u00c9NEZ, JULIA DEL SOCORRO TUZ COLL\u00cd Y ELVIS DEL JES\u00daS DZUL MENDEZ <\/td><td data-cell-id=\"C12\" data-x=\"2\" data-y=\"12\" data-db-index=\"12\" class=\"fsize-18\" data-cell-type=\"text\" data-original-value=\"&lt;a href=&quot;https:\/\/teec.org.mx\/web\/wp-content\/uploads\/2026\/01\/TEEC-EXP-1-2026-19-01-26.pdf&quot; target=&quot;_blank&quot;&gt;TEEC\/EXP\/1\/2026 (ACUERDO DE RECEPCI\u00d3N Y TR\u00c1MITE)&lt;\/a&gt;\" data-order=\"&lt;a href=&quot;https:\/\/teec.org.mx\/web\/wp-content\/uploads\/2026\/01\/TEEC-EXP-1-2026-19-01-26.pdf&quot; target=&quot;_blank&quot;&gt;TEEC\/EXP\/1\/2026 (ACUERDO DE RECEPCI\u00d3N Y TR\u00c1MITE)&lt;\/a&gt;\" ><a href=\"https:\/\/teec.org.mx\/web\/wp-content\/uploads\/2026\/01\/TEEC-EXP-1-2026-19-01-26.pdf\" target=\"_blank\">TEEC\/EXP\/1\/2026 (ACUERDO DE RECEPCI\u00d3N Y TR\u00c1MITE)<\/a><\/td><\/tr><\/tbody><\/table><!-- \/#supsystic-table-170.supsystic-table --><div class=\"stbConditionsData\" ><\/div><\/div><!-- \/.supsystic-tables-wrap --><!-- Tables Generator by Supsystic --><!-- Version:1.10.47 --><!-- http:\/\/supsystic.com\/ --><a title=\"WordPress Responsive Table\" style=\"display:none;\" href=\"https:\/\/supsystic.com\/plugins\/wordpress-data-table-plugin\/?utm_medium=love_link\" target=\"_blank\">WordPress Responsive Table<\/a><\/p>\n<p>\u00a0<\/p>\n","protected":false},"excerpt":{"rendered":"<p>\u00a0 Expedientillos 2026 \u00a0 \u00a0<\/p>\n","protected":false},"author":1,"featured_media":0,"parent":0,"menu_order":0,"comment_status":"closed","ping_status":"closed","template":"","meta":{"footnotes":""},"yst_prominent_words":[],"_links":{"self":[{"href":"https:\/\/teec.org.mx\/web\/wp-json\/wp\/v2\/pages\/32150"}],"collection":[{"href":"https:\/\/teec.org.mx\/web\/wp-json\/wp\/v2\/pages"}],"about":[{"href":"https:\/\/teec.org.mx\/web\/wp-json\/wp\/v2\/types\/page"}],"author":[{"embeddable":true,"href":"https:\/\/teec.org.mx\/web\/wp-json\/wp\/v2\/users\/1"}],"replies":[{"embeddable":true,"href":"https:\/\/teec.org.mx\/web\/wp-json\/wp\/v2\/comments?post=32150"}],"version-history":[{"count":1,"href":"https:\/\/teec.org.mx\/web\/wp-json\/wp\/v2\/pages\/32150\/revisions"}],"predecessor-version":[{"id":32152,"href":"https:\/\/teec.org.mx\/web\/wp-json\/wp\/v2\/pages\/32150\/revisions\/32152"}],"wp:attachment":[{"href":"https:\/\/teec.org.mx\/web\/wp-json\/wp\/v2\/media?parent=32150"}],"wp:term":[{"taxonomy":"yst_prominent_words","embeddable":true,"href":"https:\/\/teec.org.mx\/web\/wp-json\/wp\/v2\/yst_prominent_words?post=32150"}],"curies":[{"name":"wp","href":"https:\/\/api.w.org\/{rel}","templated":true}]}}