{"id":32186,"date":"2026-01-14T16:05:26","date_gmt":"2026-01-14T22:05:26","guid":{"rendered":"https:\/\/teec.org.mx\/web\/?page_id=32186"},"modified":"2026-01-14T16:26:48","modified_gmt":"2026-01-14T22:26:48","slug":"ordenes-del-dia-2026","status":"publish","type":"page","link":"https:\/\/teec.org.mx\/web\/ordenes-del-dia-2026\/","title":{"rendered":"\u00d3rdenes del d\u00eda 2026"},"content":{"rendered":"\n<p>\u00a0<\/p>\n<h3 style=\"text-align: center;\">\u00d3rdenes del d\u00eda 2026<\/h3>\n<p>\u00a0<\/p>\n<p style=\"text-align: center;\"><div class=\"supsystic-table-loader la-ball-beat la-2x\" style=\"color:#000000\"><div><\/div><div><\/div><div><\/div><\/div><div id=\"supsystic-table-180_31680\" class=\"supsystic-tables-wrap pagination-medium\" style=\" width:100%; visibility: hidden; \" data-table-width-fixed=\"100%\" data-table-width-mobile=\"100%\" ><div class=\"supsystic-tables-features\"><\/div><table id=\"supsystic-table-180\" class=\"supsystic-table border cell-border\" data-id=\"180\" data-view-id=\"180_31680\" data-title=\"Ordenes del d\u00eda 2026\" data-currency-format=\"$1,000.00\" data-percent-format=\"10.00%\" data-date-format=\"DD.MM.YYYY\" data-time-format=\"HH:mm\" data-features=\"[&quot;info&quot;,&quot;paging&quot;,&quot;searching&quot;,&quot;after_table_loaded_script&quot;,&quot;import&quot;]\" data-search-value=\"\" data-head=\"on\" data-head-rows-count=\"1\" data-pagination-length=\"10,25,50,100,All\" data-auto-index=\"off\" data-searching-settings=\"{&quot;columnSearchPosition&quot;:&quot;bottom&quot;,&quot;minChars&quot;:&quot;0&quot;}\" data-lang=\"Spanish\" data-override=\"{&quot;emptyTable&quot;:&quot;&quot;,&quot;info&quot;:&quot;&quot;,&quot;infoEmpty&quot;:&quot;&quot;,&quot;infoFiltered&quot;:&quot;&quot;,&quot;lengthMenu&quot;:&quot;&quot;,&quot;search&quot;:&quot;&quot;,&quot;previous&quot;:&quot;&quot;,&quot;next&quot;:&quot;&quot;,&quot;zeroRecords&quot;:&quot;&quot;,&quot;exportLabel&quot;:&quot;&quot;,&quot;file&quot;:&quot;Spanish&quot;}\" data-merged=\"[]\" data-responsive-mode=\"0\" data-from-history=\"0\" ><thead><tr><th data-cell-id=\"A1\" data-x=\"0\" data-y=\"1\" data-db-index=\"1\" class=\"htCenter bg-d49820 color-ffffff bold fsize-20\" data-cell-type=\"text\" data-original-value=\"Fecha\" data-order=\"Fecha\" style=\"min-width:33.6523%; \" >Fecha <\/th><th data-cell-id=\"B1\" data-x=\"1\" data-y=\"1\" data-db-index=\"1\" class=\"htCenter bg-d49820 color-ffffff bold fsize-20\" data-cell-type=\"text\" data-original-value=\"Archivo\" data-order=\"Archivo\" style=\"min-width:66.3477%; \" >Archivo <\/th><\/tr><\/thead><tbody><tr style=\"height:px\" ><td data-cell-id=\"A2\" data-x=\"0\" data-y=\"2\" data-db-index=\"2\" class=\"fsize-18\" data-cell-type=\"text\" data-original-value=\"25\/03\/2026\" data-order=\"25\/03\/2026\" >25\/03\/2026 <\/td><td data-cell-id=\"B2\" data-x=\"1\" data-y=\"2\" data-db-index=\"2\" class=\"fsize-18\" data-cell-type=\"text\" data-original-value=\"&lt;a href=&quot;https:\/\/teec.org.mx\/web\/wp-content\/uploads\/2026\/03\/Orden-del-dia-Sesion-Publica-jurisdiccional-presencial-25-03-2026.pdf&quot; target=&quot;_blank&quot;&gt;Orden del d\u00eda Sesi\u00f3n P\u00fablica (jurisdiccional presencial) 25 de marzo de 2026&lt;\/a&gt;\" data-order=\"&lt;a href=&quot;https:\/\/teec.org.mx\/web\/wp-content\/uploads\/2026\/03\/Orden-del-dia-Sesion-Publica-jurisdiccional-presencial-25-03-2026.pdf&quot; target=&quot;_blank&quot;&gt;Orden del d\u00eda Sesi\u00f3n P\u00fablica (jurisdiccional presencial) 25 de marzo de 2026&lt;\/a&gt;\" ><a href=\"https:\/\/teec.org.mx\/web\/wp-content\/uploads\/2026\/03\/Orden-del-dia-Sesion-Publica-jurisdiccional-presencial-25-03-2026.pdf\" target=\"_blank\">Orden del d\u00eda Sesi\u00f3n P\u00fablica (jurisdiccional presencial) 25 de marzo de 2026<\/a><\/td><\/tr><tr style=\"height:px\" ><td data-cell-id=\"A3\" data-x=\"0\" data-y=\"3\" data-db-index=\"3\" class=\"fsize-18\" data-cell-type=\"text\" data-original-value=\"6\/2\/2026\" data-order=\"6\/2\/2026\" >6\/2\/2026 <\/td><td data-cell-id=\"B3\" data-x=\"1\" data-y=\"3\" data-db-index=\"3\" class=\"fsize-18\" data-cell-type=\"text\" data-original-value=\"&lt;a href=&quot;https:\/\/teec.org.mx\/web\/wp-content\/uploads\/2026\/02\/Orden-del-dia-Sesion-Publica-jurisdiccional-presencial-06-02-2026.pdf&quot; target=&quot;_blank&quot;&gt;Orden del d\u00eda Sesi\u00f3n P\u00fablica (jurisdiccional presencial) 06 de febrero 2026&lt;\/a&gt;\" data-order=\"&lt;a href=&quot;https:\/\/teec.org.mx\/web\/wp-content\/uploads\/2026\/02\/Orden-del-dia-Sesion-Publica-jurisdiccional-presencial-06-02-2026.pdf&quot; target=&quot;_blank&quot;&gt;Orden del d\u00eda Sesi\u00f3n P\u00fablica (jurisdiccional presencial) 06 de febrero 2026&lt;\/a&gt;\" ><a href=\"https:\/\/teec.org.mx\/web\/wp-content\/uploads\/2026\/02\/Orden-del-dia-Sesion-Publica-jurisdiccional-presencial-06-02-2026.pdf\" target=\"_blank\">Orden del d\u00eda Sesi\u00f3n P\u00fablica (jurisdiccional presencial) 06 de febrero 2026<\/a><\/td><\/tr><tr style=\"height:px\" ><td data-cell-id=\"A4\" data-x=\"0\" data-y=\"4\" data-db-index=\"4\" class=\"fsize-18\" data-cell-type=\"text\" data-original-value=\"30\/1\/2026\" data-order=\"30\/1\/2026\" >30\/1\/2026 <\/td><td data-cell-id=\"B4\" data-x=\"1\" data-y=\"4\" data-db-index=\"4\" class=\"fsize-18\" data-cell-type=\"text\" data-original-value=\"&lt;a href=&quot;https:\/\/teec.org.mx\/web\/wp-content\/uploads\/2026\/02\/Orden-del-dia-Sesion-Publica-jurisdiccional-presencial-30-01-2026.pdf&quot; target=&quot;_blank&quot;&gt;Orden del d\u00eda Sesi\u00f3n P\u00fablica (jurisdiccional presencial) 30 de enero de 2026&lt;\/a&gt;\" data-order=\"&lt;a href=&quot;https:\/\/teec.org.mx\/web\/wp-content\/uploads\/2026\/02\/Orden-del-dia-Sesion-Publica-jurisdiccional-presencial-30-01-2026.pdf&quot; target=&quot;_blank&quot;&gt;Orden del d\u00eda Sesi\u00f3n P\u00fablica (jurisdiccional presencial) 30 de enero de 2026&lt;\/a&gt;\" ><a href=\"https:\/\/teec.org.mx\/web\/wp-content\/uploads\/2026\/02\/Orden-del-dia-Sesion-Publica-jurisdiccional-presencial-30-01-2026.pdf\" target=\"_blank\">Orden del d\u00eda Sesi\u00f3n P\u00fablica (jurisdiccional presencial) 30 de enero de 2026<\/a><\/td><\/tr><tr style=\"height:px\" ><td data-cell-id=\"A5\" data-x=\"0\" data-y=\"5\" data-db-index=\"5\" class=\"fsize-18\" data-cell-type=\"text\" data-original-value=\"28\/1\/2026\" data-order=\"28\/1\/2026\" >28\/1\/2026 <\/td><td data-cell-id=\"B5\" data-x=\"1\" data-y=\"5\" data-db-index=\"5\" class=\"fsize-18\" data-cell-type=\"text\" data-original-value=\"&lt;a href=&quot;https:\/\/teec.org.mx\/web\/wp-content\/uploads\/2026\/01\/Orden-del-dia-Sesion-Publica-jurisdiccional-presencial-28-01-2026.pdf&quot; target=&quot;_blank&quot;&gt;Orden del d\u00eda Sesi\u00f3n P\u00fablica (jurisdiccional presencial) 28 de enero de 2026&lt;\/a&gt;\" data-order=\"&lt;a href=&quot;https:\/\/teec.org.mx\/web\/wp-content\/uploads\/2026\/01\/Orden-del-dia-Sesion-Publica-jurisdiccional-presencial-28-01-2026.pdf&quot; target=&quot;_blank&quot;&gt;Orden del d\u00eda Sesi\u00f3n P\u00fablica (jurisdiccional presencial) 28 de enero de 2026&lt;\/a&gt;\" ><a href=\"https:\/\/teec.org.mx\/web\/wp-content\/uploads\/2026\/01\/Orden-del-dia-Sesion-Publica-jurisdiccional-presencial-28-01-2026.pdf\" target=\"_blank\">Orden del d\u00eda Sesi\u00f3n P\u00fablica (jurisdiccional presencial) 28 de enero de 2026<\/a><\/td><\/tr><\/tbody><\/table><!-- \/#supsystic-table-180.supsystic-table --><div class=\"stbConditionsData\" ><\/div><\/div><!-- \/.supsystic-tables-wrap --><!-- Tables Generator by Supsystic --><!-- Version:1.10.47 --><!-- http:\/\/supsystic.com\/ --><a title=\"WordPress Responsive Table\" style=\"display:none;\" href=\"https:\/\/supsystic.com\/plugins\/wordpress-data-table-plugin\/?utm_medium=love_link\" target=\"_blank\">WordPress Responsive Table<\/a><\/p>\n<p>\u00a0<\/p>\n","protected":false},"excerpt":{"rendered":"<p>\u00a0 \u00d3rdenes del d\u00eda 2026 \u00a0 \u00a0<\/p>\n","protected":false},"author":1,"featured_media":0,"parent":0,"menu_order":0,"comment_status":"closed","ping_status":"closed","template":"","meta":{"footnotes":""},"yst_prominent_words":[],"_links":{"self":[{"href":"https:\/\/teec.org.mx\/web\/wp-json\/wp\/v2\/pages\/32186"}],"collection":[{"href":"https:\/\/teec.org.mx\/web\/wp-json\/wp\/v2\/pages"}],"about":[{"href":"https:\/\/teec.org.mx\/web\/wp-json\/wp\/v2\/types\/page"}],"author":[{"embeddable":true,"href":"https:\/\/teec.org.mx\/web\/wp-json\/wp\/v2\/users\/1"}],"replies":[{"embeddable":true,"href":"https:\/\/teec.org.mx\/web\/wp-json\/wp\/v2\/comments?post=32186"}],"version-history":[{"count":1,"href":"https:\/\/teec.org.mx\/web\/wp-json\/wp\/v2\/pages\/32186\/revisions"}],"predecessor-version":[{"id":32189,"href":"https:\/\/teec.org.mx\/web\/wp-json\/wp\/v2\/pages\/32186\/revisions\/32189"}],"wp:attachment":[{"href":"https:\/\/teec.org.mx\/web\/wp-json\/wp\/v2\/media?parent=32186"}],"wp:term":[{"taxonomy":"yst_prominent_words","embeddable":true,"href":"https:\/\/teec.org.mx\/web\/wp-json\/wp\/v2\/yst_prominent_words?post=32186"}],"curies":[{"name":"wp","href":"https:\/\/api.w.org\/{rel}","templated":true}]}}