{"id":32387,"date":"2026-01-26T12:50:37","date_gmt":"2026-01-26T18:50:37","guid":{"rendered":"https:\/\/teec.org.mx\/web\/?page_id=32387"},"modified":"2026-01-26T14:07:45","modified_gmt":"2026-01-26T20:07:45","slug":"acuerdos-plenarios-2026","status":"publish","type":"page","link":"https:\/\/teec.org.mx\/web\/acuerdos-plenarios-2026\/","title":{"rendered":"Acuerdos Plenarios 2026"},"content":{"rendered":"\n<p>\u00a0<\/p>\n<h3 style=\"text-align: center;\">Acuerdos Plenarios 2026<\/h3>\n<p>\u00a0<\/p>\n<table class=\" aligncenter\" style=\"height: 355px; width: 75.6569%; border-collapse: collapse;\">\n<tbody>\n<tr style=\"height: 31px;\">\n<td style=\"width: 95.0574%; height: 31px;\"><span style=\"font-size: 18pt;\">Recursos de Apelaci\u00f3n<\/span><\/td>\n<td style=\"width: 5.46058%; height: 31px;\"><a href=\"https:\/\/teec.org.mx\/web\/acuerdos-plenarios-rap-2026\/\"><span style=\"font-size: 18pt;\">RAP<\/span><\/a><\/td>\n<\/tr>\n<tr style=\"height: 31px;\">\n<td style=\"width: 95.0574%; height: 31px;\"><span style=\"font-size: 18pt;\">Cuaderno Incidental<\/span><\/td>\n<td style=\"width: 5.46058%; height: 31px;\"><a href=\"https:\/\/teec.org.mx\/web\/acuerdos-plenarios-inc-2026\/\"><span style=\"font-size: 18pt;\">INC<\/span><\/a><\/td>\n<\/tr>\n<tr style=\"height: 23px;\">\n<td style=\"width: 95.0574%; height: 23px;\"><span style=\"font-size: 18pt;\">Juicio para la Protecci\u00f3n de los Derechos Pol\u00edticos-Electorales de la Ciudadan\u00eda<\/span><\/td>\n<td style=\"width: 5.46058%; height: 23px;\"><a href=\"https:\/\/teec.org.mx\/web\/acuerdo-plenario-jdc-2026\/\"><span style=\"font-size: 18pt;\">JDC<\/span><\/a><\/td>\n<\/tr>\n<tr style=\"height: 23px;\">\n<td style=\"width: 95.0574%; height: 23px;\"><span style=\"font-size: 18pt;\">Procedimiento Especial Sancionador<\/span><\/td>\n<td style=\"width: 5.46058%; height: 23px;\"><a href=\"https:\/\/teec.org.mx\/web\/acuerdos-plenarios-pes-2026\/\"><span style=\"font-size: 18pt;\">PES<\/span><\/a><\/td>\n<\/tr>\n<tr style=\"height: 31px;\">\n<td style=\"width: 95.0574%; height: 31px;\"><span style=\"font-size: 18pt;\">Juicio General<\/span><\/td>\n<td style=\"width: 5.46058%; height: 31px;\"><a href=\"https:\/\/teec.org.mx\/web\/acuerdos-plenarios-jg-2026\/\"><span style=\"font-size: 18pt;\">JG<\/span><\/a><\/td>\n<\/tr>\n<tr style=\"height: 62px;\">\n<td style=\"width: 95.0574%; height: 62px;\"><span style=\"font-size: 18pt;\">Impedimento para conocer de un determinado medio de impugnaci\u00f3n<\/span><\/td>\n<td style=\"width: 5.46058%; height: 62px;\"><a href=\"https:\/\/teec.org.mx\/web\/acuerdos-plenarios-imp-2026\/\"><span style=\"font-size: 18pt;\">IMP<\/span><\/a><\/td>\n<\/tr>\n<\/tbody>\n<\/table>\n<p>\u00a0<\/p>\n","protected":false},"excerpt":{"rendered":"<p>\u00a0 Acuerdos Plenarios 2026 \u00a0 Recursos de Apelaci\u00f3n RAP Cuaderno Incidental INC Juicio para la Protecci\u00f3n de los Derechos Pol\u00edticos-Electorales de la Ciudadan\u00eda JDC Procedimiento Especial Sancionador PES Juicio General JG Impedimento para conocer de un determinado medio de impugnaci\u00f3n IMP \u00a0<\/p>\n","protected":false},"author":1,"featured_media":0,"parent":0,"menu_order":0,"comment_status":"closed","ping_status":"closed","template":"","meta":{"footnotes":""},"yst_prominent_words":[261],"_links":{"self":[{"href":"https:\/\/teec.org.mx\/web\/wp-json\/wp\/v2\/pages\/32387"}],"collection":[{"href":"https:\/\/teec.org.mx\/web\/wp-json\/wp\/v2\/pages"}],"about":[{"href":"https:\/\/teec.org.mx\/web\/wp-json\/wp\/v2\/types\/page"}],"author":[{"embeddable":true,"href":"https:\/\/teec.org.mx\/web\/wp-json\/wp\/v2\/users\/1"}],"replies":[{"embeddable":true,"href":"https:\/\/teec.org.mx\/web\/wp-json\/wp\/v2\/comments?post=32387"}],"version-history":[{"count":9,"href":"https:\/\/teec.org.mx\/web\/wp-json\/wp\/v2\/pages\/32387\/revisions"}],"predecessor-version":[{"id":32426,"href":"https:\/\/teec.org.mx\/web\/wp-json\/wp\/v2\/pages\/32387\/revisions\/32426"}],"wp:attachment":[{"href":"https:\/\/teec.org.mx\/web\/wp-json\/wp\/v2\/media?parent=32387"}],"wp:term":[{"taxonomy":"yst_prominent_words","embeddable":true,"href":"https:\/\/teec.org.mx\/web\/wp-json\/wp\/v2\/yst_prominent_words?post=32387"}],"curies":[{"name":"wp","href":"https:\/\/api.w.org\/{rel}","templated":true}]}}