{"id":344,"date":"2020-02-09T16:15:48","date_gmt":"2020-02-09T16:15:48","guid":{"rendered":"http:\/\/teec.org.mx\/web\/?page_id=344"},"modified":"2024-05-16T15:01:47","modified_gmt":"2024-05-16T21:01:47","slug":"estrados-electronicos-2020","status":"publish","type":"page","link":"https:\/\/teec.org.mx\/web\/estrados-electronicos-2020\/","title":{"rendered":"Estrados Electr\u00f3nicos 2020"},"content":{"rendered":"\n<h3 class=\"wp-block-heading has-text-align-center\"><\/h3>\n\n\n\n<p>\u00a0<\/p>\n<p>\u00a0<\/p>\n<p>\u00a0<\/p>\n<h1 style=\"text-align: center;\">Estrados electr\u00f3nicos 2020<\/h1>\n<p>\u00a0<\/p>\n<table class=\" aligncenter\" style=\"width: 69.2839%; border-collapse: collapse;\">\n<tbody>\n<tr>\n<td style=\"width: 92.5279%;\"><span style=\"font-size: 14pt;\">Recursos de Apelaci\u00f3n<\/span><\/td>\n<td style=\"width: 6.50172%;\"><span style=\"font-size: 14pt;\">RAP<\/span><\/td>\n<\/tr>\n<tr>\n<td style=\"width: 92.5279%;\"><span style=\"font-size: 14pt;\">Juicios de Inconformidad<\/span><\/td>\n<td style=\"width: 6.50172%;\"><span style=\"font-size: 14pt;\">JIN<\/span><\/td>\n<\/tr>\n<tr>\n<td style=\"width: 92.5279%;\"><span style=\"font-size: 14pt;\">Juicio para la Protecci\u00f3n de los Derechos Pol\u00edticos-Electorales de la Ciudadan\u00eda<\/span><\/td>\n<td style=\"width: 6.50172%;\"><a href=\"http:\/\/teec.org.mx\/web\/jdc-2020\/\"><span style=\"font-size: 14pt;\">JDC<\/span><\/a><\/td>\n<\/tr>\n<tr>\n<td style=\"width: 92.5279%;\"><span style=\"font-size: 14pt;\">Asuntos Generales<\/span><\/td>\n<td style=\"width: 6.50172%;\"><a href=\"http:\/\/teec.org.mx\/web\/ag-2020\/\"><span style=\"font-size: 14pt;\">AG<\/span><\/a><\/td>\n<\/tr>\n<tr>\n<td style=\"width: 92.5279%;\"><span style=\"font-size: 14pt;\">Expedientillos<\/span><\/td>\n<td style=\"width: 6.50172%;\"><a href=\"http:\/\/teec.org.mx\/web\/expedientillos-2020\/\"><span style=\"font-size: 14pt;\">EXP<\/span><\/a><\/td>\n<\/tr>\n<tr>\n<td style=\"width: 92.5279%;\"><span style=\"font-size: 14pt;\">Procedimiento Especial Sancionador<\/span><\/td>\n<td style=\"width: 6.50172%;\"><a href=\"https:\/\/teec.org.mx\/web\/pes-2020\/\"><span style=\"font-size: 14pt;\">PES<\/span><\/a><\/td>\n<\/tr>\n<\/tbody>\n<\/table>\n<p>\u00a0<\/p>\n","protected":false},"excerpt":{"rendered":"<p>\u00a0 \u00a0 \u00a0 Estrados electr\u00f3nicos 2020 \u00a0 Recursos de Apelaci\u00f3n RAP Juicios de Inconformidad JIN Juicio para la Protecci\u00f3n de los Derechos Pol\u00edticos-Electorales de la Ciudadan\u00eda JDC Asuntos Generales AG Expedientillos EXP Procedimiento Especial Sancionador PES \u00a0<\/p>\n","protected":false},"author":1,"featured_media":0,"parent":0,"menu_order":0,"comment_status":"closed","ping_status":"closed","template":"","meta":{"footnotes":""},"yst_prominent_words":[],"_links":{"self":[{"href":"https:\/\/teec.org.mx\/web\/wp-json\/wp\/v2\/pages\/344"}],"collection":[{"href":"https:\/\/teec.org.mx\/web\/wp-json\/wp\/v2\/pages"}],"about":[{"href":"https:\/\/teec.org.mx\/web\/wp-json\/wp\/v2\/types\/page"}],"author":[{"embeddable":true,"href":"https:\/\/teec.org.mx\/web\/wp-json\/wp\/v2\/users\/1"}],"replies":[{"embeddable":true,"href":"https:\/\/teec.org.mx\/web\/wp-json\/wp\/v2\/comments?post=344"}],"version-history":[{"count":20,"href":"https:\/\/teec.org.mx\/web\/wp-json\/wp\/v2\/pages\/344\/revisions"}],"predecessor-version":[{"id":21758,"href":"https:\/\/teec.org.mx\/web\/wp-json\/wp\/v2\/pages\/344\/revisions\/21758"}],"wp:attachment":[{"href":"https:\/\/teec.org.mx\/web\/wp-json\/wp\/v2\/media?parent=344"}],"wp:term":[{"taxonomy":"yst_prominent_words","embeddable":true,"href":"https:\/\/teec.org.mx\/web\/wp-json\/wp\/v2\/yst_prominent_words?post=344"}],"curies":[{"name":"wp","href":"https:\/\/api.w.org\/{rel}","templated":true}]}}