{"id":392,"date":"2020-02-09T19:23:03","date_gmt":"2020-02-09T19:23:03","guid":{"rendered":"http:\/\/teec.org.mx\/web\/?page_id=392"},"modified":"2020-02-14T19:52:33","modified_gmt":"2020-02-14T19:52:33","slug":"tercer-trimestre-2019-ldf","status":"publish","type":"page","link":"https:\/\/teec.org.mx\/web\/tercer-trimestre-2019-ldf\/","title":{"rendered":"Tercer trimestre 2019 ldf"},"content":{"rendered":"\n<h3 class=\"has-text-align-center wp-block-heading\">Tercer trimestre 2019<\/h3>\n\n\n\n<p>&nbsp;<\/p>\n<table class=\" aligncenter\" style=\"width: 70%; border-collapse: collapse;\">\n<tbody>\n<tr style=\"height: 83px;\">\n<td style=\"width: 75.4515%; height: 83px;\"><span style=\"font-size: 14pt;\">Estado de situaci\u00f3n financiera detallado<\/span><\/td>\n<td style=\"width: 11.9047%; height: 83px;\"><a href=\"https:\/\/teec.org.mx\/web\/wp-content\/uploads\/2020\/02\/1.-ESFD-3er-tri-2019.pdf\" target=\"_blank\" rel=\"noopener noreferrer\"><span style=\"font-size: 14pt;\">PDF<\/span><\/a><\/td>\n<td style=\"width: 12.6437%; height: 83px;\"><a href=\"https:\/\/teec.org.mx\/web\/wp-content\/uploads\/2020\/02\/F1_ESF_3092019.xls\"><span style=\"font-size: 14pt;\">Excel<\/span><\/a><\/td>\n<\/tr>\n<tr style=\"height: 23px;\">\n<td style=\"width: 75.4515%; height: 23px;\"><span style=\"font-size: 14pt;\">Informe anal\u00edtico de la deuda p\u00fablica y otros pasivos<\/span><\/td>\n<td style=\"width: 11.9047%; height: 83px;\"><a href=\"https:\/\/teec.org.mx\/web\/wp-content\/uploads\/2020\/02\/2.-IADPOP-3er-tri-2019.pdf\" target=\"_blank\" rel=\"noopener noreferrer\"><span style=\"font-size: 14pt;\">PDF<\/span><\/a><\/td>\n<td style=\"width: 12.6437%; height: 83px;\"><a href=\"https:\/\/teec.org.mx\/web\/wp-content\/uploads\/2020\/02\/F2_IADPOP_3092019.xls\"><span style=\"font-size: 14pt;\">Excel<\/span><\/a><\/td>\n<\/tr>\n<tr style=\"height: 23px;\">\n<td style=\"width: 75.4515%; height: 23px;\"><span style=\"font-size: 14pt;\">Informe anal\u00edtico de obligaciones diferentes de financiamientos&nbsp;<\/span><\/td>\n<td style=\"width: 11.9047%; height: 83px;\"><a href=\"https:\/\/teec.org.mx\/web\/wp-content\/uploads\/2020\/02\/3.-IAODF-3er-tri-2019.pdf\" target=\"_blank\" rel=\"noopener noreferrer\"><span style=\"font-size: 14pt;\">PDF<\/span><\/a><\/td>\n<td style=\"width: 12.6437%; height: 83px;\"><a href=\"https:\/\/teec.org.mx\/web\/wp-content\/uploads\/2020\/02\/F3_IAODF_3092019.xls\"><span style=\"font-size: 14pt;\">Excel<\/span><\/a><\/td>\n<\/tr>\n<tr style=\"height: 23px;\">\n<td style=\"width: 75.4515%; height: 23px;\"><span style=\"font-size: 14pt;\">Balance Presupuestario<\/span><\/td>\n<td style=\"width: 11.9047%; height: 83px;\"><a href=\"https:\/\/teec.org.mx\/web\/wp-content\/uploads\/2020\/02\/4.-BP-3er-tri-2019.pdf\" target=\"_blank\" rel=\"noopener noreferrer\"><span style=\"font-size: 14pt;\">PDF<\/span><\/a><\/td>\n<td style=\"width: 12.6437%; height: 83px;\"><a href=\"https:\/\/teec.org.mx\/web\/wp-content\/uploads\/2020\/02\/F4_BP_3092019.xls\"><span style=\"font-size: 14pt;\">Excel<\/span><\/a><\/td>\n<\/tr>\n<tr style=\"height: 23px;\">\n<td style=\"width: 75.4515%; height: 23px;\"><span style=\"font-size: 14pt;\">Estado anal\u00edtico de ingresos detallado<\/span><\/td>\n<td style=\"width: 11.9047%; height: 83px;\"><a href=\"https:\/\/teec.org.mx\/web\/wp-content\/uploads\/2020\/02\/5.-EAID-3er-tri-2019.pdf\" target=\"_blank\" rel=\"noopener noreferrer\"><span style=\"font-size: 14pt;\">PDF<\/span><\/a><\/td>\n<td style=\"width: 12.6437%; height: 83px;\"><a href=\"https:\/\/teec.org.mx\/web\/wp-content\/uploads\/2020\/02\/F5_EAID_3092019.xls\"><span style=\"font-size: 14pt;\">Excel<\/span><\/a><\/td>\n<\/tr>\n<tr style=\"height: 23px;\">\n<td style=\"width: 75.4515%; height: 23px;\"><span style=\"font-size: 14pt;\">Estado Anal\u00edtico del ejercicio del presupuesto de egresos detallado en su categor\u00eda:<\/span><\/td>\n<td style=\"width: 11.9047%; height: 23px;\">&nbsp;<\/td>\n<td style=\"width: 12.6437%; height: 23px;\">&nbsp;<\/td>\n<\/tr>\n<tr style=\"height: 23px;\">\n<td style=\"width: 75.4515%; height: 23px;\">\n<ul>\n<li><span style=\"font-size: 14pt;\">Clasificaci\u00f3n por objeto del gasto<\/span><\/li>\n<\/ul>\n<\/td>\n<td style=\"width: 11.9047%; height: 83px;\"><a href=\"https:\/\/teec.org.mx\/web\/wp-content\/uploads\/2020\/02\/6.a-EAEPED-COG-3er-tri-2019.pdf\" target=\"_blank\" rel=\"noopener noreferrer\"><span style=\"font-size: 14pt;\">PDF<\/span><\/a><\/td>\n<td style=\"width: 12.6437%; height: 83px;\"><a href=\"https:\/\/teec.org.mx\/web\/wp-content\/uploads\/2020\/02\/F6a_EAEPED_COG_3092019.xls\"><span style=\"font-size: 14pt;\">Excel<\/span><\/a><\/td>\n<\/tr>\n<tr style=\"height: 23px;\">\n<td style=\"width: 75.4515%; height: 23px;\">\n<ul>\n<li><span style=\"font-size: 14pt;\">Clasificaci\u00f3n Administrativa<\/span><\/li>\n<\/ul>\n<\/td>\n<td style=\"width: 11.9047%; height: 83px;\"><a href=\"https:\/\/teec.org.mx\/web\/wp-content\/uploads\/2020\/02\/6.b-EAEPED-CA-3er-tri-2019.pdf\" target=\"_blank\" rel=\"noopener noreferrer\"><span style=\"font-size: 14pt;\">PDF<\/span><\/a><\/td>\n<td style=\"width: 12.6437%; height: 83px;\"><a href=\"https:\/\/teec.org.mx\/web\/wp-content\/uploads\/2020\/02\/F6b_EAEPED_CA_3092019.xls\"><span style=\"font-size: 14pt;\">Excel<\/span><\/a><\/td>\n<\/tr>\n<tr style=\"height: 23px;\">\n<td style=\"width: 75.4515%; height: 23px;\">\n<ul>\n<li><span style=\"font-size: 14pt;\">Clasificaci\u00f3n funcional<\/span><\/li>\n<\/ul>\n<\/td>\n<td style=\"width: 11.9047%; height: 83px;\"><a href=\"https:\/\/teec.org.mx\/web\/wp-content\/uploads\/2020\/02\/6.c-EAEPED-CF-3er-tri-2019.pdf\" target=\"_blank\" rel=\"noopener noreferrer\"><span style=\"font-size: 14pt;\">PDF<\/span><\/a><\/td>\n<td style=\"width: 12.6437%; height: 83px;\"><a href=\"https:\/\/teec.org.mx\/web\/wp-content\/uploads\/2020\/02\/F6c_EAEPED_CF_3092019.xls\"><span style=\"font-size: 14pt;\">Excel<\/span><\/a><\/td>\n<\/tr>\n<tr style=\"height: 23px;\">\n<td style=\"width: 75.4515%; height: 23px;\">\n<ul>\n<li><span style=\"font-size: 14pt;\">Clasificaci\u00f3n de servicios personales por categor\u00eda<\/span><\/li>\n<\/ul>\n<\/td>\n<td style=\"width: 11.9047%; height: 83px;\"><a href=\"https:\/\/teec.org.mx\/web\/wp-content\/uploads\/2020\/02\/6.d-EAEPED-CSPC-3er-tri-2019.pdf\" target=\"_blank\" rel=\"noopener noreferrer\"><span style=\"font-size: 14pt;\">PDF<\/span><\/a><\/td>\n<td style=\"width: 12.6437%; height: 83px;\"><a href=\"https:\/\/teec.org.mx\/web\/wp-content\/uploads\/2020\/02\/F6d_EAEPED_CSP_3092019.xls\"><span style=\"font-size: 14pt;\">Excel<\/span><\/a><\/td>\n<\/tr>\n<\/tbody>\n<\/table>\n<p>&nbsp;<\/p>\n\n\n\n<p><\/p>\n","protected":false},"excerpt":{"rendered":"<p>Tercer trimestre 2019 &nbsp; Estado de situaci\u00f3n financiera detallado PDF Excel Informe anal\u00edtico de la deuda p\u00fablica y otros pasivos PDF Excel Informe anal\u00edtico de obligaciones diferentes de financiamientos&nbsp; PDF Excel Balance Presupuestario PDF Excel Estado anal\u00edtico de ingresos detallado PDF Excel Estado Anal\u00edtico del ejercicio del presupuesto de egresos detallado en su categor\u00eda: &nbsp; [&hellip;]<\/p>\n","protected":false},"author":1,"featured_media":0,"parent":0,"menu_order":0,"comment_status":"closed","ping_status":"closed","template":"","meta":{"footnotes":""},"yst_prominent_words":[268,284,269,279,282,280,283,281],"_links":{"self":[{"href":"https:\/\/teec.org.mx\/web\/wp-json\/wp\/v2\/pages\/392"}],"collection":[{"href":"https:\/\/teec.org.mx\/web\/wp-json\/wp\/v2\/pages"}],"about":[{"href":"https:\/\/teec.org.mx\/web\/wp-json\/wp\/v2\/types\/page"}],"author":[{"embeddable":true,"href":"https:\/\/teec.org.mx\/web\/wp-json\/wp\/v2\/users\/1"}],"replies":[{"embeddable":true,"href":"https:\/\/teec.org.mx\/web\/wp-json\/wp\/v2\/comments?post=392"}],"version-history":[{"count":2,"href":"https:\/\/teec.org.mx\/web\/wp-json\/wp\/v2\/pages\/392\/revisions"}],"predecessor-version":[{"id":1703,"href":"https:\/\/teec.org.mx\/web\/wp-json\/wp\/v2\/pages\/392\/revisions\/1703"}],"wp:attachment":[{"href":"https:\/\/teec.org.mx\/web\/wp-json\/wp\/v2\/media?parent=392"}],"wp:term":[{"taxonomy":"yst_prominent_words","embeddable":true,"href":"https:\/\/teec.org.mx\/web\/wp-json\/wp\/v2\/yst_prominent_words?post=392"}],"curies":[{"name":"wp","href":"https:\/\/api.w.org\/{rel}","templated":true}]}}