{"id":3931,"date":"2020-02-24T11:08:19","date_gmt":"2020-02-24T17:08:19","guid":{"rendered":"https:\/\/teec.org.mx\/web\/?page_id=3931"},"modified":"2020-02-24T11:08:20","modified_gmt":"2020-02-24T17:08:20","slug":"expedientillos-2016","status":"publish","type":"page","link":"https:\/\/teec.org.mx\/web\/expedientillos-2016\/","title":{"rendered":"Expedientillos 2016"},"content":{"rendered":"\n<h3 class=\"has-text-align-center wp-block-heading\">Expedientillos 2016<\/h3>\n\n\n\n<p>&nbsp;<\/p>\n<p style=\"text-align: center;\"><div class=\"supsystic-table-loader spinner\"style=\"background-color:#000000\"><\/div><div id=\"supsystic-table-49_67390\" class=\"supsystic-tables-wrap \" style=\" width:100%; visibility: hidden; \" data-table-width-fixed=\"100%\" data-table-width-mobile=\"100%\" ><div class=\"supsystic-tables-features\"><\/div><table id=\"supsystic-table-49\" class=\"supsystic-table border cell-border\" data-id=\"49\" data-view-id=\"49_67390\" data-title=\"EXP 2016\" data-currency-format=\"$1,000.00\" data-percent-format=\"10.00%\" data-date-format=\"DD.MM.YYYY\" data-time-format=\"HH:mm\" data-features=\"[&quot;after_table_loaded_script&quot;,&quot;import&quot;]\" data-search-value=\"\" data-head-rows-count=\"1\" data-pagination-length=\"50,100,All\" data-auto-index=\"off\" data-searching-settings=\"{&quot;columnSearchPosition&quot;:&quot;bottom&quot;,&quot;minChars&quot;:&quot;0&quot;}\" data-lang=\"default\" data-override=\"{&quot;emptyTable&quot;:&quot;&quot;,&quot;info&quot;:&quot;&quot;,&quot;infoEmpty&quot;:&quot;&quot;,&quot;infoFiltered&quot;:&quot;&quot;,&quot;lengthMenu&quot;:&quot;&quot;,&quot;search&quot;:&quot;&quot;,&quot;zeroRecords&quot;:&quot;&quot;,&quot;exportLabel&quot;:&quot;&quot;,&quot;file&quot;:&quot;default&quot;}\" data-merged=\"[]\" data-responsive-mode=\"0\" data-from-history=\"0\" ><thead><tr><th class=\"\" style=\"width:; padding: 0 !important;\"><\/th><th class=\"\" style=\"width:; padding: 0 !important;\"><\/th><th class=\"\" style=\"width:; padding: 0 !important;\"><\/th><th class=\"\" style=\"width:; padding: 0 !important;\"><\/th><\/tr><\/thead><tbody><tr style=\"height:px\" ><td data-cell-id=\"A1\" data-x=\"0\" data-y=\"1\" data-db-index=\"1\" class=\"bg-d49820 bold color-ffffff fsize-20\" data-cell-type=\"text\" data-original-value=\"Fecha y hora de notificaci\u00f3n\" data-order=\"Fecha y hora de notificaci\u00f3n\" style=\"min-width:18.1065%; \" >Fecha y hora de notificaci\u00f3n <\/td><td data-cell-id=\"B1\" data-x=\"1\" data-y=\"1\" data-db-index=\"1\" class=\"bg-d49820 bold color-ffffff fsize-20\" data-cell-type=\"text\" data-original-value=\"Actor\" data-order=\"Actor\" style=\"min-width:22.8402%; \" >Actor <\/td><td data-cell-id=\"C1\" data-x=\"2\" data-y=\"1\" data-db-index=\"1\" class=\"bg-d49820 bold color-ffffff fsize-20\" data-cell-type=\"text\" data-original-value=\"Autoridad responsable\" data-order=\"Autoridad responsable\" style=\"min-width:30.4142%; \" >Autoridad responsable <\/td><td data-cell-id=\"D1\" data-x=\"3\" data-y=\"1\" data-db-index=\"1\" class=\"bg-d49820 bold color-ffffff fsize-20\" data-cell-type=\"text\" data-original-value=\"Archivo\" data-order=\"Archivo\" style=\"min-width:28.6391%; \" >Archivo <\/td><\/tr><tr style=\"height:px\" ><td data-cell-id=\"A2\" data-x=\"0\" data-y=\"2\" data-db-index=\"2\" class=\"fsize-18\" data-cell-type=\"text\" data-original-value=\"11 de agosto de 2016, a las 12:30 horas\" data-order=\"11 de agosto de 2016, a las 12:30 horas\" >11 de agosto de 2016, a las 12:30 horas <\/td><td data-cell-id=\"B2\" data-x=\"1\" data-y=\"2\" data-db-index=\"2\" class=\"fsize-18\" data-cell-type=\"text\" data-original-value=\"Ciudadano Arturo Aguilar Ram\u00edrez\" data-order=\"Ciudadano Arturo Aguilar Ram\u00edrez\" >Ciudadano Arturo Aguilar Ram\u00edrez <\/td><td data-cell-id=\"C2\" data-x=\"2\" data-y=\"2\" data-db-index=\"2\" class=\"fsize-18\" data-cell-type=\"text\" data-original-value=\"Comisi\u00f3n Estatal Organizadora para la Elecci\u00f3n de Presidencia, Secretar\u00eda General y Siete Miembros del Comit\u00e9 Directivo Estatal del Partido Acci\u00f3n Nacional en Campeche\" data-order=\"Comisi\u00f3n Estatal Organizadora para la Elecci\u00f3n de Presidencia, Secretar\u00eda General y Siete Miembros del Comit\u00e9 Directivo Estatal del Partido Acci\u00f3n Nacional en Campeche\" >Comisi\u00f3n Estatal Organizadora para la Elecci\u00f3n de Presidencia, Secretar\u00eda General y Siete Miembros del Comit\u00e9 Directivo Estatal del Partido Acci\u00f3n Nacional en Campeche <\/td><td data-cell-id=\"D2\" data-x=\"3\" data-y=\"2\" data-db-index=\"2\" class=\"fsize-18\" data-cell-type=\"text\" data-original-value=\"&lt;a href=&quot;https:\/\/teec.org.mx\/web\/wp-content\/uploads\/2020\/02\/TEEC-EXPEDIENTILLO-03-2016-11-08-2016.pdf&quot; target=&quot;_blank&quot;&gt;TEEC\/EXPEDIENTILLO\/03\/2016&lt;\/a&gt;\" data-order=\"&lt;a href=&quot;https:\/\/teec.org.mx\/web\/wp-content\/uploads\/2020\/02\/TEEC-EXPEDIENTILLO-03-2016-11-08-2016.pdf&quot; target=&quot;_blank&quot;&gt;TEEC\/EXPEDIENTILLO\/03\/2016&lt;\/a&gt;\" ><a href=\"https:\/\/teec.org.mx\/web\/wp-content\/uploads\/2020\/02\/TEEC-EXPEDIENTILLO-03-2016-11-08-2016.pdf\" target=\"_blank\">TEEC\/EXPEDIENTILLO\/03\/2016<\/a><\/td><\/tr><\/tbody><\/table><!-- \/#supsystic-table-49.supsystic-table --><div class=\"stbConditionsData\" ><\/div><\/div><!-- \/.supsystic-tables-wrap --><!-- Tables Generator by Supsystic --><!-- Version:1.10.47 --><!-- http:\/\/supsystic.com\/ --><a title=\"WordPress Responsive Table\" style=\"display:none;\" href=\"https:\/\/supsystic.com\/plugins\/wordpress-data-table-plugin\/?utm_medium=love_link\" target=\"_blank\">WordPress Responsive Table<\/a><\/p>\n<p>&nbsp;<\/p>\n\n\n\n<p><\/p>\n","protected":false},"excerpt":{"rendered":"<p>Expedientillos 2016 &nbsp; &nbsp;<\/p>\n","protected":false},"author":1,"featured_media":0,"parent":0,"menu_order":0,"comment_status":"closed","ping_status":"closed","template":"","meta":{"footnotes":""},"yst_prominent_words":[],"_links":{"self":[{"href":"https:\/\/teec.org.mx\/web\/wp-json\/wp\/v2\/pages\/3931"}],"collection":[{"href":"https:\/\/teec.org.mx\/web\/wp-json\/wp\/v2\/pages"}],"about":[{"href":"https:\/\/teec.org.mx\/web\/wp-json\/wp\/v2\/types\/page"}],"author":[{"embeddable":true,"href":"https:\/\/teec.org.mx\/web\/wp-json\/wp\/v2\/users\/1"}],"replies":[{"embeddable":true,"href":"https:\/\/teec.org.mx\/web\/wp-json\/wp\/v2\/comments?post=3931"}],"version-history":[{"count":1,"href":"https:\/\/teec.org.mx\/web\/wp-json\/wp\/v2\/pages\/3931\/revisions"}],"predecessor-version":[{"id":3932,"href":"https:\/\/teec.org.mx\/web\/wp-json\/wp\/v2\/pages\/3931\/revisions\/3932"}],"wp:attachment":[{"href":"https:\/\/teec.org.mx\/web\/wp-json\/wp\/v2\/media?parent=3931"}],"wp:term":[{"taxonomy":"yst_prominent_words","embeddable":true,"href":"https:\/\/teec.org.mx\/web\/wp-json\/wp\/v2\/yst_prominent_words?post=3931"}],"curies":[{"name":"wp","href":"https:\/\/api.w.org\/{rel}","templated":true}]}}