{"id":3934,"date":"2020-02-24T11:11:17","date_gmt":"2020-02-24T17:11:17","guid":{"rendered":"https:\/\/teec.org.mx\/web\/?page_id=3934"},"modified":"2020-02-24T11:11:18","modified_gmt":"2020-02-24T17:11:18","slug":"rap-2016","status":"publish","type":"page","link":"https:\/\/teec.org.mx\/web\/rap-2016\/","title":{"rendered":"RAP 2016"},"content":{"rendered":"\n<h3 class=\"has-text-align-center wp-block-heading\">Recursos de apelaci\u00f3n 2016<\/h3>\n\n\n\n<p>&nbsp;<\/p>\n<p style=\"text-align: center;\"><div class=\"supsystic-table-loader la-ball-beat la-2x\" style=\"color:#000000\"><div><\/div><div><\/div><div><\/div><\/div><div id=\"supsystic-table-50_52335\" class=\"supsystic-tables-wrap pagination-large\" style=\" width:100%; visibility: hidden; \" data-table-width-fixed=\"100%\" data-table-width-mobile=\"100%\" ><div class=\"supsystic-tables-features\"><\/div><table id=\"supsystic-table-50\" class=\"supsystic-table border cell-border\" data-id=\"50\" data-view-id=\"50_52335\" data-title=\"RAP 2016\" data-currency-format=\"$1,000.00\" data-percent-format=\"10.00%\" data-date-format=\"DD.MM.YYYY\" data-time-format=\"HH:mm\" data-features=\"[&quot;info&quot;,&quot;paging&quot;,&quot;after_table_loaded_script&quot;,&quot;import&quot;]\" data-search-value=\"\" data-head=\"on\" data-head-rows-count=\"1\" data-pagination-length=\"10,25,50,100,All\" data-auto-index=\"off\" data-searching-settings=\"{&quot;columnSearchPosition&quot;:&quot;bottom&quot;,&quot;minChars&quot;:&quot;0&quot;}\" data-lang=\"Spanish\" data-override=\"{&quot;emptyTable&quot;:&quot;&quot;,&quot;info&quot;:&quot;&quot;,&quot;infoEmpty&quot;:&quot;&quot;,&quot;infoFiltered&quot;:&quot;&quot;,&quot;lengthMenu&quot;:&quot;&quot;,&quot;search&quot;:&quot;&quot;,&quot;zeroRecords&quot;:&quot;&quot;,&quot;exportLabel&quot;:&quot;&quot;,&quot;file&quot;:&quot;Spanish&quot;}\" data-merged=\"[]\" data-responsive-mode=\"0\" data-from-history=\"0\" ><thead><tr><th data-cell-id=\"A1\" data-x=\"0\" data-y=\"1\" data-db-index=\"1\" class=\"bg-d49820 bold color-ffffff fsize-20\" data-cell-type=\"text\" data-original-value=\"Fecha y hora de notificaci\u00f3n \" data-order=\"Fecha y hora de notificaci\u00f3n \" style=\"min-width:19.8953%; \" >Fecha y hora de notificaci\u00f3n <\/th><th data-cell-id=\"B1\" data-x=\"1\" data-y=\"1\" data-db-index=\"1\" class=\"bg-d49820 bold color-ffffff fsize-20\" data-cell-type=\"text\" data-original-value=\"Actor\" data-order=\"Actor\" style=\"min-width:29.4241%; \" >Actor <\/th><th data-cell-id=\"C1\" data-x=\"2\" data-y=\"1\" data-db-index=\"1\" class=\"bg-d49820 bold color-ffffff fsize-20\" data-cell-type=\"text\" data-original-value=\"Autoridad responsable\" data-order=\"Autoridad responsable\" style=\"min-width:24.2932%; \" >Autoridad responsable <\/th><th data-cell-id=\"D1\" data-x=\"3\" data-y=\"1\" data-db-index=\"1\" class=\"bg-d49820 bold color-ffffff fsize-20\" data-cell-type=\"text\" data-original-value=\"Archivo\" data-order=\"Archivo\" style=\"min-width:26.3874%; \" >Archivo <\/th><\/tr><\/thead><tbody><tr style=\"height:px\" ><td data-cell-id=\"A2\" data-x=\"0\" data-y=\"2\" data-db-index=\"2\" class=\"fsize-18\" data-cell-type=\"text\" data-original-value=\"19 se septiembre de 2016, a las 14:00 horas\" data-order=\"19 se septiembre de 2016, a las 14:00 horas\" >19 se septiembre de 2016, a las 14:00 horas <\/td><td data-cell-id=\"B2\" data-x=\"1\" data-y=\"2\" data-db-index=\"2\" class=\"fsize-18\" data-cell-type=\"text\" data-original-value=\"Ciudadano Jos\u00e9 Luis Flores Pacheco, en su car\u00e1cter de Representante Propietario De Movimiento De Regeneraci\u00f3n Nacional\" data-order=\"Ciudadano Jos\u00e9 Luis Flores Pacheco, en su car\u00e1cter de Representante Propietario De Movimiento De Regeneraci\u00f3n Nacional\" >Ciudadano Jos\u00e9 Luis Flores Pacheco, en su car\u00e1cter de Representante Propietario De Movimiento De Regeneraci\u00f3n Nacional <\/td><td data-cell-id=\"C2\" data-x=\"2\" data-y=\"2\" data-db-index=\"2\" class=\"color-000000 fsize-18\" data-cell-type=\"text\" data-original-value=\"Consejo General del Instituto Electoral del Estado de Campeche\" data-order=\"Consejo General del Instituto Electoral del Estado de Campeche\" >Consejo General del Instituto Electoral del Estado de Campeche <\/td><td data-cell-id=\"D2\" data-x=\"3\" data-y=\"2\" data-db-index=\"2\" class=\"fsize-18\" data-cell-type=\"text\" data-original-value=\"&lt;a href=&quot;https:\/\/teec.org.mx\/web\/wp-content\/uploads\/2020\/02\/TEEC-RAP-02-2016-19-09-2016.pdf&quot; target=&quot;_blank&quot;&gt;TEEC\/RAP\/02\/2016&lt;\/a&gt;\" data-order=\"&lt;a href=&quot;https:\/\/teec.org.mx\/web\/wp-content\/uploads\/2020\/02\/TEEC-RAP-02-2016-19-09-2016.pdf&quot; target=&quot;_blank&quot;&gt;TEEC\/RAP\/02\/2016&lt;\/a&gt;\" ><a href=\"https:\/\/teec.org.mx\/web\/wp-content\/uploads\/2020\/02\/TEEC-RAP-02-2016-19-09-2016.pdf\" target=\"_blank\">TEEC\/RAP\/02\/2016<\/a><\/td><\/tr><tr style=\"height:px\" ><td data-cell-id=\"A3\" data-x=\"0\" data-y=\"3\" data-db-index=\"3\" class=\"fsize-18\" data-cell-type=\"text\" data-original-value=\"12 de agosto de 2016, a las 17:10 horas\" data-order=\"12 de agosto de 2016, a las 17:10 horas\" >12 de agosto de 2016, a las 17:10 horas <\/td><td data-cell-id=\"B3\" data-x=\"1\" data-y=\"3\" data-db-index=\"3\" class=\"fsize-18\" data-cell-type=\"text\" data-original-value=\"Ciudadano Jos\u00e9 Luis Flores Pacheco, en su car\u00e1cter de Representante Propietario de Movimiento de Regeneraci\u00f3n Nacional\" data-order=\"Ciudadano Jos\u00e9 Luis Flores Pacheco, en su car\u00e1cter de Representante Propietario de Movimiento de Regeneraci\u00f3n Nacional\" >Ciudadano Jos\u00e9 Luis Flores Pacheco, en su car\u00e1cter de Representante Propietario de Movimiento de Regeneraci\u00f3n Nacional <\/td><td data-cell-id=\"C3\" data-x=\"2\" data-y=\"3\" data-db-index=\"3\" class=\"fsize-18\" data-cell-type=\"text\" data-original-value=\"\" data-order=\"\" ><\/td><td data-cell-id=\"D3\" data-x=\"3\" data-y=\"3\" data-db-index=\"3\" class=\"fsize-18\" data-cell-type=\"text\" data-original-value=\"&lt;a href=&quot;https:\/\/teec.org.mx\/web\/wp-content\/uploads\/2020\/02\/TEEC-RAP-02-2016-Xalapa-12-08-2016.pdf&quot; target=&quot;_blank&quot;&gt;TEEC\/RAP\/02\/2016 (Xalapa)&lt;\/a&gt;\" data-order=\"&lt;a href=&quot;https:\/\/teec.org.mx\/web\/wp-content\/uploads\/2020\/02\/TEEC-RAP-02-2016-Xalapa-12-08-2016.pdf&quot; target=&quot;_blank&quot;&gt;TEEC\/RAP\/02\/2016 (Xalapa)&lt;\/a&gt;\" ><a href=\"https:\/\/teec.org.mx\/web\/wp-content\/uploads\/2020\/02\/TEEC-RAP-02-2016-Xalapa-12-08-2016.pdf\" target=\"_blank\">TEEC\/RAP\/02\/2016 (Xalapa)<\/a><\/td><\/tr><tr style=\"height:px\" ><td data-cell-id=\"A4\" data-x=\"0\" data-y=\"4\" data-db-index=\"4\" class=\"fsize-18\" data-cell-type=\"text\" data-original-value=\"19 de julio de 2016, a las 12:15 horas\" data-order=\"19 de julio de 2016, a las 12:15 horas\" >19 de julio de 2016, a las 12:15 horas <\/td><td data-cell-id=\"B4\" data-x=\"1\" data-y=\"4\" data-db-index=\"4\" class=\"fsize-18\" data-cell-type=\"text\" data-original-value=\"Ciudadano Jos\u00e9 Luis Flores Pacheco\" data-order=\"Ciudadano Jos\u00e9 Luis Flores Pacheco\" >Ciudadano Jos\u00e9 Luis Flores Pacheco <\/td><td data-cell-id=\"C4\" data-x=\"2\" data-y=\"4\" data-db-index=\"4\" class=\"fsize-18\" data-cell-type=\"text\" data-original-value=\"\" data-order=\"\" ><\/td><td data-cell-id=\"D4\" data-x=\"3\" data-y=\"4\" data-db-index=\"4\" class=\"fsize-18\" data-cell-type=\"text\" data-original-value=\"&lt;a href=&quot;https:\/\/teec.org.mx\/web\/wp-content\/uploads\/2020\/02\/TEEC-RAP-02-16-19-07-2016.pdf&quot; target=&quot;_blank&quot;&gt;TEEC\/RAP\/02\/2016&lt;\/a&gt;\" data-order=\"&lt;a href=&quot;https:\/\/teec.org.mx\/web\/wp-content\/uploads\/2020\/02\/TEEC-RAP-02-16-19-07-2016.pdf&quot; target=&quot;_blank&quot;&gt;TEEC\/RAP\/02\/2016&lt;\/a&gt;\" ><a href=\"https:\/\/teec.org.mx\/web\/wp-content\/uploads\/2020\/02\/TEEC-RAP-02-16-19-07-2016.pdf\" target=\"_blank\">TEEC\/RAP\/02\/2016<\/a><\/td><\/tr><tr style=\"height:px\" ><td data-cell-id=\"A5\" data-x=\"0\" data-y=\"5\" data-db-index=\"5\" class=\"fsize-18\" data-cell-type=\"text\" data-original-value=\"12 de julio de 2016, a las 13:15 horas\" data-order=\"12 de julio de 2016, a las 13:15 horas\" >12 de julio de 2016, a las 13:15 horas <\/td><td data-cell-id=\"B5\" data-x=\"1\" data-y=\"5\" data-db-index=\"5\" class=\"fsize-18\" data-cell-type=\"text\" data-original-value=\"Ciudadano Jos\u00e9 Luis Flores Pacheco\" data-order=\"Ciudadano Jos\u00e9 Luis Flores Pacheco\" >Ciudadano Jos\u00e9 Luis Flores Pacheco <\/td><td data-cell-id=\"C5\" data-x=\"2\" data-y=\"5\" data-db-index=\"5\" class=\"fsize-18\" data-cell-type=\"text\" data-original-value=\"Consejo General del Instituto Electoral del Estado de Campeche\" data-order=\"Consejo General del Instituto Electoral del Estado de Campeche\" >Consejo General del Instituto Electoral del Estado de Campeche <\/td><td data-cell-id=\"D5\" data-x=\"3\" data-y=\"5\" data-db-index=\"5\" class=\"fsize-18\" data-cell-type=\"text\" data-original-value=\"&lt;a href=&quot;https:\/\/teec.org.mx\/web\/wp-content\/uploads\/2020\/02\/TEEC-RAP-02-2016-Sentencia-12-07-2016.pdf&quot; target=&quot;_blank&quot;&gt;TEEC\/RAP\/02\/2016 - Sentencia&lt;\/a&gt;\" data-order=\"&lt;a href=&quot;https:\/\/teec.org.mx\/web\/wp-content\/uploads\/2020\/02\/TEEC-RAP-02-2016-Sentencia-12-07-2016.pdf&quot; target=&quot;_blank&quot;&gt;TEEC\/RAP\/02\/2016 - Sentencia&lt;\/a&gt;\" ><a href=\"https:\/\/teec.org.mx\/web\/wp-content\/uploads\/2020\/02\/TEEC-RAP-02-2016-Sentencia-12-07-2016.pdf\" target=\"_blank\">TEEC\/RAP\/02\/2016 - Sentencia<\/a><\/td><\/tr><tr style=\"height:px\" ><td data-cell-id=\"A6\" data-x=\"0\" data-y=\"6\" data-db-index=\"6\" class=\"fsize-18\" data-cell-type=\"text\" data-original-value=\"11 de julio de 2016, a las 09:30 horas\" data-order=\"11 de julio de 2016, a las 09:30 horas\" >11 de julio de 2016, a las 09:30 horas <\/td><td data-cell-id=\"B6\" data-x=\"1\" data-y=\"6\" data-db-index=\"6\" class=\"fsize-18\" data-cell-type=\"text\" data-original-value=\"Ciudadano Jos\u00e9 Luis Flores Pacheco\" data-order=\"Ciudadano Jos\u00e9 Luis Flores Pacheco\" >Ciudadano Jos\u00e9 Luis Flores Pacheco <\/td><td data-cell-id=\"C6\" data-x=\"2\" data-y=\"6\" data-db-index=\"6\" class=\"fsize-18\" data-cell-type=\"text\" data-original-value=\"Consejo General del Instituto Electoral del Estado de Campeche\" data-order=\"Consejo General del Instituto Electoral del Estado de Campeche\" >Consejo General del Instituto Electoral del Estado de Campeche <\/td><td data-cell-id=\"D6\" data-x=\"3\" data-y=\"6\" data-db-index=\"6\" class=\"fsize-18\" data-cell-type=\"text\" data-original-value=\"&lt;a href=&quot;https:\/\/teec.org.mx\/web\/wp-content\/uploads\/2020\/02\/TEEC-RAP-02-2016-11-07-2016.pdf&quot; target=&quot;_blank&quot;&gt;TEEC\/RAP\/02\/2016&lt;\/a&gt;\" data-order=\"&lt;a href=&quot;https:\/\/teec.org.mx\/web\/wp-content\/uploads\/2020\/02\/TEEC-RAP-02-2016-11-07-2016.pdf&quot; target=&quot;_blank&quot;&gt;TEEC\/RAP\/02\/2016&lt;\/a&gt;\" ><a href=\"https:\/\/teec.org.mx\/web\/wp-content\/uploads\/2020\/02\/TEEC-RAP-02-2016-11-07-2016.pdf\" target=\"_blank\">TEEC\/RAP\/02\/2016<\/a><\/td><\/tr><tr style=\"height:px\" ><td data-cell-id=\"A7\" data-x=\"0\" data-y=\"7\" data-db-index=\"7\" class=\"fsize-18\" data-cell-type=\"text\" data-original-value=\"28 de junio de 2016, a las 15:00 horas\" data-order=\"28 de junio de 2016, a las 15:00 horas\" >28 de junio de 2016, a las 15:00 horas <\/td><td data-cell-id=\"B7\" data-x=\"1\" data-y=\"7\" data-db-index=\"7\" class=\"fsize-18\" data-cell-type=\"text\" data-original-value=\"Ciudadano Jos\u00e9 Luis Flores Pacheco\" data-order=\"Ciudadano Jos\u00e9 Luis Flores Pacheco\" >Ciudadano Jos\u00e9 Luis Flores Pacheco <\/td><td data-cell-id=\"C7\" data-x=\"2\" data-y=\"7\" data-db-index=\"7\" class=\"fsize-18\" data-cell-type=\"text\" data-original-value=\"Consejo General del Instituto Electoral del Estado de Campeche\" data-order=\"Consejo General del Instituto Electoral del Estado de Campeche\" >Consejo General del Instituto Electoral del Estado de Campeche <\/td><td data-cell-id=\"D7\" data-x=\"3\" data-y=\"7\" data-db-index=\"7\" class=\"fsize-18\" data-cell-type=\"text\" data-original-value=\"&lt;a href=&quot;https:\/\/teec.org.mx\/web\/wp-content\/uploads\/2020\/03\/TEEC-RAP-02-2016-28-06-16.pdf&quot; target=&quot;_blank&quot;&gt;TEEC\/RAP\/02\/2016&lt;\/a&gt;\" data-order=\"&lt;a href=&quot;https:\/\/teec.org.mx\/web\/wp-content\/uploads\/2020\/03\/TEEC-RAP-02-2016-28-06-16.pdf&quot; target=&quot;_blank&quot;&gt;TEEC\/RAP\/02\/2016&lt;\/a&gt;\" ><a href=\"https:\/\/teec.org.mx\/web\/wp-content\/uploads\/2020\/03\/TEEC-RAP-02-2016-28-06-16.pdf\" target=\"_blank\">TEEC\/RAP\/02\/2016<\/a><\/td><\/tr><tr style=\"height:px\" ><td data-cell-id=\"A8\" data-x=\"0\" data-y=\"8\" data-db-index=\"8\" class=\"fsize-18\" data-cell-type=\"text\" data-original-value=\"24 de junio de 2016, a las 14:15 horas\" data-order=\"24 de junio de 2016, a las 14:15 horas\" >24 de junio de 2016, a las 14:15 horas <\/td><td data-cell-id=\"B8\" data-x=\"1\" data-y=\"8\" data-db-index=\"8\" class=\"fsize-18\" data-cell-type=\"text\" data-original-value=\"Ciudadano Jos\u00e9 Luis Flores Pacheco\" data-order=\"Ciudadano Jos\u00e9 Luis Flores Pacheco\" >Ciudadano Jos\u00e9 Luis Flores Pacheco <\/td><td data-cell-id=\"C8\" data-x=\"2\" data-y=\"8\" data-db-index=\"8\" class=\"fsize-18\" data-cell-type=\"text\" data-original-value=\"Consejo General del Instituto Electoral del Estado de Campeche\" data-order=\"Consejo General del Instituto Electoral del Estado de Campeche\" >Consejo General del Instituto Electoral del Estado de Campeche <\/td><td data-cell-id=\"D8\" data-x=\"3\" data-y=\"8\" data-db-index=\"8\" class=\"fsize-18\" data-cell-type=\"text\" data-original-value=\"&lt;a href=&quot;https:\/\/teec.org.mx\/web\/wp-content\/uploads\/2020\/02\/TEEC-RAP-02-2016-24-06-2016.pdf&quot; target=&quot;_blank&quot;&gt;TEEC\/RAP\/02\/16&lt;\/a&gt;\" data-order=\"&lt;a href=&quot;https:\/\/teec.org.mx\/web\/wp-content\/uploads\/2020\/02\/TEEC-RAP-02-2016-24-06-2016.pdf&quot; target=&quot;_blank&quot;&gt;TEEC\/RAP\/02\/16&lt;\/a&gt;\" ><a href=\"https:\/\/teec.org.mx\/web\/wp-content\/uploads\/2020\/02\/TEEC-RAP-02-2016-24-06-2016.pdf\" target=\"_blank\">TEEC\/RAP\/02\/16<\/a><\/td><\/tr><tr style=\"height:px\" ><td data-cell-id=\"A9\" data-x=\"0\" data-y=\"9\" data-db-index=\"9\" class=\"fsize-18\" data-cell-type=\"text\" data-original-value=\"17 de junio, a las 13:20 horas\" data-order=\"17 de junio, a las 13:20 horas\" >17 de junio, a las 13:20 horas <\/td><td data-cell-id=\"B9\" data-x=\"1\" data-y=\"9\" data-db-index=\"9\" class=\"fsize-18\" data-cell-type=\"text\" data-original-value=\"Ciudadano Jos\u00e9 Luis Flores Pacheco\" data-order=\"Ciudadano Jos\u00e9 Luis Flores Pacheco\" >Ciudadano Jos\u00e9 Luis Flores Pacheco <\/td><td data-cell-id=\"C9\" data-x=\"2\" data-y=\"9\" data-db-index=\"9\" class=\"fsize-18\" data-cell-type=\"text\" data-original-value=\"Consejo General del Instituto Electoral del Estado de Campeche\" data-order=\"Consejo General del Instituto Electoral del Estado de Campeche\" >Consejo General del Instituto Electoral del Estado de Campeche <\/td><td data-cell-id=\"D9\" data-x=\"3\" data-y=\"9\" data-db-index=\"9\" class=\"fsize-18\" data-cell-type=\"text\" data-original-value=\"&lt;a href=&quot;https:\/\/teec.org.mx\/web\/wp-content\/uploads\/2020\/02\/Exp.-TEEC-RAP-02-16-17-06-2016.pdf&quot; target=&quot;_blank&quot;&gt;TEEC\/RAP\/02\/2016&lt;\/a&gt;\" data-order=\"&lt;a href=&quot;https:\/\/teec.org.mx\/web\/wp-content\/uploads\/2020\/02\/Exp.-TEEC-RAP-02-16-17-06-2016.pdf&quot; target=&quot;_blank&quot;&gt;TEEC\/RAP\/02\/2016&lt;\/a&gt;\" ><a href=\"https:\/\/teec.org.mx\/web\/wp-content\/uploads\/2020\/02\/Exp.-TEEC-RAP-02-16-17-06-2016.pdf\" target=\"_blank\">TEEC\/RAP\/02\/2016<\/a><\/td><\/tr><\/tbody><\/table><!-- \/#supsystic-table-50.supsystic-table --><div class=\"stbConditionsData\" ><\/div><\/div><!-- \/.supsystic-tables-wrap --><!-- Tables Generator by Supsystic --><!-- Version:1.10.47 --><!-- http:\/\/supsystic.com\/ --><a title=\"WordPress Responsive Table\" style=\"display:none;\" href=\"https:\/\/supsystic.com\/plugins\/wordpress-data-table-plugin\/?utm_medium=love_link\" target=\"_blank\">WordPress Responsive Table<\/a><\/p>\n<p>&nbsp;<\/p>\n","protected":false},"excerpt":{"rendered":"<p>Recursos de apelaci\u00f3n 2016 &nbsp; &nbsp;<\/p>\n","protected":false},"author":1,"featured_media":0,"parent":0,"menu_order":0,"comment_status":"closed","ping_status":"closed","template":"","meta":{"footnotes":""},"yst_prominent_words":[],"_links":{"self":[{"href":"https:\/\/teec.org.mx\/web\/wp-json\/wp\/v2\/pages\/3934"}],"collection":[{"href":"https:\/\/teec.org.mx\/web\/wp-json\/wp\/v2\/pages"}],"about":[{"href":"https:\/\/teec.org.mx\/web\/wp-json\/wp\/v2\/types\/page"}],"author":[{"embeddable":true,"href":"https:\/\/teec.org.mx\/web\/wp-json\/wp\/v2\/users\/1"}],"replies":[{"embeddable":true,"href":"https:\/\/teec.org.mx\/web\/wp-json\/wp\/v2\/comments?post=3934"}],"version-history":[{"count":1,"href":"https:\/\/teec.org.mx\/web\/wp-json\/wp\/v2\/pages\/3934\/revisions"}],"predecessor-version":[{"id":3935,"href":"https:\/\/teec.org.mx\/web\/wp-json\/wp\/v2\/pages\/3934\/revisions\/3935"}],"wp:attachment":[{"href":"https:\/\/teec.org.mx\/web\/wp-json\/wp\/v2\/media?parent=3934"}],"wp:term":[{"taxonomy":"yst_prominent_words","embeddable":true,"href":"https:\/\/teec.org.mx\/web\/wp-json\/wp\/v2\/yst_prominent_words?post=3934"}],"curies":[{"name":"wp","href":"https:\/\/api.w.org\/{rel}","templated":true}]}}