{"id":3941,"date":"2020-02-24T11:42:34","date_gmt":"2020-02-24T17:42:34","guid":{"rendered":"https:\/\/teec.org.mx\/web\/?page_id=3941"},"modified":"2020-02-24T19:33:49","modified_gmt":"2020-02-25T01:33:49","slug":"sentencias-2016","status":"publish","type":"page","link":"https:\/\/teec.org.mx\/web\/sentencias-2016\/","title":{"rendered":"Sentencias 2016"},"content":{"rendered":"\n<h3 style=\"text-align: center;\">Sentencias 2016<\/h3>\n<p>&nbsp;<\/p>\n\n\n\n<div class=\"wp-block-columns is-layout-flex wp-container-core-columns-layout-1 wp-block-columns-is-layout-flex\">\n<div class=\"wp-block-column is-layout-flow wp-block-column-is-layout-flow\" style=\"flex-basis:6%\"><\/div>\n\n\n\n<div class=\"wp-block-column is-layout-flow wp-block-column-is-layout-flow\" style=\"flex-basis:83.38%\">\n<p style=\"text-align: justify;\"><span style=\"font-size: 14pt;\">A partir del 2 de mayo del a\u00f1o en curso, todas las sentencias emitidas por este Tribunal Electoral podr\u00e1n ser consultadas en el apartado de <a href=\"https:\/\/teec.org.mx\/web\/estrados-electronicos-2016\/\"><u>Estrados electr\u00f3nicos.<\/u><\/a><\/span><\/p>\n<p>&nbsp;<\/p>\n<h4 style=\"text-align: center;\">Recurso de Apelaci\u00f3n<\/h4>\n<ol>\n<li><a href=\"https:\/\/teec.org.mx\/web\/wp-content\/uploads\/2020\/02\/TEEC-RAP-01-2016-14-03-2016.pdf\" target=\"_blank\" rel=\"noopener noreferrer\"><span style=\"font-size: 14pt;\"><u>TEEC\/RAP\/01\/2016<\/u><\/span><\/a><\/li>\n<\/ol>\n<p>&nbsp;<\/p>\n<h4 style=\"text-align: center;\">Juicio para la Protecci\u00f3n de los Derechos Pol\u00edtico \u2013 Electorales del Ciudadano Campechano<\/h4>\n<ol>\n<li><a href=\"https:\/\/teec.org.mx\/web\/wp-content\/uploads\/2020\/02\/TEEC-JDC-02-2016-acum.-TEC-JDC-03-2016-Sentencia-24-02-2016.pdf\" target=\"_blank\" rel=\"noopener noreferrer\"><span style=\"font-size: 14pt;\"><u>TEEC\/JDC\/02\/2016 y su acumulado TEEC\/JDC\/03\/2016<\/u><\/span><\/a><\/li>\n<li><a href=\"https:\/\/teec.org.mx\/web\/wp-content\/uploads\/2020\/02\/TEEC-JDC-04-2016-acum.-TEEC-JDC-05-06-2016-Sentencia-12-03-2016.pdf\" target=\"_blank\" rel=\"noopener noreferrer\"><span style=\"font-size: 14pt;\"><u>TEEC\/JDC\/04\/2016 y sus acumulados<\/u><\/span><span style=\"font-size: 14pt;\"><u> TEEC\/JDC\/05\/2016, TEEC\/JDC\/06\/2016<\/u><\/span><\/a><\/li>\n<li><a href=\"https:\/\/teec.org.mx\/web\/wp-content\/uploads\/2020\/02\/TEEC-JDC-07-2016-Sentencia-12-03-2016.pdf\" target=\"_blank\" rel=\"noopener noreferrer\"><span style=\"font-size: 14pt;\"><u>TEEC\/JDC\/07\/2016<\/u><\/span><\/a><\/li>\n<li><a href=\"https:\/\/teec.org.mx\/web\/wp-content\/uploads\/2020\/02\/TEEC-JDC-08-2016-Sentencia-12-03-2016.pdf\" target=\"_blank\" rel=\"noopener noreferrer\"><span style=\"font-size: 14pt;\"><u>TEEC\/JDC\/08\/2016<\/u><\/span><\/a><\/li>\n<li><a href=\"https:\/\/teec.org.mx\/web\/wp-content\/uploads\/2020\/02\/TEEC-JDC-09-2016-Sentencia-08-04-2016.pdf\" target=\"_blank\" rel=\"noopener noreferrer\"><span style=\"font-size: 14pt;\"><u>TEEC\/JDC\/09\/2016<\/u><\/span><\/a><\/li>\n<\/ol>\n<p>&nbsp;<\/p>\n<h4 style=\"text-align: center;\">Expedientillos<\/h4>\n<ol>\n<li><a href=\"https:\/\/teec.org.mx\/web\/wp-content\/uploads\/2020\/02\/TEEC-EXPEDIENTILLO-01-2016-01-03-2016.pdf\" target=\"_blank\" rel=\"noopener noreferrer\"><span style=\"font-size: 14pt;\"><u>TEEC\/EXPEDIENTILLO\/01\/2016<\/u><\/span><\/a><\/li>\n<li><a href=\"https:\/\/teec.org.mx\/web\/wp-content\/uploads\/2020\/02\/TEEC-EXPEDIENTILLO-02-2016-09-03-2016.pdf\" target=\"_blank\" rel=\"noopener noreferrer\"><span style=\"font-size: 14pt;\"><u>TEEC\/EXPEDIENTILLO\/02\/2016<\/u><\/span><\/a><\/li>\n<\/ol>\n<p>&nbsp;<\/p>\n<\/div>\n\n\n\n<div class=\"wp-block-column is-layout-flow wp-block-column-is-layout-flow\" style=\"flex-basis:10.63%\"><\/div>\n<\/div>\n","protected":false},"excerpt":{"rendered":"<p>Sentencias 2016 &nbsp; A partir del 2 de mayo del a\u00f1o en curso, todas las sentencias emitidas por este Tribunal Electoral podr\u00e1n ser consultadas en el apartado de Estrados electr\u00f3nicos. &nbsp; Recurso de Apelaci\u00f3n TEEC\/RAP\/01\/2016 &nbsp; Juicio para la Protecci\u00f3n de los Derechos Pol\u00edtico \u2013 Electorales del Ciudadano Campechano TEEC\/JDC\/02\/2016 y su acumulado TEEC\/JDC\/03\/2016 TEEC\/JDC\/04\/2016 [&hellip;]<\/p>\n","protected":false},"author":1,"featured_media":0,"parent":0,"menu_order":0,"comment_status":"closed","ping_status":"closed","template":"","meta":{"footnotes":""},"yst_prominent_words":[232],"_links":{"self":[{"href":"https:\/\/teec.org.mx\/web\/wp-json\/wp\/v2\/pages\/3941"}],"collection":[{"href":"https:\/\/teec.org.mx\/web\/wp-json\/wp\/v2\/pages"}],"about":[{"href":"https:\/\/teec.org.mx\/web\/wp-json\/wp\/v2\/types\/page"}],"author":[{"embeddable":true,"href":"https:\/\/teec.org.mx\/web\/wp-json\/wp\/v2\/users\/1"}],"replies":[{"embeddable":true,"href":"https:\/\/teec.org.mx\/web\/wp-json\/wp\/v2\/comments?post=3941"}],"version-history":[{"count":9,"href":"https:\/\/teec.org.mx\/web\/wp-json\/wp\/v2\/pages\/3941\/revisions"}],"predecessor-version":[{"id":3965,"href":"https:\/\/teec.org.mx\/web\/wp-json\/wp\/v2\/pages\/3941\/revisions\/3965"}],"wp:attachment":[{"href":"https:\/\/teec.org.mx\/web\/wp-json\/wp\/v2\/media?parent=3941"}],"wp:term":[{"taxonomy":"yst_prominent_words","embeddable":true,"href":"https:\/\/teec.org.mx\/web\/wp-json\/wp\/v2\/yst_prominent_words?post=3941"}],"curies":[{"name":"wp","href":"https:\/\/api.w.org\/{rel}","templated":true}]}}