{"id":4167,"date":"2020-02-25T12:07:39","date_gmt":"2020-02-25T18:07:39","guid":{"rendered":"https:\/\/teec.org.mx\/web\/?page_id=4167"},"modified":"2020-02-25T17:45:16","modified_gmt":"2020-02-25T23:45:16","slug":"segundo-trimestre-2015-lgcg","status":"publish","type":"page","link":"https:\/\/teec.org.mx\/web\/segundo-trimestre-2015-lgcg\/","title":{"rendered":"Segundo trimestre 2015 lgcg"},"content":{"rendered":"\n<h3 class=\"has-text-align-center wp-block-heading\">Segundo trimestre 2015<\/h3>\n\n\n\n<p>&nbsp;<\/p>\n<h4><strong>Informaci\u00f3n contable<\/strong><\/h4>\n<ol>\n<li><a href=\"https:\/\/teec.org.mx\/web\/wp-content\/uploads\/2020\/02\/1.-Estado-de-Situacion-Financiera-2do-tri-2015.pdf\" target=\"_blank\" rel=\"noopener noreferrer\"><span style=\"font-size: 14pt;\">Estado de situaci\u00f3n financiera<\/span><\/a><\/li>\n<li><a href=\"https:\/\/teec.org.mx\/web\/wp-content\/uploads\/2020\/02\/2.-Estado-de-Actividades-2do-tri-2015.pdf\" target=\"_blank\" rel=\"noopener noreferrer\"><span style=\"font-size: 14pt;\">Estado de actividades<\/span><\/a><\/li>\n<li><a href=\"https:\/\/teec.org.mx\/web\/wp-content\/uploads\/2020\/02\/3.-Estado-de-Flujos-de-Efectivo-2do-tri-2015.pdf\" target=\"_blank\" rel=\"noopener noreferrer\"><span style=\"font-size: 14pt;\">Estado de flujos de efectivo<\/span><\/a><\/li>\n<li><a href=\"https:\/\/teec.org.mx\/web\/wp-content\/uploads\/2020\/02\/4.-Estado-de-Variaciones-en-la-Hacienda-Publica-2do-tri-2015.pdf\" target=\"_blank\" rel=\"noopener noreferrer\"><span style=\"font-size: 14pt;\">Estado de variaci\u00f3n en la hacienda p\u00fablica<\/span><\/a><\/li>\n<li><a href=\"https:\/\/teec.org.mx\/web\/wp-content\/uploads\/2020\/02\/5.-Estado-de-Cambios-en-la-Situaci\u00f3n-Financiera-2do-tri-2015.pdf\" target=\"_blank\" rel=\"noopener noreferrer\"><span style=\"font-size: 14pt;\">Estado de cambios en la situaci\u00f3n financiera<\/span><\/a><\/li>\n<li><a href=\"https:\/\/teec.org.mx\/web\/wp-content\/uploads\/2020\/02\/6.-Pasivos-Contigentes-2do-tri-2015.pdf\" target=\"_blank\" rel=\"noopener noreferrer\"><span style=\"font-size: 14pt;\">Informe de pasivos contingentes<\/span><\/a><\/li>\n<li><a href=\"https:\/\/teec.org.mx\/web\/wp-content\/uploads\/2020\/02\/7.-Notas-de-Desglose-2do-tri-2015.pdf\" target=\"_blank\" rel=\"noopener noreferrer\"><span style=\"font-size: 14pt;\">Notas a los estados financieros<\/span><\/a><\/li>\n<li><a href=\"https:\/\/teec.org.mx\/web\/wp-content\/uploads\/2020\/02\/8.-Reporte-Analitico-del-Activo-2do-tri-2015.pdf\" target=\"_blank\" rel=\"noopener noreferrer\"><span style=\"font-size: 14pt;\">Estado anal\u00edtico del activo<\/span><\/a><\/li>\n<li><a href=\"https:\/\/teec.org.mx\/web\/wp-content\/uploads\/2020\/02\/9.-Estado-Analitico-de-la-Deuda-y-Otros-Pasivos-2do-tri-2015.pdf\" target=\"_blank\" rel=\"noopener noreferrer\"><span style=\"font-size: 14pt;\">Estado anal\u00edtico de la deuda y otros pasivos<\/span><\/a><\/li>\n<li><a href=\"https:\/\/teec.org.mx\/web\/wp-content\/uploads\/2020\/02\/10.-Intereses-de-la-Deuda-2do-tri-2015.pdf\" target=\"_blank\" rel=\"noopener noreferrer\"><span style=\"font-size: 14pt;\">Intereses de la deuda<\/span><\/a><\/li>\n<li><a href=\"https:\/\/teec.org.mx\/web\/wp-content\/uploads\/2020\/02\/11.-Endeudamiento-Neto-al-2do-tri-2015.pdf\" target=\"_blank\" rel=\"noopener noreferrer\"><span style=\"font-size: 14pt;\">Endeudamiento neto<\/span><\/a><\/li>\n<\/ol>\n<h4><strong>Informaci\u00f3n presupuestaria<\/strong><\/h4>\n<ol>\n<li><a href=\"https:\/\/teec.org.mx\/web\/wp-content\/uploads\/2020\/02\/1.-Estado-Analitico-de-Ingresos-2do-tri-2015.pdf\" target=\"_blank\" rel=\"noopener noreferrer\"><span style=\"font-size: 14pt;\">Estado anal\u00edtico de ingresos<\/span><\/a><\/li>\n<li><span style=\"font-size: 14pt;\">Estado anal\u00edtico del ejercicio del presupuesto de egresos<\/span>\n<ul>\n<li><a href=\"https:\/\/teec.org.mx\/web\/wp-content\/uploads\/2020\/02\/2.-EAEPE-Clasificacion-Administrativa-2do-tri-2015.pdf\" target=\"_blank\" rel=\"noopener noreferrer\"><span style=\"font-size: 14pt;\">Clasificaci\u00f3n administrativa<\/span><\/a><\/li>\n<li><a href=\"https:\/\/teec.org.mx\/web\/wp-content\/uploads\/2020\/02\/3.-EAEPE-Clasificacion-Economica-2do-tri-2015.pdf\" target=\"_blank\" rel=\"noopener noreferrer\"><span style=\"font-size: 14pt;\">Clasificaci\u00f3n econ\u00f3mica<\/span><\/a><\/li>\n<li><a href=\"https:\/\/teec.org.mx\/web\/wp-content\/uploads\/2020\/02\/4.-EAEPE-Objeto-del-Gasto-2do-tri-2015.pdf\" target=\"_blank\" rel=\"noopener noreferrer\"><span style=\"font-size: 14pt;\">Clasificaci\u00f3n por objeto del gasto<\/span><\/a><\/li>\n<li><a href=\"https:\/\/teec.org.mx\/web\/wp-content\/uploads\/2020\/02\/5.-EAEPE-Clasificacion-Funcional-2do-tri-2015.pdf\" target=\"_blank\" rel=\"noopener noreferrer\"><span style=\"font-size: 14pt;\">Clasificaci\u00f3n funcional<\/span><\/a><\/li>\n<\/ul>\n<\/li>\n<li><a href=\"https:\/\/teec.org.mx\/web\/wp-content\/uploads\/2020\/02\/6.-Endeudamiento-Neto-2do-tri-2015.pdf\" target=\"_blank\" rel=\"noopener noreferrer\"><span style=\"font-size: 14pt;\">Endeudamiento neto<\/span><\/a><\/li>\n<li><a href=\"https:\/\/teec.org.mx\/web\/wp-content\/uploads\/2020\/02\/7.-Intereses-de-la-Deuda-2do-tri-2015.pdf\" target=\"_blank\" rel=\"noopener noreferrer\"><span style=\"font-size: 14pt;\">Intereses de la deuda<\/span><\/a><\/li>\n<\/ol>\n<h4><strong>Informaci\u00f3n program\u00e1tica<\/strong><\/h4>\n<ol>\n<li><a href=\"https:\/\/teec.org.mx\/web\/wp-content\/uploads\/2020\/02\/1.-Gasto-por-Categoria-Programatica-2do-tri-2015.pdf\" target=\"_blank\" rel=\"noopener noreferrer\"><span style=\"font-size: 14pt;\">Gasto por categor\u00eda program\u00e1tica<\/span><\/a><\/li>\n<li><a href=\"https:\/\/teec.org.mx\/web\/wp-content\/uploads\/2020\/02\/2.-Programa-y-Proyectos-de-Inversion-2do-tri-2015.pdf\" target=\"_blank\" rel=\"noopener noreferrer\"><span style=\"font-size: 14pt;\">Programa y proyectos de inversi\u00f3n<\/span><\/a><\/li>\n<li><span style=\"font-size: 14pt;\">Indicadores para resultados<\/span>\n<ul>\n<li><a href=\"https:\/\/teec.org.mx\/web\/wp-content\/uploads\/2020\/02\/3.1.-Proporcion-Gasto-Programable-2do-tri-2015.pdf\" target=\"_blank\" rel=\"noopener noreferrer\"><span style=\"font-size: 14pt;\">Proporci\u00f3n gasto programable<\/span><\/a><\/li>\n<li><a href=\"https:\/\/teec.org.mx\/web\/wp-content\/uploads\/2020\/02\/3.2.-Proporcion-Gasto-de-Operacion-corriente-2do-tri-2015.pdf\" target=\"_blank\" rel=\"noopener noreferrer\"><span style=\"font-size: 14pt;\">Proporci\u00f3n gasto de operaci\u00f3n<\/span><\/a><\/li>\n<li><a href=\"https:\/\/teec.org.mx\/web\/wp-content\/uploads\/2020\/02\/3.3.-Proporcion-Gasto-de-Inversion-y-o-Capital-2do-tri-2015.pdf\" target=\"_blank\" rel=\"noopener noreferrer\"><span style=\"font-size: 14pt;\">Proporci\u00f3n gasto de inversi\u00f3n y\/o capital<\/span><\/a><\/li>\n<li><a href=\"https:\/\/teec.org.mx\/web\/wp-content\/uploads\/2020\/02\/3.4.-Servicios-Personales-en-el-Gasto-de-Operacion-2do-tri-2015.pdf\" target=\"_blank\" rel=\"noopener noreferrer\"><span style=\"font-size: 14pt;\">Servicios personales en el gasto de operaci\u00f3n<\/span><\/a><\/li>\n<li><a href=\"https:\/\/teec.org.mx\/web\/wp-content\/uploads\/2020\/02\/3.5.-Proporcion-de-los-Servicios-Personales-2do-tri-2015.pdf\" target=\"_blank\" rel=\"noopener noreferrer\"><span style=\"font-size: 14pt;\">Proporci\u00f3n de los servicios personales<\/span><\/a><\/li>\n<\/ul>\n<\/li>\n<\/ol>\n<p><a href=\"https:\/\/teec.org.mx\/web\/wp-content\/uploads\/2020\/02\/INVENTARIO-ENE-JUN-DE-2015.pdf\" target=\"_blank\" rel=\"noopener noreferrer\"><span style=\"font-size: 14pt;\">Inventario<\/span><\/a><\/p>\n<p>&nbsp;<\/p>\n","protected":false},"excerpt":{"rendered":"<p>Segundo trimestre 2015 &nbsp; Informaci\u00f3n contable Estado de situaci\u00f3n financiera Estado de actividades Estado de flujos de efectivo Estado de variaci\u00f3n en la hacienda p\u00fablica Estado de cambios en la situaci\u00f3n financiera Informe de pasivos contingentes Notas a los estados financieros Estado anal\u00edtico del activo Estado anal\u00edtico de la deuda y otros pasivos Intereses de [&hellip;]<\/p>\n","protected":false},"author":1,"featured_media":0,"parent":0,"menu_order":0,"comment_status":"closed","ping_status":"closed","template":"","meta":{"footnotes":""},"yst_prominent_words":[268,269,273,430,428,198,267,264,178,429,427,276,431,272,275,270,263,266,271,265],"_links":{"self":[{"href":"https:\/\/teec.org.mx\/web\/wp-json\/wp\/v2\/pages\/4167"}],"collection":[{"href":"https:\/\/teec.org.mx\/web\/wp-json\/wp\/v2\/pages"}],"about":[{"href":"https:\/\/teec.org.mx\/web\/wp-json\/wp\/v2\/types\/page"}],"author":[{"embeddable":true,"href":"https:\/\/teec.org.mx\/web\/wp-json\/wp\/v2\/users\/1"}],"replies":[{"embeddable":true,"href":"https:\/\/teec.org.mx\/web\/wp-json\/wp\/v2\/comments?post=4167"}],"version-history":[{"count":4,"href":"https:\/\/teec.org.mx\/web\/wp-json\/wp\/v2\/pages\/4167\/revisions"}],"predecessor-version":[{"id":4308,"href":"https:\/\/teec.org.mx\/web\/wp-json\/wp\/v2\/pages\/4167\/revisions\/4308"}],"wp:attachment":[{"href":"https:\/\/teec.org.mx\/web\/wp-json\/wp\/v2\/media?parent=4167"}],"wp:term":[{"taxonomy":"yst_prominent_words","embeddable":true,"href":"https:\/\/teec.org.mx\/web\/wp-json\/wp\/v2\/yst_prominent_words?post=4167"}],"curies":[{"name":"wp","href":"https:\/\/api.w.org\/{rel}","templated":true}]}}