{"id":4171,"date":"2020-02-25T12:13:51","date_gmt":"2020-02-25T18:13:51","guid":{"rendered":"https:\/\/teec.org.mx\/web\/?page_id=4171"},"modified":"2024-12-03T10:27:56","modified_gmt":"2024-12-03T16:27:56","slug":"cuarto-trimestre-2015-lgcg","status":"publish","type":"page","link":"https:\/\/teec.org.mx\/web\/cuarto-trimestre-2015-lgcg\/","title":{"rendered":"Cuarto trimestre 2015 lgcg"},"content":{"rendered":"\n<p>\u00a0<\/p>\n<p>\u00a0<\/p>\n<p>\u00a0<\/p>\n<h3 style=\"text-align: center;\">Cuarto trimestre 2015<\/h3>\n<p>\u00a0<\/p>\n<h4><strong>Informaci\u00f3n contable<\/strong><\/h4>\n<ol>\n<li><span style=\"font-size: 18pt;\"><a href=\"https:\/\/teec.org.mx\/web\/wp-content\/uploads\/2020\/02\/1.-Estado-de-Situacion-Financiera-4to-tri-2015.pdf\" target=\"_blank\" rel=\"noopener noreferrer\">Estado de situaci\u00f3n financiera<\/a><\/span><\/li>\n<li><span style=\"font-size: 18pt;\"><a href=\"https:\/\/teec.org.mx\/web\/wp-content\/uploads\/2020\/02\/2.-Estado-de-Actividades-4to-tri-2015.pdf\" target=\"_blank\" rel=\"noopener noreferrer\">Estado de actividades<\/a><\/span><\/li>\n<li><span style=\"font-size: 18pt;\"><a href=\"https:\/\/teec.org.mx\/web\/wp-content\/uploads\/2020\/02\/3.-Estado-de-Flujos-de-Efectivo-4to-tri-2015.pdf\" target=\"_blank\" rel=\"noopener noreferrer\">Estado de flujos de efectivo<\/a><\/span><\/li>\n<li><span style=\"font-size: 18pt;\"><a href=\"https:\/\/teec.org.mx\/web\/wp-content\/uploads\/2020\/02\/4.-Estado-de-Variaciones-en-la-Hacienda-Publica-4to-tri-2015.pdf\" target=\"_blank\" rel=\"noopener noreferrer\">Estado de variaci\u00f3n en la hacienda p\u00fablica<\/a><\/span><\/li>\n<li><span style=\"font-size: 18pt;\"><a href=\"https:\/\/teec.org.mx\/web\/wp-content\/uploads\/2020\/02\/5.-Estado-de-Cambios-en-la-Situaci\u00f3n-Financiera-4to-tri-2015.pdf\" target=\"_blank\" rel=\"noopener noreferrer\">Estado de cambios en la situaci\u00f3n financiera<\/a><\/span><\/li>\n<li><span style=\"font-size: 18pt;\"><a href=\"https:\/\/teec.org.mx\/web\/wp-content\/uploads\/2020\/02\/6.-Pasivos-Contingentes-4to-tri-2015.pdf\" target=\"_blank\" rel=\"noopener noreferrer\">Informe de pasivos contingentes<\/a><\/span><\/li>\n<li><span style=\"font-size: 18pt;\"><a href=\"https:\/\/teec.org.mx\/web\/wp-content\/uploads\/2020\/02\/7.-Notas-a-los-Estados-Financieros-4to-tri-2015.pdf\" target=\"_blank\" rel=\"noopener noreferrer\">Notas a los estados financieros<\/a><\/span><\/li>\n<li><span style=\"font-size: 18pt;\"><a href=\"https:\/\/teec.org.mx\/web\/wp-content\/uploads\/2020\/02\/8.-Reporte-Analitico-del-Activo-4to-tri-2015.pdf\" target=\"_blank\" rel=\"noopener noreferrer\">Estado anal\u00edtico del activo<\/a><\/span><\/li>\n<li><span style=\"font-size: 18pt;\"><a href=\"https:\/\/teec.org.mx\/web\/wp-content\/uploads\/2020\/02\/9.-Estado-Analitico-de-la-Deuda-y-Otros-Pasivos-4to-tri-2015.pdf\" target=\"_blank\" rel=\"noopener noreferrer\">Estado anal\u00edtico de la deuda y otros pasivos<\/a><\/span><\/li>\n<li><span style=\"font-size: 18pt;\"><a href=\"https:\/\/teec.org.mx\/web\/wp-content\/uploads\/2020\/02\/10.-Intereses-de-la-Deuda-4to-tri-2015.pdf\" target=\"_blank\" rel=\"noopener noreferrer\">Intereses de la deuda<\/a><\/span><\/li>\n<li><span style=\"font-size: 18pt;\"><a href=\"https:\/\/teec.org.mx\/web\/wp-content\/uploads\/2020\/02\/11.-Endeudamiento-Neto-4to-tri-2015.pdf\" target=\"_blank\" rel=\"noopener noreferrer\">Endeudamiento neto<\/a><\/span><\/li>\n<\/ol>\n<h4><strong>Informaci\u00f3n presupuestaria<\/strong><\/h4>\n<ol>\n<li><span style=\"font-size: 18pt;\"><a href=\"https:\/\/teec.org.mx\/web\/wp-content\/uploads\/2020\/02\/1.-Estado-Analitico-de-Ingresos-4to-tri-2015.pdf\" target=\"_blank\" rel=\"noopener noreferrer\">Estado anal\u00edtico de ingresos<\/a><\/span><\/li>\n<li><span style=\"font-size: 18pt;\">Estado anal\u00edtico del ejercicio del presupuesto de egresos<\/span>\n<ul>\n<li><span style=\"font-size: 18pt;\"><a href=\"https:\/\/teec.org.mx\/web\/wp-content\/uploads\/2020\/02\/2.-EAEPE-Clasificacion-Administrativa-4to-tri-2015.pdf\" target=\"_blank\" rel=\"noopener noreferrer\">Clasificaci\u00f3n administrativa<\/a><\/span><\/li>\n<li><span style=\"font-size: 18pt;\"><a href=\"https:\/\/teec.org.mx\/web\/wp-content\/uploads\/2020\/02\/3.-EAEPE-Clasificacion-Economica-4to-tri-2015.pdf\" target=\"_blank\" rel=\"noopener noreferrer\">Clasificaci\u00f3n econ\u00f3mica<\/a><\/span><\/li>\n<li><span style=\"font-size: 18pt;\"><a href=\"https:\/\/teec.org.mx\/web\/wp-content\/uploads\/2020\/02\/4.-EAEPE-Objeto-del-Gasto-4to-tri-2015.pdf\" target=\"_blank\" rel=\"noopener noreferrer\">Clasificaci\u00f3n por objeto del gasto<\/a><\/span><\/li>\n<li><span style=\"font-size: 18pt;\"><a href=\"https:\/\/teec.org.mx\/web\/wp-content\/uploads\/2020\/02\/5.-EAEPE-Clasificacion-Funcional-4to-tri-2015.pdf\" target=\"_blank\" rel=\"noopener noreferrer\">Clasificaci\u00f3n funcional<\/a><\/span><\/li>\n<\/ul>\n<\/li>\n<li><span style=\"font-size: 18pt;\"><a href=\"https:\/\/teec.org.mx\/web\/wp-content\/uploads\/2020\/02\/6.-Endeudamiento-Neto-4to-tri-2015.pdf\" target=\"_blank\" rel=\"noopener noreferrer\">Endeudamiento neto<\/a><\/span><\/li>\n<li><span style=\"font-size: 18pt;\"><a href=\"https:\/\/teec.org.mx\/web\/wp-content\/uploads\/2020\/02\/7.-Intereses-de-la-Deuda-4to-tri-2015.pdf\" target=\"_blank\" rel=\"noopener noreferrer\">Intereses de la deuda<\/a><\/span><\/li>\n<\/ol>\n<h4><strong>Informaci\u00f3n program\u00e1tica<\/strong><\/h4>\n<ol>\n<li><span style=\"font-size: 18pt;\"><a href=\"https:\/\/teec.org.mx\/web\/wp-content\/uploads\/2020\/02\/1.-Gasto-por-Categoria-Programatica-4to-tri-2015.pdf\" target=\"_blank\" rel=\"noopener noreferrer\">Gasto por categor\u00eda program\u00e1tica<\/a><\/span><\/li>\n<li><span style=\"font-size: 18pt;\"><a href=\"https:\/\/teec.org.mx\/web\/wp-content\/uploads\/2020\/02\/2.-Programa-y-Proyectos-de-Inversion-4to-tri-2015.pdf\" target=\"_blank\" rel=\"noopener noreferrer\">Programa y proyectos de inversi\u00f3n<\/a><\/span><\/li>\n<li><span style=\"font-size: 18pt;\">Indicadores para resultados<\/span>\n<ul>\n<li><span style=\"font-size: 18pt;\"><a href=\"https:\/\/teec.org.mx\/web\/wp-content\/uploads\/2020\/02\/3.1-Proporcion-Gasto-Programable-4to-tri-2015.pdf\" target=\"_blank\" rel=\"noopener noreferrer\">Proporci\u00f3n gasto programable<\/a><\/span><\/li>\n<li><span style=\"font-size: 18pt;\"><a href=\"https:\/\/teec.org.mx\/web\/wp-content\/uploads\/2020\/02\/3.2-Proporcion-Gasto-de-Operacion-4to-tri-2015.pdf\" target=\"_blank\" rel=\"noopener noreferrer\">Proporci\u00f3n gasto de operaci\u00f3n<\/a><\/span><\/li>\n<li><span style=\"font-size: 18pt;\"><a href=\"https:\/\/teec.org.mx\/web\/wp-content\/uploads\/2020\/02\/3.3-Proporcion-Gasto-de-Inversion-y-o-Capital-4to-tri-2015.pdf\" target=\"_blank\" rel=\"noopener noreferrer\">Proporci\u00f3n gasto de inversi\u00f3n y\/o capital<\/a><\/span><\/li>\n<li><span style=\"font-size: 18pt;\"><a href=\"https:\/\/teec.org.mx\/web\/wp-content\/uploads\/2020\/02\/3.4-Servicios-Personales-en-el-Gasto-de-Operacion-4to-tri-2015.pdf\" target=\"_blank\" rel=\"noopener noreferrer\">Servicios personales en el gasto de operaci\u00f3n<\/a><\/span><\/li>\n<li><span style=\"font-size: 18pt;\"><a href=\"https:\/\/teec.org.mx\/web\/wp-content\/uploads\/2020\/02\/3.5-Proporcion-de-los-Servicios-Personales-4to-tri-2015.pdf\" target=\"_blank\" rel=\"noopener noreferrer\">Proporci\u00f3n de los servicios personales<\/a><\/span><\/li>\n<\/ul>\n<\/li>\n<\/ol>\n<p><a href=\"https:\/\/teec.org.mx\/web\/wp-content\/uploads\/2020\/02\/INVENTARIO-ENE-SEP-DE-2015.pdf\" target=\"_blank\" rel=\"noopener\"><span style=\"font-size: 18pt;\">Inventario<\/span><\/a><\/p>\n<p>\u00a0<\/p>\n","protected":false},"excerpt":{"rendered":"<p>\u00a0 \u00a0 \u00a0 Cuarto trimestre 2015 \u00a0 Informaci\u00f3n contable Estado de situaci\u00f3n financiera Estado de actividades Estado de flujos de efectivo Estado de variaci\u00f3n en la hacienda p\u00fablica Estado de cambios en la situaci\u00f3n financiera Informe de pasivos contingentes Notas a los estados financieros Estado anal\u00edtico del activo Estado anal\u00edtico de la deuda y otros [&hellip;]<\/p>\n","protected":false},"author":1,"featured_media":0,"parent":0,"menu_order":0,"comment_status":"closed","ping_status":"closed","template":"","meta":{"footnotes":""},"yst_prominent_words":[268,269,273,430,428,198,267,264,178,429,427,276,431,272,275,270,263,266,271,265],"_links":{"self":[{"href":"https:\/\/teec.org.mx\/web\/wp-json\/wp\/v2\/pages\/4171"}],"collection":[{"href":"https:\/\/teec.org.mx\/web\/wp-json\/wp\/v2\/pages"}],"about":[{"href":"https:\/\/teec.org.mx\/web\/wp-json\/wp\/v2\/types\/page"}],"author":[{"embeddable":true,"href":"https:\/\/teec.org.mx\/web\/wp-json\/wp\/v2\/users\/1"}],"replies":[{"embeddable":true,"href":"https:\/\/teec.org.mx\/web\/wp-json\/wp\/v2\/comments?post=4171"}],"version-history":[{"count":4,"href":"https:\/\/teec.org.mx\/web\/wp-json\/wp\/v2\/pages\/4171\/revisions"}],"predecessor-version":[{"id":23162,"href":"https:\/\/teec.org.mx\/web\/wp-json\/wp\/v2\/pages\/4171\/revisions\/23162"}],"wp:attachment":[{"href":"https:\/\/teec.org.mx\/web\/wp-json\/wp\/v2\/media?parent=4171"}],"wp:term":[{"taxonomy":"yst_prominent_words","embeddable":true,"href":"https:\/\/teec.org.mx\/web\/wp-json\/wp\/v2\/yst_prominent_words?post=4171"}],"curies":[{"name":"wp","href":"https:\/\/api.w.org\/{rel}","templated":true}]}}