{"id":4648,"date":"2020-02-26T10:38:09","date_gmt":"2020-02-26T16:38:09","guid":{"rendered":"https:\/\/teec.org.mx\/web\/?page_id=4648"},"modified":"2024-12-03T10:28:12","modified_gmt":"2024-12-03T16:28:12","slug":"cuarto-trimestre-2016-ldf","status":"publish","type":"page","link":"https:\/\/teec.org.mx\/web\/cuarto-trimestre-2016-ldf\/","title":{"rendered":"Cuarto trimestre 2016 ldf"},"content":{"rendered":"\n<p>\u00a0<\/p>\n<p>\u00a0<\/p>\n<p>\u00a0<\/p>\n<h3 style=\"text-align: center;\">Cuarto trimestre 2016<\/h3>\n<p>\u00a0<\/p>\n<ol>\n<li><span style=\"font-size: 18pt;\"><a href=\"https:\/\/teec.org.mx\/web\/wp-content\/uploads\/2020\/02\/1.-Estado-de-Situacion-Financiera-Detallado-LDF-4to-tri-2016.pdf\">Estado de situaci\u00f3n financiera detallado<\/a><\/span><\/li>\n<li><span style=\"font-size: 18pt;\"><a href=\"https:\/\/teec.org.mx\/web\/wp-content\/uploads\/2020\/02\/2.-Informe-Analitico-de-la-Deuda-Publica-y-otros-Pasivos-LDF-4to-tri-2016.pdf\">Informe anal\u00edtico de la deuda p\u00fablica y otros pasivos<\/a><\/span><\/li>\n<li><span style=\"font-size: 18pt;\"><a href=\"https:\/\/teec.org.mx\/web\/wp-content\/uploads\/2020\/02\/3.-Informe-Analitico-de-Obligaciones-Diferentes-de-Financiamientos-LDF-4to-tri-2016.pdf\">Informe anal\u00edtico de obligaciones diferentes de financiamientos<\/a><\/span><\/li>\n<li><span style=\"font-size: 18pt;\"><a href=\"https:\/\/teec.org.mx\/web\/wp-content\/uploads\/2020\/02\/4.-Balance-Presupuestario-LDF-4to-tri-2016.pdf\">Balance presupuestario<\/a><\/span><\/li>\n<li><span style=\"font-size: 18pt;\"><a href=\"https:\/\/teec.org.mx\/web\/wp-content\/uploads\/2020\/02\/5.-Estado-Analitico-de-Ingresos-Detallado-LDF-4to-tri-2016.pdf\">Estado anal\u00edtico de ingresos detallado<\/a><\/span><\/li>\n<li><span style=\"font-size: 18pt;\">Estado anal\u00edtico del ejercicio del presupuesto de egresos detallado<\/span>\n<ul>\n<li><span style=\"font-size: 18pt;\"><a href=\"https:\/\/teec.org.mx\/web\/wp-content\/uploads\/2020\/02\/6.-EAEPED-Clasificacion-por-Objeto-del-Gasto-LDF-4to-tri-2016.pdf\">Clasificaci\u00f3n por objeto del gasto<\/a><\/span><\/li>\n<li><span style=\"font-size: 18pt;\"><a href=\"https:\/\/teec.org.mx\/web\/wp-content\/uploads\/2020\/02\/7.-EAEPED-Clasificacion-Administrativa-LDF-4to-tri-2016.pdf\">Clasificaci\u00f3n administrativa<\/a><\/span><\/li>\n<li><span style=\"font-size: 18pt;\"><a href=\"https:\/\/teec.org.mx\/web\/wp-content\/uploads\/2020\/02\/8.-EAEPED-Clasificacion-Funcional-LDF-4to-tri-2016.pdf\">Clasificaci\u00f3n funcional<\/a><\/span><\/li>\n<li><span style=\"font-size: 18pt;\"><a href=\"https:\/\/teec.org.mx\/web\/wp-content\/uploads\/2020\/02\/9.-EAEPED-Clasificacion-de-Servicios-Personales-por-Categoria-LDF-4to-tri-2016.pdf\">Clasificaci\u00f3n de servicios personales por categor\u00eda<\/a><\/span><\/li>\n<\/ul>\n<\/li>\n<li><span style=\"font-size: 18pt;\"><a href=\"https:\/\/teec.org.mx\/web\/wp-content\/uploads\/2020\/02\/10.-Guia-de-Cumplimiento-de-la-LDF-4to-tri-2016.pdf\">Gu\u00eda de cumplimiento de la ley de disciplina financiera<\/a><\/span><\/li>\n<\/ol>\n<p>\u00a0<\/p>\n","protected":false},"excerpt":{"rendered":"<p>\u00a0 \u00a0 \u00a0 Cuarto trimestre 2016 \u00a0 Estado de situaci\u00f3n financiera detallado Informe anal\u00edtico de la deuda p\u00fablica y otros pasivos Informe anal\u00edtico de obligaciones diferentes de financiamientos Balance presupuestario Estado anal\u00edtico de ingresos detallado Estado anal\u00edtico del ejercicio del presupuesto de egresos detallado Clasificaci\u00f3n por objeto del gasto Clasificaci\u00f3n administrativa Clasificaci\u00f3n funcional Clasificaci\u00f3n de [&hellip;]<\/p>\n","protected":false},"author":1,"featured_media":0,"parent":0,"menu_order":0,"comment_status":"closed","ping_status":"closed","template":"","meta":{"footnotes":""},"yst_prominent_words":[268,269,279,198,280,283],"_links":{"self":[{"href":"https:\/\/teec.org.mx\/web\/wp-json\/wp\/v2\/pages\/4648"}],"collection":[{"href":"https:\/\/teec.org.mx\/web\/wp-json\/wp\/v2\/pages"}],"about":[{"href":"https:\/\/teec.org.mx\/web\/wp-json\/wp\/v2\/types\/page"}],"author":[{"embeddable":true,"href":"https:\/\/teec.org.mx\/web\/wp-json\/wp\/v2\/users\/1"}],"replies":[{"embeddable":true,"href":"https:\/\/teec.org.mx\/web\/wp-json\/wp\/v2\/comments?post=4648"}],"version-history":[{"count":2,"href":"https:\/\/teec.org.mx\/web\/wp-json\/wp\/v2\/pages\/4648\/revisions"}],"predecessor-version":[{"id":23165,"href":"https:\/\/teec.org.mx\/web\/wp-json\/wp\/v2\/pages\/4648\/revisions\/23165"}],"wp:attachment":[{"href":"https:\/\/teec.org.mx\/web\/wp-json\/wp\/v2\/media?parent=4648"}],"wp:term":[{"taxonomy":"yst_prominent_words","embeddable":true,"href":"https:\/\/teec.org.mx\/web\/wp-json\/wp\/v2\/yst_prominent_words?post=4648"}],"curies":[{"name":"wp","href":"https:\/\/api.w.org\/{rel}","templated":true}]}}