{"id":4674,"date":"2020-02-26T11:28:33","date_gmt":"2020-02-26T17:28:33","guid":{"rendered":"https:\/\/teec.org.mx\/web\/?page_id=4674"},"modified":"2020-02-26T11:28:51","modified_gmt":"2020-02-26T17:28:51","slug":"segundo-trimestre-2017-ldf","status":"publish","type":"page","link":"https:\/\/teec.org.mx\/web\/segundo-trimestre-2017-ldf\/","title":{"rendered":"Segundo trimestre 2017 ldf"},"content":{"rendered":"\n<h3 class=\"has-text-align-center wp-block-heading\">Segundo trimestre 2017<\/h3>\n\n\n\n<p>&nbsp;<\/p>\n<ol>\n<li><span style=\"font-size: 14pt;\"><a href=\"https:\/\/teec.org.mx\/web\/wp-content\/uploads\/2020\/02\/1.-Estado-de-Situacion-Financiera-Detallado-2do-tri-2017.pdf\" target=\"_blank\" rel=\"noopener noreferrer\">Estado de situaci\u00f3n financiera detallado<\/a><\/span><\/li>\n<li><a href=\"https:\/\/teec.org.mx\/web\/wp-content\/uploads\/2020\/02\/2.-Informe-Analitico-de-la-Deuda-Publica-y-Otros-Pasivos-2do-tri-2017.pdf\" target=\"_blank\" rel=\"noopener noreferrer\"><span style=\"font-size: 14pt;\">Informe anal\u00edtico de la deuda p\u00fablica y otros pasivos<\/span><\/a><\/li>\n<li><a href=\"https:\/\/teec.org.mx\/web\/wp-content\/uploads\/2020\/02\/3.-Informe-Analitico-de-Obligaciones-Diferentes-de-Financiamientos-2do-tri-2017.pdf\" target=\"_blank\" rel=\"noopener noreferrer\"><span style=\"font-size: 14pt;\">Informe anal\u00edtico de obligaciones diferentes de financiamientos<\/span><\/a><\/li>\n<li><a href=\"https:\/\/teec.org.mx\/web\/wp-content\/uploads\/2020\/02\/4.-Balance-Presupuestario-2do-tri-2017.pdf\" target=\"_blank\" rel=\"noopener noreferrer\"><span style=\"font-size: 14pt;\">Balance presupuestario<\/span><\/a><\/li>\n<li><a href=\"https:\/\/teec.org.mx\/web\/wp-content\/uploads\/2020\/02\/5.-Estado-Analitico-de-Ingresos-Detallado-2do-tri-2017.pdf\" target=\"_blank\" rel=\"noopener noreferrer\"><span style=\"font-size: 14pt;\">Estado anal\u00edtico de ingresos detallado<\/span><\/a><\/li>\n<li><span style=\"font-size: 14pt;\">Estado anal\u00edtico del ejercicio del presupuesto de egresos detallado<\/span>\n<ul>\n<li><a href=\"https:\/\/teec.org.mx\/web\/wp-content\/uploads\/2020\/02\/6.-EAEPED-Clasificacion-por-Objeto-del-Gasto-2do-tri-2017.pdf\"><span style=\"font-size: 14pt;\">Clasificaci\u00f3n por objeto del gasto<\/span><\/a><\/li>\n<li><a href=\"https:\/\/teec.org.mx\/web\/wp-content\/uploads\/2020\/02\/7.-EAEPED-Clasificacion-Administrativa-2do-tri-2017.pdf\" target=\"_blank\" rel=\"noopener noreferrer\"><span style=\"font-size: 14pt;\">Clasificaci\u00f3n administrativa<\/span><\/a><\/li>\n<li><a href=\"https:\/\/teec.org.mx\/web\/wp-content\/uploads\/2020\/02\/8.-EAEPED-Clasificacion-Funcional-2do-tri-2017.pdf\" target=\"_blank\" rel=\"noopener noreferrer\"><span style=\"font-size: 14pt;\">Clasificaci\u00f3n funcional<\/span><\/a><\/li>\n<li><a href=\"https:\/\/teec.org.mx\/web\/wp-content\/uploads\/2020\/02\/9.-EAEPED-Clasificacion-de-Servicios-Personales-por-Categoria-2do-tri-2017.pdf\" target=\"_blank\" rel=\"noopener noreferrer\"><span style=\"font-size: 14pt;\">Clasificaci\u00f3n de servicios personales por categor\u00eda<\/span><\/a><\/li>\n<\/ul>\n<\/li>\n<\/ol>\n<p>&nbsp;<\/p>\n","protected":false},"excerpt":{"rendered":"<p>Segundo trimestre 2017 &nbsp; Estado de situaci\u00f3n financiera detallado Informe anal\u00edtico de la deuda p\u00fablica y otros pasivos Informe anal\u00edtico de obligaciones diferentes de financiamientos Balance presupuestario Estado anal\u00edtico de ingresos detallado Estado anal\u00edtico del ejercicio del presupuesto de egresos detallado Clasificaci\u00f3n por objeto del gasto Clasificaci\u00f3n administrativa Clasificaci\u00f3n funcional Clasificaci\u00f3n de servicios personales por [&hellip;]<\/p>\n","protected":false},"author":1,"featured_media":0,"parent":0,"menu_order":0,"comment_status":"closed","ping_status":"closed","template":"","meta":{"footnotes":""},"yst_prominent_words":[268,269,279,280,283],"_links":{"self":[{"href":"https:\/\/teec.org.mx\/web\/wp-json\/wp\/v2\/pages\/4674"}],"collection":[{"href":"https:\/\/teec.org.mx\/web\/wp-json\/wp\/v2\/pages"}],"about":[{"href":"https:\/\/teec.org.mx\/web\/wp-json\/wp\/v2\/types\/page"}],"author":[{"embeddable":true,"href":"https:\/\/teec.org.mx\/web\/wp-json\/wp\/v2\/users\/1"}],"replies":[{"embeddable":true,"href":"https:\/\/teec.org.mx\/web\/wp-json\/wp\/v2\/comments?post=4674"}],"version-history":[{"count":1,"href":"https:\/\/teec.org.mx\/web\/wp-json\/wp\/v2\/pages\/4674\/revisions"}],"predecessor-version":[{"id":4685,"href":"https:\/\/teec.org.mx\/web\/wp-json\/wp\/v2\/pages\/4674\/revisions\/4685"}],"wp:attachment":[{"href":"https:\/\/teec.org.mx\/web\/wp-json\/wp\/v2\/media?parent=4674"}],"wp:term":[{"taxonomy":"yst_prominent_words","embeddable":true,"href":"https:\/\/teec.org.mx\/web\/wp-json\/wp\/v2\/yst_prominent_words?post=4674"}],"curies":[{"name":"wp","href":"https:\/\/api.w.org\/{rel}","templated":true}]}}