{"id":4687,"date":"2020-02-26T11:46:58","date_gmt":"2020-02-26T17:46:58","guid":{"rendered":"https:\/\/teec.org.mx\/web\/?page_id=4687"},"modified":"2020-02-26T12:26:16","modified_gmt":"2020-02-26T18:26:16","slug":"tercer-trimestre-2017-ldf","status":"publish","type":"page","link":"https:\/\/teec.org.mx\/web\/tercer-trimestre-2017-ldf\/","title":{"rendered":"Tercer trimestre 2017 ldf"},"content":{"rendered":"\n<h3 class=\"has-text-align-center wp-block-heading\">Tercer trimestre 2017<\/h3>\n\n\n\n<p>&nbsp;<\/p>\n<table class=\" aligncenter\" style=\"width: 65.5173%;\" width=\"70%\">\n<tbody>\n<tr>\n<td style=\"width: 66.2562%;\" width=\"342\">\n<p><span style=\"font-size: 14pt;\">Estado de Situaci\u00f3n Financiera Detallado<\/span><\/p>\n<\/td>\n<td style=\"width: 11.9908%;\" width=\"80\">\n<p><span style=\"font-size: 14pt;\"><a href=\"https:\/\/teec.org.mx\/web\/wp-content\/uploads\/2020\/02\/1.-Estado-de-Situacion-Financiera-Detallado-3er-tri-2017.pdf\">PDF<\/a><\/span><\/p>\n<\/td>\n<td style=\"width: 12.7911%;\" width=\"73\">\n<p><span style=\"font-size: 14pt;\"><a href=\"https:\/\/teec.org.mx\/web\/wp-content\/uploads\/2020\/02\/F1-ESF-3092017.xls\">Excel<\/a><\/span><\/p>\n<\/td>\n<\/tr>\n<tr>\n<td style=\"width: 66.2562%;\" width=\"342\">\n<p><span style=\"font-size: 14pt;\">Informe Anal\u00edtico de la Deuda P\u00fablica y Otros Pasivos<\/span><\/p>\n<\/td>\n<td style=\"width: 11.9908%;\" width=\"80\">\n<p><span style=\"font-size: 14pt;\"><a href=\"https:\/\/teec.org.mx\/web\/wp-content\/uploads\/2020\/02\/2.-Informe-Analitico-de-la-Deuda-Publica-y-Otros-Pasivos-3er-tri-2017.pdf\">PDF<\/a><\/span><\/p>\n<\/td>\n<td style=\"width: 12.7911%;\" width=\"73\">\n<p><span style=\"font-size: 14pt;\"><a href=\"https:\/\/teec.org.mx\/web\/wp-content\/uploads\/2020\/02\/F2-IADPOP-3092017.xls\">Excel<\/a><\/span><\/p>\n<\/td>\n<\/tr>\n<tr>\n<td style=\"width: 66.2562%;\" width=\"342\">\n<p><span style=\"font-size: 14pt;\">Informe Anal\u00edtico de Obligaciones Diferentes de Financiamientos<\/span><\/p>\n<\/td>\n<td style=\"width: 11.9908%;\" width=\"80\">\n<p><span style=\"font-size: 14pt;\"><a href=\"https:\/\/teec.org.mx\/web\/wp-content\/uploads\/2020\/02\/3.-Informe-Analitico-de-Obligaciones-Diferentes-de-Financiamientos-3er-tri-2017.pdf\">PDF<\/a><\/span><\/p>\n<\/td>\n<td style=\"width: 12.7911%;\" width=\"73\">\n<p><span style=\"font-size: 14pt;\"><a href=\"https:\/\/teec.org.mx\/web\/wp-content\/uploads\/2020\/02\/F3-IAODF-3092017.xls\">Excel<\/a><\/span><\/p>\n<\/td>\n<\/tr>\n<tr>\n<td style=\"width: 66.2562%;\" width=\"342\">\n<p><span style=\"font-size: 14pt;\">Balance Presupuestario<\/span><\/p>\n<\/td>\n<td style=\"width: 11.9908%;\" width=\"80\">\n<p><span style=\"font-size: 14pt;\"><a href=\"https:\/\/teec.org.mx\/web\/wp-content\/uploads\/2020\/02\/4.-Balance-Presupuestario-3er-tri-2017.pdf\">PDF<\/a><\/span><\/p>\n<\/td>\n<td style=\"width: 12.7911%;\" width=\"73\">\n<p><span style=\"font-size: 14pt;\"><a href=\"https:\/\/teec.org.mx\/web\/wp-content\/uploads\/2020\/02\/F4-BP-3092017.xls\">Excel<\/a><\/span><\/p>\n<\/td>\n<\/tr>\n<tr>\n<td style=\"width: 66.2562%;\" width=\"342\">\n<p><span style=\"font-size: 14pt;\">Estado Anal\u00edtico de Ingresos Detallado<\/span><\/p>\n<\/td>\n<td style=\"width: 11.9908%;\" width=\"80\">\n<p><span style=\"font-size: 14pt;\"><a href=\"https:\/\/teec.org.mx\/web\/wp-content\/uploads\/2020\/02\/5.-Estado-Analitico-de-Ingresos-Detallado-3er-tri-2017.pdf\">PDF<\/a><\/span><\/p>\n<\/td>\n<td style=\"width: 12.7911%;\" width=\"73\">\n<p><span style=\"font-size: 14pt;\"><a href=\"https:\/\/teec.org.mx\/web\/wp-content\/uploads\/2020\/02\/F5-EAID-3092017.xls\">Excel<\/a><\/span><\/p>\n<\/td>\n<\/tr>\n<tr>\n<td style=\"width: 66.2562%;\" width=\"342\">\n<p><span style=\"font-size: 14pt;\">Estado Anal\u00edtico del Ejercicio del Presupuesto de Egresos Detallado en su clasificaci\u00f3n:<\/span><\/p>\n<\/td>\n<td style=\"width: 11.9908%;\" width=\"80\">\n<p>&nbsp;<\/p>\n<\/td>\n<td style=\"width: 12.7911%;\" width=\"73\">\n<p>&nbsp;<\/p>\n<\/td>\n<\/tr>\n<tr>\n<td style=\"width: 66.2562%;\" width=\"342\">\n<ul>\n<li><span style=\"font-size: 14pt;\">Clasificaci\u00f3n por Objeto del Gasto<\/span><\/li>\n<\/ul>\n<\/td>\n<td style=\"width: 11.9908%;\" width=\"80\">\n<p><span style=\"font-size: 14pt;\"><a href=\"https:\/\/teec.org.mx\/web\/wp-content\/uploads\/2020\/02\/6.-EAEPED-Clasificacion-por-Objeto-del-Gasto-3er-tri-2017.pdf\">PDF<\/a><\/span><\/p>\n<\/td>\n<td style=\"width: 12.7911%;\" width=\"73\">\n<p><span style=\"font-size: 14pt;\"><a href=\"https:\/\/teec.org.mx\/web\/wp-content\/uploads\/2020\/02\/F6a-EAEPED-COG-3092017.xls\">Excel<\/a><\/span><\/p>\n<\/td>\n<\/tr>\n<tr>\n<td style=\"width: 66.2562%;\" width=\"342\">\n<ul>\n<li><span style=\"font-size: 14pt;\">Clasificaci\u00f3n Administrativa<\/span><\/li>\n<\/ul>\n<\/td>\n<td style=\"width: 11.9908%;\" width=\"80\">\n<p><span style=\"font-size: 14pt;\"><a href=\"https:\/\/teec.org.mx\/web\/wp-content\/uploads\/2020\/02\/7.-EAEPED-Clasificacion-Administrativa-3er-tri-2017.pdf\">PDF<\/a><\/span><\/p>\n<\/td>\n<td style=\"width: 12.7911%;\" width=\"73\">\n<p><span style=\"font-size: 14pt;\"><a href=\"https:\/\/teec.org.mx\/web\/wp-content\/uploads\/2020\/02\/F6b-EAEPED-CA-3092017.xls\">Excel<\/a><\/span><\/p>\n<\/td>\n<\/tr>\n<tr>\n<td style=\"width: 66.2562%;\" width=\"342\">\n<ul>\n<li><span style=\"font-size: 14pt;\">Clasificaci\u00f3n Funcional<\/span><\/li>\n<\/ul>\n<\/td>\n<td style=\"width: 11.9908%;\" width=\"80\">\n<p><span style=\"font-size: 14pt;\"><a href=\"https:\/\/teec.org.mx\/web\/wp-content\/uploads\/2020\/02\/8.-EAEPED-Clasificaci%C3%B3n-Funcional-3er-tri-2017.pdf\">PDF<\/a><\/span><\/p>\n<\/td>\n<td style=\"width: 12.7911%;\" width=\"73\">\n<p><span style=\"font-size: 14pt;\"><a href=\"https:\/\/teec.org.mx\/web\/wp-content\/uploads\/2020\/02\/F6c-EAEPED-CF-3092017.xls\">Excel<\/a><\/span><\/p>\n<\/td>\n<\/tr>\n<tr>\n<td style=\"width: 66.2562%;\" width=\"342\">\n<ul>\n<li><span style=\"font-size: 14pt;\">Clasificaci\u00f3n de Servicios Personales por Categor\u00eda<\/span><\/li>\n<\/ul>\n<\/td>\n<td style=\"width: 11.9908%;\" width=\"80\">\n<p><span style=\"font-size: 14pt;\"><a href=\"https:\/\/teec.org.mx\/web\/wp-content\/uploads\/2020\/02\/9.-EAEPED-Clasificacion-de-Servicios-Personales-por-Categoria-3er-tri-2017.pdf\">PDF<\/a><\/span><\/p>\n<\/td>\n<td style=\"width: 12.7911%;\" width=\"73\">\n<p><span style=\"font-size: 14pt;\"><a href=\"https:\/\/teec.org.mx\/web\/wp-content\/uploads\/2020\/02\/F6d-EAEPED-CSPC-3092017.xlsx\">Excel<\/a><\/span><\/p>\n<\/td>\n<\/tr>\n<\/tbody>\n<\/table>\n<p>&nbsp;<\/p>\n","protected":false},"excerpt":{"rendered":"<p>Tercer trimestre 2017 &nbsp; Estado de Situaci\u00f3n Financiera Detallado PDF Excel Informe Anal\u00edtico de la Deuda P\u00fablica y Otros Pasivos PDF Excel Informe Anal\u00edtico de Obligaciones Diferentes de Financiamientos PDF Excel Balance Presupuestario PDF Excel Estado Anal\u00edtico de Ingresos Detallado PDF Excel Estado Anal\u00edtico del Ejercicio del Presupuesto de Egresos Detallado en su clasificaci\u00f3n: &nbsp; [&hellip;]<\/p>\n","protected":false},"author":1,"featured_media":0,"parent":0,"menu_order":0,"comment_status":"closed","ping_status":"closed","template":"","meta":{"footnotes":""},"yst_prominent_words":[268,269,279,282,280,283,281],"_links":{"self":[{"href":"https:\/\/teec.org.mx\/web\/wp-json\/wp\/v2\/pages\/4687"}],"collection":[{"href":"https:\/\/teec.org.mx\/web\/wp-json\/wp\/v2\/pages"}],"about":[{"href":"https:\/\/teec.org.mx\/web\/wp-json\/wp\/v2\/types\/page"}],"author":[{"embeddable":true,"href":"https:\/\/teec.org.mx\/web\/wp-json\/wp\/v2\/users\/1"}],"replies":[{"embeddable":true,"href":"https:\/\/teec.org.mx\/web\/wp-json\/wp\/v2\/comments?post=4687"}],"version-history":[{"count":11,"href":"https:\/\/teec.org.mx\/web\/wp-json\/wp\/v2\/pages\/4687\/revisions"}],"predecessor-version":[{"id":4754,"href":"https:\/\/teec.org.mx\/web\/wp-json\/wp\/v2\/pages\/4687\/revisions\/4754"}],"wp:attachment":[{"href":"https:\/\/teec.org.mx\/web\/wp-json\/wp\/v2\/media?parent=4687"}],"wp:term":[{"taxonomy":"yst_prominent_words","embeddable":true,"href":"https:\/\/teec.org.mx\/web\/wp-json\/wp\/v2\/yst_prominent_words?post=4687"}],"curies":[{"name":"wp","href":"https:\/\/api.w.org\/{rel}","templated":true}]}}