{"id":4719,"date":"2020-02-26T11:56:23","date_gmt":"2020-02-26T17:56:23","guid":{"rendered":"https:\/\/teec.org.mx\/web\/?page_id=4719"},"modified":"2020-02-26T12:03:33","modified_gmt":"2020-02-26T18:03:33","slug":"cuarto-trimestre-2017-ldf","status":"publish","type":"page","link":"https:\/\/teec.org.mx\/web\/cuarto-trimestre-2017-ldf\/","title":{"rendered":"Cuarto trimestre 2017 ldf"},"content":{"rendered":"\n<h3 class=\"has-text-align-center wp-block-heading\">Cuarto trimestre 2017<\/h3>\n\n\n\n<p>&nbsp;<\/p>\n<table class=\" aligncenter\" style=\"width: 65.6897%;\" width=\"70%\">\n<tbody>\n<tr>\n<td style=\"width: 68.1419%;\" width=\"460\">\n<p><span style=\"font-size: 14pt;\">Estado de Situaci\u00f3n Financiera Detallado<\/span><\/p>\n<\/td>\n<td style=\"width: 11.8065%;\">\n<p><a href=\"https:\/\/teec.org.mx\/web\/wp-content\/uploads\/2020\/02\/1.-Estado-de-Situacion-Financiera-Detallado-4to-tri-2017.pdf\" target=\"_blank\" rel=\"noopener noreferrer\"><span style=\"font-size: 14pt;\">PDF<\/span><\/a><\/p>\n<\/td>\n<td style=\"width: 11.3886%;\" width=\"162\">\n<p><a href=\"https:\/\/teec.org.mx\/web\/wp-content\/uploads\/2020\/02\/F1_ESF_31122017.xls\"><span style=\"font-size: 14pt;\">Excel&nbsp;<\/span><\/a><\/p>\n<\/td>\n<\/tr>\n<tr>\n<td style=\"width: 68.1419%;\" width=\"460\">\n<p><span style=\"font-size: 14pt;\">Informe Anal\u00edtico de la Deuda P\u00fablica y Otros Pasivos<\/span><\/p>\n<\/td>\n<td style=\"width: 11.8065%;\">\n<p><a href=\"https:\/\/teec.org.mx\/web\/wp-content\/uploads\/2020\/02\/2.-Informe-Anal\u00edtico-de-la-Deuda-P\u00fablica-y-Otros-Pasivos-4to-tri-2017.pdf\" target=\"_blank\" rel=\"noopener noreferrer\"><span style=\"font-size: 14pt;\">PDF<\/span><\/a><\/p>\n<\/td>\n<td style=\"width: 11.3886%;\" width=\"162\">\n<p><a href=\"https:\/\/teec.org.mx\/web\/wp-content\/uploads\/2020\/02\/F2_IADPOP_31122017.xls\"><span style=\"font-size: 14pt;\">Excel<\/span><\/a><\/p>\n<\/td>\n<\/tr>\n<tr>\n<td style=\"width: 68.1419%;\" width=\"460\">\n<p><span style=\"font-size: 14pt;\">Informe Anal\u00edtico de Obligaciones Diferentes de Financiamientos<\/span><\/p>\n<\/td>\n<td style=\"width: 11.8065%;\">\n<p><a href=\"https:\/\/teec.org.mx\/web\/wp-content\/uploads\/2020\/02\/3.-Informe-Anal\u00edtico-de-Obligaciones-Diferentes-de-Financiamientos-4to-tri-2017.pdf\" target=\"_blank\" rel=\"noopener noreferrer\"><span style=\"font-size: 14pt;\">PDF<\/span><\/a><\/p>\n<\/td>\n<td style=\"width: 11.3886%;\" width=\"162\">\n<p><a href=\"https:\/\/teec.org.mx\/web\/wp-content\/uploads\/2020\/02\/F3_IAODF_31122017.xls\"><span style=\"font-size: 14pt;\">Excel<\/span><\/a><\/p>\n<\/td>\n<\/tr>\n<tr>\n<td style=\"width: 68.1419%;\" width=\"460\">\n<p><span style=\"font-size: 14pt;\">Balance Presupuestario<\/span><\/p>\n<\/td>\n<td style=\"width: 11.8065%;\">\n<p><a href=\"https:\/\/teec.org.mx\/web\/wp-content\/uploads\/2020\/02\/4.-Balance-Presupuestario-4to-tri-2017.pdf\" target=\"_blank\" rel=\"noopener noreferrer\"><span style=\"font-size: 14pt;\">PDF<\/span><\/a><\/p>\n<\/td>\n<td style=\"width: 11.3886%;\" width=\"162\">\n<p><a href=\"https:\/\/teec.org.mx\/web\/wp-content\/uploads\/2020\/02\/F4_BP_31122017.xls\"><span style=\"font-size: 14pt;\">Excel<\/span><\/a><\/p>\n<\/td>\n<\/tr>\n<tr>\n<td style=\"width: 68.1419%;\" width=\"460\">\n<p><span style=\"font-size: 14pt;\">Estado Anal\u00edtico de Ingresos Detallado<\/span><\/p>\n<\/td>\n<td style=\"width: 11.8065%;\">\n<p><a href=\"https:\/\/teec.org.mx\/web\/wp-content\/uploads\/2020\/02\/5.-Estado-Anal\u00edtico-de-Ingresos-Detallado-4to-tri-2017.pdf\" target=\"_blank\" rel=\"noopener noreferrer\"><span style=\"font-size: 14pt;\">PDF<\/span><\/a><\/p>\n<\/td>\n<td style=\"width: 11.3886%;\" width=\"162\">\n<p><a href=\"https:\/\/teec.org.mx\/web\/wp-content\/uploads\/2020\/02\/F5_EAID_31122017.xls\" target=\"_blank\" rel=\"noopener noreferrer\"><span style=\"font-size: 14pt;\">Excel<\/span><\/a><\/p>\n<\/td>\n<\/tr>\n<tr>\n<td style=\"width: 68.1419%;\" width=\"460\">\n<p><span style=\"font-size: 14pt;\">Estado Anal\u00edtico del Ejercicio del Presupuesto de Egresos Detallado en su clasificaci\u00f3n:<\/span><\/p>\n<\/td>\n<td style=\"width: 11.8065%;\">\n<p>&nbsp;<\/p>\n<\/td>\n<td style=\"width: 11.3886%;\" width=\"162\">\n<p>&nbsp;<\/p>\n<\/td>\n<\/tr>\n<tr>\n<td style=\"width: 68.1419%;\" width=\"460\">\n<ul>\n<li><span style=\"font-size: 14pt;\">Clasificaci\u00f3n por Objeto del Gasto<\/span><\/li>\n<\/ul>\n<\/td>\n<td style=\"width: 11.8065%;\">\n<p><a href=\"https:\/\/teec.org.mx\/web\/wp-content\/uploads\/2020\/02\/6.-EAEPED-Clasificaci\u00f3n-por-Objeto-del-Gasto-4to-tri-2017.pdf\" target=\"_blank\" rel=\"noopener noreferrer\"><span style=\"font-size: 14pt;\">PDF<\/span><\/a><\/p>\n<\/td>\n<td style=\"width: 11.3886%;\" width=\"162\">\n<p><a href=\"https:\/\/teec.org.mx\/web\/wp-content\/uploads\/2020\/02\/F6a_EAEPED_COG_31122017.xls\"><span style=\"font-size: 14pt;\">Excel<\/span><\/a><\/p>\n<\/td>\n<\/tr>\n<tr>\n<td style=\"width: 68.1419%;\" width=\"460\">\n<ul>\n<li><span style=\"font-size: 14pt;\">Clasificaci\u00f3n Administrativa<\/span><\/li>\n<\/ul>\n<\/td>\n<td style=\"width: 11.8065%;\">\n<p><a href=\"https:\/\/teec.org.mx\/web\/wp-content\/uploads\/2020\/02\/7.-EAEPED-Clasificaci\u00f3n-Administrativa-4to-tri-2017.pdf\" target=\"_blank\" rel=\"noopener noreferrer\"><span style=\"font-size: 14pt;\">PDF<\/span><\/a><\/p>\n<\/td>\n<td style=\"width: 11.3886%;\" width=\"162\">\n<p><a href=\"https:\/\/teec.org.mx\/web\/wp-content\/uploads\/2020\/02\/F6b_EAEPED_CA_31122017.xls\"><span style=\"font-size: 14pt;\">Excel<\/span><\/a><\/p>\n<\/td>\n<\/tr>\n<tr>\n<td style=\"width: 68.1419%;\" width=\"460\">\n<ul>\n<li><span style=\"font-size: 14pt;\">Clasificaci\u00f3n Funcional<\/span><\/li>\n<\/ul>\n<\/td>\n<td style=\"width: 11.8065%;\">\n<p><a href=\"https:\/\/teec.org.mx\/web\/wp-content\/uploads\/2020\/02\/8.-EAEPED-Clasificaci\u00f3n-Funcional-4to-tri-2017.pdf\" target=\"_blank\" rel=\"noopener noreferrer\"><span style=\"font-size: 14pt;\">PDF<\/span><\/a><\/p>\n<\/td>\n<td style=\"width: 11.3886%;\" width=\"162\">\n<p><a href=\"https:\/\/teec.org.mx\/web\/wp-content\/uploads\/2020\/02\/F6c_EAEPED_CF_31122017.xls\"><span style=\"font-size: 14pt;\">Excel<\/span><\/a><\/p>\n<\/td>\n<\/tr>\n<tr>\n<td style=\"width: 68.1419%;\" width=\"460\">\n<ul>\n<li><span style=\"font-size: 14pt;\">Clasificaci\u00f3n de Servicios Personales por Categor\u00eda<\/span><\/li>\n<\/ul>\n<\/td>\n<td style=\"width: 11.8065%;\">\n<p><a href=\"https:\/\/teec.org.mx\/web\/wp-content\/uploads\/2020\/02\/9.-EAEPED-Clasificaci\u00f3n-de-Servicios-Personales-por-Categor\u00eda-4to-tri-2017.pdf\" target=\"_blank\" rel=\"noopener noreferrer\"><span style=\"font-size: 14pt;\">PDF<\/span><\/a><\/p>\n<\/td>\n<td style=\"width: 11.3886%;\" width=\"162\">\n<p><a href=\"https:\/\/teec.org.mx\/web\/wp-content\/uploads\/2020\/02\/F6d_EAEPED_CSPC_31122017.xlsx\"><span style=\"font-size: 14pt;\">Excel<\/span><\/a><\/p>\n<\/td>\n<\/tr>\n<tr>\n<td style=\"width: 68.1419%;\" width=\"460\">\n<p><span style=\"font-size: 14pt;\">Gu\u00eda de Cumplimiento de la Ley de Disciplina Financiera<\/span><br><br><\/p>\n<\/td>\n<td style=\"width: 11.8065%;\">\n<p><a href=\"https:\/\/teec.org.mx\/web\/wp-content\/uploads\/2020\/02\/10.-Gu\u00eda-de-Cumplimiento-de-la-Ley-de-Disciplina-Financiera-4to-tri-2017.pdf\" target=\"_blank\" rel=\"noopener noreferrer\"><span style=\"font-size: 14pt;\">PDF<\/span><\/a><\/p>\n<\/td>\n<td style=\"width: 11.3886%;\" width=\"162\">\n<p><a href=\"https:\/\/teec.org.mx\/web\/wp-content\/uploads\/2020\/02\/GuiaCumplimientoLDF_31122017.xls\"><span style=\"font-size: 14pt;\">Excel<\/span><\/a><\/p>\n<\/td>\n<\/tr>\n<\/tbody>\n<\/table>\n<p>&nbsp;<\/p>\n\n\n\n<p><\/p>\n","protected":false},"excerpt":{"rendered":"<p>Cuarto trimestre 2017 &nbsp; Estado de Situaci\u00f3n Financiera Detallado PDF Excel&nbsp; Informe Anal\u00edtico de la Deuda P\u00fablica y Otros Pasivos PDF Excel Informe Anal\u00edtico de Obligaciones Diferentes de Financiamientos PDF Excel Balance Presupuestario PDF Excel Estado Anal\u00edtico de Ingresos Detallado PDF Excel Estado Anal\u00edtico del Ejercicio del Presupuesto de Egresos Detallado en su clasificaci\u00f3n: &nbsp; [&hellip;]<\/p>\n","protected":false},"author":1,"featured_media":0,"parent":0,"menu_order":0,"comment_status":"closed","ping_status":"closed","template":"","meta":{"footnotes":""},"yst_prominent_words":[268,269,279,282,198,280,283,281],"_links":{"self":[{"href":"https:\/\/teec.org.mx\/web\/wp-json\/wp\/v2\/pages\/4719"}],"collection":[{"href":"https:\/\/teec.org.mx\/web\/wp-json\/wp\/v2\/pages"}],"about":[{"href":"https:\/\/teec.org.mx\/web\/wp-json\/wp\/v2\/types\/page"}],"author":[{"embeddable":true,"href":"https:\/\/teec.org.mx\/web\/wp-json\/wp\/v2\/users\/1"}],"replies":[{"embeddable":true,"href":"https:\/\/teec.org.mx\/web\/wp-json\/wp\/v2\/comments?post=4719"}],"version-history":[{"count":4,"href":"https:\/\/teec.org.mx\/web\/wp-json\/wp\/v2\/pages\/4719\/revisions"}],"predecessor-version":[{"id":4745,"href":"https:\/\/teec.org.mx\/web\/wp-json\/wp\/v2\/pages\/4719\/revisions\/4745"}],"wp:attachment":[{"href":"https:\/\/teec.org.mx\/web\/wp-json\/wp\/v2\/media?parent=4719"}],"wp:term":[{"taxonomy":"yst_prominent_words","embeddable":true,"href":"https:\/\/teec.org.mx\/web\/wp-json\/wp\/v2\/yst_prominent_words?post=4719"}],"curies":[{"name":"wp","href":"https:\/\/api.w.org\/{rel}","templated":true}]}}