{"id":5356,"date":"2020-04-10T12:49:31","date_gmt":"2020-04-10T17:49:31","guid":{"rendered":"https:\/\/teec.org.mx\/web\/?page_id=5356"},"modified":"2025-05-23T15:37:56","modified_gmt":"2025-05-23T21:37:56","slug":"obligaciones-comunes","status":"publish","type":"page","link":"https:\/\/teec.org.mx\/web\/obligaciones-comunes\/","title":{"rendered":"Obligaciones comunes"},"content":{"rendered":"\n<div class=\"wp-block-columns is-layout-flex wp-container-core-columns-layout-1 wp-block-columns-is-layout-flex\">\n<div class=\"wp-block-column is-layout-flow wp-block-column-is-layout-flow\" style=\"flex-basis:5%\"><\/div>\n\n\n\n<div class=\"wp-block-column is-layout-flow wp-block-column-is-layout-flow\" style=\"flex-basis:88.13%\">\n<h2 class=\"wp-block-heading\">Art\u00edculo 74<\/h2>\n\n\n\n<h4 class=\"wp-block-heading\">Obligaciones comunes<\/h4>\n\n\n\n<p>\u00a0<\/p>\n<ol style=\"list-style-type: upper-roman;\">\n<li><span style=\"font-size: 18pt;\"><a href=\"https:\/\/teec.org.mx\/web\/fraccion-i-2\/\">Marco normativo<\/a><\/span><\/li>\n<li><span style=\"font-size: 18pt;\"><a href=\"https:\/\/teec.org.mx\/web\/fraccion-ii\/\">Estructura org\u00e1nica<\/a><\/span><\/li>\n<li><span style=\"font-size: 18pt;\"><a href=\"https:\/\/teec.org.mx\/web\/fraccion-iii\/\">Facultades de cada \u00e1rea<\/a><\/span><\/li>\n<li><span style=\"font-size: 18pt;\"><a href=\"https:\/\/teec.org.mx\/web\/fraccion-iv\/\">Objetivos y metas institucionales<\/a><\/span><\/li>\n<li><span style=\"font-size: 18pt;\"><a href=\"https:\/\/teec.org.mx\/web\/fraccion-v\/\">Indicadores relacionados con temas de inter\u00e9s p\u00fablico<\/a><\/span><\/li>\n<li><span style=\"font-size: 18pt;\"><a href=\"https:\/\/teec.org.mx\/web\/fraccion-vi-2\/\">Indicadores de resultados<\/a><\/span><\/li>\n<li><span style=\"font-size: 18pt;\"><a href=\"https:\/\/teec.org.mx\/web\/fraccion-vii\/\">Directorio de servidores p\u00fablicos<\/a><\/span><\/li>\n<li><span style=\"font-size: 18pt;\"><a href=\"https:\/\/teec.org.mx\/web\/fraccion-viii\/\">Remuneraci\u00f3n bruta y neta de los servidores p\u00fablicos<\/a><\/span><\/li>\n<li><span style=\"font-size: 18pt;\"><a href=\"https:\/\/teec.org.mx\/web\/fraccion-ix\/\">Gastos de representaci\u00f3n y vi\u00e1ticos<\/a><\/span><\/li>\n<li><span style=\"font-size: 18pt;\"><a href=\"https:\/\/teec.org.mx\/web\/fraccion-x\/\">Total de plazas<\/a><\/span><\/li>\n<li><span style=\"font-size: 18pt;\"><a href=\"https:\/\/teec.org.mx\/web\/fraccion-xi\/\">Contrataci\u00f3n de servicios profesionales por honorarios<\/a><\/span><\/li>\n<li><span style=\"font-size: 18pt;\"><a href=\"https:\/\/teec.org.mx\/web\/fraccion-xii\/\">Declaraciones de Situaci\u00f3n Patrimonial y de Intereses<\/a><\/span><\/li>\n<li><span style=\"font-size: 18pt;\"><a href=\"https:\/\/teec.org.mx\/web\/fraccion-xiii\/\">Unidad de transparencia<\/a><\/span><\/li>\n<li><span style=\"font-size: 18pt;\"><a href=\"https:\/\/teec.org.mx\/web\/fraccion-xiv-2\/\">Convocatoria a concursos para ocupar cargos p\u00fablicos<\/a><\/span><\/li>\n<li><span style=\"font-size: 18pt;\"><a href=\"https:\/\/teec.org.mx\/web\/fraccion-xv\/\">Programas de subsidios, est\u00edmulos y apoyos<\/a><\/span><\/li>\n<li><span style=\"font-size: 18pt;\"><a href=\"https:\/\/teec.org.mx\/web\/fraccion-xvi\/\">Condiciones generales de trabajo<\/a><\/span><\/li>\n<li><span style=\"font-size: 18pt;\"><a href=\"https:\/\/teec.org.mx\/web\/fraccion-xvii-2\/\">Informaci\u00f3n curricular<\/a><\/span><\/li>\n<li><span style=\"font-size: 18pt;\"><a href=\"https:\/\/teec.org.mx\/web\/fraccion-xviii\/\">Listado de servidores p\u00fablicos sancionados<\/a><\/span><\/li>\n<li><span style=\"font-size: 18pt;\"><a href=\"https:\/\/teec.org.mx\/web\/fraccion-xix-2\/\">Servicios que ofrece el Tribunal Electoral<\/a><\/span><\/li>\n<li><span style=\"font-size: 18pt;\"><a href=\"https:\/\/teec.org.mx\/web\/fraccion-xx\/\">Tr\u00e1mites, requisitos y formatos que se ofrecen<\/a><\/span><\/li>\n<li><span style=\"font-size: 18pt;\"><a href=\"https:\/\/teec.org.mx\/web\/fraccion-xxi\/\">Informaci\u00f3n presupuestal<\/a><\/span><\/li>\n<li><span style=\"font-size: 18pt;\"><a href=\"https:\/\/teec.org.mx\/web\/fraccion-xxii\/\">Informaci\u00f3n de Deuda p\u00fablica<\/a><\/span><\/li>\n<li><span style=\"font-size: 18pt;\"><a href=\"https:\/\/teec.org.mx\/web\/fraccion-xxiii\/\">Monto destinado a gastos de Comunicaci\u00f3n social y publicidad<\/a><\/span><\/li>\n<li><span style=\"font-size: 18pt;\"><a href=\"https:\/\/teec.org.mx\/web\/fraccion-xxiv\/\">Informe de resultados de auditorias<\/a><\/span><\/li>\n<li><span style=\"font-size: 18pt;\"><a href=\"https:\/\/teec.org.mx\/web\/fraccion-xxv\/\">Dictamen a los estados financieros<\/a><\/span><\/li>\n<li><span style=\"font-size: 18pt;\"><a href=\"https:\/\/teec.org.mx\/web\/fraccion-xxvi\/\">Asignaci\u00f3n de recursos<\/a><\/span><\/li>\n<li><span style=\"font-size: 18pt;\"><a href=\"https:\/\/teec.org.mx\/web\/fraccion-xxvii\/\">Concesiones, contratos, convenios, permisos, licencias o autorizaciones otorgados<\/a><\/span><\/li>\n<li><span style=\"font-size: 18pt;\"><a href=\"https:\/\/teec.org.mx\/web\/fraccion-xxviii\/\">Procedimientos de adjudicaci\u00f3n directa<\/a><\/span><\/li>\n<li><span style=\"font-size: 18pt;\"><a href=\"https:\/\/teec.org.mx\/web\/fraccion-xxix\/\">Informes que se generen<\/a><\/span><\/li>\n<li><span style=\"font-size: 18pt;\"><a href=\"https:\/\/teec.org.mx\/web\/fraccion-xxx\/\">Estad\u00edsticas que se generen<\/a><\/span><\/li>\n<li><span style=\"font-size: 18pt;\"><a href=\"https:\/\/teec.org.mx\/web\/fraccion-xxxi\/\">Avances program\u00e1ticos<\/a><\/span><\/li>\n<li><span style=\"font-size: 18pt;\"><a href=\"https:\/\/teec.org.mx\/web\/fraccion-xxxii\/\">Padr\u00f3n de proveedores y contratistas<\/a><\/span><\/li>\n<li><span style=\"font-size: 18pt;\"><a href=\"https:\/\/teec.org.mx\/web\/fraccion-xxxiii\/\">Los convenios de coordinaci\u00f3n de concertaci\u00f3n con los sectores social y privados<\/a><\/span><\/li>\n<li><span style=\"font-size: 18pt;\"><a href=\"https:\/\/teec.org.mx\/web\/fraccion-xxxiv\/\">Inventario de bienes<\/a><\/span><\/li>\n<li><span style=\"font-size: 18pt;\"><a href=\"https:\/\/teec.org.mx\/web\/fraccion-xxxv\/\">Recomendaciones al Tribunal Electoral del Estado de Campeche<\/a><\/span><\/li>\n<li><span style=\"font-size: 18pt;\"><a href=\"https:\/\/teec.org.mx\/web\/fraccion-xxxvi\/\">Resoluciones y laudos<\/a><\/span><\/li>\n<li><span style=\"font-size: 18pt;\"><a href=\"https:\/\/teec.org.mx\/web\/fraccion-xxxvii\/\">Mecanismos de participaci\u00f3n ciudadana<\/a><\/span><\/li>\n<li><span style=\"font-size: 18pt;\"><a href=\"https:\/\/teec.org.mx\/web\/fraccion-xxxviii\/\">Programas que se ofrecen<\/a><\/span><\/li>\n<li><span style=\"font-size: 18pt;\"><a href=\"https:\/\/teec.org.mx\/web\/fraccion-xxxix\/\">Actas y resoluciones del Comit\u00e9<\/a><\/span><\/li>\n<li><span style=\"font-size: 18pt;\"><a href=\"https:\/\/teec.org.mx\/web\/fraccion-xl\/\">Evaluaciones y encuestas<\/a><\/span><\/li>\n<li><span style=\"font-size: 18pt;\"><a href=\"https:\/\/teec.org.mx\/web\/fraccion-xli\/\">Estudios Financiados con recursos p\u00fablicos<\/a><\/span><\/li>\n<li><span style=\"font-size: 18pt;\"><a href=\"https:\/\/teec.org.mx\/web\/fraccion-xlii\/\">Listado de Jubilados y Pensionados<\/a><\/span><\/li>\n<li><span style=\"font-size: 18pt;\"><a href=\"https:\/\/teec.org.mx\/web\/fraccion-xliii\/\">Ingresos recibidos<\/a><\/span><\/li>\n<li><span style=\"font-size: 18pt;\"><a href=\"https:\/\/teec.org.mx\/web\/fraccion-xliv\/\">Donaciones hechas a terceros en dinero o especie<\/a><\/span><\/li>\n<li><span style=\"font-size: 18pt;\"><a href=\"https:\/\/teec.org.mx\/web\/fraccion-xlv\/\">Cat\u00e1logo de disposici\u00f3n y gu\u00eda de archivo documental<\/a><\/span><\/li>\n<li><span style=\"font-size: 18pt;\"><a href=\"https:\/\/teec.org.mx\/web\/fraccion-xlvi\/\">Actas de sesiones ordinarias y extraordinarias\u00a0as\u00ed como las opiniones y recomendaciones que emitan, en su caso, los consejos consultivos<\/a><\/span><\/li>\n<li><span style=\"font-size: 18pt;\"><a href=\"https:\/\/teec.org.mx\/web\/fraccion-xlvii\/\">Listado de Solicitudes a las Empresas Concesionarias de Telecomunicaciones<\/a><\/span><\/li>\n<li><span style=\"font-size: 18pt;\"><a href=\"https:\/\/teec.org.mx\/web\/fraccion-xlviii\/\">Cualquier otra informaci\u00f3n que sea de utilidad o se considere relevante, adem\u00e1s de la que, con base en la informaci\u00f3n estad\u00edstica, responda a las preguntas hechas con m\u00e1s frecuencia por el p\u00fablico<\/a><\/span><\/li>\n<\/ol>\n<p style=\"text-align: justify;\"><span style=\"font-size: 18pt;\">\u00daltimo p\u00e1rrafo Art. 74. Rubros aplicables a la p\u00e1gina de Internet<\/span><\/p>\n<ul>\n<li style=\"list-style-type: none;\">\n<ul>\n<li><span style=\"font-size: 18pt;\"><a href=\"https:\/\/teec.org.mx\/web\/wp-content\/uploads\/2020\/02\/Ultimo-Parrafo-Art.-74.-Rubros-aplicables-1er-tri-2018.xlsx\" data-title=\" \">2018 (anual)<\/a><\/span><\/li>\n<li><span style=\"font-size: 18pt;\"><a href=\"https:\/\/teec.org.mx\/web\/wp-content\/uploads\/2020\/03\/F.Ult_Parrafo-anual-2019.xlsx\" data-title=\" \">2019 (anual)<\/a><\/span><\/li>\n<li><span style=\"font-size: 18pt;\"><a href=\"https:\/\/teec.org.mx\/web\/wp-content\/uploads\/2020\/09\/FUlt-Parrafo-anual-actualizado-2020.xlsx\">2020 (anual)<\/a><\/span><\/li>\n<li><a href=\"https:\/\/teec.org.mx\/web\/wp-content\/uploads\/2021\/04\/FUlt_Parrafo-anual-2021.xlsx\" target=\"_blank\" rel=\"noopener\"><span style=\"font-size: 18pt;\">2021 (anual)<\/span><\/a><\/li>\n<li><a href=\"https:\/\/teec.org.mx\/web\/wp-content\/uploads\/2022\/05\/FUlt-Parrafo-anual-2022.xlsx\" target=\"_blank\" rel=\"noopener\"><span style=\"font-size: 18pt;\">2022 (anual)<\/span><\/a><\/li>\n<li><a href=\"https:\/\/teec.org.mx\/web\/wp-content\/uploads\/2023\/08\/FUlt-Parrafo-anual-2023.xlsx\"><span style=\"font-size: 18pt;\">2023 (anual)<\/span><\/a><\/li>\n<li><a href=\"https:\/\/teec.org.mx\/web\/wp-content\/uploads\/2024\/06\/Ultimo-parrafo-anual-tri-2024.xlsx\"><span style=\"font-size: 18pt;\">2024 (anual)<\/span><\/a><\/li>\n<li><a href=\"https:\/\/teec.org.mx\/web\/wp-content\/uploads\/2025\/05\/FUlt-Parrafo-anual-2025.xlsx\" target=\"_blank\" rel=\"noopener\"><span style=\"font-size: 18pt;\">2025 (anual)<\/span><\/a><\/li>\n<\/ul>\n<\/li>\n<\/ul>\n<p>\u00a0<\/p>\n<\/div>\n\n\n\n<div class=\"wp-block-column is-layout-flow wp-block-column-is-layout-flow\" style=\"flex-basis:6.88%\"><\/div>\n<\/div>\n","protected":false},"excerpt":{"rendered":"<p>Art\u00edculo 74 Obligaciones comunes \u00a0 Marco normativo Estructura org\u00e1nica Facultades de cada \u00e1rea Objetivos y metas institucionales Indicadores relacionados con temas de inter\u00e9s p\u00fablico Indicadores de resultados Directorio de servidores p\u00fablicos Remuneraci\u00f3n bruta y neta de los servidores p\u00fablicos Gastos de representaci\u00f3n y vi\u00e1ticos Total de plazas Contrataci\u00f3n de servicios profesionales por honorarios Declaraciones de [&hellip;]<\/p>\n","protected":false},"author":1,"featured_media":0,"parent":0,"menu_order":0,"comment_status":"closed","ping_status":"closed","template":"","meta":{"footnotes":""},"yst_prominent_words":[542,383,677,43,859,274,178,858,935,860,195,191,486,668,203,197,189,202,63,25],"_links":{"self":[{"href":"https:\/\/teec.org.mx\/web\/wp-json\/wp\/v2\/pages\/5356"}],"collection":[{"href":"https:\/\/teec.org.mx\/web\/wp-json\/wp\/v2\/pages"}],"about":[{"href":"https:\/\/teec.org.mx\/web\/wp-json\/wp\/v2\/types\/page"}],"author":[{"embeddable":true,"href":"https:\/\/teec.org.mx\/web\/wp-json\/wp\/v2\/users\/1"}],"replies":[{"embeddable":true,"href":"https:\/\/teec.org.mx\/web\/wp-json\/wp\/v2\/comments?post=5356"}],"version-history":[{"count":74,"href":"https:\/\/teec.org.mx\/web\/wp-json\/wp\/v2\/pages\/5356\/revisions"}],"predecessor-version":[{"id":29245,"href":"https:\/\/teec.org.mx\/web\/wp-json\/wp\/v2\/pages\/5356\/revisions\/29245"}],"wp:attachment":[{"href":"https:\/\/teec.org.mx\/web\/wp-json\/wp\/v2\/media?parent=5356"}],"wp:term":[{"taxonomy":"yst_prominent_words","embeddable":true,"href":"https:\/\/teec.org.mx\/web\/wp-json\/wp\/v2\/yst_prominent_words?post=5356"}],"curies":[{"name":"wp","href":"https:\/\/api.w.org\/{rel}","templated":true}]}}