{"id":5469,"date":"2020-04-22T14:46:10","date_gmt":"2020-04-22T19:46:10","guid":{"rendered":"https:\/\/teec.org.mx\/web\/?page_id=5469"},"modified":"2025-05-09T11:28:50","modified_gmt":"2025-05-09T17:28:50","slug":"fraccion-xxic","status":"publish","type":"page","link":"https:\/\/teec.org.mx\/web\/fraccion-xxic\/","title":{"rendered":"Fracci\u00f3n XXIc"},"content":{"rendered":"\n<div class=\"wp-block-columns is-layout-flex wp-container-core-columns-layout-1 wp-block-columns-is-layout-flex\">\n<div class=\"wp-block-column is-layout-flow wp-block-column-is-layout-flow\" style=\"flex-basis:5.7%\"><\/div>\n\n\n\n<div class=\"wp-block-column is-layout-flow wp-block-column-is-layout-flow\" style=\"flex-basis:89.3%\">\n<h4 class=\"wp-block-heading\">Fracci\u00f3n XXIc<\/h4>\n\n\n\n<h3 class=\"wp-block-heading\">Informaci\u00f3n financiera (cuenta p\u00fablica)<\/h3>\n\n\n\n<p>&nbsp;<\/p>\n<h2 style=\"text-align: center;\">Ejercicios<\/h2>\n<\/div>\n\n\n\n<div class=\"wp-block-column is-layout-flow wp-block-column-is-layout-flow\" style=\"flex-basis:5%\"><\/div>\n<\/div>\n\n\n\n<div class=\"wp-block-columns is-layout-flex wp-container-core-columns-layout-2 wp-block-columns-is-layout-flex\">\n<div class=\"wp-block-column is-layout-flow wp-block-column-is-layout-flow\" style=\"flex-basis:40%\"><\/div>\n\n\n\n<div class=\"wp-block-column is-layout-flow wp-block-column-is-layout-flow\" style=\"flex-basis:60%\">\n<p>\u00a0<\/p>\n<table style=\"border-collapse: collapse; width: 100%; height: 182px;\">\n<tbody>\n<tr>\n<td style=\"width: 41.4027%; text-align: center; vertical-align: middle;\"><span style=\"font-size: 18pt;\">2024<\/span><\/td>\n<td style=\"width: 58.5973%; text-align: center; vertical-align: middle;\"><a href=\"https:\/\/teec.org.mx\/web\/wp-content\/uploads\/2025\/05\/Cuenta-Publica-2024-TEEC.pdf\" target=\"_blank\" rel=\"noopener\"><span style=\"font-size: 18pt;\">Cuenta P\u00fablica 2024<\/span><\/a><\/td>\n<\/tr>\n<tr>\n<td style=\"width: 41.4027%; text-align: center; vertical-align: middle;\"><span style=\"font-size: 18pt;\">2023<\/span><\/td>\n<td style=\"width: 58.5973%; text-align: center; vertical-align: middle;\"><a href=\"https:\/\/teec.org.mx\/web\/wp-content\/uploads\/2024\/05\/Cuenta-Publica-2023-TEEC-10-05-2024.pdf\" target=\"_blank\" rel=\"noopener\"><span style=\"font-size: 18pt;\">Cuenta P\u00fablica 2023<\/span><\/a><\/td>\n<\/tr>\n<tr>\n<td style=\"width: 41.4027%; text-align: center; vertical-align: middle;\"><span style=\"font-size: 18pt;\">2022<\/span><\/td>\n<td style=\"width: 58.5973%; text-align: center; vertical-align: middle;\"><a href=\"https:\/\/teec.org.mx\/web\/wp-content\/uploads\/2023\/11\/Cuenta-Publica-TEEC-2022.pdf\" target=\"_blank\" rel=\"noopener\"><span style=\"font-size: 18pt;\">Cuenta P\u00fablica 2022<\/span><\/a><\/td>\n<\/tr>\n<tr>\n<td style=\"width: 41.4027%; text-align: center; vertical-align: middle;\"><span style=\"font-size: 18pt;\">2021<\/span><\/td>\n<td style=\"width: 58.5973%; text-align: center; vertical-align: middle;\"><a href=\"https:\/\/teec.org.mx\/web\/wp-content\/uploads\/2022\/07\/Cuenta-Publica-2021.pdf\" target=\"_blank\" rel=\"noopener\"><span style=\"font-size: 18pt;\">Cuenta P\u00fablica 2021<\/span><\/a><\/td>\n<\/tr>\n<tr style=\"height: 22px;\">\n<td style=\"width: 41.4027%; height: 22px; text-align: center; vertical-align: middle;\"><span style=\"font-size: 18pt;\">2020<\/span><\/td>\n<td style=\"width: 58.5973%; height: 22px; text-align: center; vertical-align: middle;\"><a href=\"https:\/\/teec.org.mx\/web\/wp-content\/uploads\/2021\/04\/Cuenta-Publica-TEEC-2020.pdf\" target=\"_blank\" rel=\"noopener\"><span style=\"font-size: 18pt;\">Cuenta P\u00fablica 2020<\/span><\/a><\/td>\n<\/tr>\n<tr style=\"height: 22px;\">\n<td style=\"width: 41.4027%; height: 22px; text-align: center; vertical-align: middle;\"><span style=\"font-size: 18pt;\">2019<\/span><\/td>\n<td style=\"width: 58.5973%; height: 22px; text-align: center; vertical-align: middle;\"><span style=\"font-size: 18pt;\"><a href=\"https:\/\/teec.org.mx\/web\/wp-content\/uploads\/2020\/07\/Cuenta-P\u00fablica-TEEC-2019.pdf\" target=\"_blank\" rel=\"noopener noreferrer\">Cuenta P\u00fablica 2019<\/a><\/span><\/td>\n<\/tr>\n<tr style=\"height: 22px;\">\n<td style=\"width: 41.4027%; height: 22px; text-align: center; vertical-align: middle;\"><span style=\"font-size: 18pt;\">2018<\/span><\/td>\n<td style=\"width: 58.5973%; height: 22px; text-align: center; vertical-align: middle;\"><span style=\"font-size: 18pt;\"><a href=\"https:\/\/teec.org.mx\/web\/wp-content\/uploads\/2020\/07\/Cuenta-P\u00fablica-TEEC-2018.pdf\" target=\"_blank\" rel=\"noopener noreferrer\">Cuenta P\u00fablica 2018<\/a><\/span><\/td>\n<\/tr>\n<tr style=\"height: 22px;\">\n<td style=\"width: 41.4027%; height: 22px; text-align: center; vertical-align: middle;\"><span style=\"font-size: 18pt;\">2017<\/span><\/td>\n<td style=\"width: 58.5973%; height: 22px; text-align: center; vertical-align: middle;\"><span style=\"font-size: 18pt;\"><a href=\"https:\/\/teec.org.mx\/web\/wp-content\/uploads\/2020\/07\/Cuenta-P\u00fablica-TEEC-2017.pdf\" target=\"_blank\" rel=\"noopener noreferrer\">Cuenta P\u00fablica 2017<\/a><\/span><\/td>\n<\/tr>\n<tr style=\"height: 22px;\">\n<td style=\"width: 41.4027%; height: 22px; text-align: center; vertical-align: middle;\"><span style=\"font-size: 18pt;\">2016<\/span><\/td>\n<td style=\"width: 58.5973%; height: 22px; text-align: center; vertical-align: middle;\"><span style=\"font-size: 18pt;\"><a href=\"https:\/\/teec.org.mx\/web\/wp-content\/uploads\/2020\/07\/Cuenta-Publica-TEEC-2016.pdf\" target=\"_blank\" rel=\"noopener noreferrer\">Cuenta P\u00fablica 2016<\/a><\/span><\/td>\n<\/tr>\n<tr style=\"height: 22px;\">\n<td style=\"width: 41.4027%; height: 22px; text-align: center; vertical-align: middle;\"><span style=\"font-size: 18pt;\">2015<\/span><\/td>\n<td style=\"width: 58.5973%; height: 22px; text-align: center; vertical-align: middle;\"><span style=\"font-size: 18pt;\"><a href=\"https:\/\/teec.org.mx\/web\/wp-content\/uploads\/2020\/07\/Cuenta-P\u00fablica-TEEC-2015.pdf\" target=\"_blank\" rel=\"noopener noreferrer\">Cuenta P\u00fablica 2015<\/a><\/span><\/td>\n<\/tr>\n<tr style=\"height: 50px;\">\n<td style=\"width: 41.4027%; text-align: center; vertical-align: middle; height: 50px;\"><span style=\"font-size: 18pt;\">2014<\/span><\/td>\n<td style=\"width: 58.5973%; text-align: center; vertical-align: middle; height: 50px;\"><span style=\"font-size: 18pt;\"><a href=\"https:\/\/teec.org.mx\/web\/wp-content\/uploads\/2020\/07\/Cuenta-P\u00fablica-TEEC-2014.pdf\" target=\"_blank\" rel=\"noopener noreferrer\">Cuenta P\u00fablica 2014<\/a><\/span><\/td>\n<\/tr>\n<\/tbody>\n<\/table>\n<p>\u00a0<\/p>\n<\/div>\n\n\n\n<div class=\"wp-block-column is-layout-flow wp-block-column-is-layout-flow\" style=\"flex-basis:40%\"><\/div>\n<\/div>\n","protected":false},"excerpt":{"rendered":"<p>Fracci\u00f3n XXIc Informaci\u00f3n financiera (cuenta p\u00fablica) &nbsp; Ejercicios \u00a0 2024 Cuenta P\u00fablica 2024 2023 Cuenta P\u00fablica 2023 2022 Cuenta P\u00fablica 2022 2021 Cuenta P\u00fablica 2021 2020 Cuenta P\u00fablica 2020 2019 Cuenta P\u00fablica 2019 2018 Cuenta P\u00fablica 2018 2017 Cuenta P\u00fablica 2017 2016 Cuenta P\u00fablica 2016 2015 Cuenta P\u00fablica 2015 2014 Cuenta P\u00fablica 2014 \u00a0<\/p>\n","protected":false},"author":1,"featured_media":0,"parent":0,"menu_order":0,"comment_status":"closed","ping_status":"closed","template":"","meta":{"footnotes":""},"yst_prominent_words":[440,448,174,169,170,234,148,632,631,252],"_links":{"self":[{"href":"https:\/\/teec.org.mx\/web\/wp-json\/wp\/v2\/pages\/5469"}],"collection":[{"href":"https:\/\/teec.org.mx\/web\/wp-json\/wp\/v2\/pages"}],"about":[{"href":"https:\/\/teec.org.mx\/web\/wp-json\/wp\/v2\/types\/page"}],"author":[{"embeddable":true,"href":"https:\/\/teec.org.mx\/web\/wp-json\/wp\/v2\/users\/1"}],"replies":[{"embeddable":true,"href":"https:\/\/teec.org.mx\/web\/wp-json\/wp\/v2\/comments?post=5469"}],"version-history":[{"count":15,"href":"https:\/\/teec.org.mx\/web\/wp-json\/wp\/v2\/pages\/5469\/revisions"}],"predecessor-version":[{"id":29018,"href":"https:\/\/teec.org.mx\/web\/wp-json\/wp\/v2\/pages\/5469\/revisions\/29018"}],"wp:attachment":[{"href":"https:\/\/teec.org.mx\/web\/wp-json\/wp\/v2\/media?parent=5469"}],"wp:term":[{"taxonomy":"yst_prominent_words","embeddable":true,"href":"https:\/\/teec.org.mx\/web\/wp-json\/wp\/v2\/yst_prominent_words?post=5469"}],"curies":[{"name":"wp","href":"https:\/\/api.w.org\/{rel}","templated":true}]}}