{"id":5591,"date":"2020-04-27T15:00:40","date_gmt":"2020-04-27T20:00:40","guid":{"rendered":"https:\/\/teec.org.mx\/web\/?page_id=5591"},"modified":"2026-02-04T14:03:55","modified_gmt":"2026-02-04T20:03:55","slug":"fraccion-vii","status":"publish","type":"page","link":"https:\/\/teec.org.mx\/web\/fraccion-vii\/","title":{"rendered":"Fracci\u00f3n VII"},"content":{"rendered":"\n<div class=\"wp-block-columns is-layout-flex wp-container-core-columns-layout-1 wp-block-columns-is-layout-flex\">\n<div class=\"wp-block-column is-layout-flow wp-block-column-is-layout-flow\" style=\"flex-basis:5%\"><\/div>\n\n\n\n<div class=\"wp-block-column is-layout-flow wp-block-column-is-layout-flow\" style=\"flex-basis:89.2%\">\n<h4 class=\"wp-block-heading\">Fracci\u00f3n VII<\/h4>\n\n\n\n<h3 class=\"wp-block-heading\">Directorio de servidores p\u00fablicos<\/h3>\n\n\n\n<div class=\"wp-block-buttons is-layout-flex wp-block-buttons-is-layout-flex\">\n<div class=\"wp-block-button is-style-fill\"><a class=\"wp-block-button__link has-white-color has-text-color has-background wp-element-button\" href=\"https:\/\/teec.org.mx\/web\/wp-content\/uploads\/2026\/02\/Fraccion-VII-4to-tri-2025.zip\" style=\"background-color:#020b43\"><strong>Descargar formatos SIPOT_PNT<\/strong><\/a><\/div>\n<\/div>\n<\/div>\n\n\n\n<div class=\"wp-block-column is-layout-flow wp-block-column-is-layout-flow\" style=\"flex-basis:5%\"><\/div>\n<\/div>\n\n\n\n<div class=\"wp-block-columns is-layout-flex wp-container-core-columns-layout-2 wp-block-columns-is-layout-flex\">\n<div class=\"wp-block-column is-layout-flow wp-block-column-is-layout-flow\" style=\"flex-basis:15%\"><\/div>\n\n\n\n<div class=\"wp-block-column is-layout-flow wp-block-column-is-layout-flow\" style=\"flex-basis:70%\">\n<p>&nbsp;<\/p>\n<p style=\"text-align: justify;\"><span style=\"font-size: 24pt;\"><a href=\"https:\/\/teec.org.mx\/web\/wp-content\/uploads\/2022\/04\/Directorio-Servidores-Publicos-TEEC-2022.pdf\" target=\"_blank\" rel=\"noopener\">Directorio de Servidores P\u00fablicos<\/a>&nbsp;<\/span><\/p>\n<p>&nbsp;<\/p>\n<table style=\"border-collapse: collapse; width: 100%; height: 195px;\">\n<tbody>\n<tr style=\"height: 23px;\">\n<td style=\"width: 100%; height: 23px; background-color: #020b43; text-align: center; vertical-align: middle;\"><span style=\"font-size: 18pt;\"><strong><span style=\"color: #ffffff;\">Extensi\u00f3n 106<\/span><\/strong><\/span><\/td>\n<\/tr>\n<tr style=\"height: 172px;\">\n<td style=\"width: 100%; height: 172px;\">\n<p style=\"text-align: center;\"><strong><span style=\"font-size: 14pt;\">Magistrado Presidente<\/span><\/strong><\/p>\n<p style=\"text-align: center;\"><span style=\"font-size: 14pt;\">Dr. Francisco Javier Ac Ord\u00f3\u00f1ez<\/span><\/p>\n<p style=\"text-align: center;\"><span style=\"font-size: 14pt;\">fjac@teec.mx<\/span><\/p>\n<\/td>\n<\/tr>\n<\/tbody>\n<\/table>\n<p>&nbsp;<\/p>\n<table style=\"border-collapse: collapse; width: 100%; height: 203px;\">\n<tbody>\n<tr style=\"height: 31px;\">\n<td style=\"width: 50%; background-color: #020b43; text-align: center; vertical-align: middle; height: 31px;\"><span style=\"color: #ffffff;\"><strong><span style=\"font-size: 18pt;\">Extensi\u00f3n 102<\/span><\/strong><\/span><\/td>\n<td style=\"width: 50%; background-color: #020b43; text-align: center; vertical-align: middle; height: 31px;\"><span style=\"color: #ffffff;\"><strong><span style=\"font-size: 18pt;\">Extensi\u00f3n 105<\/span><\/strong><\/span><\/td>\n<\/tr>\n<tr style=\"height: 172px;\">\n<td style=\"width: 50%; height: 172px;\">\n<p style=\"text-align: center;\"><strong>Magistrada&nbsp;<\/strong><\/p>\n<p style=\"text-align: center;\">Mtra. Mar\u00eda Eugenia Villa Torres<\/p>\n<p style=\"text-align: center;\">mvilla@teec.mx<\/p>\n<\/td>\n<td style=\"width: 50%; height: 172px;\">\n<p style=\"text-align: center;\"><strong>Magistrada&nbsp;<\/strong><\/p>\n<p style=\"text-align: center;\">Dra. Ingrid Ren\u00e9e P\u00e9rez Campos<\/p>\n<p style=\"text-align: center;\">iperez@teec.mx<\/p>\n<\/td>\n<\/tr>\n<\/tbody>\n<\/table>\n<p>&nbsp;<\/p>\n<table style=\"border-collapse: collapse; width: 100%;\">\n<tbody>\n<tr>\n<td style=\"width: 100%; background-color: #020b43; text-align: center; vertical-align: middle;\"><span style=\"font-size: 18pt;\"><strong><span style=\"color: #ffffff;\">Extensi\u00f3n 109<\/span><\/strong><\/span><\/td>\n<\/tr>\n<tr>\n<td style=\"width: 100%;\">\n<p style=\"text-align: center;\"><strong><span style=\"font-size: 14pt;\">Secretario General de Acuerdos<\/span><\/strong><\/p>\n<p style=\"text-align: center;\"><span style=\"font-size: 14pt;\">Mtro. David Antonio Hern\u00e1ndez Flores<\/span><\/p>\n<p style=\"text-align: center;\"><span style=\"font-size: 14pt;\">sga@teec.mx<\/span><\/p>\n<\/td>\n<\/tr>\n<\/tbody>\n<\/table>\n<p>&nbsp;<\/p>\n<table style=\"border-collapse: collapse; width: 100%; height: 46px;\">\n<tbody>\n<tr style=\"height: 23px;\">\n<td style=\"width: 100%; height: 23px; background-color: #020b43; text-align: center; vertical-align: middle;\"><strong><span style=\"font-size: 18pt; color: #ffffff;\">Extensi\u00f3n 108<\/span><\/strong><\/td>\n<\/tr>\n<tr style=\"height: 23px;\">\n<td style=\"width: 100%; height: 23px;\">\n<p style=\"text-align: center;\"><span style=\"font-size: 18.6667px;\"><b>Contralor\u00eda<\/b><\/span><strong><span style=\"font-size: 14pt;\">&nbsp;Interna<\/span><\/strong><\/p>\n<p style=\"text-align: center;\"><span style=\"font-size: 14pt;\">C. P. Mar\u00eda del Pilar Bastos Serrano<\/span><\/p>\n<p style=\"text-align: center;\"><span style=\"font-size: 14pt;\">contraloria@teec.mx<\/span><\/p>\n<\/td>\n<\/tr>\n<\/tbody>\n<\/table>\n<p>&nbsp;<\/p>\n<table style=\"border-collapse: collapse; width: 100%; height: 46px;\">\n<tbody>\n<tr style=\"height: 23px;\">\n<td style=\"width: 100%; height: 23px; background-color: #020b43; text-align: center; vertical-align: middle;\"><strong><span style=\"font-size: 18pt; color: #ffffff;\">Extensi\u00f3n 101<\/span><\/strong><\/td>\n<\/tr>\n<tr style=\"height: 23px;\">\n<td style=\"width: 100%; height: 23px;\">\n<p style=\"text-align: center;\"><strong><span style=\"font-size: 14pt;\">Direcci\u00f3n de Transparencia y Comunicaci\u00f3n Social<\/span><\/strong><\/p>\n<p style=\"text-align: center;\"><span style=\"font-size: 14pt;\">Mtro. Juan Luis Renedo Mart\u00ednez<\/span><\/p>\n<p style=\"text-align: center;\"><span style=\"font-size: 14pt;\">jrenedo@teec.mx<\/span><\/p>\n<\/td>\n<\/tr>\n<\/tbody>\n<\/table>\n<p>&nbsp;<\/p>\n<table style=\"border-collapse: collapse; width: 100%; height: 46px;\">\n<tbody>\n<tr style=\"height: 23px;\">\n<td style=\"width: 100%; height: 23px; background-color: #020b43; text-align: center; vertical-align: middle;\"><strong><span style=\"font-size: 18pt; color: #ffffff;\">Extensi\u00f3n 111<\/span><\/strong><\/td>\n<\/tr>\n<tr style=\"height: 23px;\">\n<td style=\"width: 100%; height: 23px;\">\n<p style=\"text-align: center;\"><strong><span style=\"font-size: 14pt;\">Direcci\u00f3n Administrativa<\/span><\/strong><\/p>\n<p style=\"text-align: center;\"><span style=\"font-size: 14pt;\">Mtra. Rosa Elena Arredondo Cervera<\/span><\/p>\n<p style=\"text-align: center;\">&nbsp;<\/p>\n<\/td>\n<\/tr>\n<\/tbody>\n<\/table>\n<p>&nbsp;<\/p>\n<table style=\"border-collapse: collapse; width: 100%; height: 50px;\">\n<tbody>\n<tr style=\"height: 23px;\">\n<td style=\"width: 100%; height: 27px; background-color: #020b43; text-align: center; vertical-align: middle;\"><strong><span style=\"font-size: 18pt; color: #ffffff;\">Extensi\u00f3n 110<\/span><\/strong><\/td>\n<\/tr>\n<tr style=\"height: 23px;\">\n<td style=\"width: 100%; height: 23px;\">\n<p style=\"text-align: center;\"><strong><span style=\"font-size: 14pt;\">Inform\u00e1tica<\/span><\/strong><\/p>\n<p style=\"text-align: center;\"><span style=\"font-size: 14pt;\">Ing. Paola Celeste Borges C\u00e1mara<\/span><\/p>\n<p style=\"text-align: center;\"><span style=\"font-size: 14pt;\">pborges@teec.mx<\/span><\/p>\n<\/td>\n<\/tr>\n<\/tbody>\n<\/table>\n<p>&nbsp;<\/p>\n\n\n\n<p><\/p>\n<\/div>\n\n\n\n<div class=\"wp-block-column is-layout-flow wp-block-column-is-layout-flow\" style=\"flex-basis:15%\"><\/div>\n<\/div>\n\n\n\n<p><\/p>\n","protected":false},"excerpt":{"rendered":"<p>Fracci\u00f3n VII Directorio de servidores p\u00fablicos &nbsp; Directorio de Servidores P\u00fablicos&nbsp; &nbsp; Extensi\u00f3n 106 Magistrado Presidente Dr. Francisco Javier Ac Ord\u00f3\u00f1ez fjac@teec.mx &nbsp; Extensi\u00f3n 102 Extensi\u00f3n 105 Magistrada&nbsp; Mtra. Mar\u00eda Eugenia Villa Torres mvilla@teec.mx Magistrada&nbsp; Dra. Ingrid Ren\u00e9e P\u00e9rez Campos iperez@teec.mx &nbsp; Extensi\u00f3n 109 Secretario General de Acuerdos Mtro. David Antonio Hern\u00e1ndez Flores sga@teec.mx &nbsp; [&hellip;]<\/p>\n","protected":false},"author":1,"featured_media":0,"parent":0,"menu_order":0,"comment_status":"closed","ping_status":"closed","template":"","meta":{"footnotes":""},"yst_prominent_words":[84,86,125,124,565,191,197,189],"_links":{"self":[{"href":"https:\/\/teec.org.mx\/web\/wp-json\/wp\/v2\/pages\/5591"}],"collection":[{"href":"https:\/\/teec.org.mx\/web\/wp-json\/wp\/v2\/pages"}],"about":[{"href":"https:\/\/teec.org.mx\/web\/wp-json\/wp\/v2\/types\/page"}],"author":[{"embeddable":true,"href":"https:\/\/teec.org.mx\/web\/wp-json\/wp\/v2\/users\/1"}],"replies":[{"embeddable":true,"href":"https:\/\/teec.org.mx\/web\/wp-json\/wp\/v2\/comments?post=5591"}],"version-history":[{"count":91,"href":"https:\/\/teec.org.mx\/web\/wp-json\/wp\/v2\/pages\/5591\/revisions"}],"predecessor-version":[{"id":32663,"href":"https:\/\/teec.org.mx\/web\/wp-json\/wp\/v2\/pages\/5591\/revisions\/32663"}],"wp:attachment":[{"href":"https:\/\/teec.org.mx\/web\/wp-json\/wp\/v2\/media?parent=5591"}],"wp:term":[{"taxonomy":"yst_prominent_words","embeddable":true,"href":"https:\/\/teec.org.mx\/web\/wp-json\/wp\/v2\/yst_prominent_words?post=5591"}],"curies":[{"name":"wp","href":"https:\/\/api.w.org\/{rel}","templated":true}]}}