{"id":5693,"date":"2020-04-28T11:25:31","date_gmt":"2020-04-28T16:25:31","guid":{"rendered":"https:\/\/teec.org.mx\/web\/?page_id=5693"},"modified":"2026-02-04T13:57:17","modified_gmt":"2026-02-04T19:57:17","slug":"fraccion-xii","status":"publish","type":"page","link":"https:\/\/teec.org.mx\/web\/fraccion-xii\/","title":{"rendered":"Fracci\u00f3n XII"},"content":{"rendered":"\n<div class=\"wp-block-columns is-layout-flex wp-container-core-columns-layout-1 wp-block-columns-is-layout-flex\">\n<div class=\"wp-block-column is-layout-flow wp-block-column-is-layout-flow\" style=\"flex-basis:5%\"><\/div>\n\n\n\n<div class=\"wp-block-column is-layout-flow wp-block-column-is-layout-flow\" style=\"flex-basis:89.2%\">\n<h5 class=\"wp-block-heading\">Fracci\u00f3n XII<\/h5>\n\n\n\n<h3 class=\"wp-block-heading\">Declaraciones de Situaci\u00f3n Patrimonial y de Intereses<\/h3>\n\n\n\n<div class=\"wp-block-buttons is-layout-flex wp-block-buttons-is-layout-flex\">\n<div class=\"wp-block-button is-style-fill\"><a class=\"wp-block-button__link has-white-color has-text-color has-background wp-element-button\" href=\"https:\/\/teec.org.mx\/web\/wp-content\/uploads\/2026\/02\/Fraccion-XII-4to-tri-2025.zip\" style=\"background-color:#020b43\"><span style=\"color:#ffffff\" class=\"tadv-color\">Descargar formatos SIPOT_PNT<\/span><\/a><\/div>\n<\/div>\n\n\n\n<p>&nbsp;<\/p>\n<p style=\"text-align: justify;\"><span style=\"font-size: 18pt;\">Las declaraciones patrimoniales y de intereses ser\u00e1n p\u00fablicas salvo los rubros cuya publicidad pueda afectar la vida privada o los datos personales protegidos por la Constituci\u00f3n. Para tal efecto, el Comit\u00e9 Coordinador, a propuesta del Comit\u00e9 de Participaci\u00f3n Ciudadana, emitir\u00e1 los formatos respectivos, garantizando que los rubros que pudieran afectar los derechos aludidos queden en resguardo de las autoridades competentes. Art\u00edculo 29 de la Ley General de Responsabilidades Administrativas.<\/span><\/p>\n<p>&nbsp;<\/p>\n\n\n\n<p><\/p>\n<\/div>\n\n\n\n<div class=\"wp-block-column is-layout-flow wp-block-column-is-layout-flow\" style=\"flex-basis:5%\"><\/div>\n<\/div>\n\n\n\n<div class=\"wp-block-buttons is-content-justification-center is-layout-flex wp-container-core-buttons-layout-2 wp-block-buttons-is-layout-flex\"><\/div>\n","protected":false},"excerpt":{"rendered":"<p>Fracci\u00f3n XII Declaraciones de Situaci\u00f3n Patrimonial y de Intereses &nbsp; Las declaraciones patrimoniales y de intereses ser\u00e1n p\u00fablicas salvo los rubros cuya publicidad pueda afectar la vida privada o los datos personales protegidos por la Constituci\u00f3n. Para tal efecto, el Comit\u00e9 Coordinador, a propuesta del Comit\u00e9 de Participaci\u00f3n Ciudadana, emitir\u00e1 los formatos respectivos, garantizando que [&hellip;]<\/p>\n","protected":false},"author":1,"featured_media":0,"parent":0,"menu_order":0,"comment_status":"closed","ping_status":"closed","template":"","meta":{"footnotes":""},"yst_prominent_words":[785,580,429],"_links":{"self":[{"href":"https:\/\/teec.org.mx\/web\/wp-json\/wp\/v2\/pages\/5693"}],"collection":[{"href":"https:\/\/teec.org.mx\/web\/wp-json\/wp\/v2\/pages"}],"about":[{"href":"https:\/\/teec.org.mx\/web\/wp-json\/wp\/v2\/types\/page"}],"author":[{"embeddable":true,"href":"https:\/\/teec.org.mx\/web\/wp-json\/wp\/v2\/users\/1"}],"replies":[{"embeddable":true,"href":"https:\/\/teec.org.mx\/web\/wp-json\/wp\/v2\/comments?post=5693"}],"version-history":[{"count":35,"href":"https:\/\/teec.org.mx\/web\/wp-json\/wp\/v2\/pages\/5693\/revisions"}],"predecessor-version":[{"id":32658,"href":"https:\/\/teec.org.mx\/web\/wp-json\/wp\/v2\/pages\/5693\/revisions\/32658"}],"wp:attachment":[{"href":"https:\/\/teec.org.mx\/web\/wp-json\/wp\/v2\/media?parent=5693"}],"wp:term":[{"taxonomy":"yst_prominent_words","embeddable":true,"href":"https:\/\/teec.org.mx\/web\/wp-json\/wp\/v2\/yst_prominent_words?post=5693"}],"curies":[{"name":"wp","href":"https:\/\/api.w.org\/{rel}","templated":true}]}}