{"id":5714,"date":"2020-04-28T14:03:14","date_gmt":"2020-04-28T19:03:14","guid":{"rendered":"https:\/\/teec.org.mx\/web\/?page_id=5714"},"modified":"2021-01-21T13:48:00","modified_gmt":"2021-01-21T19:48:00","slug":"fraccion-xv","status":"publish","type":"page","link":"https:\/\/teec.org.mx\/web\/fraccion-xv\/","title":{"rendered":"Fracci\u00f3n XV"},"content":{"rendered":"\n<div class=\"wp-block-columns is-layout-flex wp-container-core-columns-layout-1 wp-block-columns-is-layout-flex\">\n<div class=\"wp-block-column is-layout-flow wp-block-column-is-layout-flow\" style=\"flex-basis:5%\"><\/div>\n\n\n\n<div class=\"wp-block-column is-layout-flow wp-block-column-is-layout-flow\" style=\"flex-basis:89.2%\">\n<h4 class=\"wp-block-heading\">Fracci\u00f3n XV<\/h4>\n\n\n\n<h2 class=\"wp-block-heading\">Programas de subsidios, est\u00edmulos y apoyos<\/h2>\n<\/div>\n\n\n\n<div class=\"wp-block-column is-layout-flow wp-block-column-is-layout-flow\" style=\"flex-basis:5%\"><\/div>\n<\/div>\n\n\n\n<div class=\"wp-block-columns is-layout-flex wp-container-core-columns-layout-2 wp-block-columns-is-layout-flex\">\n<div class=\"wp-block-column is-layout-flow wp-block-column-is-layout-flow\" style=\"flex-basis:15%\"><\/div>\n\n\n\n<div class=\"wp-block-column is-layout-flow wp-block-column-is-layout-flow\" style=\"flex-basis:60%\">\n<p>&nbsp;<\/p>\n<p><em><strong><span style=\"font-size: 18pt;\">No Aplica<\/span><\/strong><\/em><\/p>\n<p style=\"text-align: justify;\"><span style=\"font-size: 18pt;\"><em>Toda vez que no es parte del objeto ni de las atribuciones jur\u00eddico-administrativas del Tribunal Electoral del Estado de Campeche, establecido el art. 621 Ley de Instituciones y Procedimientos Electorales del Estado de Campeche.<\/em><\/span><\/p>\n<p>&nbsp;<\/p>\n<\/div>\n\n\n\n<div class=\"wp-block-column is-layout-flow wp-block-column-is-layout-flow\" style=\"flex-basis:15%\"><\/div>\n<\/div>\n","protected":false},"excerpt":{"rendered":"<p>Fracci\u00f3n XV Programas de subsidios, est\u00edmulos y apoyos &nbsp; No Aplica Toda vez que no es parte del objeto ni de las atribuciones jur\u00eddico-administrativas del Tribunal Electoral del Estado de Campeche, establecido el art. 621 Ley de Instituciones y Procedimientos Electorales del Estado de Campeche. &nbsp;<\/p>\n","protected":false},"author":1,"featured_media":0,"parent":0,"menu_order":0,"comment_status":"closed","ping_status":"closed","template":"","meta":{"footnotes":""},"yst_prominent_words":[61],"_links":{"self":[{"href":"https:\/\/teec.org.mx\/web\/wp-json\/wp\/v2\/pages\/5714"}],"collection":[{"href":"https:\/\/teec.org.mx\/web\/wp-json\/wp\/v2\/pages"}],"about":[{"href":"https:\/\/teec.org.mx\/web\/wp-json\/wp\/v2\/types\/page"}],"author":[{"embeddable":true,"href":"https:\/\/teec.org.mx\/web\/wp-json\/wp\/v2\/users\/1"}],"replies":[{"embeddable":true,"href":"https:\/\/teec.org.mx\/web\/wp-json\/wp\/v2\/comments?post=5714"}],"version-history":[{"count":5,"href":"https:\/\/teec.org.mx\/web\/wp-json\/wp\/v2\/pages\/5714\/revisions"}],"predecessor-version":[{"id":8837,"href":"https:\/\/teec.org.mx\/web\/wp-json\/wp\/v2\/pages\/5714\/revisions\/8837"}],"wp:attachment":[{"href":"https:\/\/teec.org.mx\/web\/wp-json\/wp\/v2\/media?parent=5714"}],"wp:term":[{"taxonomy":"yst_prominent_words","embeddable":true,"href":"https:\/\/teec.org.mx\/web\/wp-json\/wp\/v2\/yst_prominent_words?post=5714"}],"curies":[{"name":"wp","href":"https:\/\/api.w.org\/{rel}","templated":true}]}}