{"id":5732,"date":"2020-04-28T18:33:20","date_gmt":"2020-04-28T23:33:20","guid":{"rendered":"https:\/\/teec.org.mx\/web\/?page_id=5732"},"modified":"2026-02-04T13:52:14","modified_gmt":"2026-02-04T19:52:14","slug":"fraccion-xvii-2","status":"publish","type":"page","link":"https:\/\/teec.org.mx\/web\/fraccion-xvii-2\/","title":{"rendered":"Fracci\u00f3n XVII"},"content":{"rendered":"\n<div class=\"wp-block-columns is-layout-flex wp-container-core-columns-layout-1 wp-block-columns-is-layout-flex\">\n<div class=\"wp-block-column is-layout-flow wp-block-column-is-layout-flow\" style=\"flex-basis:5%\"><\/div>\n\n\n\n<div class=\"wp-block-column is-layout-flow wp-block-column-is-layout-flow\" style=\"flex-basis:89.2%\">\n<h4 class=\"wp-block-heading\">Fracci\u00f3n XVII<\/h4>\n\n\n\n<h3 class=\"wp-block-heading\">Informaci\u00f3n curricular<\/h3>\n\n\n\n<div class=\"wp-block-buttons is-layout-flex wp-block-buttons-is-layout-flex\">\n<div class=\"wp-block-button is-style-fill\"><a class=\"wp-block-button__link has-white-color has-text-color has-background wp-element-button\" href=\"https:\/\/teec.org.mx\/web\/wp-content\/uploads\/2026\/02\/Fraccion-XVII-4to-tri-2025.zip\" style=\"background-color:#020b43\"><strong>Descargar formatos SIPOT_PNT<\/strong><\/a><\/div>\n<\/div>\n<\/div>\n\n\n\n<div class=\"wp-block-column is-layout-flow wp-block-column-is-layout-flow\" style=\"flex-basis:5%\"><\/div>\n<\/div>\n\n\n\n<div class=\"wp-block-columns is-layout-flex wp-container-core-columns-layout-2 wp-block-columns-is-layout-flex\">\n<div class=\"wp-block-column is-layout-flow wp-block-column-is-layout-flow\" style=\"flex-basis:15%\"><\/div>\n\n\n\n<div class=\"wp-block-column is-layout-flow wp-block-column-is-layout-flow\" style=\"flex-basis:70%\">\n<p>&nbsp;<\/p>\n<table style=\"border-collapse: collapse; width: 100%; height: 128px;\">\n<tbody>\n<tr style=\"height: 34px;\">\n<td style=\"width: 100%; background-color: #020b43; text-align: center; height: 34px;\"><strong><span style=\"font-size: 18pt; color: #ffffff;\">Pleno<\/span><\/strong><\/td>\n<\/tr>\n<tr style=\"height: 34px;\">\n<td style=\"width: 100%; text-align: center; height: 34px;\"><a href=\"https:\/\/teec.org.mx\/web\/wp-content\/uploads\/2025\/04\/CV-Francisco-Ac-04-2025.jpg\" target=\"_blank\" rel=\"noopener\"><span style=\"font-size: 18pt;\">Dr. Francisco Javier Ac Ord\u00f3\u00f1ez<\/span><\/a><\/td>\n<\/tr>\n<tr style=\"height: 34px;\">\n<td style=\"width: 100%; text-align: center; height: 34px;\"><a href=\"https:\/\/teec.org.mx\/web\/wp-content\/uploads\/2025\/04\/CV-Maria-Villa-04-2025.jpg\" target=\"_blank\" rel=\"noopener\"><span style=\"font-size: 18pt;\">Mtra. Mar\u00eda Eugenia Villa Torres<\/span><\/a><\/td>\n<\/tr>\n<tr style=\"height: 26px;\">\n<td style=\"width: 100%; text-align: center; height: 26px;\"><a href=\"https:\/\/teec.org.mx\/web\/wp-content\/uploads\/2025\/04\/CV-Dra.-Ingrid-Perez-abril-2025.jpg\" target=\"_blank\" rel=\"noopener\"><span style=\"font-size: 18pt;\">Dra. Ingrid Ren\u00e9e P\u00e9rez Campos<\/span><\/a><\/td>\n<\/tr>\n<\/tbody>\n<\/table>\n<p>&nbsp;<\/p>\n<table style=\"border-collapse: collapse; width: 100%; height: 137px;\">\n<tbody>\n<tr style=\"height: 34px;\">\n<td style=\"width: 100%; background-color: #020b43; text-align: center; height: 34px;\"><strong><span style=\"font-size: 18pt; color: #ffffff;\">Secretaria General de Acuerdos<\/span><\/strong><\/td>\n<\/tr>\n<tr style=\"height: 35px;\">\n<td style=\"width: 100%; text-align: center; height: 35px;\"><a href=\"https:\/\/teec.org.mx\/web\/wp-content\/uploads\/2025\/04\/CV-David-Hernandez-04-2025.jpg\" target=\"_blank\" rel=\"noopener\"><span style=\"font-size: 18pt;\">Mtro. David Antonio Hern\u00e1ndez Flores<\/span><\/a><\/td>\n<\/tr>\n<tr style=\"height: 34px;\">\n<td style=\"width: 100%; text-align: center; height: 34px;\">&nbsp;<\/td>\n<\/tr>\n<\/tbody>\n<\/table>\n<p>&nbsp;<\/p>\n<table style=\"border-collapse: collapse; width: 100%;\">\n<tbody>\n<tr>\n<td style=\"width: 100%; background-color: #020b43; text-align: center;\"><span style=\"color: #ffffff;\"><strong><span style=\"font-size: 18pt;\">Administraci\u00f3n<\/span><\/strong><\/span><\/td>\n<\/tr>\n<tr>\n<td style=\"width: 100%; text-align: center;\"><a href=\"https:\/\/teec.org.mx\/web\/wp-content\/uploads\/2022\/04\/CV-Rosa-Elena-Arrendodo-28-04-2022.pdf\" target=\"_blank\" rel=\"noopener\"><span style=\"font-size: 18pt;\">Mtra. Rosa Elena Arredondo Cervera<\/span><\/a><\/td>\n<\/tr>\n<tr>\n<td style=\"width: 100%; text-align: center;\"><a href=\"https:\/\/teec.org.mx\/web\/wp-content\/uploads\/2020\/02\/7.-CURRICULUM-NOEMI-COLLI.pdf\" target=\"_blank\" rel=\"noopener\"><span style=\"font-size: 18pt;\">Licda. Noem\u00ed Guadalupe Coll\u00ed Chan<\/span><\/a><\/td>\n<\/tr>\n<tr>\n<td style=\"width: 100%; text-align: center;\"><a href=\"https:\/\/teec.org.mx\/web\/wp-content\/uploads\/2020\/02\/17.-CURRICULUM-PAOLA-BORGES.pdf\" target=\"_blank\" rel=\"noopener\"><span style=\"font-size: 18pt;\">Ing. Paola Celeste Borges C\u00e1mara<\/span><\/a><\/td>\n<\/tr>\n<tr>\n<td style=\"width: 100%; text-align: center;\"><a href=\"https:\/\/teec.org.mx\/web\/wp-content\/uploads\/2020\/02\/18.-CURRICULUM-KARINA-HAU.pdf\" target=\"_blank\" rel=\"noopener\"><span style=\"font-size: 18pt;\">Licda. Karina Yazm\u00edn Hau Paat<\/span><\/a><\/td>\n<\/tr>\n<tr>\n<td style=\"width: 100%; text-align: center;\"><a href=\"https:\/\/teec.org.mx\/web\/wp-content\/uploads\/2020\/02\/21.-CURRICULUM-ADORALIDA-CONDE.pdf\" target=\"_blank\" rel=\"noopener\"><span style=\"font-size: 18pt;\">Licda. Adoralida Guadalupe Conde Gonz\u00e1lez<\/span><\/a><\/td>\n<\/tr>\n<tr>\n<td style=\"width: 100%; text-align: center;\"><a href=\"https:\/\/teec.org.mx\/web\/wp-content\/uploads\/2020\/02\/20.-CURRICULUM-LUCIA-GongorA.pdf\" target=\"_blank\" rel=\"noopener\"><span style=\"font-size: 18pt;\">Licda. Lucia Guadalupe G\u00f3ngora Cambranis<\/span><\/a><\/td>\n<\/tr>\n<\/tbody>\n<\/table>\n<p>&nbsp;<\/p>\n<table style=\"border-collapse: collapse; width: 100%;\">\n<tbody>\n<tr>\n<td style=\"width: 100%; background-color: #020b43; text-align: center;\"><span style=\"font-size: 18pt; color: #ffffff;\">Transparencia y Comunicaci\u00f3n Social<\/span><\/td>\n<\/tr>\n<tr>\n<td style=\"width: 100%; text-align: center;\"><a href=\"https:\/\/teec.org.mx\/web\/wp-content\/uploads\/2020\/02\/6.-CURRICULUM-JUAN-LUIS-RENEDO.pdf\" target=\"_blank\" rel=\"noopener\"><span style=\"font-size: 18pt;\">Mtro. Juan Luis Renedo Mart\u00ednez<\/span><\/a><\/td>\n<\/tr>\n<\/tbody>\n<\/table>\n<p>&nbsp;<\/p>\n<table style=\"border-collapse: collapse; width: 100%;\">\n<tbody>\n<tr>\n<td style=\"width: 100%; background-color: #020b43; text-align: center;\"><span style=\"font-size: 18pt; color: #ffffff;\">Contralor\u00eda Interna<\/span><\/td>\n<\/tr>\n<tr>\n<td style=\"width: 100%; text-align: center;\"><a href=\"https:\/\/teec.org.mx\/web\/wp-content\/uploads\/2020\/02\/Curriculum-Licda.-Maria-Bastos.pdf\" target=\"_blank\" rel=\"noopener\"><span style=\"font-size: 18pt;\">C. P. Mar\u00eda del Pilar Bastos Serrano<\/span><\/a><\/td>\n<\/tr>\n<\/tbody>\n<\/table>\n<p>&nbsp;<\/p>\n<table style=\"border-collapse: collapse; width: 100%;\">\n<tbody>\n<tr>\n<td style=\"width: 100%; background-color: #020b43; text-align: center;\"><span style=\"font-size: 18pt; color: #ffffff;\">Presidencia<\/span><\/td>\n<\/tr>\n<tr>\n<td style=\"width: 100%; text-align: center;\"><span style=\"font-size: 18pt;\"><a href=\"https:\/\/teec.org.mx\/web\/wp-content\/uploads\/2020\/02\/11.-CURRICULUM-NIRIAN-Vila.pdf\" target=\"_blank\" rel=\"noopener\">Mtra. Nirian del Rosario Vila Gil<\/a><\/span><\/td>\n<\/tr>\n<\/tbody>\n<\/table>\n<p>&nbsp;<\/p>\n<table style=\"border-collapse: collapse; width: 100%; height: 78px;\">\n<tbody>\n<tr style=\"height: 26px;\">\n<td style=\"width: 100%; height: 26px; background-color: #020b43; text-align: center;\"><span style=\"font-size: 18pt; color: #ffffff;\">Magistratura 2<\/span><\/td>\n<\/tr>\n<tr style=\"height: 26px;\">\n<td style=\"width: 100%; height: 26px; text-align: center;\"><a href=\"https:\/\/teec.org.mx\/web\/wp-content\/uploads\/2020\/02\/Cutticulum-Nadime-del-Rayo-Zetina-Castillo.pdf\" target=\"_blank\" rel=\"noopener\"><span style=\"font-size: 18pt;\">Licda. Nadime del Rayo Zetina Castillo<\/span><\/a><\/td>\n<\/tr>\n<tr style=\"height: 26px;\">\n<td style=\"width: 100%; height: 26px; text-align: center;\"><a href=\"https:\/\/teec.org.mx\/web\/wp-content\/uploads\/2020\/02\/Curriculum-Jesus-Antonio-Hernandez-Cuc.pdf\" target=\"_blank\" rel=\"noopener\"><span style=\"font-size: 18pt;\">Lic. Jes\u00fas Antonio Hern\u00e1ndez Cuc<\/span><\/a><\/td>\n<\/tr>\n<\/tbody>\n<\/table>\n<p>&nbsp;<\/p>\n<table style=\"border-collapse: collapse; width: 100%; height: 108px;\">\n<tbody>\n<tr style=\"height: 31px;\">\n<td style=\"width: 100%; background-color: #020b43; text-align: center; height: 31px;\"><span style=\"font-size: 18pt; color: #ffffff;\">Magistratura 3<\/span><\/td>\n<\/tr>\n<tr style=\"height: 46px;\">\n<td style=\"width: 100%; text-align: center; height: 46px;\"><span style=\"font-size: 18pt;\"><a href=\"https:\/\/teec.org.mx\/web\/wp-content\/uploads\/2020\/02\/15.-CURRICULUM-VERONICA-MARTINEZ.pdf\" target=\"_blank\" rel=\"noopener\">Licda. Ver\u00f3nica del Carmen Mart\u00ednez Puc<\/a><\/span><\/td>\n<\/tr>\n<tr style=\"height: 31px;\">\n<td style=\"width: 100%; text-align: center; height: 31px;\"><a href=\"https:\/\/teec.org.mx\/web\/wp-content\/uploads\/2020\/02\/13.-CURRICULUM-ALEJANDRA-MORENO.pdf\" target=\"_blank\" rel=\"noopener\"><span style=\"font-size: 18pt;\">Licda. Alejandro Moreno Lezama<\/span><\/a><\/td>\n<\/tr>\n<\/tbody>\n<\/table>\n<p>&nbsp;<\/p>\n<\/div>\n<\/div>\n\n\n\n<p><\/p>\n","protected":false},"excerpt":{"rendered":"<p>Fracci\u00f3n XVII Informaci\u00f3n curricular &nbsp; Pleno Dr. Francisco Javier Ac Ord\u00f3\u00f1ez Mtra. Mar\u00eda Eugenia Villa Torres Dra. Ingrid Ren\u00e9e P\u00e9rez Campos &nbsp; Secretaria General de Acuerdos Mtro. David Antonio Hern\u00e1ndez Flores &nbsp; &nbsp; Administraci\u00f3n Mtra. Rosa Elena Arredondo Cervera Licda. Noem\u00ed Guadalupe Coll\u00ed Chan Ing. Paola Celeste Borges C\u00e1mara Licda. Karina Yazm\u00edn Hau Paat Licda. [&hellip;]<\/p>\n","protected":false},"author":1,"featured_media":0,"parent":0,"menu_order":0,"comment_status":"closed","ping_status":"closed","template":"","meta":{"footnotes":""},"yst_prominent_words":[125,124,565],"_links":{"self":[{"href":"https:\/\/teec.org.mx\/web\/wp-json\/wp\/v2\/pages\/5732"}],"collection":[{"href":"https:\/\/teec.org.mx\/web\/wp-json\/wp\/v2\/pages"}],"about":[{"href":"https:\/\/teec.org.mx\/web\/wp-json\/wp\/v2\/types\/page"}],"author":[{"embeddable":true,"href":"https:\/\/teec.org.mx\/web\/wp-json\/wp\/v2\/users\/1"}],"replies":[{"embeddable":true,"href":"https:\/\/teec.org.mx\/web\/wp-json\/wp\/v2\/comments?post=5732"}],"version-history":[{"count":66,"href":"https:\/\/teec.org.mx\/web\/wp-json\/wp\/v2\/pages\/5732\/revisions"}],"predecessor-version":[{"id":32653,"href":"https:\/\/teec.org.mx\/web\/wp-json\/wp\/v2\/pages\/5732\/revisions\/32653"}],"wp:attachment":[{"href":"https:\/\/teec.org.mx\/web\/wp-json\/wp\/v2\/media?parent=5732"}],"wp:term":[{"taxonomy":"yst_prominent_words","embeddable":true,"href":"https:\/\/teec.org.mx\/web\/wp-json\/wp\/v2\/yst_prominent_words?post=5732"}],"curies":[{"name":"wp","href":"https:\/\/api.w.org\/{rel}","templated":true}]}}