{"id":5934,"date":"2020-05-20T19:00:21","date_gmt":"2020-05-21T00:00:21","guid":{"rendered":"https:\/\/teec.org.mx\/web\/?page_id=5934"},"modified":"2026-02-11T14:12:32","modified_gmt":"2026-02-11T20:12:32","slug":"legislacion","status":"publish","type":"page","link":"https:\/\/teec.org.mx\/web\/legislacion\/","title":{"rendered":"Legislaci\u00f3n"},"content":{"rendered":"\n<div class=\"wp-block-columns is-layout-flex wp-container-core-columns-layout-1 wp-block-columns-is-layout-flex\">\n<div class=\"wp-block-column is-layout-flow wp-block-column-is-layout-flow\" style=\"flex-basis:5%\"><\/div>\n\n\n\n<div class=\"wp-block-column is-layout-flow wp-block-column-is-layout-flow\" style=\"flex-basis:89%\">\n<h2 class=\"wp-block-heading\">Legislaci\u00f3n<\/h2>\n\n\n\n<h4 class=\"wp-block-heading\">Transparencia<\/h4>\n<\/div>\n\n\n\n<div class=\"wp-block-column is-layout-flow wp-block-column-is-layout-flow\" style=\"flex-basis:5%\"><\/div>\n<\/div>\n\n\n\n<div class=\"wp-block-columns is-layout-flex wp-container-core-columns-layout-2 wp-block-columns-is-layout-flex\">\n<div class=\"wp-block-column is-layout-flow wp-block-column-is-layout-flow\" style=\"flex-basis:15%\"><\/div>\n\n\n\n<div class=\"wp-block-column is-layout-flow wp-block-column-is-layout-flow\" style=\"flex-basis:95%\">\n<p>\u00a0<\/p>\n<ol>\n<li style=\"text-align: justify;\"><a href=\"https:\/\/teec.org.mx\/web\/wp-content\/uploads\/2026\/02\/LGTAIP-20-03-2025.pdf\" target=\"_blank\" rel=\"noopener\"><span style=\"font-size: 18pt;\">Ley General de Transparencia y Acceso a la Informaci\u00f3n P\u00fablica<\/span><\/a><\/li>\n<li style=\"text-align: justify;\"><a href=\"https:\/\/teec.org.mx\/web\/wp-content\/uploads\/2026\/02\/LFTAIP-abrogada-20-03-2025.pdf\" target=\"_blank\" rel=\"noopener\"><span style=\"font-size: 18pt;\">Ley Federal de Transparencia y Acceso a la Informaci\u00f3n P\u00fablica<\/span><\/a><\/li>\n<li style=\"text-align: justify;\"><a href=\"https:\/\/teec.org.mx\/web\/wp-content\/uploads\/2026\/02\/LTAIPCAM-06-03-2023.pdf\" target=\"_blank\" rel=\"noopener\"><span style=\"font-size: 18pt;\">Ley de Transparencia y Acceso a la Informaci\u00f3n P\u00fablica del Estado de Campeche<\/span><\/a><\/li>\n<li style=\"text-align: justify;\"><span style=\"font-size: 18pt;\"><a href=\"https:\/\/teec.org.mx\/web\/wp-content\/uploads\/2020\/04\/Lineamientos-SIPOT.pdf\" target=\"_blank\" rel=\"noopener noreferrer\">Lineamientos SIPOT<\/a><\/span><\/li>\n<li style=\"text-align: justify;\"><a href=\"https:\/\/teec.org.mx\/web\/wp-content\/uploads\/2026\/02\/LGMCDI-17-01-2023.pdf\" target=\"_blank\" rel=\"noopener\"><span style=\"font-size: 18pt;\">Lineamientos Generales de clasificaci\u00f3n y desclasificaci\u00f3n de la informaci\u00f3n, as\u00ed como para la elaboraci\u00f3n de versiones p\u00fablicas<\/span><\/a><\/li>\n<li style=\"text-align: justify;\"><span style=\"font-size: 18pt;\"><a href=\"https:\/\/teec.org.mx\/web\/wp-content\/uploads\/2020\/04\/Lineamientos_verificacion_obligaciones_transparencia_y_aprobacion_tablas_aplicabilidad_de_los_sujetos_obligados.pdf\" target=\"_blank\" rel=\"noopener noreferrer\">Lineamientos verificaci\u00f3n obligaciones transparencia y aprobaci\u00f3n tablas aplicabilidad de los sujetos obligados del Estado de Campeche<\/a><\/span><\/li>\n<li style=\"text-align: justify;\"><a href=\"https:\/\/www.teec.org.mx\/wp-content\/uploads\/2017\/10\/Reglamento-de-Transparencia-acceso-a-la-informacion-publica-y-datos-personales-del-TEEC.pdf\" target=\"_blank\" rel=\"noopener noreferrer\"><span style=\"font-size: 14pt;\"><span style=\"font-size: 18pt;\">Reglamento de Transparencia, acceso a la informaci\u00f3n p\u00fablica y datos personales del TEEC<\/span><\/span><\/a><\/li>\n<\/ol>\n<p>\u00a0<\/p>\n<\/div>\n\n\n\n<div class=\"wp-block-column is-layout-flow wp-block-column-is-layout-flow\" style=\"flex-basis:15%\"><\/div>\n<\/div>\n","protected":false},"excerpt":{"rendered":"<p>Legislaci\u00f3n Transparencia \u00a0 Ley General de Transparencia y Acceso a la Informaci\u00f3n P\u00fablica Ley Federal de Transparencia y Acceso a la Informaci\u00f3n P\u00fablica Ley de Transparencia y Acceso a la Informaci\u00f3n P\u00fablica del Estado de Campeche Lineamientos SIPOT Lineamientos Generales de clasificaci\u00f3n y desclasificaci\u00f3n de la informaci\u00f3n, as\u00ed como para la elaboraci\u00f3n de versiones p\u00fablicas [&hellip;]<\/p>\n","protected":false},"author":1,"featured_media":0,"parent":0,"menu_order":0,"comment_status":"closed","ping_status":"closed","template":"","meta":{"footnotes":""},"yst_prominent_words":[598,595,594,61,178,597,183,599,252,194,596],"_links":{"self":[{"href":"https:\/\/teec.org.mx\/web\/wp-json\/wp\/v2\/pages\/5934"}],"collection":[{"href":"https:\/\/teec.org.mx\/web\/wp-json\/wp\/v2\/pages"}],"about":[{"href":"https:\/\/teec.org.mx\/web\/wp-json\/wp\/v2\/types\/page"}],"author":[{"embeddable":true,"href":"https:\/\/teec.org.mx\/web\/wp-json\/wp\/v2\/users\/1"}],"replies":[{"embeddable":true,"href":"https:\/\/teec.org.mx\/web\/wp-json\/wp\/v2\/comments?post=5934"}],"version-history":[{"count":6,"href":"https:\/\/teec.org.mx\/web\/wp-json\/wp\/v2\/pages\/5934\/revisions"}],"predecessor-version":[{"id":32755,"href":"https:\/\/teec.org.mx\/web\/wp-json\/wp\/v2\/pages\/5934\/revisions\/32755"}],"wp:attachment":[{"href":"https:\/\/teec.org.mx\/web\/wp-json\/wp\/v2\/media?parent=5934"}],"wp:term":[{"taxonomy":"yst_prominent_words","embeddable":true,"href":"https:\/\/teec.org.mx\/web\/wp-json\/wp\/v2\/yst_prominent_words?post=5934"}],"curies":[{"name":"wp","href":"https:\/\/api.w.org\/{rel}","templated":true}]}}